{"id":28952,"date":"2023-11-16T11:05:45","date_gmt":"2023-11-16T11:05:45","guid":{"rendered":"https:\/\/museutapies.org\/?page_id=28952"},"modified":"2023-12-27T13:10:46","modified_gmt":"2023-12-27T13:10:46","slug":"catalogo-de-actividades","status":"publish","type":"page","link":"https:\/\/museutapies.org\/es\/any-tapies\/catalogo-de-actividades\/","title":{"rendered":"Cat\u00e1logo de actividades"},"content":{"rendered":"<p>Antoni T\u00e0pies va ser un artista comprom\u00e8s amb la societat del seu temps, amb la cultura catalana i amb el territori. Convidava a mirar el m\u00f3n des d\u2019una perspectiva oberta, cr\u00edtica i reflexiva. \u00c9s per aix\u00f2 que des de la Fundaci\u00f3 es considera la seva obra un bon punt de partida per a la pr\u00e0ctica educativa. En aquest sentit, la Fundaci\u00f3 Antoni T\u00e0pies ent\u00e9n l\u2019educaci\u00f3 com un espai per a la producci\u00f3 de coneixement a trav\u00e9s de l\u2019art i de forma col\u00b7lectiva, i sent la necessitat de reafirmar la funci\u00f3 social del museu i la dimensi\u00f3 pol\u00edtica dels processos educatius.<\/p>\n<p><a href=\"#\">M\u00e9s informaci\u00f3 sobre el servei educatiu<\/a><br \/>\n<a href=\"#\">Veure tots els recursos<\/a><\/p>\n","protected":false},"excerpt":{"rendered":"<p>Antoni T\u00e0pies va ser un artista comprom\u00e8s amb la societat del seu temps, amb la cultura catalana i amb el [&hellip;]<\/p>\n","protected":false},"author":1,"featured_media":0,"parent":28043,"menu_order":0,"comment_status":"closed","ping_status":"closed","template":"template-any-tapies-cataleg-activitats.php","meta":{"footnotes":""},"acf":[],"yoast_head":"<!-- This site is optimized with the Yoast SEO plugin v20.11 - https:\/\/yoast.com\/wordpress\/plugins\/seo\/ -->\n<title>Cat\u00e1logo de actividades - Museu T\u00e0pies<\/title>\n<meta name=\"robots\" content=\"index, follow, max-snippet:-1, max-image-preview:large, max-video-preview:-1\" \/>\n<meta property=\"og:locale\" content=\"es_ES\" \/>\n<meta property=\"og:type\" content=\"article\" \/>\n<meta property=\"og:title\" content=\"Cat\u00e1logo de actividades - Museu T\u00e0pies\" \/>\n<meta property=\"og:description\" content=\"Antoni T\u00e0pies va ser un artista comprom\u00e8s amb la societat del seu temps, amb la cultura catalana i amb el [&hellip;]\" \/>\n<meta property=\"og:url\" content=\"https:\/\/museutapies.org\/es\/any-tapies\/catalogo-de-actividades\/\" \/>\n<meta property=\"og:site_name\" content=\"Museu T\u00e0pies\" \/>\n<meta property=\"article:publisher\" content=\"https:\/\/www.facebook.com\/museutapies\" \/>\n<meta property=\"article:modified_time\" content=\"2023-12-27T13:10:46+00:00\" \/>\n<meta name=\"twitter:card\" content=\"summary_large_image\" \/>\n<meta name=\"twitter:label1\" content=\"Tiempo de lectura\" \/>\n\t<meta name=\"twitter:data1\" content=\"1 minuto\" \/>\n<script type=\"application\/ld+json\" class=\"yoast-schema-graph\">{\"@context\":\"https:\/\/schema.org\",\"@graph\":[{\"@type\":\"WebPage\",\"@id\":\"https:\/\/museutapies.org\/es\/any-tapies\/catalogo-de-actividades\/\",\"url\":\"https:\/\/museutapies.org\/es\/any-tapies\/catalogo-de-actividades\/\",\"name\":\"Cat\u00e1logo de actividades - Museu T\u00e0pies\",\"isPartOf\":{\"@id\":\"https:\/\/museutapies.org\/en\/#website\"},\"datePublished\":\"2023-11-16T11:05:45+00:00\",\"dateModified\":\"2023-12-27T13:10:46+00:00\",\"breadcrumb\":{\"@id\":\"https:\/\/museutapies.org\/es\/any-tapies\/catalogo-de-actividades\/#breadcrumb\"},\"inLanguage\":\"es\",\"potentialAction\":[{\"@type\":\"ReadAction\",\"target\":[\"https:\/\/museutapies.org\/es\/any-tapies\/catalogo-de-actividades\/\"]}]},{\"@type\":\"BreadcrumbList\",\"@id\":\"https:\/\/museutapies.org\/es\/any-tapies\/catalogo-de-actividades\/#breadcrumb\",\"itemListElement\":[{\"@type\":\"ListItem\",\"position\":1,\"name\":\"A\u00f1o T\u00e0pies\",\"item\":\"https:\/\/museutapies.org\/es\/any-tapies\/\"},{\"@type\":\"ListItem\",\"position\":2,\"name\":\"Cat\u00e1logo de actividades\"}]},{\"@type\":\"WebSite\",\"@id\":\"https:\/\/museutapies.org\/en\/#website\",\"url\":\"https:\/\/museutapies.org\/en\/\",\"name\":\"Museu T\u00e0pies\",\"description\":\"\",\"publisher\":{\"@id\":\"https:\/\/museutapies.org\/en\/#organization\"},\"potentialAction\":[{\"@type\":\"SearchAction\",\"target\":{\"@type\":\"EntryPoint\",\"urlTemplate\":\"https:\/\/museutapies.org\/en\/?s={search_term_string}\"},\"query-input\":\"required name=search_term_string\"}],\"inLanguage\":\"es\"},{\"@type\":\"Organization\",\"@id\":\"https:\/\/museutapies.org\/en\/#organization\",\"name\":\"Museu T\u00e0pies\",\"url\":\"https:\/\/museutapies.org\/en\/\",\"logo\":{\"@type\":\"ImageObject\",\"inLanguage\":\"es\",\"@id\":\"https:\/\/museutapies.org\/en\/#\/schema\/logo\/image\/\",\"url\":\"https:\/\/museutapies.org\/wp-content\/uploads\/2024\/07\/mta.png\",\"contentUrl\":\"https:\/\/museutapies.org\/wp-content\/uploads\/2024\/07\/mta.png\",\"width\":244,\"height\":110,\"caption\":\"Museu T\u00e0pies\"},\"image\":{\"@id\":\"https:\/\/museutapies.org\/en\/#\/schema\/logo\/image\/\"},\"sameAs\":[\"https:\/\/www.facebook.com\/museutapies\",\"https:\/\/www.instagram.com\/museutapies\/\",\"https:\/\/www.youtube.com\/channel\/UCPi65HBb48RMeoa12lR51cQ\",\"https:\/\/x.com\/MuseuTapies\"]}]}<\/script>\n<!-- \/ Yoast SEO plugin. -->","yoast_head_json":{"title":"Cat\u00e1logo de actividades - Museu T\u00e0pies","robots":{"index":"index","follow":"follow","max-snippet":"max-snippet:-1","max-image-preview":"max-image-preview:large","max-video-preview":"max-video-preview:-1"},"og_locale":"es_ES","og_type":"article","og_title":"Cat\u00e1logo de actividades - Museu T\u00e0pies","og_description":"Antoni T\u00e0pies va ser un artista comprom\u00e8s amb la societat del seu temps, amb la cultura catalana i amb el [&hellip;]","og_url":"https:\/\/museutapies.org\/es\/any-tapies\/catalogo-de-actividades\/","og_site_name":"Museu T\u00e0pies","article_publisher":"https:\/\/www.facebook.com\/museutapies","article_modified_time":"2023-12-27T13:10:46+00:00","twitter_card":"summary_large_image","twitter_misc":{"Tiempo de lectura":"1 minuto"},"schema":{"@context":"https:\/\/schema.org","@graph":[{"@type":"WebPage","@id":"https:\/\/museutapies.org\/es\/any-tapies\/catalogo-de-actividades\/","url":"https:\/\/museutapies.org\/es\/any-tapies\/catalogo-de-actividades\/","name":"Cat\u00e1logo de actividades - Museu T\u00e0pies","isPartOf":{"@id":"https:\/\/museutapies.org\/en\/#website"},"datePublished":"2023-11-16T11:05:45+00:00","dateModified":"2023-12-27T13:10:46+00:00","breadcrumb":{"@id":"https:\/\/museutapies.org\/es\/any-tapies\/catalogo-de-actividades\/#breadcrumb"},"inLanguage":"es","potentialAction":[{"@type":"ReadAction","target":["https:\/\/museutapies.org\/es\/any-tapies\/catalogo-de-actividades\/"]}]},{"@type":"BreadcrumbList","@id":"https:\/\/museutapies.org\/es\/any-tapies\/catalogo-de-actividades\/#breadcrumb","itemListElement":[{"@type":"ListItem","position":1,"name":"A\u00f1o T\u00e0pies","item":"https:\/\/museutapies.org\/es\/any-tapies\/"},{"@type":"ListItem","position":2,"name":"Cat\u00e1logo de actividades"}]},{"@type":"WebSite","@id":"https:\/\/museutapies.org\/en\/#website","url":"https:\/\/museutapies.org\/en\/","name":"Museu T\u00e0pies","description":"","publisher":{"@id":"https:\/\/museutapies.org\/en\/#organization"},"potentialAction":[{"@type":"SearchAction","target":{"@type":"EntryPoint","urlTemplate":"https:\/\/museutapies.org\/en\/?s={search_term_string}"},"query-input":"required name=search_term_string"}],"inLanguage":"es"},{"@type":"Organization","@id":"https:\/\/museutapies.org\/en\/#organization","name":"Museu T\u00e0pies","url":"https:\/\/museutapies.org\/en\/","logo":{"@type":"ImageObject","inLanguage":"es","@id":"https:\/\/museutapies.org\/en\/#\/schema\/logo\/image\/","url":"https:\/\/museutapies.org\/wp-content\/uploads\/2024\/07\/mta.png","contentUrl":"https:\/\/museutapies.org\/wp-content\/uploads\/2024\/07\/mta.png","width":244,"height":110,"caption":"Museu T\u00e0pies"},"image":{"@id":"https:\/\/museutapies.org\/en\/#\/schema\/logo\/image\/"},"sameAs":["https:\/\/www.facebook.com\/museutapies","https:\/\/www.instagram.com\/museutapies\/","https:\/\/www.youtube.com\/channel\/UCPi65HBb48RMeoa12lR51cQ","https:\/\/x.com\/MuseuTapies"]}]}},"_links":{"self":[{"href":"https:\/\/museutapies.org\/es\/wp-json\/wp\/v2\/pages\/28952"}],"collection":[{"href":"https:\/\/museutapies.org\/es\/wp-json\/wp\/v2\/pages"}],"about":[{"href":"https:\/\/museutapies.org\/es\/wp-json\/wp\/v2\/types\/page"}],"author":[{"embeddable":true,"href":"https:\/\/museutapies.org\/es\/wp-json\/wp\/v2\/users\/1"}],"replies":[{"embeddable":true,"href":"https:\/\/museutapies.org\/es\/wp-json\/wp\/v2\/comments?post=28952"}],"version-history":[{"count":7,"href":"https:\/\/museutapies.org\/es\/wp-json\/wp\/v2\/pages\/28952\/revisions"}],"predecessor-version":[{"id":30071,"href":"https:\/\/museutapies.org\/es\/wp-json\/wp\/v2\/pages\/28952\/revisions\/30071"}],"up":[{"embeddable":true,"href":"https:\/\/museutapies.org\/es\/wp-json\/wp\/v2\/pages\/28043"}],"wp:attachment":[{"href":"https:\/\/museutapies.org\/es\/wp-json\/wp\/v2\/media?parent=28952"}],"curies":[{"name":"wp","href":"https:\/\/api.w.org\/{rel}","templated":true}]}}