{"id":28967,"date":"2023-11-16T11:10:51","date_gmt":"2023-11-16T11:10:51","guid":{"rendered":"https:\/\/museutapies.org\/?page_id=28967"},"modified":"2023-11-28T12:46:45","modified_gmt":"2023-11-28T12:46:45","slug":"imagen-institucional","status":"publish","type":"page","link":"https:\/\/museutapies.org\/es\/any-tapies\/imagen-institucional\/","title":{"rendered":"Imagen institucional"},"content":{"rendered":"<p>El 16 de enero de 2023 la Fundaci\u00f3 Antoni T\u00e0pies, con la voluntad de potenciar el talento creativo del pa\u00eds, inici\u00f3 una acci\u00f3n participativa que diera apoyo institucional a los profesionales del sector del dise\u00f1o, la comunicaci\u00f3n visual y el arte. Por ello, desde la Fundaci\u00f3, y con la complicidad del FAD, se abri\u00f3 un concurso de proyectos, con la intervenci\u00f3n de jurado, para la creaci\u00f3n del logotipo del A\u00f1o T\u00e0pies (Any T\u00e0pies). La convocatoria fue muy bien acogida por el sector y se presentaron un total de sesenta y siete estudios.<\/p>\n<p>El concurso cont\u00f3 con un jurado integrado por siete independientes. Se trataba de Pilar Cortada, presidenta de la Comisi\u00f3n Centenario; Pau Dito, jefe de Publicaciones de la Fundaci\u00f3 Antoni T\u00e0pies; Gl\u00f2ria Dom\u00e8nech, jefe de la Biblioteca de la Fundaci\u00f3 Antoni T\u00e0pies; N\u00faria Homs, conservadora de la Fundaci\u00f3 Antoni T\u00e0pies; Pablo Juncadella, director creativo de Mucho; Sis\u00f3n Pujol, presidenta de ADG FAD; y Salvador Saura, dise\u00f1ador. El jurado escogi\u00f3 cinco de los sesenta y siete estudios de dise\u00f1o presentados para que desplegaran la creatividad del logotipo del Any T\u00e0pies.<\/p>\n<p>Dos meses despu\u00e9s de la apertura del concurso se hizo p\u00fablica la resoluci\u00f3n del jurado a los finalistas. La propuesta ganadora fue la realizada por el estudio Todojunto, que ha tomado como referencia el icono de la cruz o de la X, presente de forma recurrente en la obra de Antoni T\u00e0pies, como elemento central de la marca. Se trata de un s\u00edmbolo cargado de significados que mantiene unido el logo y le confiere flexibilidad y adaptabilidad.<\/p>\n<p><img loading=\"lazy\" decoding=\"async\" class=\"alignnone size-full wp-image-28554\" src=\"https:\/\/museutapies.org\/wp-content\/uploads\/2023\/10\/Antoni-Tapies.jpg\" alt=\"\" width=\"673\" height=\"479\" srcset=\"https:\/\/museutapies.org\/wp-content\/uploads\/2023\/10\/Antoni-Tapies.jpg 673w, https:\/\/museutapies.org\/wp-content\/uploads\/2023\/10\/Antoni-Tapies-500x355.jpg 500w, https:\/\/museutapies.org\/wp-content\/uploads\/2023\/10\/Antoni-Tapies-380x270.jpg 380w, https:\/\/museutapies.org\/wp-content\/uploads\/2023\/10\/Antoni-Tapies-600x427.jpg 600w\" sizes=\"(max-width: 673px) 100vw, 673px\" \/><\/p>\n<p><span style=\"font-size: 10pt\">[Antoni T\u00e0pies. <em>Cadira<\/em> (Silla, 1991). Pintura sobre tela sint\u00e9tica. 148 \u00d7 207 cm. \u00a9 Fundaci\u00f3 Antoni T\u00e0pies, Barcelona \/ vegap. De la fotograf\u00eda: \u00a9 FotoGasull, 2023.]<\/span><\/p>\n<p>El logotipo presentado fue valorado positivamente por el car\u00e1cter din\u00e1mico, vivo y abierto de la imagen, por optar por un lenguaje no previsible y atrevido que ha sabido captar la actitud de Antoni T\u00e0pies, por la voluntad de generar movimiento y cierto volumen y por la vistosidad del conjunto. Por su parte, Todojunto destaca la voluntad de la Fundaci\u00f3 Antoni T\u00e0pies, en el marco del centenario, de apelar al gesto de construir nuevas miradas, conexiones, v\u00ednculos y relaciones con la obra del artista. Se trata de una propuesta flexible, abierta, mutable; un espacio de reflexi\u00f3n y de conocimiento que ilustra \u201cel arrebato de T\u00e0pies, desde la sensatez\u201d.<\/p>\n<p><a href=\"https:\/\/todojunto.net\/\"><span style=\"font-weight: 400\">Todojunto<\/span><\/a> es un estudio de dise\u00f1o gr\u00e1fico y de comunicaci\u00f3n con sede en Barcelona fundado en 2007. Su trabajo se enfoca en un estudio transversal de los campos de la comunicaci\u00f3n con proyectos que van desde la investigaci\u00f3n de la impresi\u00f3n con t\u00e9cnicas antiguas hasta a dise\u00f1o de p\u00e1ginas web y dise\u00f1o editorial. El equipo est\u00e1 formado por Ricardo Duque, Tiago Pina, Leticia Ort\u00edn y Alice Tirinzoni, y est\u00e1n involucrados en proyectos independientes como La Autom\u00e1tica, la Fanzinoteca ambulante y Dinou.<\/p>\n<p>El logotipo dise\u00f1ado para la Fundaci\u00f3 Antoni T\u00e0pies convivir\u00e1 durante la celebraci\u00f3n de toda la efem\u00e9ride con el logotipo generado por la Generalitat de Catalunya, en el que se incluye un retrato del artista realizado por <a href=\"https:\/\/cultura.gencat.cat\/ca\/temes\/commemoracions\/2023\/anytapies\/recursos\/imatge-institucional\/\"><span style=\"font-weight: 400\">Colita<\/span><\/a> en 1976. El retrato escogido resalta el car\u00e1cter vital y espont\u00e1neo de Antoni T\u00e0pies, y pone en valor la trayectoria de una fot\u00f3grafa consolidada del pa\u00eds.<\/p>\n<p><iframe loading=\"lazy\" title=\"Logotip Any T\u00e0pies\" width=\"500\" height=\"281\" src=\"https:\/\/www.youtube.com\/embed\/V31V28eE4qE?feature=oembed\" frameborder=\"0\" allow=\"accelerometer; autoplay; clipboard-write; encrypted-media; gyroscope; picture-in-picture; web-share\" referrerpolicy=\"strict-origin-when-cross-origin\" allowfullscreen><\/iframe><\/p>\n<p><span style=\"color: #ffffff\">.<\/span><\/p>\n<p><span style=\"color: #ffffff\">.<\/span><\/p>\n<p><iframe loading=\"lazy\" title=\"Logotip de l&#039;Any T\u00e0pies (versi\u00f3 fosca)\" width=\"500\" height=\"281\" src=\"https:\/\/www.youtube.com\/embed\/WQfCryApbJE?feature=oembed\" frameborder=\"0\" allow=\"accelerometer; autoplay; clipboard-write; encrypted-media; gyroscope; picture-in-picture; web-share\" referrerpolicy=\"strict-origin-when-cross-origin\" allowfullscreen><\/iframe><\/p>\n<hr \/>\n<p>&nbsp;<\/p>\n<p><strong>Enlaces de descarga del logotipo del A\u00f1o T\u00e0pies | Fundaci\u00f3 Antoni T\u00e0pies<\/strong><\/p>\n<p><img loading=\"lazy\" decoding=\"async\" class=\"alignnone size-medium wp-image-28535\" src=\"https:\/\/museutapies.org\/wp-content\/uploads\/2023\/05\/AnyTapies_N-800x406.jpg\" alt=\"\" width=\"800\" height=\"406\" srcset=\"https:\/\/museutapies.org\/wp-content\/uploads\/2023\/05\/AnyTapies_N-800x406.jpg 800w, https:\/\/museutapies.org\/wp-content\/uploads\/2023\/05\/AnyTapies_N-900x457.jpg 900w, https:\/\/museutapies.org\/wp-content\/uploads\/2023\/05\/AnyTapies_N-768x390.jpg 768w, https:\/\/museutapies.org\/wp-content\/uploads\/2023\/05\/AnyTapies_N-500x254.jpg 500w, https:\/\/museutapies.org\/wp-content\/uploads\/2023\/05\/AnyTapies_N-380x193.jpg 380w, https:\/\/museutapies.org\/wp-content\/uploads\/2023\/05\/AnyTapies_N-600x305.jpg 600w, https:\/\/museutapies.org\/wp-content\/uploads\/2023\/05\/AnyTapies_N.jpg 1361w\" sizes=\"(max-width: 800px) 100vw, 800px\" \/><\/p>\n<ul class=\"list-group\" role=\"list\">\n<li class=\"list-group-item racimo-before\" role=\"listitem\"><a class=\"no-content\" title=\"Guia breu d\u2019estils del logo\" href=\"https:\/\/cultura.gencat.cat\/web\/.content\/commemoracions\/2023\/anyTapies\/04-recursos\/imatge-institucional\/lema\/Brandmanual_CAT_LQ.pdf\" target=\"_self\" rel=\"noopener\"><span class=\"list-group-item-wrapper-content\">Guia breve de estilos del logotipo<\/span>\u00a0<span class=\"sr-only\">(pdf)<\/span><\/a>\u00a0 20 bytes<\/li>\n<li class=\"list-group-item racimo-before\" role=\"listitem\"><a class=\"no-content\" title=\"Desc\u00e0rrega del logo en negre (jpg)\" href=\"https:\/\/cultura.gencat.cat\/web\/.content\/commemoracions\/2023\/anyTapies\/04-recursos\/imatge-institucional\/lema\/AnyTapies_N.jpg\" target=\"_self\" rel=\"noopener\"><span class=\"list-group-item-wrapper-content\">Descarga del logotipo en negro (jpg) <\/span><\/a>\u00a057,17 kb<\/li>\n<li class=\"list-group-item racimo-before\" role=\"listitem\"><a class=\"no-content\" title=\"Desc\u00e0rrega del logo en negre (png)\" href=\"https:\/\/cultura.gencat.cat\/web\/.content\/commemoracions\/2023\/anyTapies\/04-recursos\/imatge-institucional\/lema\/AnyTapies_N.png\" target=\"_self\" rel=\"noopener\"><span class=\"list-group-item-wrapper-content\">Descarga del logo en negro (png)<\/span><\/a> 18,42 kB<\/li>\n<li class=\"list-group-item racimo-before\" role=\"listitem\"><a class=\"no-content\" title=\"Desc\u00e0rrega del logo en negre (svg)\" href=\"https:\/\/cultura.gencat.cat\/web\/.content\/commemoracions\/2023\/anyTapies\/04-recursos\/imatge-institucional\/lema\/AnyTapies_N.svg\" target=\"_self\" rel=\"noopener\"><span class=\"list-group-item-wrapper-content\">Descarga del logotipo en negro (svg)<\/span>\u00a0<\/a><span class=\"size-document file-size icon_svg\" data-file=\"\/web\/.content\/commemoracions\/2023\/anyTapies\/04-recursos\/imatge-institucional\/lema\/AnyTapies_N.svg\">\u00a0<\/span><span class=\"size-document file-size icon_svg\" data-file=\"\/web\/.content\/commemoracions\/2023\/anyTapies\/04-recursos\/imatge-institucional\/lema\/AnyTapies_N.svg\">20 Bytes<\/span><\/li>\n<li class=\"list-group-item racimo-before\" role=\"listitem\"><a class=\"no-content\" title=\"Desc\u00e0rrega del logo en negre (pdf)\" href=\"https:\/\/cultura.gencat.cat\/web\/.content\/commemoracions\/2023\/anyTapies\/04-recursos\/imatge-institucional\/lema\/AnyTapies_N.pdf\" target=\"_self\" rel=\"noopener\"><span class=\"list-group-item-wrapper-content\">Descarga del logotipo en negro (pdf<\/span> )<\/a>\u00a0<span class=\"size-document file-size icon_pdf\" data-file=\"\/web\/.content\/commemoracions\/2023\/anyTapies\/04-recursos\/imatge-institucional\/lema\/AnyTapies_N.pdf\">20 Bytes<\/span><\/li>\n<li class=\"list-group-item racimo-before\" role=\"listitem\"><a class=\"no-content\" title=\"Desc\u00e0rrega del logo en blanc (jpg)\" href=\"https:\/\/cultura.gencat.cat\/web\/.content\/commemoracions\/2023\/anyTapies\/04-recursos\/imatge-institucional\/lema\/AnyTapies_B.jpg\" target=\"_self\" rel=\"noopener\"><span class=\"list-group-item-wrapper-content\">Descarga del logotipo en blanco (jpg)<\/span><\/a> <span class=\"size-document file-size icon_jpg\" data-file=\"\/web\/.content\/commemoracions\/2023\/anyTapies\/04-recursos\/imatge-institucional\/lema\/AnyTapies_B.jpg\">19,25 kB<\/span><\/li>\n<li class=\"list-group-item racimo-before\" role=\"listitem\"><a class=\"no-content\" title=\"Desc\u00e0rrega del logo en blanc (png)\" href=\"https:\/\/cultura.gencat.cat\/web\/.content\/commemoracions\/2023\/anyTapies\/04-recursos\/imatge-institucional\/lema\/AnyTapies_B.png\" target=\"_self\" rel=\"noopener\"><span class=\"list-group-item-wrapper-content\">Descarga del logotipo en blanco (png)<\/span><\/a>\u00a0<span class=\"size-document file-size icon_png\" data-file=\"\/web\/.content\/commemoracions\/2023\/anyTapies\/04-recursos\/imatge-institucional\/lema\/AnyTapies_B.png\">17,50 kB<\/span><\/li>\n<li class=\"list-group-item racimo-before\" role=\"listitem\"><a class=\"no-content\" title=\"Desc\u00e0rrega del logo en blanc (svg)\" href=\"https:\/\/cultura.gencat.cat\/web\/.content\/commemoracions\/2023\/anyTapies\/04-recursos\/imatge-institucional\/lema\/AnyTapies_B.svg\" target=\"_self\" rel=\"noopener\"><span class=\"list-group-item-wrapper-content\">Descarga del logotipo en blanco (svg)<\/span><\/a>\u00a0<span class=\"size-document file-size icon_svg\" data-file=\"\/web\/.content\/commemoracions\/2023\/anyTapies\/04-recursos\/imatge-institucional\/lema\/AnyTapies_B.svg\">20 Bytes<\/span><\/li>\n<li class=\"list-group-item racimo-before\" role=\"listitem\"><a class=\"no-content\" title=\"Desc\u00e0rrega del logo en blanc (pdf)\" href=\"https:\/\/cultura.gencat.cat\/web\/.content\/commemoracions\/2023\/anyTapies\/04-recursos\/imatge-institucional\/lema\/AnyTapies_B.pdf\" target=\"_self\" rel=\"noopener\"><span class=\"list-group-item-wrapper-content\">Descarga del logotipo en blanco (pdf)<\/span><\/a>\u00a0<span class=\"size-document file-size icon_pdf\" data-file=\"\/web\/.content\/commemoracions\/2023\/anyTapies\/04-recursos\/imatge-institucional\/lema\/AnyTapies_B.pdf\">20 Bytes<\/span><\/li>\n<\/ul>\n<p>&nbsp;<\/p>\n<hr \/>\n<p>&nbsp;<\/p>\n<p><strong>Enlaces de descarga del logotipo del A\u00f1o T\u00e0pies | Generalitat de Catalunya<\/strong><\/p>\n<p><img loading=\"lazy\" decoding=\"async\" class=\"alignnone size-full wp-image-28536\" src=\"https:\/\/museutapies.org\/wp-content\/uploads\/2023\/05\/Logotip-Any-Tapies-de-la-Generalitat-de-Catalunya.jpg\" alt=\"\" width=\"535\" height=\"227\" srcset=\"https:\/\/museutapies.org\/wp-content\/uploads\/2023\/05\/Logotip-Any-Tapies-de-la-Generalitat-de-Catalunya.jpg 535w, https:\/\/museutapies.org\/wp-content\/uploads\/2023\/05\/Logotip-Any-Tapies-de-la-Generalitat-de-Catalunya-500x212.jpg 500w, https:\/\/museutapies.org\/wp-content\/uploads\/2023\/05\/Logotip-Any-Tapies-de-la-Generalitat-de-Catalunya-380x161.jpg 380w\" sizes=\"(max-width: 535px) 100vw, 535px\" \/><\/p>\n<ul class=\"list-group\" role=\"list\">\n<li class=\"list-group-item racimo-before\" role=\"listitem\"><a class=\"no-content\" title=\"Manual b\u00e0sic d\u2019identificaci\u00f3 visual de les commemoracions del Govern de la Generalitat de Catalunya\" href=\"https:\/\/cultura.gencat.cat\/web\/.content\/commemoracions\/0-comuns\/comuns\/MANUAL_COMMEMORACIONS.pdf\" target=\"_self\" rel=\"noopener\"><span class=\"list-group-item-wrapper-content\">Manual b\u00e1sico de identificaci\u00f3n visual de las conmemoraciones de la Generalitat de Catalunya<\/span>\u00a0<span class=\"sr-only\">(pdf)<\/span><\/a> <span class=\"size-document file-size icon_pdf\" data-file=\"\/web\/.content\/commemoracions\/0-comuns\/comuns\/MANUAL_COMMEMORACIONS.pdf\">20 bytes<\/span><\/li>\n<li class=\"list-group-item racimo-before\" role=\"listitem\"><a class=\"no-content\" title=\"Desc\u00e0rrega del logo horitzontal (jpg)\" href=\"https:\/\/cultura.gencat.cat\/web\/.content\/commemoracions\/2023\/anyTapies\/04-recursos\/imatge-institucional\/logos\/logo-any-tapies-h.jpg\" target=\"_self\" rel=\"noopener\"><span class=\"list-group-item-wrapper-content\">Descarga del logotipo horizontal (jpg)<\/span><\/a>\u00a0<span class=\"size-document file-size icon_jpg\" data-file=\"\/web\/.content\/commemoracions\/2023\/anyTapies\/04-recursos\/imatge-institucional\/logos\/logo-any-tapies-h.jpg\">730,29 kB<\/span><\/li>\n<li class=\"list-group-item racimo-before\" role=\"listitem\"><a class=\"no-content\" title=\"Desc\u00e0rrega del logo horitzontal (png)\" href=\"https:\/\/cultura.gencat.cat\/web\/.content\/commemoracions\/2023\/anyTapies\/04-recursos\/imatge-institucional\/logos\/logo-any-tapies-h.png\" target=\"_self\" rel=\"noopener\"><span class=\"list-group-item-wrapper-content\">Descarga del logotipo horizontal (png)<\/span><\/a>\u00a0<span class=\"size-document file-size icon_png\" data-file=\"\/web\/.content\/commemoracions\/2023\/anyTapies\/04-recursos\/imatge-institucional\/logos\/logo-any-tapies-h.png\">1,45 MB<\/span><\/li>\n<li class=\"list-group-item racimo-before\" role=\"listitem\"><a class=\"no-content\" title=\"Desc\u00e0rrega del logo horitzontal (eps)\" href=\"https:\/\/cultura.gencat.cat\/web\/.content\/commemoracions\/2023\/anyTapies\/04-recursos\/imatge-institucional\/logos\/logo-any-tapies-h.eps\" target=\"_self\" rel=\"noopener\"><span class=\"list-group-item-wrapper-content\">Descarga del logotipo horizontal (eps)<\/span><\/a>\u00a0\u00a0<span class=\"size-document file-size icon_eps\" data-file=\"\/web\/.content\/commemoracions\/2023\/anyTapies\/04-recursos\/imatge-institucional\/logos\/logo-any-tapies-h.eps\">74,49 MB<\/span><\/li>\n<li class=\"list-group-item racimo-before\" role=\"listitem\"><a class=\"no-content\" title=\"Desc\u00e0rrega del logo vertical (jpg)\" href=\"https:\/\/cultura.gencat.cat\/web\/.content\/commemoracions\/2023\/anyTapies\/04-recursos\/imatge-institucional\/logos\/logo-any-tapies-v.jpg\" target=\"_self\" rel=\"noopener\"><span class=\"list-group-item-wrapper-content\">Descarga del logotipo vertical (jpg)<\/span><\/a>\u00a0<span class=\"size-document file-size icon_jpg\" data-file=\"\/web\/.content\/commemoracions\/2023\/anyTapies\/04-recursos\/imatge-institucional\/logos\/logo-any-tapies-v.jpg\">1,33 MB<\/span><\/li>\n<li class=\"list-group-item racimo-before\" role=\"listitem\"><a class=\"no-content\" title=\"Desc\u00e0rrega del logo vertical (png)\" href=\"https:\/\/cultura.gencat.cat\/web\/.content\/commemoracions\/2023\/anyTapies\/04-recursos\/imatge-institucional\/logos\/logo-any-tapies-v.png\" target=\"_self\" rel=\"noopener\"><span class=\"list-group-item-wrapper-content\">Descarga del logotipo vertical (png)<\/span><\/a>\u00a0<span class=\"size-document file-size icon_png\" data-file=\"\/web\/.content\/commemoracions\/2023\/anyTapies\/04-recursos\/imatge-institucional\/logos\/logo-any-tapies-v.png\">3,13 MB<\/span><\/li>\n<li class=\"list-group-item racimo-before\" role=\"listitem\"><a class=\"no-content\" title=\"Desc\u00e0rrega del logo vertical (eps)\" href=\"https:\/\/cultura.gencat.cat\/web\/.content\/commemoracions\/2023\/anyTapies\/04-recursos\/imatge-institucional\/logos\/logo-any-tapies-v.eps\" target=\"_self\" rel=\"noopener\"><span class=\"list-group-item-wrapper-content\">Descarga del logotipo vertical (eps)<\/span><\/a>\u00a0<span class=\"size-document file-size icon_eps\" data-file=\"\/web\/.content\/commemoracions\/2023\/anyTapies\/04-recursos\/imatge-institucional\/logos\/logo-any-tapies-v.eps\">75,51 MB<\/span><\/li>\n<\/ul>\n","protected":false},"excerpt":{"rendered":"<p>El 16 de enero de 2023 la Fundaci\u00f3 Antoni T\u00e0pies, con la voluntad de potenciar el talento creativo del pa\u00eds, [&hellip;]<\/p>\n","protected":false},"author":1,"featured_media":0,"parent":28043,"menu_order":0,"comment_status":"closed","ping_status":"closed","template":"template-any-tapies-imatge-institucional.php","meta":{"footnotes":""},"acf":[],"yoast_head":"<!-- This site is optimized with the Yoast SEO plugin v20.11 - https:\/\/yoast.com\/wordpress\/plugins\/seo\/ -->\n<title>Imagen institucional - Museu T\u00e0pies<\/title>\n<meta name=\"robots\" content=\"index, follow, max-snippet:-1, max-image-preview:large, max-video-preview:-1\" \/>\n<meta property=\"og:locale\" content=\"es_ES\" \/>\n<meta property=\"og:type\" content=\"article\" \/>\n<meta property=\"og:title\" content=\"Imagen institucional - Museu T\u00e0pies\" \/>\n<meta property=\"og:description\" content=\"El 16 de enero de 2023 la Fundaci\u00f3 Antoni T\u00e0pies, con la voluntad de potenciar el talento creativo del pa\u00eds, [&hellip;]\" \/>\n<meta property=\"og:url\" content=\"https:\/\/museutapies.org\/es\/any-tapies\/imagen-institucional\/\" \/>\n<meta property=\"og:site_name\" content=\"Museu T\u00e0pies\" \/>\n<meta property=\"article:publisher\" content=\"https:\/\/www.facebook.com\/museutapies\" \/>\n<meta property=\"article:modified_time\" content=\"2023-11-28T12:46:45+00:00\" \/>\n<meta property=\"og:image\" content=\"https:\/\/museutapies.org\/wp-content\/uploads\/2023\/10\/Antoni-Tapies.jpg\" \/>\n<meta name=\"twitter:card\" content=\"summary_large_image\" \/>\n<meta name=\"twitter:label1\" content=\"Tiempo de lectura\" \/>\n\t<meta name=\"twitter:data1\" content=\"4 minutos\" \/>\n<script type=\"application\/ld+json\" class=\"yoast-schema-graph\">{\"@context\":\"https:\/\/schema.org\",\"@graph\":[{\"@type\":\"WebPage\",\"@id\":\"https:\/\/museutapies.org\/es\/any-tapies\/imagen-institucional\/\",\"url\":\"https:\/\/museutapies.org\/es\/any-tapies\/imagen-institucional\/\",\"name\":\"Imagen institucional - Museu T\u00e0pies\",\"isPartOf\":{\"@id\":\"https:\/\/museutapies.org\/en\/#website\"},\"datePublished\":\"2023-11-16T11:10:51+00:00\",\"dateModified\":\"2023-11-28T12:46:45+00:00\",\"breadcrumb\":{\"@id\":\"https:\/\/museutapies.org\/es\/any-tapies\/imagen-institucional\/#breadcrumb\"},\"inLanguage\":\"es\",\"potentialAction\":[{\"@type\":\"ReadAction\",\"target\":[\"https:\/\/museutapies.org\/es\/any-tapies\/imagen-institucional\/\"]}]},{\"@type\":\"BreadcrumbList\",\"@id\":\"https:\/\/museutapies.org\/es\/any-tapies\/imagen-institucional\/#breadcrumb\",\"itemListElement\":[{\"@type\":\"ListItem\",\"position\":1,\"name\":\"A\u00f1o T\u00e0pies\",\"item\":\"https:\/\/museutapies.org\/es\/any-tapies\/\"},{\"@type\":\"ListItem\",\"position\":2,\"name\":\"Imagen institucional\"}]},{\"@type\":\"WebSite\",\"@id\":\"https:\/\/museutapies.org\/en\/#website\",\"url\":\"https:\/\/museutapies.org\/en\/\",\"name\":\"Museu T\u00e0pies\",\"description\":\"\",\"publisher\":{\"@id\":\"https:\/\/museutapies.org\/en\/#organization\"},\"potentialAction\":[{\"@type\":\"SearchAction\",\"target\":{\"@type\":\"EntryPoint\",\"urlTemplate\":\"https:\/\/museutapies.org\/en\/?s={search_term_string}\"},\"query-input\":\"required name=search_term_string\"}],\"inLanguage\":\"es\"},{\"@type\":\"Organization\",\"@id\":\"https:\/\/museutapies.org\/en\/#organization\",\"name\":\"Museu T\u00e0pies\",\"url\":\"https:\/\/museutapies.org\/en\/\",\"logo\":{\"@type\":\"ImageObject\",\"inLanguage\":\"es\",\"@id\":\"https:\/\/museutapies.org\/en\/#\/schema\/logo\/image\/\",\"url\":\"https:\/\/museutapies.org\/wp-content\/uploads\/2024\/07\/mta.png\",\"contentUrl\":\"https:\/\/museutapies.org\/wp-content\/uploads\/2024\/07\/mta.png\",\"width\":244,\"height\":110,\"caption\":\"Museu T\u00e0pies\"},\"image\":{\"@id\":\"https:\/\/museutapies.org\/en\/#\/schema\/logo\/image\/\"},\"sameAs\":[\"https:\/\/www.facebook.com\/museutapies\",\"https:\/\/www.instagram.com\/museutapies\/\",\"https:\/\/www.youtube.com\/channel\/UCPi65HBb48RMeoa12lR51cQ\",\"https:\/\/x.com\/MuseuTapies\"]}]}<\/script>\n<!-- \/ Yoast SEO plugin. -->","yoast_head_json":{"title":"Imagen institucional - Museu T\u00e0pies","robots":{"index":"index","follow":"follow","max-snippet":"max-snippet:-1","max-image-preview":"max-image-preview:large","max-video-preview":"max-video-preview:-1"},"og_locale":"es_ES","og_type":"article","og_title":"Imagen institucional - Museu T\u00e0pies","og_description":"El 16 de enero de 2023 la Fundaci\u00f3 Antoni T\u00e0pies, con la voluntad de potenciar el talento creativo del pa\u00eds, [&hellip;]","og_url":"https:\/\/museutapies.org\/es\/any-tapies\/imagen-institucional\/","og_site_name":"Museu T\u00e0pies","article_publisher":"https:\/\/www.facebook.com\/museutapies","article_modified_time":"2023-11-28T12:46:45+00:00","og_image":[{"url":"https:\/\/museutapies.org\/wp-content\/uploads\/2023\/10\/Antoni-Tapies.jpg"}],"twitter_card":"summary_large_image","twitter_misc":{"Tiempo de lectura":"4 minutos"},"schema":{"@context":"https:\/\/schema.org","@graph":[{"@type":"WebPage","@id":"https:\/\/museutapies.org\/es\/any-tapies\/imagen-institucional\/","url":"https:\/\/museutapies.org\/es\/any-tapies\/imagen-institucional\/","name":"Imagen institucional - Museu T\u00e0pies","isPartOf":{"@id":"https:\/\/museutapies.org\/en\/#website"},"datePublished":"2023-11-16T11:10:51+00:00","dateModified":"2023-11-28T12:46:45+00:00","breadcrumb":{"@id":"https:\/\/museutapies.org\/es\/any-tapies\/imagen-institucional\/#breadcrumb"},"inLanguage":"es","potentialAction":[{"@type":"ReadAction","target":["https:\/\/museutapies.org\/es\/any-tapies\/imagen-institucional\/"]}]},{"@type":"BreadcrumbList","@id":"https:\/\/museutapies.org\/es\/any-tapies\/imagen-institucional\/#breadcrumb","itemListElement":[{"@type":"ListItem","position":1,"name":"A\u00f1o T\u00e0pies","item":"https:\/\/museutapies.org\/es\/any-tapies\/"},{"@type":"ListItem","position":2,"name":"Imagen institucional"}]},{"@type":"WebSite","@id":"https:\/\/museutapies.org\/en\/#website","url":"https:\/\/museutapies.org\/en\/","name":"Museu T\u00e0pies","description":"","publisher":{"@id":"https:\/\/museutapies.org\/en\/#organization"},"potentialAction":[{"@type":"SearchAction","target":{"@type":"EntryPoint","urlTemplate":"https:\/\/museutapies.org\/en\/?s={search_term_string}"},"query-input":"required name=search_term_string"}],"inLanguage":"es"},{"@type":"Organization","@id":"https:\/\/museutapies.org\/en\/#organization","name":"Museu T\u00e0pies","url":"https:\/\/museutapies.org\/en\/","logo":{"@type":"ImageObject","inLanguage":"es","@id":"https:\/\/museutapies.org\/en\/#\/schema\/logo\/image\/","url":"https:\/\/museutapies.org\/wp-content\/uploads\/2024\/07\/mta.png","contentUrl":"https:\/\/museutapies.org\/wp-content\/uploads\/2024\/07\/mta.png","width":244,"height":110,"caption":"Museu T\u00e0pies"},"image":{"@id":"https:\/\/museutapies.org\/en\/#\/schema\/logo\/image\/"},"sameAs":["https:\/\/www.facebook.com\/museutapies","https:\/\/www.instagram.com\/museutapies\/","https:\/\/www.youtube.com\/channel\/UCPi65HBb48RMeoa12lR51cQ","https:\/\/x.com\/MuseuTapies"]}]}},"_links":{"self":[{"href":"https:\/\/museutapies.org\/es\/wp-json\/wp\/v2\/pages\/28967"}],"collection":[{"href":"https:\/\/museutapies.org\/es\/wp-json\/wp\/v2\/pages"}],"about":[{"href":"https:\/\/museutapies.org\/es\/wp-json\/wp\/v2\/types\/page"}],"author":[{"embeddable":true,"href":"https:\/\/museutapies.org\/es\/wp-json\/wp\/v2\/users\/1"}],"replies":[{"embeddable":true,"href":"https:\/\/museutapies.org\/es\/wp-json\/wp\/v2\/comments?post=28967"}],"version-history":[{"count":7,"href":"https:\/\/museutapies.org\/es\/wp-json\/wp\/v2\/pages\/28967\/revisions"}],"predecessor-version":[{"id":29424,"href":"https:\/\/museutapies.org\/es\/wp-json\/wp\/v2\/pages\/28967\/revisions\/29424"}],"up":[{"embeddable":true,"href":"https:\/\/museutapies.org\/es\/wp-json\/wp\/v2\/pages\/28043"}],"wp:attachment":[{"href":"https:\/\/museutapies.org\/es\/wp-json\/wp\/v2\/media?parent=28967"}],"curies":[{"name":"wp","href":"https:\/\/api.w.org\/{rel}","templated":true}]}}