{"id":29660,"date":"2023-12-04T10:25:44","date_gmt":"2023-12-04T10:25:44","guid":{"rendered":"https:\/\/museutapies.org\/?page_id=29660"},"modified":"2023-12-04T15:16:53","modified_gmt":"2023-12-04T15:16:53","slug":"inauguracion-del-ano-tapies","status":"publish","type":"page","link":"https:\/\/museutapies.org\/es\/inauguracion-del-ano-tapies\/","title":{"rendered":"Inauguraci\u00f3n del A\u00f1o T\u00e0pies"},"content":{"rendered":"<p><span style=\"font-family: arial, helvetica, sans-serif\"><img loading=\"lazy\" decoding=\"async\" class=\"alignnone size-medium wp-image-29454\" src=\"https:\/\/museutapies.org\/wp-content\/uploads\/2023\/11\/AT_S3AF4_4a-1536x1273-2-800x663.jpg\" alt=\"\" width=\"800\" height=\"663\" srcset=\"https:\/\/museutapies.org\/wp-content\/uploads\/2023\/11\/AT_S3AF4_4a-1536x1273-2-800x663.jpg 800w, https:\/\/museutapies.org\/wp-content\/uploads\/2023\/11\/AT_S3AF4_4a-1536x1273-2-845x700.jpg 845w, https:\/\/museutapies.org\/wp-content\/uploads\/2023\/11\/AT_S3AF4_4a-1536x1273-2-768x637.jpg 768w, https:\/\/museutapies.org\/wp-content\/uploads\/2023\/11\/AT_S3AF4_4a-1536x1273-2-500x414.jpg 500w, https:\/\/museutapies.org\/wp-content\/uploads\/2023\/11\/AT_S3AF4_4a-1536x1273-2-380x315.jpg 380w, https:\/\/museutapies.org\/wp-content\/uploads\/2023\/11\/AT_S3AF4_4a-1536x1273-2-600x497.jpg 600w, https:\/\/museutapies.org\/wp-content\/uploads\/2023\/11\/AT_S3AF4_4a-1536x1273-2.jpg 1536w\" sizes=\"(max-width: 800px) 100vw, 800px\" \/><\/span><\/p>\n<p>&nbsp;<\/p>\n<p><span style=\"font-size: 18pt;font-family: arial, helvetica, sans-serif\"><strong>Invitaci\u00f3n al acto inaugural del A\u00f1o T\u00e0pies<\/strong><\/span><\/p>\n<p>&nbsp;<\/p>\n<p><span style=\"font-family: arial, helvetica, sans-serif;font-size: 14pt\">La Fundaci\u00f3 Antoni T\u00e0pies tiene el placer de invitarles al acto inaugural de la celebraci\u00f3n del centenario del nacimiento del artista, que tendr\u00e1 lugar el pr\u00f3ximo mi\u00e9rcoles, <strong>13 de diciembre de 2023, a las 19.00 h.<\/strong><\/span><\/p>\n<p>&nbsp;<\/p>\n<p><span style=\"font-family: arial, helvetica, sans-serif;font-size: 14pt\">El objetivo de la conmemoraci\u00f3n es consolidar el compromiso de la Fundaci\u00f3 para\u00a0profundizar en la figura y el pensamiento de Antoni T\u00e0pies con nuevas miradas\u00a0contempor\u00e1neas de su obra.\u00a0El centenario marca el inicio de una nueva etapa de la\u00a0instituci\u00f3n que fund\u00f3 el artista, recuperando su capacidad de di\u00e1logo y su interacci\u00f3n con\u00a0el tiempo que le toc\u00f3 vivir, desde una visi\u00f3n cr\u00edtica y abierta al futuro.<\/span><\/p>\n<p>&nbsp;<\/p>\n<p>&nbsp;<\/p>\n<p><span style=\"font-family: arial, helvetica, sans-serif;font-size: 14pt\"><u><strong>PROGRAMA DE LA JORNADA INAUGURAL<\/strong><\/u> | 13 de diciembre de 2023<\/span><\/p>\n<p>&nbsp;<\/p>\n<p>&nbsp;<\/p>\n<p><span style=\"font-family: arial, helvetica, sans-serif;font-size: 14pt\"><strong>\u00b7\u00a0<\/strong><u><strong>De las 10 a las 15.30 h:<\/strong><\/u> <\/span><\/p>\n<p><span style=\"font-family: arial, helvetica, sans-serif;font-size: 14pt\"><strong>Apertura (visita de las exposiciones y activaciones).<\/strong> Acceso libre.<\/span><\/p>\n<p>&nbsp;<\/p>\n<p><span style=\"font-family: arial, helvetica, sans-serif;font-size: 14pt\">Una ma\u00f1ana para visitar las nuevas exposiciones y disfrutar de las activaciones de lecturas vinculadas a los ocho cap\u00edtulos del libro de Antoni T\u00e0pies <em>Memoria personal. Fragmento para una autobiograf\u00eda.<\/em><\/span><\/p>\n<p>&nbsp;<\/p>\n<p><span style=\"font-family: arial, helvetica, sans-serif;font-size: 14pt\">Las nuevas exposiciones que se inauguran son <a href=\"https:\/\/museutapies.org\/es\/exposicio\/tapies-la-huella-japonesa\/\"><em>T\u00e0pies. La huella del zen<\/em><\/a>, una muestra centrada en el inter\u00e9s del artista por esta tradici\u00f3n oriental, y <a href=\"https:\/\/museutapies.org\/es\/exposicio\/aa-bb\/\"><em>A=A, B=B<\/em><\/a>, que reflexiona sobre la belleza y la poes\u00eda en el proceso de creaci\u00f3n del conocimiento cient\u00edfico.<\/span><\/p>\n<p>&nbsp;<\/p>\n<p><span style=\"font-family: arial, helvetica, sans-serif;font-size: 14pt\">Entre las 11.00 y las 14.30 h, ocho artistas nos ofrecer\u00e1n ocho gestos de corta duraci\u00f3n (de entre 5 y 10 minutos) que articular\u00e1n un relato polif\u00f3nico y actual de la vida, del pensamiento y de la obra del artista. Las acciones se activar\u00e1n cada 30 minutos.<\/span><\/p>\n<p>&nbsp;<\/p>\n<p><span style=\"font-family: arial, helvetica, sans-serif;font-size: 14pt\"><strong>Activaciones:<\/strong> <em>Memoria personal. Ocho gestos para una biograf\u00eda<\/em>, con la participaci\u00f3n de:<\/span><\/p>\n<p>&nbsp;<\/p>\n<p><span style=\"font-size: 14pt\"><span style=\"font-family: arial, helvetica, sans-serif\">11.00 h. Laia Estruch: <em>La ciudad y la infancia.<\/em><\/span><\/span><\/p>\n<p><span style=\"font-size: 14pt\"><span style=\"font-family: arial, helvetica, sans-serif\">11.30 h. Mohamad Bitari: <\/span><em><span style=\"font-family: arial, helvetica, sans-serif\">La rep\u00fablica. La guerra.<\/span><\/em><\/span><\/p>\n<p><span style=\"font-size: 14pt\"><span style=\"font-family: arial, helvetica, sans-serif\">12.00 h. Ihosvanny Cisneros: <\/span><em><span style=\"font-family: arial, helvetica, sans-serif\">Juventud enferma.<\/span><\/em><\/span><\/p>\n<p><span style=\"font-size: 14pt\"><span style=\"font-family: arial, helvetica, sans-serif\">12.30 h. Laura Alcal\u00e0: <em>La vocaci\u00f3n y el amor.<\/em><\/span><\/span><\/p>\n<p><span style=\"font-size: 14pt\"><span style=\"font-family: arial, helvetica, sans-serif\">13.00 h. F\u00e8lix Pons: <em>Ra\u00edces catalanas. Psicoan\u00e1lisis y marxismo.<\/em><\/span><\/span><\/p>\n<p><span style=\"font-size: 14pt\"><span style=\"font-family: arial, helvetica, sans-serif\">13.30 h. Agn\u00e8s Pe: <\/span><em><span style=\"font-family: arial, helvetica, sans-serif\">Paris. Teresa. El desierto.<\/span><\/em><\/span><\/p>\n<p><span style=\"font-size: 14pt\"><span style=\"font-family: arial, helvetica, sans-serif\">14.00 h. Fito Conesa: <em>Nueva York. Confirmaci\u00f3n de un discurso.<\/em><\/span><\/span><\/p>\n<p><span style=\"font-size: 14pt\"><span style=\"font-family: arial, helvetica, sans-serif\">14.30 h. Vignesh Melwani: <em>El oriente y la pr\u00e1ctica de andar.<\/em><\/span><\/span><\/p>\n<p>&nbsp;<\/p>\n<p>&nbsp;<\/p>\n<p><span style=\"font-family: arial, helvetica, sans-serif;font-size: 14pt\"><strong>\u00b7\u00a0<u>A las 19 h:<\/u><\/strong>\u00a0<strong>Acto inaugural. <\/strong><\/span><\/p>\n<p><span style=\"font-family: arial, helvetica, sans-serif;font-size: 14pt\"><strong>Apertura de tarde y acto inaugural. <\/strong>Con reserva previa imprescindible. Aforo limitado.<\/span><\/p>\n<p>&nbsp;<\/p>\n<p><span style=\"font-family: arial, helvetica, sans-serif;font-size: 14pt\">Se podr\u00e1n visitar las nuevas exposiciones y, a las 19.30 h, se iniciar\u00e1 el acto inaugural, con la participaci\u00f3n de Raimon y las actuaciones de Jordi Savall y Marina Herlop.<\/span><\/p>\n<p>&nbsp;<\/p>\n<p><span style=\"font-family: arial, helvetica, sans-serif;font-size: 14pt\">Raimon nos transportar\u00e1 con sus palabras hasta el momento en que conoci\u00f3 a Antoni T\u00e0pies y recitar\u00e1 el poema <em>Terra negra <\/em>(Tierra negra), escrita expresamente para el artista en el a\u00f1o 2006.<\/span><\/p>\n<p>&nbsp;<\/p>\n<p><span style=\"font-family: arial, helvetica, sans-serif;font-size: 14pt\">Jordi Savall, interpretar\u00e1 a <span style=\"font-family: arial, helvetica, sans-serif\"> <em>Ya Mariam el bekr<\/em>, <\/span>un canto \u00e1rabe a la Virgen, y <em>Paxarico t\u00fa te llamas<\/em>, una canci\u00f3n sefard\u00ed, con viola de gamba soprano. Ambas piezas forman parte de la acci\u00f3n titulada <em>Crida per la Pau<\/em>.<\/span><\/p>\n<p>&nbsp;<\/p>\n<p><span style=\"font-family: arial, helvetica, sans-serif;font-size: 14pt\">Antoni T\u00e0pies fue un amante de la m\u00fasica m\u00e1s innovadora y la actuaci\u00f3n de la joven compositora Marina Herlop, que tendr\u00e1 lugar seguidamente, nos permitir\u00e1 imaginar lo que quiz\u00e1s habr\u00eda escuchado hoy el artista.<\/span><\/p>\n<p>&nbsp;<\/p>\n<div class=\"load-turitop\" data-service=\"P54\" data-lang=\"es\" data-embed=\"button\">Reserva: acto inaugural &#8211; 19h<\/div>\n<p>&nbsp;<\/p>\n<p>&nbsp;<\/p>\n","protected":false},"excerpt":{"rendered":"<p>&nbsp; Invitaci\u00f3n al acto inaugural del A\u00f1o T\u00e0pies &nbsp; La Fundaci\u00f3 Antoni T\u00e0pies tiene el placer de invitarles al acto [&hellip;]<\/p>\n","protected":false},"author":3,"featured_media":0,"parent":0,"menu_order":0,"comment_status":"closed","ping_status":"closed","template":"","meta":{"footnotes":""},"acf":[],"yoast_head":"<!-- This site is optimized with the Yoast SEO plugin v20.11 - https:\/\/yoast.com\/wordpress\/plugins\/seo\/ -->\n<title>Inauguraci\u00f3n del A\u00f1o T\u00e0pies - Museu T\u00e0pies<\/title>\n<meta name=\"robots\" content=\"index, follow, max-snippet:-1, max-image-preview:large, max-video-preview:-1\" \/>\n<meta property=\"og:locale\" content=\"es_ES\" \/>\n<meta property=\"og:type\" content=\"article\" \/>\n<meta property=\"og:title\" content=\"Inauguraci\u00f3n del A\u00f1o T\u00e0pies - Museu T\u00e0pies\" \/>\n<meta property=\"og:description\" content=\"&nbsp; Invitaci\u00f3n al acto inaugural del A\u00f1o T\u00e0pies &nbsp; La Fundaci\u00f3 Antoni T\u00e0pies tiene el placer de invitarles al acto [&hellip;]\" \/>\n<meta property=\"og:url\" content=\"https:\/\/museutapies.org\/es\/inauguracion-del-ano-tapies\/\" \/>\n<meta property=\"og:site_name\" content=\"Museu T\u00e0pies\" \/>\n<meta property=\"article:publisher\" content=\"https:\/\/www.facebook.com\/museutapies\" \/>\n<meta property=\"article:modified_time\" content=\"2023-12-04T15:16:53+00:00\" \/>\n<meta property=\"og:image\" content=\"https:\/\/museutapies.org\/wp-content\/uploads\/2023\/11\/AT_S3AF4_4a-1536x1273-2-800x663.jpg\" \/>\n<meta name=\"twitter:card\" content=\"summary_large_image\" \/>\n<meta name=\"twitter:label1\" content=\"Tiempo de lectura\" \/>\n\t<meta name=\"twitter:data1\" content=\"3 minutos\" \/>\n<script type=\"application\/ld+json\" class=\"yoast-schema-graph\">{\"@context\":\"https:\/\/schema.org\",\"@graph\":[{\"@type\":\"WebPage\",\"@id\":\"https:\/\/museutapies.org\/es\/inauguracion-del-ano-tapies\/\",\"url\":\"https:\/\/museutapies.org\/es\/inauguracion-del-ano-tapies\/\",\"name\":\"Inauguraci\u00f3n del A\u00f1o T\u00e0pies - Museu T\u00e0pies\",\"isPartOf\":{\"@id\":\"https:\/\/museutapies.org\/en\/#website\"},\"datePublished\":\"2023-12-04T10:25:44+00:00\",\"dateModified\":\"2023-12-04T15:16:53+00:00\",\"inLanguage\":\"es\",\"potentialAction\":[{\"@type\":\"ReadAction\",\"target\":[\"https:\/\/museutapies.org\/es\/inauguracion-del-ano-tapies\/\"]}]},{\"@type\":\"WebSite\",\"@id\":\"https:\/\/museutapies.org\/en\/#website\",\"url\":\"https:\/\/museutapies.org\/en\/\",\"name\":\"Museu T\u00e0pies\",\"description\":\"\",\"publisher\":{\"@id\":\"https:\/\/museutapies.org\/en\/#organization\"},\"potentialAction\":[{\"@type\":\"SearchAction\",\"target\":{\"@type\":\"EntryPoint\",\"urlTemplate\":\"https:\/\/museutapies.org\/en\/?s={search_term_string}\"},\"query-input\":\"required name=search_term_string\"}],\"inLanguage\":\"es\"},{\"@type\":\"Organization\",\"@id\":\"https:\/\/museutapies.org\/en\/#organization\",\"name\":\"Museu T\u00e0pies\",\"url\":\"https:\/\/museutapies.org\/en\/\",\"logo\":{\"@type\":\"ImageObject\",\"inLanguage\":\"es\",\"@id\":\"https:\/\/museutapies.org\/en\/#\/schema\/logo\/image\/\",\"url\":\"https:\/\/museutapies.org\/wp-content\/uploads\/2024\/07\/mta.png\",\"contentUrl\":\"https:\/\/museutapies.org\/wp-content\/uploads\/2024\/07\/mta.png\",\"width\":244,\"height\":110,\"caption\":\"Museu T\u00e0pies\"},\"image\":{\"@id\":\"https:\/\/museutapies.org\/en\/#\/schema\/logo\/image\/\"},\"sameAs\":[\"https:\/\/www.facebook.com\/museutapies\",\"https:\/\/www.instagram.com\/museutapies\/\",\"https:\/\/www.youtube.com\/channel\/UCPi65HBb48RMeoa12lR51cQ\",\"https:\/\/x.com\/MuseuTapies\"]}]}<\/script>\n<!-- \/ Yoast SEO plugin. -->","yoast_head_json":{"title":"Inauguraci\u00f3n del A\u00f1o T\u00e0pies - Museu T\u00e0pies","robots":{"index":"index","follow":"follow","max-snippet":"max-snippet:-1","max-image-preview":"max-image-preview:large","max-video-preview":"max-video-preview:-1"},"og_locale":"es_ES","og_type":"article","og_title":"Inauguraci\u00f3n del A\u00f1o T\u00e0pies - Museu T\u00e0pies","og_description":"&nbsp; Invitaci\u00f3n al acto inaugural del A\u00f1o T\u00e0pies &nbsp; La Fundaci\u00f3 Antoni T\u00e0pies tiene el placer de invitarles al acto [&hellip;]","og_url":"https:\/\/museutapies.org\/es\/inauguracion-del-ano-tapies\/","og_site_name":"Museu T\u00e0pies","article_publisher":"https:\/\/www.facebook.com\/museutapies","article_modified_time":"2023-12-04T15:16:53+00:00","og_image":[{"url":"https:\/\/museutapies.org\/wp-content\/uploads\/2023\/11\/AT_S3AF4_4a-1536x1273-2-800x663.jpg"}],"twitter_card":"summary_large_image","twitter_misc":{"Tiempo de lectura":"3 minutos"},"schema":{"@context":"https:\/\/schema.org","@graph":[{"@type":"WebPage","@id":"https:\/\/museutapies.org\/es\/inauguracion-del-ano-tapies\/","url":"https:\/\/museutapies.org\/es\/inauguracion-del-ano-tapies\/","name":"Inauguraci\u00f3n del A\u00f1o T\u00e0pies - Museu T\u00e0pies","isPartOf":{"@id":"https:\/\/museutapies.org\/en\/#website"},"datePublished":"2023-12-04T10:25:44+00:00","dateModified":"2023-12-04T15:16:53+00:00","inLanguage":"es","potentialAction":[{"@type":"ReadAction","target":["https:\/\/museutapies.org\/es\/inauguracion-del-ano-tapies\/"]}]},{"@type":"WebSite","@id":"https:\/\/museutapies.org\/en\/#website","url":"https:\/\/museutapies.org\/en\/","name":"Museu T\u00e0pies","description":"","publisher":{"@id":"https:\/\/museutapies.org\/en\/#organization"},"potentialAction":[{"@type":"SearchAction","target":{"@type":"EntryPoint","urlTemplate":"https:\/\/museutapies.org\/en\/?s={search_term_string}"},"query-input":"required name=search_term_string"}],"inLanguage":"es"},{"@type":"Organization","@id":"https:\/\/museutapies.org\/en\/#organization","name":"Museu T\u00e0pies","url":"https:\/\/museutapies.org\/en\/","logo":{"@type":"ImageObject","inLanguage":"es","@id":"https:\/\/museutapies.org\/en\/#\/schema\/logo\/image\/","url":"https:\/\/museutapies.org\/wp-content\/uploads\/2024\/07\/mta.png","contentUrl":"https:\/\/museutapies.org\/wp-content\/uploads\/2024\/07\/mta.png","width":244,"height":110,"caption":"Museu T\u00e0pies"},"image":{"@id":"https:\/\/museutapies.org\/en\/#\/schema\/logo\/image\/"},"sameAs":["https:\/\/www.facebook.com\/museutapies","https:\/\/www.instagram.com\/museutapies\/","https:\/\/www.youtube.com\/channel\/UCPi65HBb48RMeoa12lR51cQ","https:\/\/x.com\/MuseuTapies"]}]}},"_links":{"self":[{"href":"https:\/\/museutapies.org\/es\/wp-json\/wp\/v2\/pages\/29660"}],"collection":[{"href":"https:\/\/museutapies.org\/es\/wp-json\/wp\/v2\/pages"}],"about":[{"href":"https:\/\/museutapies.org\/es\/wp-json\/wp\/v2\/types\/page"}],"author":[{"embeddable":true,"href":"https:\/\/museutapies.org\/es\/wp-json\/wp\/v2\/users\/3"}],"replies":[{"embeddable":true,"href":"https:\/\/museutapies.org\/es\/wp-json\/wp\/v2\/comments?post=29660"}],"version-history":[{"count":14,"href":"https:\/\/museutapies.org\/es\/wp-json\/wp\/v2\/pages\/29660\/revisions"}],"predecessor-version":[{"id":29686,"href":"https:\/\/museutapies.org\/es\/wp-json\/wp\/v2\/pages\/29660\/revisions\/29686"}],"wp:attachment":[{"href":"https:\/\/museutapies.org\/es\/wp-json\/wp\/v2\/media?parent=29660"}],"curies":[{"name":"wp","href":"https:\/\/api.w.org\/{rel}","templated":true}]}}