{"id":31091,"date":"2024-01-16T14:07:21","date_gmt":"2024-01-16T14:07:21","guid":{"rendered":"https:\/\/museutapies.org\/educacio\/"},"modified":"2025-01-29T13:58:24","modified_gmt":"2025-01-29T12:58:24","slug":"educacion","status":"publish","type":"page","link":"https:\/\/museutapies.org\/es\/educacion\/","title":{"rendered":"Educaci\u00f3n"},"content":{"rendered":"<p><span style=\"font-size: 12pt\"><em><span style=\"font-weight: 400\">La pintura puede serlo todo. Puede ser una claridad solar en medio de un soplo de viento. Puede ser una nube de tormenta. Puede ser la huella del pie de un hombre en el camino de la vida, o un pie que ha golpeado el suelo \u2013\u00bfpor que\u0301 no?\u2013 para decir \u201c\u00a1basta!\u201d. Puede ser un aire dulce del alborada, lleno de esperanzas, o un aliento agrio que despide una ca\u0301rcel. Puede ser las manchas de sangre de una herida, o el canto en pleno cielo azul, o amarillo, de todo un pueblo. Puede ser lo que somos, el hoy, el ahora y el siempre.<\/span><\/em><\/span><\/p>\n<p style=\"text-align: right\"><span style=\"font-size: 12pt\"><span style=\"font-weight: 400\">Antoni T\u00e0pies (enero de 1967), <em>El juego de saber mirar.<\/em> <\/span><span style=\"font-weight: 400\">Cavall Fort, n\u00ba 82<\/span><span style=\"font-weight: 400\">.<\/span><\/span><\/p>\n<p>&nbsp;<\/p>\n<p><span style=\"font-weight: 400\">Antoni T\u00e0pies invita a mirar al mundo desde una perspectiva abierta, cr\u00edtica y reflexiva. Por este motivo, desde el Departamento de Educaci\u00f3n se considera su obra un buen punto de partida para la pr\u00e1ctica educativa.\u00a0<\/span><\/p>\n<p><span style=\"font-weight: 400\">Desde el Museu T\u00e0pies entendemos la educaci\u00f3n como un proceso para la producci\u00f3n de conocimiento a trav\u00e9s del arte y de forma colectiva, porque, como dice la fil\u00f3sofa Marina Garc\u00e9s, la educaci\u00f3n es una invitaci\u00f3n a pensar en com\u00fan.\u00a0<\/span><\/p>\n<p><span style=\"font-weight: 400\">Ante las crisis actuales, hay que reafirmar la funci\u00f3n social del museo y la dimensi\u00f3n pol\u00edtica de los procesos educativos: el arte y la educaci\u00f3n son espacios para cuestionar la realidad que nos rodea, acercarse al hecho desconocido e imprevisto, y favorecer las relaciones y los v\u00ednculos. En este sentido tenemos presente el modelo de las pedagog\u00edas libertarias catalanas, como la de la Escuela Moderna de Francesc Ferrer i Gu\u00e0rdia, en la que la acci\u00f3n pedag\u00f3gica y el cambio social iban de la mano.<\/span><\/p>\n<p><span style=\"font-weight: 400\">Tomando como referente las palabras de <\/span><a href=\"https:\/\/diarieducacio.cat\/els-qui-afirmen-que-la-pandemia-ha-revelat-la-desigualtat-de-debo-no-ho-sabien\"><span style=\"font-weight: 400\">Juana M. Sancho<\/span><\/a><span style=\"font-weight: 400\">, la educaci\u00f3n deber\u00eda permitir a los alumnos y docentes \u201cencontrar su propio sentido, conocerse, conocer al otro y el mundo que nos rodea, no para explotarlo a su conveniencia, sino para respetarlo y para fomentar el bien com\u00fan\u201d.<\/span><\/p>\n<p><span style=\"font-weight: 400\">El arte en s\u00ed mismo no es educativo. El valor pedag\u00f3gico del arte radica en los procesos educativos que se organizan a su alrededor. El Departamento de Educaci\u00f3n conceptualiza acciones y proyectos dirigidos a un p\u00fablico diverso y vela por que el museo sea un lugar inclusivo y acogedor. La raz\u00f3n es que el museo debe incluir potencialmente a todo el mundo y debe ser un espacio colectivo que sepa recoger las demandas y aportaciones de la comunidad.<\/span><\/p>\n","protected":false},"excerpt":{"rendered":"<p>La pintura puede serlo todo. Puede ser una claridad solar en medio de un soplo de viento. Puede ser una [&hellip;]<\/p>\n","protected":false},"author":1,"featured_media":0,"parent":0,"menu_order":0,"comment_status":"closed","ping_status":"closed","template":"template_programa-public.php","meta":{"footnotes":""},"acf":[],"yoast_head":"<!-- This site is optimized with the Yoast SEO plugin v20.11 - https:\/\/yoast.com\/wordpress\/plugins\/seo\/ -->\n<title>Educaci\u00f3n - Museu T\u00e0pies<\/title>\n<meta name=\"description\" content=\"T\u00e0pies nos invita a mirar el mundo des de una perspectiva abierta. Su museo considera su obra un instrumento para la pr\u00e1ctica educativa.\" \/>\n<meta name=\"robots\" content=\"index, follow, max-snippet:-1, max-image-preview:large, max-video-preview:-1\" \/>\n<meta property=\"og:locale\" content=\"es_ES\" \/>\n<meta property=\"og:type\" content=\"article\" \/>\n<meta property=\"og:title\" content=\"Educaci\u00f3n - Museu T\u00e0pies\" \/>\n<meta property=\"og:description\" content=\"T\u00e0pies nos invita a mirar el mundo des de una perspectiva abierta. Su museo considera su obra un instrumento para la pr\u00e1ctica educativa.\" \/>\n<meta property=\"og:url\" content=\"https:\/\/museutapies.org\/es\/educacion\/\" \/>\n<meta property=\"og:site_name\" content=\"Museu T\u00e0pies\" \/>\n<meta property=\"article:publisher\" content=\"https:\/\/www.facebook.com\/museutapies\" \/>\n<meta property=\"article:modified_time\" content=\"2025-01-29T12:58:24+00:00\" \/>\n<meta name=\"twitter:card\" content=\"summary_large_image\" \/>\n<meta name=\"twitter:label1\" content=\"Tiempo de lectura\" \/>\n\t<meta name=\"twitter:data1\" content=\"3 minutos\" \/>\n<script type=\"application\/ld+json\" class=\"yoast-schema-graph\">{\"@context\":\"https:\/\/schema.org\",\"@graph\":[{\"@type\":\"WebPage\",\"@id\":\"https:\/\/museutapies.org\/es\/educacion\/\",\"url\":\"https:\/\/museutapies.org\/es\/educacion\/\",\"name\":\"Educaci\u00f3n - Museu T\u00e0pies\",\"isPartOf\":{\"@id\":\"https:\/\/museutapies.org\/en\/#website\"},\"datePublished\":\"2024-01-16T14:07:21+00:00\",\"dateModified\":\"2025-01-29T12:58:24+00:00\",\"description\":\"T\u00e0pies nos invita a mirar el mundo des de una perspectiva abierta. Su museo considera su obra un instrumento para la pr\u00e1ctica educativa.\",\"inLanguage\":\"es\",\"potentialAction\":[{\"@type\":\"ReadAction\",\"target\":[\"https:\/\/museutapies.org\/es\/educacion\/\"]}]},{\"@type\":\"WebSite\",\"@id\":\"https:\/\/museutapies.org\/en\/#website\",\"url\":\"https:\/\/museutapies.org\/en\/\",\"name\":\"Museu T\u00e0pies\",\"description\":\"\",\"publisher\":{\"@id\":\"https:\/\/museutapies.org\/en\/#organization\"},\"potentialAction\":[{\"@type\":\"SearchAction\",\"target\":{\"@type\":\"EntryPoint\",\"urlTemplate\":\"https:\/\/museutapies.org\/en\/?s={search_term_string}\"},\"query-input\":\"required name=search_term_string\"}],\"inLanguage\":\"es\"},{\"@type\":\"Organization\",\"@id\":\"https:\/\/museutapies.org\/en\/#organization\",\"name\":\"Museu T\u00e0pies\",\"url\":\"https:\/\/museutapies.org\/en\/\",\"logo\":{\"@type\":\"ImageObject\",\"inLanguage\":\"es\",\"@id\":\"https:\/\/museutapies.org\/en\/#\/schema\/logo\/image\/\",\"url\":\"https:\/\/museutapies.org\/wp-content\/uploads\/2024\/07\/mta.png\",\"contentUrl\":\"https:\/\/museutapies.org\/wp-content\/uploads\/2024\/07\/mta.png\",\"width\":244,\"height\":110,\"caption\":\"Museu T\u00e0pies\"},\"image\":{\"@id\":\"https:\/\/museutapies.org\/en\/#\/schema\/logo\/image\/\"},\"sameAs\":[\"https:\/\/www.facebook.com\/museutapies\",\"https:\/\/www.instagram.com\/museutapies\/\",\"https:\/\/www.youtube.com\/channel\/UCPi65HBb48RMeoa12lR51cQ\",\"https:\/\/x.com\/MuseuTapies\"]}]}<\/script>\n<!-- \/ Yoast SEO plugin. -->","yoast_head_json":{"title":"Educaci\u00f3n - Museu T\u00e0pies","description":"T\u00e0pies nos invita a mirar el mundo des de una perspectiva abierta. Su museo considera su obra un instrumento para la pr\u00e1ctica educativa.","robots":{"index":"index","follow":"follow","max-snippet":"max-snippet:-1","max-image-preview":"max-image-preview:large","max-video-preview":"max-video-preview:-1"},"og_locale":"es_ES","og_type":"article","og_title":"Educaci\u00f3n - Museu T\u00e0pies","og_description":"T\u00e0pies nos invita a mirar el mundo des de una perspectiva abierta. Su museo considera su obra un instrumento para la pr\u00e1ctica educativa.","og_url":"https:\/\/museutapies.org\/es\/educacion\/","og_site_name":"Museu T\u00e0pies","article_publisher":"https:\/\/www.facebook.com\/museutapies","article_modified_time":"2025-01-29T12:58:24+00:00","twitter_card":"summary_large_image","twitter_misc":{"Tiempo de lectura":"3 minutos"},"schema":{"@context":"https:\/\/schema.org","@graph":[{"@type":"WebPage","@id":"https:\/\/museutapies.org\/es\/educacion\/","url":"https:\/\/museutapies.org\/es\/educacion\/","name":"Educaci\u00f3n - Museu T\u00e0pies","isPartOf":{"@id":"https:\/\/museutapies.org\/en\/#website"},"datePublished":"2024-01-16T14:07:21+00:00","dateModified":"2025-01-29T12:58:24+00:00","description":"T\u00e0pies nos invita a mirar el mundo des de una perspectiva abierta. Su museo considera su obra un instrumento para la pr\u00e1ctica educativa.","inLanguage":"es","potentialAction":[{"@type":"ReadAction","target":["https:\/\/museutapies.org\/es\/educacion\/"]}]},{"@type":"WebSite","@id":"https:\/\/museutapies.org\/en\/#website","url":"https:\/\/museutapies.org\/en\/","name":"Museu T\u00e0pies","description":"","publisher":{"@id":"https:\/\/museutapies.org\/en\/#organization"},"potentialAction":[{"@type":"SearchAction","target":{"@type":"EntryPoint","urlTemplate":"https:\/\/museutapies.org\/en\/?s={search_term_string}"},"query-input":"required name=search_term_string"}],"inLanguage":"es"},{"@type":"Organization","@id":"https:\/\/museutapies.org\/en\/#organization","name":"Museu T\u00e0pies","url":"https:\/\/museutapies.org\/en\/","logo":{"@type":"ImageObject","inLanguage":"es","@id":"https:\/\/museutapies.org\/en\/#\/schema\/logo\/image\/","url":"https:\/\/museutapies.org\/wp-content\/uploads\/2024\/07\/mta.png","contentUrl":"https:\/\/museutapies.org\/wp-content\/uploads\/2024\/07\/mta.png","width":244,"height":110,"caption":"Museu T\u00e0pies"},"image":{"@id":"https:\/\/museutapies.org\/en\/#\/schema\/logo\/image\/"},"sameAs":["https:\/\/www.facebook.com\/museutapies","https:\/\/www.instagram.com\/museutapies\/","https:\/\/www.youtube.com\/channel\/UCPi65HBb48RMeoa12lR51cQ","https:\/\/x.com\/MuseuTapies"]}]}},"_links":{"self":[{"href":"https:\/\/museutapies.org\/es\/wp-json\/wp\/v2\/pages\/31091"}],"collection":[{"href":"https:\/\/museutapies.org\/es\/wp-json\/wp\/v2\/pages"}],"about":[{"href":"https:\/\/museutapies.org\/es\/wp-json\/wp\/v2\/types\/page"}],"author":[{"embeddable":true,"href":"https:\/\/museutapies.org\/es\/wp-json\/wp\/v2\/users\/1"}],"replies":[{"embeddable":true,"href":"https:\/\/museutapies.org\/es\/wp-json\/wp\/v2\/comments?post=31091"}],"version-history":[{"count":8,"href":"https:\/\/museutapies.org\/es\/wp-json\/wp\/v2\/pages\/31091\/revisions"}],"predecessor-version":[{"id":37528,"href":"https:\/\/museutapies.org\/es\/wp-json\/wp\/v2\/pages\/31091\/revisions\/37528"}],"wp:attachment":[{"href":"https:\/\/museutapies.org\/es\/wp-json\/wp\/v2\/media?parent=31091"}],"curies":[{"name":"wp","href":"https:\/\/api.w.org\/{rel}","templated":true}]}}