{"id":33099,"date":"2024-01-10T10:05:37","date_gmt":"2024-01-10T10:05:37","guid":{"rendered":"https:\/\/museutapies.org\/programa-public-tapies\/"},"modified":"2026-01-23T13:49:25","modified_gmt":"2026-01-23T12:49:25","slug":"programa-publico-tapies","status":"publish","type":"page","link":"https:\/\/museutapies.org\/es\/programa-publico-tapies\/","title":{"rendered":"Programa p\u00fablico"},"content":{"rendered":"<p>El Museu T\u00e0pies es una instituci\u00f3n que se piensa como un organismo vivo, generador de conocimiento y activador del esp\u00edritu cr\u00edtico. Para la construcci\u00f3n de su naturaleza, los programas p\u00fablicos ocupan un lugar esencial; se generan a partir de una serie de intercambios y di\u00e1logos, de diferentes actividades y programas que van m\u00e1s all\u00e1 de las exposiciones.<\/p>\n<p>Seguimos la voluntad del creador de la instituci\u00f3n, Antoni T\u00e0pies, y queremos ser un espacio desde el que pensar el mundo en el que vivimos, con todas sus aristas y complejidades, dirigiendo la atenci\u00f3n a las pr\u00e1cticas art\u00edsticas entendidas como espacios de confluencia de saberes y experiencia. Por eso, con la premisa de pensar nuestra contemporaneidad y conscientes de los legados hist\u00f3ricos, queremos centrarnos en la necesidad de tener una actitud de escucha activa frente a la realidad y en el \u00e1nimo de generar un programa concebido desde la excepcionalidad y la excelencia, desde un ahora y aqu\u00ed que, sin embargo, trascienden el tiempo y el espacio.<\/p>\n<p>El programa p\u00fablico de la instituci\u00f3n se concibe de manera interdisciplinar, poniendo el foco en el arte \u2014en sus m\u00faltiples manifestaciones\u2014 y el pensamiento, pero abordando otras disciplinas afines al universo tapiano, tales como la ciencia, la m\u00fasica, la escritura, la poes\u00eda, el cine y la arquitectura, entre muchas otras. Asimismo, se gesta desde la necesidad de tejer complicidades y alianzas con el entramado cultural, art\u00edstico y social de la ciudad, con sus especificidades y ra\u00edces, pero, sobre todo, con su conexi\u00f3n con nuestro presente.<\/p>\n","protected":false},"excerpt":{"rendered":"<p>El Museu T\u00e0pies es una instituci\u00f3n que se piensa como un organismo vivo, generador de conocimiento y activador del esp\u00edritu [&hellip;]<\/p>\n","protected":false},"author":1,"featured_media":43285,"parent":0,"menu_order":0,"comment_status":"closed","ping_status":"closed","template":"template_projectes-distribuidor.php","meta":{"footnotes":""},"acf":[],"yoast_head":"<!-- This site is optimized with the Yoast SEO plugin v20.11 - https:\/\/yoast.com\/wordpress\/plugins\/seo\/ -->\n<title>Programa p\u00fablico - Museu T\u00e0pies<\/title>\n<meta name=\"description\" content=\"El programa p\u00fablico del Museu T\u00e0pies se centra en el \u00e1mbito del arte, el pensamiento y aborda las disciplinas afines al universo tapiano.\" \/>\n<meta name=\"robots\" content=\"index, follow, max-snippet:-1, max-image-preview:large, max-video-preview:-1\" \/>\n<meta property=\"og:locale\" content=\"es_ES\" \/>\n<meta property=\"og:type\" content=\"article\" \/>\n<meta property=\"og:title\" content=\"Programa p\u00fablico - Museu T\u00e0pies\" \/>\n<meta property=\"og:description\" content=\"El programa p\u00fablico del Museu T\u00e0pies se centra en el \u00e1mbito del arte, el pensamiento y aborda las disciplinas afines al universo tapiano.\" \/>\n<meta property=\"og:url\" content=\"https:\/\/museutapies.org\/es\/programa-publico-tapies\/\" \/>\n<meta property=\"og:site_name\" content=\"Museu T\u00e0pies\" \/>\n<meta property=\"article:publisher\" content=\"https:\/\/www.facebook.com\/museutapies\" \/>\n<meta property=\"article:modified_time\" content=\"2026-01-23T12:49:25+00:00\" \/>\n<meta property=\"og:image\" content=\"https:\/\/museutapies.org\/wp-content\/uploads\/2026\/01\/Screenshot_1.jpg\" \/>\n\t<meta property=\"og:image:width\" content=\"851\" \/>\n\t<meta property=\"og:image:height\" content=\"561\" \/>\n\t<meta property=\"og:image:type\" content=\"image\/jpeg\" \/>\n<meta name=\"twitter:card\" content=\"summary_large_image\" \/>\n<meta name=\"twitter:label1\" content=\"Tiempo de lectura\" \/>\n\t<meta name=\"twitter:data1\" content=\"2 minutos\" \/>\n<script type=\"application\/ld+json\" class=\"yoast-schema-graph\">{\"@context\":\"https:\/\/schema.org\",\"@graph\":[{\"@type\":\"WebPage\",\"@id\":\"https:\/\/museutapies.org\/es\/programa-publico-tapies\/\",\"url\":\"https:\/\/museutapies.org\/es\/programa-publico-tapies\/\",\"name\":\"Programa p\u00fablico - Museu T\u00e0pies\",\"isPartOf\":{\"@id\":\"https:\/\/museutapies.org\/en\/#website\"},\"datePublished\":\"2024-01-10T10:05:37+00:00\",\"dateModified\":\"2026-01-23T12:49:25+00:00\",\"description\":\"El programa p\u00fablico del Museu T\u00e0pies se centra en el \u00e1mbito del arte, el pensamiento y aborda las disciplinas afines al universo tapiano.\",\"inLanguage\":\"es\",\"potentialAction\":[{\"@type\":\"ReadAction\",\"target\":[\"https:\/\/museutapies.org\/es\/programa-publico-tapies\/\"]}]},{\"@type\":\"WebSite\",\"@id\":\"https:\/\/museutapies.org\/en\/#website\",\"url\":\"https:\/\/museutapies.org\/en\/\",\"name\":\"Museu T\u00e0pies\",\"description\":\"\",\"publisher\":{\"@id\":\"https:\/\/museutapies.org\/en\/#organization\"},\"potentialAction\":[{\"@type\":\"SearchAction\",\"target\":{\"@type\":\"EntryPoint\",\"urlTemplate\":\"https:\/\/museutapies.org\/en\/?s={search_term_string}\"},\"query-input\":\"required name=search_term_string\"}],\"inLanguage\":\"es\"},{\"@type\":\"Organization\",\"@id\":\"https:\/\/museutapies.org\/en\/#organization\",\"name\":\"Museu T\u00e0pies\",\"url\":\"https:\/\/museutapies.org\/en\/\",\"logo\":{\"@type\":\"ImageObject\",\"inLanguage\":\"es\",\"@id\":\"https:\/\/museutapies.org\/en\/#\/schema\/logo\/image\/\",\"url\":\"https:\/\/museutapies.org\/wp-content\/uploads\/2024\/07\/mta.png\",\"contentUrl\":\"https:\/\/museutapies.org\/wp-content\/uploads\/2024\/07\/mta.png\",\"width\":244,\"height\":110,\"caption\":\"Museu T\u00e0pies\"},\"image\":{\"@id\":\"https:\/\/museutapies.org\/en\/#\/schema\/logo\/image\/\"},\"sameAs\":[\"https:\/\/www.facebook.com\/museutapies\",\"https:\/\/www.instagram.com\/museutapies\/\",\"https:\/\/www.youtube.com\/channel\/UCPi65HBb48RMeoa12lR51cQ\",\"https:\/\/x.com\/MuseuTapies\"]}]}<\/script>\n<!-- \/ Yoast SEO plugin. -->","yoast_head_json":{"title":"Programa p\u00fablico - Museu T\u00e0pies","description":"El programa p\u00fablico del Museu T\u00e0pies se centra en el \u00e1mbito del arte, el pensamiento y aborda las disciplinas afines al universo tapiano.","robots":{"index":"index","follow":"follow","max-snippet":"max-snippet:-1","max-image-preview":"max-image-preview:large","max-video-preview":"max-video-preview:-1"},"og_locale":"es_ES","og_type":"article","og_title":"Programa p\u00fablico - Museu T\u00e0pies","og_description":"El programa p\u00fablico del Museu T\u00e0pies se centra en el \u00e1mbito del arte, el pensamiento y aborda las disciplinas afines al universo tapiano.","og_url":"https:\/\/museutapies.org\/es\/programa-publico-tapies\/","og_site_name":"Museu T\u00e0pies","article_publisher":"https:\/\/www.facebook.com\/museutapies","article_modified_time":"2026-01-23T12:49:25+00:00","og_image":[{"width":851,"height":561,"url":"https:\/\/museutapies.org\/wp-content\/uploads\/2026\/01\/Screenshot_1.jpg","type":"image\/jpeg"}],"twitter_card":"summary_large_image","twitter_misc":{"Tiempo de lectura":"2 minutos"},"schema":{"@context":"https:\/\/schema.org","@graph":[{"@type":"WebPage","@id":"https:\/\/museutapies.org\/es\/programa-publico-tapies\/","url":"https:\/\/museutapies.org\/es\/programa-publico-tapies\/","name":"Programa p\u00fablico - Museu T\u00e0pies","isPartOf":{"@id":"https:\/\/museutapies.org\/en\/#website"},"datePublished":"2024-01-10T10:05:37+00:00","dateModified":"2026-01-23T12:49:25+00:00","description":"El programa p\u00fablico del Museu T\u00e0pies se centra en el \u00e1mbito del arte, el pensamiento y aborda las disciplinas afines al universo tapiano.","inLanguage":"es","potentialAction":[{"@type":"ReadAction","target":["https:\/\/museutapies.org\/es\/programa-publico-tapies\/"]}]},{"@type":"WebSite","@id":"https:\/\/museutapies.org\/en\/#website","url":"https:\/\/museutapies.org\/en\/","name":"Museu T\u00e0pies","description":"","publisher":{"@id":"https:\/\/museutapies.org\/en\/#organization"},"potentialAction":[{"@type":"SearchAction","target":{"@type":"EntryPoint","urlTemplate":"https:\/\/museutapies.org\/en\/?s={search_term_string}"},"query-input":"required name=search_term_string"}],"inLanguage":"es"},{"@type":"Organization","@id":"https:\/\/museutapies.org\/en\/#organization","name":"Museu T\u00e0pies","url":"https:\/\/museutapies.org\/en\/","logo":{"@type":"ImageObject","inLanguage":"es","@id":"https:\/\/museutapies.org\/en\/#\/schema\/logo\/image\/","url":"https:\/\/museutapies.org\/wp-content\/uploads\/2024\/07\/mta.png","contentUrl":"https:\/\/museutapies.org\/wp-content\/uploads\/2024\/07\/mta.png","width":244,"height":110,"caption":"Museu T\u00e0pies"},"image":{"@id":"https:\/\/museutapies.org\/en\/#\/schema\/logo\/image\/"},"sameAs":["https:\/\/www.facebook.com\/museutapies","https:\/\/www.instagram.com\/museutapies\/","https:\/\/www.youtube.com\/channel\/UCPi65HBb48RMeoa12lR51cQ","https:\/\/x.com\/MuseuTapies"]}]}},"_links":{"self":[{"href":"https:\/\/museutapies.org\/es\/wp-json\/wp\/v2\/pages\/33099"}],"collection":[{"href":"https:\/\/museutapies.org\/es\/wp-json\/wp\/v2\/pages"}],"about":[{"href":"https:\/\/museutapies.org\/es\/wp-json\/wp\/v2\/types\/page"}],"author":[{"embeddable":true,"href":"https:\/\/museutapies.org\/es\/wp-json\/wp\/v2\/users\/1"}],"replies":[{"embeddable":true,"href":"https:\/\/museutapies.org\/es\/wp-json\/wp\/v2\/comments?post=33099"}],"version-history":[{"count":11,"href":"https:\/\/museutapies.org\/es\/wp-json\/wp\/v2\/pages\/33099\/revisions"}],"predecessor-version":[{"id":43550,"href":"https:\/\/museutapies.org\/es\/wp-json\/wp\/v2\/pages\/33099\/revisions\/43550"}],"wp:featuredmedia":[{"embeddable":true,"href":"https:\/\/museutapies.org\/es\/wp-json\/wp\/v2\/media\/43285"}],"wp:attachment":[{"href":"https:\/\/museutapies.org\/es\/wp-json\/wp\/v2\/media?parent=33099"}],"curies":[{"name":"wp","href":"https:\/\/api.w.org\/{rel}","templated":true}]}}