{"id":40202,"date":"2025-07-03T14:01:51","date_gmt":"2025-07-03T12:01:51","guid":{"rendered":"https:\/\/museutapies.org\/?page_id=40202"},"modified":"2025-07-07T17:18:29","modified_gmt":"2025-07-07T15:18:29","slug":"letters-to-the-mother","status":"publish","type":"page","link":"https:\/\/museutapies.org\/es\/letters-to-the-mother\/","title":{"rendered":"Letters to the Mother"},"content":{"rendered":"<p>&nbsp;<\/p>\n<p><span style=\"font-weight: 400\">En 1991, Elena del Rivero inicia el proyecto <\/span><i><span style=\"font-weight: 400\">MOTHER<\/span><\/i><span style=\"font-weight: 400\">, inspirado en <\/span><i><span style=\"font-weight: 400\">Carta al padre <\/span><\/i><span style=\"font-weight: 400\">de Kafka<\/span><i><span style=\"font-weight: 400\">. <\/span><\/i><span style=\"font-weight: 400\">La artista lo ir\u00e1 desplegando a lo largo de su carrera a trav\u00e9s de cartas, intervenciones, instalaciones, etc., siempre alrededor del concepto de <\/span><i><span style=\"font-weight: 400\">mother<\/span><\/i><span style=\"font-weight: 400\"> como lugar de conflicto y encuentro. La intervenci\u00f3n en la fachada del Museo T\u00e0pies con un gran ne\u00f3n con la inscripci\u00f3n \u00abLetter to the Mother\u00bb dentro del proyecto <\/span><i><span style=\"font-weight: 400\">Extramuros<\/span><\/i><span style=\"font-weight: 400\"> quiere ser un mensaje de esperanza hacia colectivos vulnerables \u2014en particular el colectivo trans, dada las situaci\u00f3n que sufre en los Estados Unidos por parte de la administraci\u00f3n desde 2021\u2014. En este contexto,\u00a0<\/span><i><span style=\"font-weight: 400\">Letter to the Mother<\/span><\/i><span style=\"font-weight: 400\">\u00a0no solo prolonga un proyecto vital, sino que se entrelaza con una \u00e9tica de la responsabilidad tanto afectiva como emocional, n\u00facleo esencial de <\/span><i><span style=\"font-weight: 400\"><a href=\"https:\/\/museutapies.org\/es\/exposicio\/elena-del-rivero-la-quema\/\">Transitar \u00abLa Quema\u00bb<\/a>.<\/span><\/i><\/p>\n<p>&nbsp;<\/p>\n<p><span style=\"font-weight: 400\">La obra se alinea, adem\u00e1s, con una dimensi\u00f3n po\u00e9tica profunda que encuentra el eco en el poema de Emilio Arauxo dedicado a la artista, y que culmina con el verso: \u00abel c\u00edrculo inmenso de la palabra\u00a0<\/span><i><span style=\"font-weight: 400\">mother<\/span><\/i><span style=\"font-weight: 400\">\u00bb. Desde esa inmensidad, Elena del Rivero convierte el gesto art\u00edstico en un acto de afecto, memoria y resistencia, donde lo personal y lo pol\u00edtico se funden en un lenguaje visual y textual de profunda resonancia emocional.<\/span><\/p>\n<p>&nbsp;<\/p>\n<p>&nbsp;<\/p>\n<p><a href=\"https:\/\/museutapies.org\/es\/programa-public\/extramuros\/\"><i><span style=\"font-weight: 400\">Extramuros <\/span><\/i><\/a><span style=\"font-weight: 400\">es un proyecto liderado por el Museu T\u00e0pies en coordinaci\u00f3n e intercambio con diferentes creadores, estructuras e instituciones, que piensa la ciudad de Barcelona como espacio de reflexi\u00f3n y di\u00e1logo, as\u00ed como de enunciaci\u00f3n e intervenci\u00f3n en torno al espacio p\u00fablico y el medio ambiente.<\/span><\/p>\n<p>&nbsp;<\/p>\n<p><span style=\"font-weight: 400\">La artista Elena del Rivero y el comisario Mateo Feij\u00f3o son los invitados de esta edici\u00f3n del proyecto<\/span><i><span style=\"font-weight: 400\"> Extramuros<\/span><\/i><span style=\"font-weight: 400\">, impulsado por el Museu T\u00e0pies en colaboraci\u00f3n con Festival Grec Barcelona, Eina Centre Universitari de Disseny i Art, Bas\u00edlica de Santa Maria del Pi, Centre d&#8217;Art La Capella, Galeria Senda, Loop Festival, Mesclad\u00eds y Tant\u00e0gora.<\/span><\/p>\n<p>&nbsp;<\/p>\n<p>&nbsp;<\/p>\n<p><span style=\"font-weight: 400\">Museu T\u00e0pies<\/span><\/p>\n<p>Carrer Arag\u00f3, 255, Barcelona<\/p>\n<p><span style=\"font-weight: 400\">Del 08.07 al 23.11.2025<\/span><\/p>\n<p><span style=\"font-weight: 400\">Martes a viernes, de 10 a 19h; domingo, de 10 a 15h<\/span><\/p>\n","protected":false},"excerpt":{"rendered":"<p>&nbsp; En 1991, Elena del Rivero inicia el proyecto MOTHER, inspirado en Carta al padre de Kafka. La artista lo [&hellip;]<\/p>\n","protected":false},"author":3,"featured_media":0,"parent":0,"menu_order":0,"comment_status":"closed","ping_status":"closed","template":"","meta":{"footnotes":""},"acf":[],"yoast_head":"<!-- This site is optimized with the Yoast SEO plugin v20.11 - https:\/\/yoast.com\/wordpress\/plugins\/seo\/ -->\n<title>Letters to the Mother - Museu T\u00e0pies<\/title>\n<meta name=\"description\" content=\"Un proyecto de Elena del Rivero vinculado a Extramurs y a Transitar \u00abLa Quema\u00bb del Museu T\u00e0pies de Barcelona.\" \/>\n<meta name=\"robots\" content=\"index, follow, max-snippet:-1, max-image-preview:large, max-video-preview:-1\" \/>\n<meta property=\"og:locale\" content=\"es_ES\" \/>\n<meta property=\"og:type\" content=\"article\" \/>\n<meta property=\"og:title\" content=\"Letters to the Mother - Museu T\u00e0pies\" \/>\n<meta property=\"og:description\" content=\"Un proyecto de Elena del Rivero vinculado a Extramurs y a Transitar \u00abLa Quema\u00bb del Museu T\u00e0pies de Barcelona.\" \/>\n<meta property=\"og:url\" content=\"https:\/\/museutapies.org\/es\/letters-to-the-mother\/\" \/>\n<meta property=\"og:site_name\" content=\"Museu T\u00e0pies\" \/>\n<meta property=\"article:publisher\" content=\"https:\/\/www.facebook.com\/museutapies\" \/>\n<meta property=\"article:modified_time\" content=\"2025-07-07T15:18:29+00:00\" \/>\n<meta name=\"twitter:card\" content=\"summary_large_image\" \/>\n<meta name=\"twitter:label1\" content=\"Tiempo de lectura\" \/>\n\t<meta name=\"twitter:data1\" content=\"2 minutos\" \/>\n<script type=\"application\/ld+json\" class=\"yoast-schema-graph\">{\"@context\":\"https:\/\/schema.org\",\"@graph\":[{\"@type\":\"WebPage\",\"@id\":\"https:\/\/museutapies.org\/es\/letters-to-the-mother\/\",\"url\":\"https:\/\/museutapies.org\/es\/letters-to-the-mother\/\",\"name\":\"Letters to the Mother - Museu T\u00e0pies\",\"isPartOf\":{\"@id\":\"https:\/\/museutapies.org\/en\/#website\"},\"datePublished\":\"2025-07-03T12:01:51+00:00\",\"dateModified\":\"2025-07-07T15:18:29+00:00\",\"description\":\"Un proyecto de Elena del Rivero vinculado a Extramurs y a Transitar \u00abLa Quema\u00bb del Museu T\u00e0pies de Barcelona.\",\"inLanguage\":\"es\",\"potentialAction\":[{\"@type\":\"ReadAction\",\"target\":[\"https:\/\/museutapies.org\/es\/letters-to-the-mother\/\"]}]},{\"@type\":\"WebSite\",\"@id\":\"https:\/\/museutapies.org\/en\/#website\",\"url\":\"https:\/\/museutapies.org\/en\/\",\"name\":\"Museu T\u00e0pies\",\"description\":\"\",\"publisher\":{\"@id\":\"https:\/\/museutapies.org\/en\/#organization\"},\"potentialAction\":[{\"@type\":\"SearchAction\",\"target\":{\"@type\":\"EntryPoint\",\"urlTemplate\":\"https:\/\/museutapies.org\/en\/?s={search_term_string}\"},\"query-input\":\"required name=search_term_string\"}],\"inLanguage\":\"es\"},{\"@type\":\"Organization\",\"@id\":\"https:\/\/museutapies.org\/en\/#organization\",\"name\":\"Museu T\u00e0pies\",\"url\":\"https:\/\/museutapies.org\/en\/\",\"logo\":{\"@type\":\"ImageObject\",\"inLanguage\":\"es\",\"@id\":\"https:\/\/museutapies.org\/en\/#\/schema\/logo\/image\/\",\"url\":\"https:\/\/museutapies.org\/wp-content\/uploads\/2024\/07\/mta.png\",\"contentUrl\":\"https:\/\/museutapies.org\/wp-content\/uploads\/2024\/07\/mta.png\",\"width\":244,\"height\":110,\"caption\":\"Museu T\u00e0pies\"},\"image\":{\"@id\":\"https:\/\/museutapies.org\/en\/#\/schema\/logo\/image\/\"},\"sameAs\":[\"https:\/\/www.facebook.com\/museutapies\",\"https:\/\/www.instagram.com\/museutapies\/\",\"https:\/\/www.youtube.com\/channel\/UCPi65HBb48RMeoa12lR51cQ\",\"https:\/\/x.com\/MuseuTapies\"]}]}<\/script>\n<!-- \/ Yoast SEO plugin. -->","yoast_head_json":{"title":"Letters to the Mother - Museu T\u00e0pies","description":"Un proyecto de Elena del Rivero vinculado a Extramurs y a Transitar \u00abLa Quema\u00bb del Museu T\u00e0pies de Barcelona.","robots":{"index":"index","follow":"follow","max-snippet":"max-snippet:-1","max-image-preview":"max-image-preview:large","max-video-preview":"max-video-preview:-1"},"og_locale":"es_ES","og_type":"article","og_title":"Letters to the Mother - Museu T\u00e0pies","og_description":"Un proyecto de Elena del Rivero vinculado a Extramurs y a Transitar \u00abLa Quema\u00bb del Museu T\u00e0pies de Barcelona.","og_url":"https:\/\/museutapies.org\/es\/letters-to-the-mother\/","og_site_name":"Museu T\u00e0pies","article_publisher":"https:\/\/www.facebook.com\/museutapies","article_modified_time":"2025-07-07T15:18:29+00:00","twitter_card":"summary_large_image","twitter_misc":{"Tiempo de lectura":"2 minutos"},"schema":{"@context":"https:\/\/schema.org","@graph":[{"@type":"WebPage","@id":"https:\/\/museutapies.org\/es\/letters-to-the-mother\/","url":"https:\/\/museutapies.org\/es\/letters-to-the-mother\/","name":"Letters to the Mother - Museu T\u00e0pies","isPartOf":{"@id":"https:\/\/museutapies.org\/en\/#website"},"datePublished":"2025-07-03T12:01:51+00:00","dateModified":"2025-07-07T15:18:29+00:00","description":"Un proyecto de Elena del Rivero vinculado a Extramurs y a Transitar \u00abLa Quema\u00bb del Museu T\u00e0pies de Barcelona.","inLanguage":"es","potentialAction":[{"@type":"ReadAction","target":["https:\/\/museutapies.org\/es\/letters-to-the-mother\/"]}]},{"@type":"WebSite","@id":"https:\/\/museutapies.org\/en\/#website","url":"https:\/\/museutapies.org\/en\/","name":"Museu T\u00e0pies","description":"","publisher":{"@id":"https:\/\/museutapies.org\/en\/#organization"},"potentialAction":[{"@type":"SearchAction","target":{"@type":"EntryPoint","urlTemplate":"https:\/\/museutapies.org\/en\/?s={search_term_string}"},"query-input":"required name=search_term_string"}],"inLanguage":"es"},{"@type":"Organization","@id":"https:\/\/museutapies.org\/en\/#organization","name":"Museu T\u00e0pies","url":"https:\/\/museutapies.org\/en\/","logo":{"@type":"ImageObject","inLanguage":"es","@id":"https:\/\/museutapies.org\/en\/#\/schema\/logo\/image\/","url":"https:\/\/museutapies.org\/wp-content\/uploads\/2024\/07\/mta.png","contentUrl":"https:\/\/museutapies.org\/wp-content\/uploads\/2024\/07\/mta.png","width":244,"height":110,"caption":"Museu T\u00e0pies"},"image":{"@id":"https:\/\/museutapies.org\/en\/#\/schema\/logo\/image\/"},"sameAs":["https:\/\/www.facebook.com\/museutapies","https:\/\/www.instagram.com\/museutapies\/","https:\/\/www.youtube.com\/channel\/UCPi65HBb48RMeoa12lR51cQ","https:\/\/x.com\/MuseuTapies"]}]}},"_links":{"self":[{"href":"https:\/\/museutapies.org\/es\/wp-json\/wp\/v2\/pages\/40202"}],"collection":[{"href":"https:\/\/museutapies.org\/es\/wp-json\/wp\/v2\/pages"}],"about":[{"href":"https:\/\/museutapies.org\/es\/wp-json\/wp\/v2\/types\/page"}],"author":[{"embeddable":true,"href":"https:\/\/museutapies.org\/es\/wp-json\/wp\/v2\/users\/3"}],"replies":[{"embeddable":true,"href":"https:\/\/museutapies.org\/es\/wp-json\/wp\/v2\/comments?post=40202"}],"version-history":[{"count":4,"href":"https:\/\/museutapies.org\/es\/wp-json\/wp\/v2\/pages\/40202\/revisions"}],"predecessor-version":[{"id":40327,"href":"https:\/\/museutapies.org\/es\/wp-json\/wp\/v2\/pages\/40202\/revisions\/40327"}],"wp:attachment":[{"href":"https:\/\/museutapies.org\/es\/wp-json\/wp\/v2\/media?parent=40202"}],"curies":[{"name":"wp","href":"https:\/\/api.w.org\/{rel}","templated":true}]}}