{"id":40212,"date":"2025-07-04T13:39:19","date_gmt":"2025-07-04T11:39:19","guid":{"rendered":"https:\/\/museutapies.org\/?page_id=40212"},"modified":"2025-07-04T18:21:06","modified_gmt":"2025-07-04T16:21:06","slug":"diarios","status":"publish","type":"page","link":"https:\/\/museutapies.org\/es\/diarios\/","title":{"rendered":"Diarios"},"content":{"rendered":"<p>&nbsp;<\/p>\n<p><span style=\"font-weight: 400\">Durante su tercera estancia en San Pedro Fiz de Vilar, y como parte del \u00faltimo proceso previo a <\/span><i><span style=\"font-weight: 400\">La Quema<\/span><\/i><span style=\"font-weight: 400\">, en octubre de 2024 Del Rivero realiz\u00f3 una serie de ensamblajes-diarios durante 23 d\u00edas consecutivos. Estas piezas, de peque\u00f1o formato y que son parte del imaginario de Elena del Rivero, exploran una dimensi\u00f3n \u00edntima del registro de lo cotidiano a trav\u00e9s del collage y el encolado de objetos encontrados en sus paseos matutinos, as\u00ed como de algunos materiales que los vecinos del pueblo le cedieron. <\/span><\/p>\n<p>&nbsp;<\/p>\n<p><span style=\"font-weight: 400\">La artista incorpora, adem\u00e1s, un papel artesanal como soporte, producido en dos lugares: el Mol\u00ed de Capellades (Barcelona) y Dieu Donn\u00e9 Papermill (Nueva York). Junto con los objetos se entretejen sus caracter\u00edsticas perlas, presentes en todas sus instalaciones, tanto en Galicia como en los muros y las verjas de La Capella o los jardines del Teatre Grec, hilvanando las conexiones entre los lugares y las obras.\u00a0<\/span><\/p>\n<p>&nbsp;<\/p>\n<p><span style=\"font-weight: 400\">Estos diarios mat\u00e9ricos surgen de un ejercicio de observaci\u00f3n que se transforma en un archivo afectivo que condensa la \u00e9tica del cuidado, la atenci\u00f3n a lo residual y el cruce entre memoria, territorio y creaci\u00f3n contempor\u00e1nea. Al mismo tiempo, dialogan con la biblioteca del Museu T\u00e0pies, vestigio de una arquitectura protomodernista que sigue reescribiendo el pasado. <\/span><\/p>\n<p>&nbsp;<\/p>\n<p>&nbsp;<\/p>\n<p><a href=\"https:\/\/museutapies.org\/es\/programa-public\/extramuros\/\"><i><span style=\"font-weight: 400\">Extramuros <\/span><\/i><\/a><span style=\"font-weight: 400\">es un proyecto liderado por el Museu T\u00e0pies en coordinaci\u00f3n e intercambio con diferentes creadores, estructuras e instituciones, que piensa la ciudad de Barcelona como espacio de reflexi\u00f3n y di\u00e1logo, as\u00ed como de enunciaci\u00f3n e intervenci\u00f3n en torno al espacio p\u00fablico y el medio ambiente.<\/span><\/p>\n<p>&nbsp;<\/p>\n<p><span style=\"font-weight: 400\">La artista Elena del Rivero y el comisario Mateo Feij\u00f3o son los invitados de esta edici\u00f3n del proyecto<\/span><i><span style=\"font-weight: 400\"> Extramuros<\/span><\/i><span style=\"font-weight: 400\">, impulsado por el Museu T\u00e0pies en colaboraci\u00f3n con Festival Grec Barcelona, Eina Centre Universitari de Disseny i Art, Bas\u00edlica de Santa Maria del Pi, Centre d&#8217;Art La Capella, Galeria Senda, Loop Festival, Mesclad\u00eds y Tant\u00e0gora.<\/span><\/p>\n<p>&nbsp;<\/p>\n<p>&nbsp;<\/p>\n<p>Museu T\u00e0pies<\/p>\n<p>Carrer Arag\u00f3, 255, Barcelona<\/p>\n<p>Del 08.07 al 23.11.2025<\/p>\n<p>Dimarts a dissabte, de 10 a 19h; diumenge de 10 a 15h<\/p>\n","protected":false},"excerpt":{"rendered":"<p>&nbsp; Durante su tercera estancia en San Pedro Fiz de Vilar, y como parte del \u00faltimo proceso previo a La [&hellip;]<\/p>\n","protected":false},"author":3,"featured_media":0,"parent":0,"menu_order":0,"comment_status":"closed","ping_status":"closed","template":"","meta":{"footnotes":""},"acf":[],"yoast_head":"<!-- This site is optimized with the Yoast SEO plugin v20.11 - https:\/\/yoast.com\/wordpress\/plugins\/seo\/ -->\n<title>Diarios - Museu T\u00e0pies<\/title>\n<meta name=\"description\" content=\"&quot;Diarios&quot; inclou peces, de petit format i que s\u00f3n part de l\u2019imaginari d\u2019Elena del Rivero. Al Museu T\u00e0pies.\" \/>\n<meta name=\"robots\" content=\"index, follow, max-snippet:-1, max-image-preview:large, max-video-preview:-1\" \/>\n<meta property=\"og:locale\" content=\"es_ES\" \/>\n<meta property=\"og:type\" content=\"article\" \/>\n<meta property=\"og:title\" content=\"Diarios - Museu T\u00e0pies\" \/>\n<meta property=\"og:description\" content=\"&quot;Diarios&quot; inclou peces, de petit format i que s\u00f3n part de l\u2019imaginari d\u2019Elena del Rivero. Al Museu T\u00e0pies.\" \/>\n<meta property=\"og:url\" content=\"https:\/\/museutapies.org\/es\/diarios\/\" \/>\n<meta property=\"og:site_name\" content=\"Museu T\u00e0pies\" \/>\n<meta property=\"article:publisher\" content=\"https:\/\/www.facebook.com\/museutapies\" \/>\n<meta property=\"article:modified_time\" content=\"2025-07-04T16:21:06+00:00\" \/>\n<meta name=\"twitter:card\" content=\"summary_large_image\" \/>\n<meta name=\"twitter:label1\" content=\"Tiempo de lectura\" \/>\n\t<meta name=\"twitter:data1\" content=\"2 minutos\" \/>\n<script type=\"application\/ld+json\" class=\"yoast-schema-graph\">{\"@context\":\"https:\/\/schema.org\",\"@graph\":[{\"@type\":\"WebPage\",\"@id\":\"https:\/\/museutapies.org\/es\/diarios\/\",\"url\":\"https:\/\/museutapies.org\/es\/diarios\/\",\"name\":\"Diarios - Museu T\u00e0pies\",\"isPartOf\":{\"@id\":\"https:\/\/museutapies.org\/en\/#website\"},\"datePublished\":\"2025-07-04T11:39:19+00:00\",\"dateModified\":\"2025-07-04T16:21:06+00:00\",\"description\":\"\\\"Diarios\\\" inclou peces, de petit format i que s\u00f3n part de l\u2019imaginari d\u2019Elena del Rivero. Al Museu T\u00e0pies.\",\"inLanguage\":\"es\",\"potentialAction\":[{\"@type\":\"ReadAction\",\"target\":[\"https:\/\/museutapies.org\/es\/diarios\/\"]}]},{\"@type\":\"WebSite\",\"@id\":\"https:\/\/museutapies.org\/en\/#website\",\"url\":\"https:\/\/museutapies.org\/en\/\",\"name\":\"Museu T\u00e0pies\",\"description\":\"\",\"publisher\":{\"@id\":\"https:\/\/museutapies.org\/en\/#organization\"},\"potentialAction\":[{\"@type\":\"SearchAction\",\"target\":{\"@type\":\"EntryPoint\",\"urlTemplate\":\"https:\/\/museutapies.org\/en\/?s={search_term_string}\"},\"query-input\":\"required name=search_term_string\"}],\"inLanguage\":\"es\"},{\"@type\":\"Organization\",\"@id\":\"https:\/\/museutapies.org\/en\/#organization\",\"name\":\"Museu T\u00e0pies\",\"url\":\"https:\/\/museutapies.org\/en\/\",\"logo\":{\"@type\":\"ImageObject\",\"inLanguage\":\"es\",\"@id\":\"https:\/\/museutapies.org\/en\/#\/schema\/logo\/image\/\",\"url\":\"https:\/\/museutapies.org\/wp-content\/uploads\/2024\/07\/mta.png\",\"contentUrl\":\"https:\/\/museutapies.org\/wp-content\/uploads\/2024\/07\/mta.png\",\"width\":244,\"height\":110,\"caption\":\"Museu T\u00e0pies\"},\"image\":{\"@id\":\"https:\/\/museutapies.org\/en\/#\/schema\/logo\/image\/\"},\"sameAs\":[\"https:\/\/www.facebook.com\/museutapies\",\"https:\/\/www.instagram.com\/museutapies\/\",\"https:\/\/www.youtube.com\/channel\/UCPi65HBb48RMeoa12lR51cQ\",\"https:\/\/x.com\/MuseuTapies\"]}]}<\/script>\n<!-- \/ Yoast SEO plugin. -->","yoast_head_json":{"title":"Diarios - Museu T\u00e0pies","description":"\"Diarios\" inclou peces, de petit format i que s\u00f3n part de l\u2019imaginari d\u2019Elena del Rivero. Al Museu T\u00e0pies.","robots":{"index":"index","follow":"follow","max-snippet":"max-snippet:-1","max-image-preview":"max-image-preview:large","max-video-preview":"max-video-preview:-1"},"og_locale":"es_ES","og_type":"article","og_title":"Diarios - Museu T\u00e0pies","og_description":"\"Diarios\" inclou peces, de petit format i que s\u00f3n part de l\u2019imaginari d\u2019Elena del Rivero. Al Museu T\u00e0pies.","og_url":"https:\/\/museutapies.org\/es\/diarios\/","og_site_name":"Museu T\u00e0pies","article_publisher":"https:\/\/www.facebook.com\/museutapies","article_modified_time":"2025-07-04T16:21:06+00:00","twitter_card":"summary_large_image","twitter_misc":{"Tiempo de lectura":"2 minutos"},"schema":{"@context":"https:\/\/schema.org","@graph":[{"@type":"WebPage","@id":"https:\/\/museutapies.org\/es\/diarios\/","url":"https:\/\/museutapies.org\/es\/diarios\/","name":"Diarios - Museu T\u00e0pies","isPartOf":{"@id":"https:\/\/museutapies.org\/en\/#website"},"datePublished":"2025-07-04T11:39:19+00:00","dateModified":"2025-07-04T16:21:06+00:00","description":"\"Diarios\" inclou peces, de petit format i que s\u00f3n part de l\u2019imaginari d\u2019Elena del Rivero. Al Museu T\u00e0pies.","inLanguage":"es","potentialAction":[{"@type":"ReadAction","target":["https:\/\/museutapies.org\/es\/diarios\/"]}]},{"@type":"WebSite","@id":"https:\/\/museutapies.org\/en\/#website","url":"https:\/\/museutapies.org\/en\/","name":"Museu T\u00e0pies","description":"","publisher":{"@id":"https:\/\/museutapies.org\/en\/#organization"},"potentialAction":[{"@type":"SearchAction","target":{"@type":"EntryPoint","urlTemplate":"https:\/\/museutapies.org\/en\/?s={search_term_string}"},"query-input":"required name=search_term_string"}],"inLanguage":"es"},{"@type":"Organization","@id":"https:\/\/museutapies.org\/en\/#organization","name":"Museu T\u00e0pies","url":"https:\/\/museutapies.org\/en\/","logo":{"@type":"ImageObject","inLanguage":"es","@id":"https:\/\/museutapies.org\/en\/#\/schema\/logo\/image\/","url":"https:\/\/museutapies.org\/wp-content\/uploads\/2024\/07\/mta.png","contentUrl":"https:\/\/museutapies.org\/wp-content\/uploads\/2024\/07\/mta.png","width":244,"height":110,"caption":"Museu T\u00e0pies"},"image":{"@id":"https:\/\/museutapies.org\/en\/#\/schema\/logo\/image\/"},"sameAs":["https:\/\/www.facebook.com\/museutapies","https:\/\/www.instagram.com\/museutapies\/","https:\/\/www.youtube.com\/channel\/UCPi65HBb48RMeoa12lR51cQ","https:\/\/x.com\/MuseuTapies"]}]}},"_links":{"self":[{"href":"https:\/\/museutapies.org\/es\/wp-json\/wp\/v2\/pages\/40212"}],"collection":[{"href":"https:\/\/museutapies.org\/es\/wp-json\/wp\/v2\/pages"}],"about":[{"href":"https:\/\/museutapies.org\/es\/wp-json\/wp\/v2\/types\/page"}],"author":[{"embeddable":true,"href":"https:\/\/museutapies.org\/es\/wp-json\/wp\/v2\/users\/3"}],"replies":[{"embeddable":true,"href":"https:\/\/museutapies.org\/es\/wp-json\/wp\/v2\/comments?post=40212"}],"version-history":[{"count":6,"href":"https:\/\/museutapies.org\/es\/wp-json\/wp\/v2\/pages\/40212\/revisions"}],"predecessor-version":[{"id":40265,"href":"https:\/\/museutapies.org\/es\/wp-json\/wp\/v2\/pages\/40212\/revisions\/40265"}],"wp:attachment":[{"href":"https:\/\/museutapies.org\/es\/wp-json\/wp\/v2\/media?parent=40212"}],"curies":[{"name":"wp","href":"https:\/\/api.w.org\/{rel}","templated":true}]}}