{"id":40253,"date":"2025-07-04T18:13:58","date_gmt":"2025-07-04T16:13:58","guid":{"rendered":"https:\/\/museutapies.org\/?page_id=40253"},"modified":"2025-07-04T18:14:42","modified_gmt":"2025-07-04T16:14:42","slug":"no-funciona-y-abierto","status":"publish","type":"page","link":"https:\/\/museutapies.org\/es\/no-funciona-y-abierto\/","title":{"rendered":"&#8220;No funciona&#8221; y &#8220;Abierto&#8221;"},"content":{"rendered":"<p>&nbsp;<\/p>\n<p><i><span style=\"font-weight: 400\">Extramuros<\/span><\/i><span style=\"font-weight: 400\"> se concibe tambi\u00e9n desde el intramuros del museo; de esta manera,\u00a0<\/span><a href=\"https:\/\/museutapies.org\/es\/exposicio\/elena-del-rivero-la-quema\/\"><i><span style=\"font-weight: 400\">Transitar \u00abLa Quema\u00bb<\/span><\/i><\/a><span style=\"font-weight: 400\">\u00a0nos propone ocupar ciertos lugares de paso del propio Museu T\u00e0pies. Estos lugares de tr\u00e1nsito, como escaleras o descansillos, presentan dos piezas de gran formato de Elena del Rivero tituladas\u00a0<\/span><i><span style=\"font-weight: 400\">No funciona<\/span><\/i><span style=\"font-weight: 400\">\u00a0y\u00a0<\/span><i><span style=\"font-weight: 400\">Abierto<\/span><\/i><span style=\"font-weight: 400\">. Con ellas se modifica el tiempo y el habitar el museo al recorrerlo desde espacios cuya funci\u00f3n no es la expositiva.<\/span><\/p>\n<p>&nbsp;<\/p>\n<p><span style=\"font-weight: 400\">Ambas obras se construyen a partir de fragmentos de trabajos anteriores, objetos encontrados y elementos personales, muchos de ellos cargados de una profunda resonancia emocional. Elena del Rivero ensambla estos materiales guiada por la intuici\u00f3n, un proceso de collage que revela una exploraci\u00f3n interior y un ejercicio de libertad creativa.\u00a0<\/span><\/p>\n<p>&nbsp;<\/p>\n<p><i><span style=\"font-weight: 400\">No funciona<\/span><\/i><span style=\"font-weight: 400\">\u00a0evoca el traje regional gallego y parece establecer un di\u00e1logo antropol\u00f3gico con el territorio donde fue concebida. Est\u00e1 compuesta por una pintura de los a\u00f1os noventa, un marco antiguo, una llave de Vilar, cuentas de cristal y un cartel hallado en la calle.\u00a0<\/span><i><span style=\"font-weight: 400\">Abierto<\/span><\/i><span style=\"font-weight: 400\">\u00a0incluye restos de pinturas destruidas de los a\u00f1os ochenta, as\u00ed como la primera p\u00e1gina de <\/span><i><span style=\"font-weight: 400\">El Pa\u00eds<\/span><\/i><span style=\"font-weight: 400\">, del mi\u00e9rcoles 3 de abril de 1985 \u2014\u00abAprobado el proyecto de ley de Sanidad\u00bb\u2014, plumas, tul, campanas y objetos como patucos y enseres de su madre, tejiendo una narrativa \u00edntima y pol\u00edtica a la vez.<\/span><\/p>\n<p>&nbsp;<\/p>\n<p>&nbsp;<\/p>\n<p><a href=\"https:\/\/museutapies.org\/es\/programa-public\/extramuros\/\"><i><span style=\"font-weight: 400\">Extramuros <\/span><\/i><\/a><span style=\"font-weight: 400\">es un proyecto liderado por el Museu T\u00e0pies en coordinaci\u00f3n e intercambio con diferentes creadores, estructuras e instituciones, que piensa la ciudad de Barcelona como espacio de reflexi\u00f3n y di\u00e1logo, as\u00ed como de enunciaci\u00f3n e intervenci\u00f3n en torno al espacio p\u00fablico y el medio ambiente.<\/span><\/p>\n<p>&nbsp;<\/p>\n<p><span style=\"font-weight: 400\">La artista Elena del Rivero y el comisario Mateo Feij\u00f3o son los invitados de esta edici\u00f3n del proyecto<\/span><i><span style=\"font-weight: 400\"> Extramuros<\/span><\/i><span style=\"font-weight: 400\">, impulsado por el Museu T\u00e0pies en colaboraci\u00f3n con Festival Grec Barcelona, Eina Centre Universitari de Disseny i Art, Bas\u00edlica de Santa Maria del Pi, Centre d&#8217;Art La Capella, Galeria Senda, Loop Festival, Mesclad\u00eds y Tant\u00e0gora.<\/span><\/p>\n<p>&nbsp;<\/p>\n<p>&nbsp;<\/p>\n<p>Museu T\u00e0pies<\/p>\n<p>Carrer Arag\u00f3, 255, Barcelona<\/p>\n<p>Del 08.07 al 23.11.2025<\/p>\n<p>Dimarts a dissabte, de 10 a 19h; diumenge de 10 a 15h<\/p>\n","protected":false},"excerpt":{"rendered":"<p>&nbsp; Extramuros se concibe tambi\u00e9n desde el intramuros del museo; de esta manera,\u00a0Transitar \u00abLa Quema\u00bb\u00a0nos propone ocupar ciertos lugares de [&hellip;]<\/p>\n","protected":false},"author":3,"featured_media":0,"parent":0,"menu_order":0,"comment_status":"closed","ping_status":"closed","template":"","meta":{"footnotes":""},"acf":[],"yoast_head":"<!-- This site is optimized with the Yoast SEO plugin v20.11 - https:\/\/yoast.com\/wordpress\/plugins\/seo\/ -->\n<title>&quot;No funciona&quot; y &quot;Abierto&quot; - Museu T\u00e0pies<\/title>\n<meta name=\"description\" content=\"Dos de Elena del Rivero que se construyen a partir de fragmentos de trabajos anteriores, objetos encontrados y elementos personales.\" \/>\n<meta name=\"robots\" content=\"index, follow, max-snippet:-1, max-image-preview:large, max-video-preview:-1\" \/>\n<meta property=\"og:locale\" content=\"es_ES\" \/>\n<meta property=\"og:type\" content=\"article\" \/>\n<meta property=\"og:title\" content=\"&quot;No funciona&quot; y &quot;Abierto&quot; - Museu T\u00e0pies\" \/>\n<meta property=\"og:description\" content=\"Dos de Elena del Rivero que se construyen a partir de fragmentos de trabajos anteriores, objetos encontrados y elementos personales.\" \/>\n<meta property=\"og:url\" content=\"https:\/\/museutapies.org\/es\/no-funciona-y-abierto\/\" \/>\n<meta property=\"og:site_name\" content=\"Museu T\u00e0pies\" \/>\n<meta property=\"article:publisher\" content=\"https:\/\/www.facebook.com\/museutapies\" \/>\n<meta property=\"article:modified_time\" content=\"2025-07-04T16:14:42+00:00\" \/>\n<meta name=\"twitter:card\" content=\"summary_large_image\" \/>\n<meta name=\"twitter:label1\" content=\"Tiempo de lectura\" \/>\n\t<meta name=\"twitter:data1\" content=\"2 minutos\" \/>\n<script type=\"application\/ld+json\" class=\"yoast-schema-graph\">{\"@context\":\"https:\/\/schema.org\",\"@graph\":[{\"@type\":\"WebPage\",\"@id\":\"https:\/\/museutapies.org\/es\/no-funciona-y-abierto\/\",\"url\":\"https:\/\/museutapies.org\/es\/no-funciona-y-abierto\/\",\"name\":\"\\\"No funciona\\\" y \\\"Abierto\\\" - Museu T\u00e0pies\",\"isPartOf\":{\"@id\":\"https:\/\/museutapies.org\/en\/#website\"},\"datePublished\":\"2025-07-04T16:13:58+00:00\",\"dateModified\":\"2025-07-04T16:14:42+00:00\",\"description\":\"Dos de Elena del Rivero que se construyen a partir de fragmentos de trabajos anteriores, objetos encontrados y elementos personales.\",\"inLanguage\":\"es\",\"potentialAction\":[{\"@type\":\"ReadAction\",\"target\":[\"https:\/\/museutapies.org\/es\/no-funciona-y-abierto\/\"]}]},{\"@type\":\"WebSite\",\"@id\":\"https:\/\/museutapies.org\/en\/#website\",\"url\":\"https:\/\/museutapies.org\/en\/\",\"name\":\"Museu T\u00e0pies\",\"description\":\"\",\"publisher\":{\"@id\":\"https:\/\/museutapies.org\/en\/#organization\"},\"potentialAction\":[{\"@type\":\"SearchAction\",\"target\":{\"@type\":\"EntryPoint\",\"urlTemplate\":\"https:\/\/museutapies.org\/en\/?s={search_term_string}\"},\"query-input\":\"required name=search_term_string\"}],\"inLanguage\":\"es\"},{\"@type\":\"Organization\",\"@id\":\"https:\/\/museutapies.org\/en\/#organization\",\"name\":\"Museu T\u00e0pies\",\"url\":\"https:\/\/museutapies.org\/en\/\",\"logo\":{\"@type\":\"ImageObject\",\"inLanguage\":\"es\",\"@id\":\"https:\/\/museutapies.org\/en\/#\/schema\/logo\/image\/\",\"url\":\"https:\/\/museutapies.org\/wp-content\/uploads\/2024\/07\/mta.png\",\"contentUrl\":\"https:\/\/museutapies.org\/wp-content\/uploads\/2024\/07\/mta.png\",\"width\":244,\"height\":110,\"caption\":\"Museu T\u00e0pies\"},\"image\":{\"@id\":\"https:\/\/museutapies.org\/en\/#\/schema\/logo\/image\/\"},\"sameAs\":[\"https:\/\/www.facebook.com\/museutapies\",\"https:\/\/www.instagram.com\/museutapies\/\",\"https:\/\/www.youtube.com\/channel\/UCPi65HBb48RMeoa12lR51cQ\",\"https:\/\/x.com\/MuseuTapies\"]}]}<\/script>\n<!-- \/ Yoast SEO plugin. -->","yoast_head_json":{"title":"\"No funciona\" y \"Abierto\" - Museu T\u00e0pies","description":"Dos de Elena del Rivero que se construyen a partir de fragmentos de trabajos anteriores, objetos encontrados y elementos personales.","robots":{"index":"index","follow":"follow","max-snippet":"max-snippet:-1","max-image-preview":"max-image-preview:large","max-video-preview":"max-video-preview:-1"},"og_locale":"es_ES","og_type":"article","og_title":"\"No funciona\" y \"Abierto\" - Museu T\u00e0pies","og_description":"Dos de Elena del Rivero que se construyen a partir de fragmentos de trabajos anteriores, objetos encontrados y elementos personales.","og_url":"https:\/\/museutapies.org\/es\/no-funciona-y-abierto\/","og_site_name":"Museu T\u00e0pies","article_publisher":"https:\/\/www.facebook.com\/museutapies","article_modified_time":"2025-07-04T16:14:42+00:00","twitter_card":"summary_large_image","twitter_misc":{"Tiempo de lectura":"2 minutos"},"schema":{"@context":"https:\/\/schema.org","@graph":[{"@type":"WebPage","@id":"https:\/\/museutapies.org\/es\/no-funciona-y-abierto\/","url":"https:\/\/museutapies.org\/es\/no-funciona-y-abierto\/","name":"\"No funciona\" y \"Abierto\" - Museu T\u00e0pies","isPartOf":{"@id":"https:\/\/museutapies.org\/en\/#website"},"datePublished":"2025-07-04T16:13:58+00:00","dateModified":"2025-07-04T16:14:42+00:00","description":"Dos de Elena del Rivero que se construyen a partir de fragmentos de trabajos anteriores, objetos encontrados y elementos personales.","inLanguage":"es","potentialAction":[{"@type":"ReadAction","target":["https:\/\/museutapies.org\/es\/no-funciona-y-abierto\/"]}]},{"@type":"WebSite","@id":"https:\/\/museutapies.org\/en\/#website","url":"https:\/\/museutapies.org\/en\/","name":"Museu T\u00e0pies","description":"","publisher":{"@id":"https:\/\/museutapies.org\/en\/#organization"},"potentialAction":[{"@type":"SearchAction","target":{"@type":"EntryPoint","urlTemplate":"https:\/\/museutapies.org\/en\/?s={search_term_string}"},"query-input":"required name=search_term_string"}],"inLanguage":"es"},{"@type":"Organization","@id":"https:\/\/museutapies.org\/en\/#organization","name":"Museu T\u00e0pies","url":"https:\/\/museutapies.org\/en\/","logo":{"@type":"ImageObject","inLanguage":"es","@id":"https:\/\/museutapies.org\/en\/#\/schema\/logo\/image\/","url":"https:\/\/museutapies.org\/wp-content\/uploads\/2024\/07\/mta.png","contentUrl":"https:\/\/museutapies.org\/wp-content\/uploads\/2024\/07\/mta.png","width":244,"height":110,"caption":"Museu T\u00e0pies"},"image":{"@id":"https:\/\/museutapies.org\/en\/#\/schema\/logo\/image\/"},"sameAs":["https:\/\/www.facebook.com\/museutapies","https:\/\/www.instagram.com\/museutapies\/","https:\/\/www.youtube.com\/channel\/UCPi65HBb48RMeoa12lR51cQ","https:\/\/x.com\/MuseuTapies"]}]}},"_links":{"self":[{"href":"https:\/\/museutapies.org\/es\/wp-json\/wp\/v2\/pages\/40253"}],"collection":[{"href":"https:\/\/museutapies.org\/es\/wp-json\/wp\/v2\/pages"}],"about":[{"href":"https:\/\/museutapies.org\/es\/wp-json\/wp\/v2\/types\/page"}],"author":[{"embeddable":true,"href":"https:\/\/museutapies.org\/es\/wp-json\/wp\/v2\/users\/3"}],"replies":[{"embeddable":true,"href":"https:\/\/museutapies.org\/es\/wp-json\/wp\/v2\/comments?post=40253"}],"version-history":[{"count":2,"href":"https:\/\/museutapies.org\/es\/wp-json\/wp\/v2\/pages\/40253\/revisions"}],"predecessor-version":[{"id":40255,"href":"https:\/\/museutapies.org\/es\/wp-json\/wp\/v2\/pages\/40253\/revisions\/40255"}],"wp:attachment":[{"href":"https:\/\/museutapies.org\/es\/wp-json\/wp\/v2\/media?parent=40253"}],"curies":[{"name":"wp","href":"https:\/\/api.w.org\/{rel}","templated":true}]}}