{"id":40272,"date":"2025-07-04T18:32:17","date_gmt":"2025-07-04T16:32:17","guid":{"rendered":"https:\/\/museutapies.org\/?page_id=40272"},"modified":"2025-07-04T18:36:27","modified_gmt":"2025-07-04T16:36:27","slug":"canto-para-un-monumento-funerario","status":"publish","type":"page","link":"https:\/\/museutapies.org\/es\/canto-para-un-monumento-funerario\/","title":{"rendered":"Canto para un monumento funerario"},"content":{"rendered":"<p>&nbsp;<\/p>\n<p><span style=\"font-weight: 400\">La Bas\u00edlica de Santa Maria del Pi recoge la pieza central del proyecto <\/span><i><span style=\"font-weight: 400\"><a href=\"https:\/\/museutapies.org\/es\/exposicio\/elena-del-rivero-la-quema\/\">Transitar \u00abLa Quema\u00bb<\/a>. Canto para un monumento funerario\u00a0<\/span><\/i><span style=\"font-weight: 400\">a\u00fana el proceso de reconstrucci\u00f3n y de memoria que atraviesa todo el proyecto. Esta jaula proviene de San Pedro Fiz de Vilar: es un objeto cotidiano cedido a la artista por la comunidad de vecinos, que ha sido transformado a partir de un proceso colectivo con la comunidad universitaria y Elena del Rivero. Una vez dorada, la jaula se convierte en un objeto que apunta a la inmaterialidad y la trascendencia de la vida espiritual. Dentro de esta jaula se encuentran botes de cristal con las cenizas de las obras que ardieron en octubre de 2024, s\u00edmbolos de la inmanencia de la memoria y el tiempo suspendido.\u00a0<\/span><\/p>\n<p>&nbsp;<\/p>\n<p><span style=\"font-weight: 400\">Tras la purificaci\u00f3n del acto de la quema, <\/span><i><span style=\"font-weight: 400\">Canto para un monumento<\/span><\/i> <i><span style=\"font-weight: 400\">funerario<\/span><\/i><span style=\"font-weight: 400\"> proyecta un deseo de libertad. El fuego como elemento transformador convierte el cuerpo mat\u00e9rico en cenizas, polvo encapsulado que es promesa de redenci\u00f3n al invitarnos a la penitencia.\u00a0<\/span><\/p>\n<p>&nbsp;<\/p>\n<p><span style=\"font-weight: 400\">Esta jaula en desuso y abandonada, al ser dorada, se transforma en un canto de luz que transciende lo espiritual con el deseo de alcanzar lo divino. Esta obra, a partir de la idea m\u00edstica de Santa Teresa de Jes\u00fas, libera desde el encierro, se\u00f1alando un camino de perfecci\u00f3n que es el inicio de un amanecer brillante.<\/span><\/p>\n<p>&nbsp;<\/p>\n<p>&nbsp;<\/p>\n<p>&nbsp;<\/p>\n<p><a href=\"https:\/\/museutapies.org\/es\/programa-public\/extramuros\/\"><i><span style=\"font-weight: 400\">Extramuros <\/span><\/i><\/a><span style=\"font-weight: 400\">es un proyecto liderado por el Museu T\u00e0pies en coordinaci\u00f3n e intercambio con diferentes creadores, estructuras e instituciones, que piensa la ciudad de Barcelona como espacio de reflexi\u00f3n y di\u00e1logo, as\u00ed como de enunciaci\u00f3n e intervenci\u00f3n en torno al espacio p\u00fablico y el medio ambiente.<\/span><\/p>\n<p>&nbsp;<\/p>\n<p><span style=\"font-weight: 400\">La artista Elena del Rivero y el comisario Mateo Feij\u00f3o son los invitados de esta edici\u00f3n del proyecto<\/span><i><span style=\"font-weight: 400\"> Extramuros<\/span><\/i><span style=\"font-weight: 400\">, impulsado por el Museu T\u00e0pies en colaboraci\u00f3n con Festival Grec Barcelona, Eina Centre Universitari de Disseny i Art, Bas\u00edlica de Santa Maria del Pi, Centre d&#8217;Art La Capella, Galeria Senda, Loop Festival, Mesclad\u00eds y Tant\u00e0gora.<\/span><\/p>\n<p>&nbsp;<\/p>\n<p>&nbsp;<\/p>\n<p>&nbsp;<\/p>\n<p><span style=\"font-weight: 400\">Bas\u00edlica de Santa Maria del Pi<\/span><\/p>\n<p><span style=\"font-weight: 400\">Pla\u00e7a del Pi, 7, Barcelona<\/span><\/p>\n<p><span style=\"font-weight: 400\">Del 8.07 al 1.10.2025<\/span><\/p>\n<p><span style=\"font-weight: 400\">Lunes a viernes, de 18 a 20h; domingo, de 9.30 a 13h<\/span><\/p>\n<p>&nbsp;<\/p>\n","protected":false},"excerpt":{"rendered":"<p>&nbsp; La Bas\u00edlica de Santa Maria del Pi recoge la pieza central del proyecto Transitar \u00abLa Quema\u00bb. Canto para un [&hellip;]<\/p>\n","protected":false},"author":3,"featured_media":0,"parent":0,"menu_order":0,"comment_status":"closed","ping_status":"closed","template":"","meta":{"footnotes":""},"acf":[],"yoast_head":"<!-- This site is optimized with the Yoast SEO plugin v20.11 - https:\/\/yoast.com\/wordpress\/plugins\/seo\/ -->\n<title>Canto para un monumento funerario - Museu T\u00e0pies<\/title>\n<meta name=\"description\" content=\"La Bas\u00edlica de Santa Maria del Pi recoge la pieza central del proyecto Transitar \u00abLa Quema\u00bb del Museu T\u00e0pies de Barcelona.\" \/>\n<meta name=\"robots\" content=\"index, follow, max-snippet:-1, max-image-preview:large, max-video-preview:-1\" \/>\n<meta property=\"og:locale\" content=\"es_ES\" \/>\n<meta property=\"og:type\" content=\"article\" \/>\n<meta property=\"og:title\" content=\"Canto para un monumento funerario - Museu T\u00e0pies\" \/>\n<meta property=\"og:description\" content=\"La Bas\u00edlica de Santa Maria del Pi recoge la pieza central del proyecto Transitar \u00abLa Quema\u00bb del Museu T\u00e0pies de Barcelona.\" \/>\n<meta property=\"og:url\" content=\"https:\/\/museutapies.org\/es\/canto-para-un-monumento-funerario\/\" \/>\n<meta property=\"og:site_name\" content=\"Museu T\u00e0pies\" \/>\n<meta property=\"article:publisher\" content=\"https:\/\/www.facebook.com\/museutapies\" \/>\n<meta property=\"article:modified_time\" content=\"2025-07-04T16:36:27+00:00\" \/>\n<meta name=\"twitter:card\" content=\"summary_large_image\" \/>\n<meta name=\"twitter:label1\" content=\"Tiempo de lectura\" \/>\n\t<meta name=\"twitter:data1\" content=\"2 minutos\" \/>\n<script type=\"application\/ld+json\" class=\"yoast-schema-graph\">{\"@context\":\"https:\/\/schema.org\",\"@graph\":[{\"@type\":\"WebPage\",\"@id\":\"https:\/\/museutapies.org\/es\/canto-para-un-monumento-funerario\/\",\"url\":\"https:\/\/museutapies.org\/es\/canto-para-un-monumento-funerario\/\",\"name\":\"Canto para un monumento funerario - Museu T\u00e0pies\",\"isPartOf\":{\"@id\":\"https:\/\/museutapies.org\/en\/#website\"},\"datePublished\":\"2025-07-04T16:32:17+00:00\",\"dateModified\":\"2025-07-04T16:36:27+00:00\",\"description\":\"La Bas\u00edlica de Santa Maria del Pi recoge la pieza central del proyecto Transitar \u00abLa Quema\u00bb del Museu T\u00e0pies de Barcelona.\",\"inLanguage\":\"es\",\"potentialAction\":[{\"@type\":\"ReadAction\",\"target\":[\"https:\/\/museutapies.org\/es\/canto-para-un-monumento-funerario\/\"]}]},{\"@type\":\"WebSite\",\"@id\":\"https:\/\/museutapies.org\/en\/#website\",\"url\":\"https:\/\/museutapies.org\/en\/\",\"name\":\"Museu T\u00e0pies\",\"description\":\"\",\"publisher\":{\"@id\":\"https:\/\/museutapies.org\/en\/#organization\"},\"potentialAction\":[{\"@type\":\"SearchAction\",\"target\":{\"@type\":\"EntryPoint\",\"urlTemplate\":\"https:\/\/museutapies.org\/en\/?s={search_term_string}\"},\"query-input\":\"required name=search_term_string\"}],\"inLanguage\":\"es\"},{\"@type\":\"Organization\",\"@id\":\"https:\/\/museutapies.org\/en\/#organization\",\"name\":\"Museu T\u00e0pies\",\"url\":\"https:\/\/museutapies.org\/en\/\",\"logo\":{\"@type\":\"ImageObject\",\"inLanguage\":\"es\",\"@id\":\"https:\/\/museutapies.org\/en\/#\/schema\/logo\/image\/\",\"url\":\"https:\/\/museutapies.org\/wp-content\/uploads\/2024\/07\/mta.png\",\"contentUrl\":\"https:\/\/museutapies.org\/wp-content\/uploads\/2024\/07\/mta.png\",\"width\":244,\"height\":110,\"caption\":\"Museu T\u00e0pies\"},\"image\":{\"@id\":\"https:\/\/museutapies.org\/en\/#\/schema\/logo\/image\/\"},\"sameAs\":[\"https:\/\/www.facebook.com\/museutapies\",\"https:\/\/www.instagram.com\/museutapies\/\",\"https:\/\/www.youtube.com\/channel\/UCPi65HBb48RMeoa12lR51cQ\",\"https:\/\/x.com\/MuseuTapies\"]}]}<\/script>\n<!-- \/ Yoast SEO plugin. -->","yoast_head_json":{"title":"Canto para un monumento funerario - Museu T\u00e0pies","description":"La Bas\u00edlica de Santa Maria del Pi recoge la pieza central del proyecto Transitar \u00abLa Quema\u00bb del Museu T\u00e0pies de Barcelona.","robots":{"index":"index","follow":"follow","max-snippet":"max-snippet:-1","max-image-preview":"max-image-preview:large","max-video-preview":"max-video-preview:-1"},"og_locale":"es_ES","og_type":"article","og_title":"Canto para un monumento funerario - Museu T\u00e0pies","og_description":"La Bas\u00edlica de Santa Maria del Pi recoge la pieza central del proyecto Transitar \u00abLa Quema\u00bb del Museu T\u00e0pies de Barcelona.","og_url":"https:\/\/museutapies.org\/es\/canto-para-un-monumento-funerario\/","og_site_name":"Museu T\u00e0pies","article_publisher":"https:\/\/www.facebook.com\/museutapies","article_modified_time":"2025-07-04T16:36:27+00:00","twitter_card":"summary_large_image","twitter_misc":{"Tiempo de lectura":"2 minutos"},"schema":{"@context":"https:\/\/schema.org","@graph":[{"@type":"WebPage","@id":"https:\/\/museutapies.org\/es\/canto-para-un-monumento-funerario\/","url":"https:\/\/museutapies.org\/es\/canto-para-un-monumento-funerario\/","name":"Canto para un monumento funerario - Museu T\u00e0pies","isPartOf":{"@id":"https:\/\/museutapies.org\/en\/#website"},"datePublished":"2025-07-04T16:32:17+00:00","dateModified":"2025-07-04T16:36:27+00:00","description":"La Bas\u00edlica de Santa Maria del Pi recoge la pieza central del proyecto Transitar \u00abLa Quema\u00bb del Museu T\u00e0pies de Barcelona.","inLanguage":"es","potentialAction":[{"@type":"ReadAction","target":["https:\/\/museutapies.org\/es\/canto-para-un-monumento-funerario\/"]}]},{"@type":"WebSite","@id":"https:\/\/museutapies.org\/en\/#website","url":"https:\/\/museutapies.org\/en\/","name":"Museu T\u00e0pies","description":"","publisher":{"@id":"https:\/\/museutapies.org\/en\/#organization"},"potentialAction":[{"@type":"SearchAction","target":{"@type":"EntryPoint","urlTemplate":"https:\/\/museutapies.org\/en\/?s={search_term_string}"},"query-input":"required name=search_term_string"}],"inLanguage":"es"},{"@type":"Organization","@id":"https:\/\/museutapies.org\/en\/#organization","name":"Museu T\u00e0pies","url":"https:\/\/museutapies.org\/en\/","logo":{"@type":"ImageObject","inLanguage":"es","@id":"https:\/\/museutapies.org\/en\/#\/schema\/logo\/image\/","url":"https:\/\/museutapies.org\/wp-content\/uploads\/2024\/07\/mta.png","contentUrl":"https:\/\/museutapies.org\/wp-content\/uploads\/2024\/07\/mta.png","width":244,"height":110,"caption":"Museu T\u00e0pies"},"image":{"@id":"https:\/\/museutapies.org\/en\/#\/schema\/logo\/image\/"},"sameAs":["https:\/\/www.facebook.com\/museutapies","https:\/\/www.instagram.com\/museutapies\/","https:\/\/www.youtube.com\/channel\/UCPi65HBb48RMeoa12lR51cQ","https:\/\/x.com\/MuseuTapies"]}]}},"_links":{"self":[{"href":"https:\/\/museutapies.org\/es\/wp-json\/wp\/v2\/pages\/40272"}],"collection":[{"href":"https:\/\/museutapies.org\/es\/wp-json\/wp\/v2\/pages"}],"about":[{"href":"https:\/\/museutapies.org\/es\/wp-json\/wp\/v2\/types\/page"}],"author":[{"embeddable":true,"href":"https:\/\/museutapies.org\/es\/wp-json\/wp\/v2\/users\/3"}],"replies":[{"embeddable":true,"href":"https:\/\/museutapies.org\/es\/wp-json\/wp\/v2\/comments?post=40272"}],"version-history":[{"count":3,"href":"https:\/\/museutapies.org\/es\/wp-json\/wp\/v2\/pages\/40272\/revisions"}],"predecessor-version":[{"id":40277,"href":"https:\/\/museutapies.org\/es\/wp-json\/wp\/v2\/pages\/40272\/revisions\/40277"}],"wp:attachment":[{"href":"https:\/\/museutapies.org\/es\/wp-json\/wp\/v2\/media?parent=40272"}],"curies":[{"name":"wp","href":"https:\/\/api.w.org\/{rel}","templated":true}]}}