{"id":40282,"date":"2025-07-04T18:43:37","date_gmt":"2025-07-04T16:43:37","guid":{"rendered":"https:\/\/museutapies.org\/?page_id=40282"},"modified":"2025-07-04T19:20:03","modified_gmt":"2025-07-04T17:20:03","slug":"un-mosaico-de-lo-comun","status":"publish","type":"page","link":"https:\/\/museutapies.org\/es\/un-mosaico-de-lo-comun\/","title":{"rendered":"Un mosaico de lo com\u00fan. La experiencia comunitaria de Elena del Rivero"},"content":{"rendered":"<p>&nbsp;<\/p>\n<p><i><span style=\"font-weight: 400\">Un mosaico de lo com\u00fan. La experiencia comunitaria de Elena del Rivero<\/span><\/i><span style=\"font-weight: 400\"> es una instalaci\u00f3n en la antigua sacrist\u00eda de La Capella Centre d\u2019Art, ahora denominada Espai Oficina, que nos propone un recorrido visual a trav\u00e9s de las fotograf\u00edas que documentan la convivencia de la autora con la comunidad de San Pedro Fiz de Vilar, desde donde se despliega una suerte de collage fotogr\u00e1fico. Elena del Rivero retrata el entorno rural gallego \u2014sus piedras milenarias, la bruma, la lluvia, las manos campesinas y los animales\u2014 como parte de un tejido colectivo que privilegia lo comunitario sobre lo individual. Con un enfoque sensible, afectivo y respetuoso crea una suerte de mosaico visual donde se manifiestan vivencias ancestrales que proponen una nueva forma de imaginaci\u00f3n desde la comunidad.\u00a0<\/span><\/p>\n<p>&nbsp;<\/p>\n<p><span style=\"font-weight: 400\">Para ello, Elena del Rivero se sirve de la reproductibilidad t\u00e9cnica de las m\u00e1quinas fotogr\u00e1ficas anal\u00f3gicas, como la Hasselblad y la Rolleicord, que mezcla con las im\u00e1genes tomadas desde las sencillas Holga o Fujifilm X-Pro-2, lo que le permite desdibujar las escenas capturadas con el fin de acentuar el car\u00e1cter po\u00e9tico de las im\u00e1genes. As\u00ed, la obra desborda el propio proceso documental fotogr\u00e1fico para enraizarse en una forma de habitar el territorio, donde arte y vida se entienden desde una perspectiva relacional y afectiva.<\/span><\/p>\n<p>&nbsp;<\/p>\n<p>&nbsp;<\/p>\n<p>&nbsp;<\/p>\n<p><a href=\"https:\/\/museutapies.org\/es\/programa-public\/extramuros\/\"><i><span style=\"font-weight: 400\">Extramuros <\/span><\/i><\/a><span style=\"font-weight: 400\">es un proyecto liderado por el Museu T\u00e0pies en coordinaci\u00f3n e intercambio con diferentes creadores, estructuras e instituciones, que piensa la ciudad de Barcelona como espacio de reflexi\u00f3n y di\u00e1logo, as\u00ed como de enunciaci\u00f3n e intervenci\u00f3n en torno al espacio p\u00fablico y el medio ambiente.<\/span><\/p>\n<p>&nbsp;<\/p>\n<p><span style=\"font-weight: 400\">La artista Elena del Rivero y el comisario Mateo Feij\u00f3o son los invitados de esta edici\u00f3n del proyecto<\/span><i><span style=\"font-weight: 400\"> Extramuros<\/span><\/i><span style=\"font-weight: 400\">, impulsado por el Museu T\u00e0pies en colaboraci\u00f3n con Festival Grec Barcelona, Eina Centre Universitari de Disseny i Art, Bas\u00edlica de Santa Maria del Pi, Centre d&#8217;Art La Capella, Galeria Senda, Loop Festival, Mesclad\u00eds y Tant\u00e0gora.<\/span><\/p>\n<p>&nbsp;<\/p>\n<p>&nbsp;<\/p>\n<p>&nbsp;<\/p>\n<p><span style=\"font-weight: 400\">Centre d&#8217;Art La Capella<\/span><\/p>\n<p>Carrer Hospital, 56, Barcelona<\/p>\n<p><span style=\"font-weight: 400\">8.07 &#8211; 14.09.2025<\/span><\/p>\n<p><span style=\"font-weight: 400\">Martes a s\u00e1bado, 12 a 20h; domingo, de 11 a 14h<\/span><\/p>\n<p>&nbsp;<\/p>\n","protected":false},"excerpt":{"rendered":"<p>&nbsp; Un mosaico de lo com\u00fan. La experiencia comunitaria de Elena del Rivero es una instalaci\u00f3n en la antigua sacrist\u00eda [&hellip;]<\/p>\n","protected":false},"author":3,"featured_media":0,"parent":0,"menu_order":0,"comment_status":"closed","ping_status":"closed","template":"","meta":{"footnotes":""},"acf":[],"yoast_head":"<!-- This site is optimized with the Yoast SEO plugin v20.11 - https:\/\/yoast.com\/wordpress\/plugins\/seo\/ -->\n<title>Un mosaico de lo com\u00fan. La experiencia comunitaria de Elena del Rivero - Museu T\u00e0pies<\/title>\n<meta name=\"description\" content=\"Elena del Rivero retrata el entorno rural gallego \u2014sus piedras milenarias, la bruma, la lluvia, las manos campesinas y los animales\" \/>\n<meta name=\"robots\" content=\"index, follow, max-snippet:-1, max-image-preview:large, max-video-preview:-1\" \/>\n<meta property=\"og:locale\" content=\"es_ES\" \/>\n<meta property=\"og:type\" content=\"article\" \/>\n<meta property=\"og:title\" content=\"Un mosaico de lo com\u00fan. La experiencia comunitaria de Elena del Rivero - Museu T\u00e0pies\" \/>\n<meta property=\"og:description\" content=\"Elena del Rivero retrata el entorno rural gallego \u2014sus piedras milenarias, la bruma, la lluvia, las manos campesinas y los animales\" \/>\n<meta property=\"og:url\" content=\"https:\/\/museutapies.org\/es\/un-mosaico-de-lo-comun\/\" \/>\n<meta property=\"og:site_name\" content=\"Museu T\u00e0pies\" \/>\n<meta property=\"article:publisher\" content=\"https:\/\/www.facebook.com\/museutapies\" \/>\n<meta property=\"article:modified_time\" content=\"2025-07-04T17:20:03+00:00\" \/>\n<meta name=\"twitter:card\" content=\"summary_large_image\" \/>\n<meta name=\"twitter:label1\" content=\"Tiempo de lectura\" \/>\n\t<meta name=\"twitter:data1\" content=\"2 minutos\" \/>\n<script type=\"application\/ld+json\" class=\"yoast-schema-graph\">{\"@context\":\"https:\/\/schema.org\",\"@graph\":[{\"@type\":\"WebPage\",\"@id\":\"https:\/\/museutapies.org\/es\/un-mosaico-de-lo-comun\/\",\"url\":\"https:\/\/museutapies.org\/es\/un-mosaico-de-lo-comun\/\",\"name\":\"Un mosaico de lo com\u00fan. La experiencia comunitaria de Elena del Rivero - Museu T\u00e0pies\",\"isPartOf\":{\"@id\":\"https:\/\/museutapies.org\/en\/#website\"},\"datePublished\":\"2025-07-04T16:43:37+00:00\",\"dateModified\":\"2025-07-04T17:20:03+00:00\",\"description\":\"Elena del Rivero retrata el entorno rural gallego \u2014sus piedras milenarias, la bruma, la lluvia, las manos campesinas y los animales\",\"inLanguage\":\"es\",\"potentialAction\":[{\"@type\":\"ReadAction\",\"target\":[\"https:\/\/museutapies.org\/es\/un-mosaico-de-lo-comun\/\"]}]},{\"@type\":\"WebSite\",\"@id\":\"https:\/\/museutapies.org\/en\/#website\",\"url\":\"https:\/\/museutapies.org\/en\/\",\"name\":\"Museu T\u00e0pies\",\"description\":\"\",\"publisher\":{\"@id\":\"https:\/\/museutapies.org\/en\/#organization\"},\"potentialAction\":[{\"@type\":\"SearchAction\",\"target\":{\"@type\":\"EntryPoint\",\"urlTemplate\":\"https:\/\/museutapies.org\/en\/?s={search_term_string}\"},\"query-input\":\"required name=search_term_string\"}],\"inLanguage\":\"es\"},{\"@type\":\"Organization\",\"@id\":\"https:\/\/museutapies.org\/en\/#organization\",\"name\":\"Museu T\u00e0pies\",\"url\":\"https:\/\/museutapies.org\/en\/\",\"logo\":{\"@type\":\"ImageObject\",\"inLanguage\":\"es\",\"@id\":\"https:\/\/museutapies.org\/en\/#\/schema\/logo\/image\/\",\"url\":\"https:\/\/museutapies.org\/wp-content\/uploads\/2024\/07\/mta.png\",\"contentUrl\":\"https:\/\/museutapies.org\/wp-content\/uploads\/2024\/07\/mta.png\",\"width\":244,\"height\":110,\"caption\":\"Museu T\u00e0pies\"},\"image\":{\"@id\":\"https:\/\/museutapies.org\/en\/#\/schema\/logo\/image\/\"},\"sameAs\":[\"https:\/\/www.facebook.com\/museutapies\",\"https:\/\/www.instagram.com\/museutapies\/\",\"https:\/\/www.youtube.com\/channel\/UCPi65HBb48RMeoa12lR51cQ\",\"https:\/\/x.com\/MuseuTapies\"]}]}<\/script>\n<!-- \/ Yoast SEO plugin. -->","yoast_head_json":{"title":"Un mosaico de lo com\u00fan. La experiencia comunitaria de Elena del Rivero - Museu T\u00e0pies","description":"Elena del Rivero retrata el entorno rural gallego \u2014sus piedras milenarias, la bruma, la lluvia, las manos campesinas y los animales","robots":{"index":"index","follow":"follow","max-snippet":"max-snippet:-1","max-image-preview":"max-image-preview:large","max-video-preview":"max-video-preview:-1"},"og_locale":"es_ES","og_type":"article","og_title":"Un mosaico de lo com\u00fan. La experiencia comunitaria de Elena del Rivero - Museu T\u00e0pies","og_description":"Elena del Rivero retrata el entorno rural gallego \u2014sus piedras milenarias, la bruma, la lluvia, las manos campesinas y los animales","og_url":"https:\/\/museutapies.org\/es\/un-mosaico-de-lo-comun\/","og_site_name":"Museu T\u00e0pies","article_publisher":"https:\/\/www.facebook.com\/museutapies","article_modified_time":"2025-07-04T17:20:03+00:00","twitter_card":"summary_large_image","twitter_misc":{"Tiempo de lectura":"2 minutos"},"schema":{"@context":"https:\/\/schema.org","@graph":[{"@type":"WebPage","@id":"https:\/\/museutapies.org\/es\/un-mosaico-de-lo-comun\/","url":"https:\/\/museutapies.org\/es\/un-mosaico-de-lo-comun\/","name":"Un mosaico de lo com\u00fan. La experiencia comunitaria de Elena del Rivero - Museu T\u00e0pies","isPartOf":{"@id":"https:\/\/museutapies.org\/en\/#website"},"datePublished":"2025-07-04T16:43:37+00:00","dateModified":"2025-07-04T17:20:03+00:00","description":"Elena del Rivero retrata el entorno rural gallego \u2014sus piedras milenarias, la bruma, la lluvia, las manos campesinas y los animales","inLanguage":"es","potentialAction":[{"@type":"ReadAction","target":["https:\/\/museutapies.org\/es\/un-mosaico-de-lo-comun\/"]}]},{"@type":"WebSite","@id":"https:\/\/museutapies.org\/en\/#website","url":"https:\/\/museutapies.org\/en\/","name":"Museu T\u00e0pies","description":"","publisher":{"@id":"https:\/\/museutapies.org\/en\/#organization"},"potentialAction":[{"@type":"SearchAction","target":{"@type":"EntryPoint","urlTemplate":"https:\/\/museutapies.org\/en\/?s={search_term_string}"},"query-input":"required name=search_term_string"}],"inLanguage":"es"},{"@type":"Organization","@id":"https:\/\/museutapies.org\/en\/#organization","name":"Museu T\u00e0pies","url":"https:\/\/museutapies.org\/en\/","logo":{"@type":"ImageObject","inLanguage":"es","@id":"https:\/\/museutapies.org\/en\/#\/schema\/logo\/image\/","url":"https:\/\/museutapies.org\/wp-content\/uploads\/2024\/07\/mta.png","contentUrl":"https:\/\/museutapies.org\/wp-content\/uploads\/2024\/07\/mta.png","width":244,"height":110,"caption":"Museu T\u00e0pies"},"image":{"@id":"https:\/\/museutapies.org\/en\/#\/schema\/logo\/image\/"},"sameAs":["https:\/\/www.facebook.com\/museutapies","https:\/\/www.instagram.com\/museutapies\/","https:\/\/www.youtube.com\/channel\/UCPi65HBb48RMeoa12lR51cQ","https:\/\/x.com\/MuseuTapies"]}]}},"_links":{"self":[{"href":"https:\/\/museutapies.org\/es\/wp-json\/wp\/v2\/pages\/40282"}],"collection":[{"href":"https:\/\/museutapies.org\/es\/wp-json\/wp\/v2\/pages"}],"about":[{"href":"https:\/\/museutapies.org\/es\/wp-json\/wp\/v2\/types\/page"}],"author":[{"embeddable":true,"href":"https:\/\/museutapies.org\/es\/wp-json\/wp\/v2\/users\/3"}],"replies":[{"embeddable":true,"href":"https:\/\/museutapies.org\/es\/wp-json\/wp\/v2\/comments?post=40282"}],"version-history":[{"count":2,"href":"https:\/\/museutapies.org\/es\/wp-json\/wp\/v2\/pages\/40282\/revisions"}],"predecessor-version":[{"id":40298,"href":"https:\/\/museutapies.org\/es\/wp-json\/wp\/v2\/pages\/40282\/revisions\/40298"}],"wp:attachment":[{"href":"https:\/\/museutapies.org\/es\/wp-json\/wp\/v2\/media?parent=40282"}],"curies":[{"name":"wp","href":"https:\/\/api.w.org\/{rel}","templated":true}]}}