{"id":40292,"date":"2025-07-04T18:59:16","date_gmt":"2025-07-04T16:59:16","guid":{"rendered":"https:\/\/museutapies.org\/?page_id=40292"},"modified":"2025-07-04T18:59:16","modified_gmt":"2025-07-04T16:59:16","slug":"instalaciones-teatre-grec-y-la-capella","status":"publish","type":"page","link":"https:\/\/museutapies.org\/es\/instalaciones-teatre-grec-y-la-capella\/","title":{"rendered":"Instalaciones: Teatre Grec y La Capella"},"content":{"rendered":"<p>&nbsp;<\/p>\n<p><span style=\"font-weight: 400\">Las instalaciones que Elena del Rivero nos muestra en los jardines del Teatre Grec, y que tienen su continuaci\u00f3n en las ventanas del Centre d\u2019Art La Capella, exploran la transformaci\u00f3n po\u00e9tica de los objetos en desuso. El uso de materiales simples y humildes nos pone en di\u00e1logo con el arte povera. De esta manera, la artista eleva estos utensilios cotidianos mediante un lenguaje visual que apela a la espiritualidad y genera una cr\u00edtica sobre la producci\u00f3n material, usando esl\u00f3ganes recurrentes en su pr\u00e1ctica art\u00edstica, como \u00abThe End of the World\u00bb. Las perlas, s\u00edmbolo de la obra de Elena del Rivero, est\u00e1n presentes en ambas intervenciones y evocan las palabras de Mar\u00eda Zambrano: \u00abYa no hay m\u00e1s que pensar cuando la perla por s\u00ed misma se da&#8230;\u00bb.<\/span><\/p>\n<p>&nbsp;<\/p>\n<p><i><span style=\"font-weight: 400\">Tendal de trapos de cocina\u00a0<\/span><\/i><span style=\"font-weight: 400\">acompa\u00f1ar\u00e1 a las instalaciones en los jardines del Teatre Grec. El trapo,\u00a0s\u00edmbolo recurrente en su obra, apela al espacio dom\u00e9stico, al cuidado y al rastro que el trapo deja en los objetos. En contraposici\u00f3n, en el Centre d\u2019Art La Capella la instalaci\u00f3n adquiere una atm\u00f3sfera m\u00e1s conventual, donde la combinaci\u00f3n del hierro forjado, perlas y objetos dorados sugiere recogimiento, soledad y b\u00fasqueda interior. Elena del Rivero se apropia de las palabras de Clarice Lispector: \u00abQuiero lo no concluido\u00bb, reafirmando as\u00ed su apuesta por lo inacabado y lo ef\u00edmero.<\/span><\/p>\n<p>&nbsp;<\/p>\n<p>&nbsp;<\/p>\n<p>&nbsp;<\/p>\n<p><a href=\"https:\/\/museutapies.org\/es\/programa-public\/extramuros\/\"><i><span style=\"font-weight: 400\">Extramuros <\/span><\/i><\/a><span style=\"font-weight: 400\">es un proyecto liderado por el Museu T\u00e0pies en coordinaci\u00f3n e intercambio con diferentes creadores, estructuras e instituciones, que piensa la ciudad de Barcelona como espacio de reflexi\u00f3n y di\u00e1logo, as\u00ed como de enunciaci\u00f3n e intervenci\u00f3n en torno al espacio p\u00fablico y el medio ambiente.<\/span><\/p>\n<p>&nbsp;<\/p>\n<p><span style=\"font-weight: 400\">La artista Elena del Rivero y el comisario Mateo Feij\u00f3o son los invitados de esta edici\u00f3n del proyecto<\/span><i><span style=\"font-weight: 400\"> Extramuros<\/span><\/i><span style=\"font-weight: 400\">, impulsado por el Museu T\u00e0pies en colaboraci\u00f3n con Festival Grec Barcelona, Eina Centre Universitari de Disseny i Art, Bas\u00edlica de Santa Maria del Pi, Centre d&#8217;Art La Capella, Galeria Senda, Loop Festival, Mesclad\u00eds y Tant\u00e0gora.<\/span><\/p>\n<p>&nbsp;<\/p>\n<p>&nbsp;<\/p>\n<p>&nbsp;<\/p>\n<p><span style=\"font-weight: 400\">Jardines del Teatre Grec<\/span><\/p>\n<p><span style=\"font-weight: 400\">Pg. Santa Madrona, 38, Barcelona<\/span><\/p>\n<p><span style=\"font-weight: 400\">26.06 &#8211; 01.08.2025<\/span><\/p>\n<p><span style=\"font-weight: 400\">Horario de apertura seg\u00fan funciones del <\/span><a href=\"https:\/\/www.barcelona.cat\/grec\/es?utm_source=SEM&amp;utm_medium=paid-Cercadors&amp;utm_content=SEM&amp;utm_term=Fase3_Text_CAT&amp;utm_campaign=Grec25\"><span style=\"font-weight: 400\">Festival Grec<\/span><\/a><\/p>\n<p>&nbsp;<\/p>\n","protected":false},"excerpt":{"rendered":"<p>&nbsp; Las instalaciones que Elena del Rivero nos muestra en los jardines del Teatre Grec, y que tienen su continuaci\u00f3n [&hellip;]<\/p>\n","protected":false},"author":3,"featured_media":0,"parent":0,"menu_order":0,"comment_status":"closed","ping_status":"closed","template":"","meta":{"footnotes":""},"acf":[],"yoast_head":"<!-- This site is optimized with the Yoast SEO plugin v20.11 - https:\/\/yoast.com\/wordpress\/plugins\/seo\/ -->\n<title>Instalaciones: Teatre Grec y La Capella - Museu T\u00e0pies<\/title>\n<meta name=\"description\" content=\"Con esta instalaci\u00f3n, el artista Elena del Rivero realiza una exploraci\u00f3n la transformaci\u00f3n po\u00e9tica de los objetos en desuso.\" \/>\n<meta name=\"robots\" content=\"index, follow, max-snippet:-1, max-image-preview:large, max-video-preview:-1\" \/>\n<meta property=\"og:locale\" content=\"es_ES\" \/>\n<meta property=\"og:type\" content=\"article\" \/>\n<meta property=\"og:title\" content=\"Instalaciones: Teatre Grec y La Capella - Museu T\u00e0pies\" \/>\n<meta property=\"og:description\" content=\"Con esta instalaci\u00f3n, el artista Elena del Rivero realiza una exploraci\u00f3n la transformaci\u00f3n po\u00e9tica de los objetos en desuso.\" \/>\n<meta property=\"og:url\" content=\"https:\/\/museutapies.org\/es\/instalaciones-teatre-grec-y-la-capella\/\" \/>\n<meta property=\"og:site_name\" content=\"Museu T\u00e0pies\" \/>\n<meta property=\"article:publisher\" content=\"https:\/\/www.facebook.com\/museutapies\" \/>\n<meta name=\"twitter:card\" content=\"summary_large_image\" \/>\n<meta name=\"twitter:label1\" content=\"Tiempo de lectura\" \/>\n\t<meta name=\"twitter:data1\" content=\"2 minutos\" \/>\n<script type=\"application\/ld+json\" class=\"yoast-schema-graph\">{\"@context\":\"https:\/\/schema.org\",\"@graph\":[{\"@type\":\"WebPage\",\"@id\":\"https:\/\/museutapies.org\/es\/instalaciones-teatre-grec-y-la-capella\/\",\"url\":\"https:\/\/museutapies.org\/es\/instalaciones-teatre-grec-y-la-capella\/\",\"name\":\"Instalaciones: Teatre Grec y La Capella - Museu T\u00e0pies\",\"isPartOf\":{\"@id\":\"https:\/\/museutapies.org\/en\/#website\"},\"datePublished\":\"2025-07-04T16:59:16+00:00\",\"dateModified\":\"2025-07-04T16:59:16+00:00\",\"description\":\"Con esta instalaci\u00f3n, el artista Elena del Rivero realiza una exploraci\u00f3n la transformaci\u00f3n po\u00e9tica de los objetos en desuso.\",\"inLanguage\":\"es\",\"potentialAction\":[{\"@type\":\"ReadAction\",\"target\":[\"https:\/\/museutapies.org\/es\/instalaciones-teatre-grec-y-la-capella\/\"]}]},{\"@type\":\"WebSite\",\"@id\":\"https:\/\/museutapies.org\/en\/#website\",\"url\":\"https:\/\/museutapies.org\/en\/\",\"name\":\"Museu T\u00e0pies\",\"description\":\"\",\"publisher\":{\"@id\":\"https:\/\/museutapies.org\/en\/#organization\"},\"potentialAction\":[{\"@type\":\"SearchAction\",\"target\":{\"@type\":\"EntryPoint\",\"urlTemplate\":\"https:\/\/museutapies.org\/en\/?s={search_term_string}\"},\"query-input\":\"required name=search_term_string\"}],\"inLanguage\":\"es\"},{\"@type\":\"Organization\",\"@id\":\"https:\/\/museutapies.org\/en\/#organization\",\"name\":\"Museu T\u00e0pies\",\"url\":\"https:\/\/museutapies.org\/en\/\",\"logo\":{\"@type\":\"ImageObject\",\"inLanguage\":\"es\",\"@id\":\"https:\/\/museutapies.org\/en\/#\/schema\/logo\/image\/\",\"url\":\"https:\/\/museutapies.org\/wp-content\/uploads\/2024\/07\/mta.png\",\"contentUrl\":\"https:\/\/museutapies.org\/wp-content\/uploads\/2024\/07\/mta.png\",\"width\":244,\"height\":110,\"caption\":\"Museu T\u00e0pies\"},\"image\":{\"@id\":\"https:\/\/museutapies.org\/en\/#\/schema\/logo\/image\/\"},\"sameAs\":[\"https:\/\/www.facebook.com\/museutapies\",\"https:\/\/www.instagram.com\/museutapies\/\",\"https:\/\/www.youtube.com\/channel\/UCPi65HBb48RMeoa12lR51cQ\",\"https:\/\/x.com\/MuseuTapies\"]}]}<\/script>\n<!-- \/ Yoast SEO plugin. -->","yoast_head_json":{"title":"Instalaciones: Teatre Grec y La Capella - Museu T\u00e0pies","description":"Con esta instalaci\u00f3n, el artista Elena del Rivero realiza una exploraci\u00f3n la transformaci\u00f3n po\u00e9tica de los objetos en desuso.","robots":{"index":"index","follow":"follow","max-snippet":"max-snippet:-1","max-image-preview":"max-image-preview:large","max-video-preview":"max-video-preview:-1"},"og_locale":"es_ES","og_type":"article","og_title":"Instalaciones: Teatre Grec y La Capella - Museu T\u00e0pies","og_description":"Con esta instalaci\u00f3n, el artista Elena del Rivero realiza una exploraci\u00f3n la transformaci\u00f3n po\u00e9tica de los objetos en desuso.","og_url":"https:\/\/museutapies.org\/es\/instalaciones-teatre-grec-y-la-capella\/","og_site_name":"Museu T\u00e0pies","article_publisher":"https:\/\/www.facebook.com\/museutapies","twitter_card":"summary_large_image","twitter_misc":{"Tiempo de lectura":"2 minutos"},"schema":{"@context":"https:\/\/schema.org","@graph":[{"@type":"WebPage","@id":"https:\/\/museutapies.org\/es\/instalaciones-teatre-grec-y-la-capella\/","url":"https:\/\/museutapies.org\/es\/instalaciones-teatre-grec-y-la-capella\/","name":"Instalaciones: Teatre Grec y La Capella - Museu T\u00e0pies","isPartOf":{"@id":"https:\/\/museutapies.org\/en\/#website"},"datePublished":"2025-07-04T16:59:16+00:00","dateModified":"2025-07-04T16:59:16+00:00","description":"Con esta instalaci\u00f3n, el artista Elena del Rivero realiza una exploraci\u00f3n la transformaci\u00f3n po\u00e9tica de los objetos en desuso.","inLanguage":"es","potentialAction":[{"@type":"ReadAction","target":["https:\/\/museutapies.org\/es\/instalaciones-teatre-grec-y-la-capella\/"]}]},{"@type":"WebSite","@id":"https:\/\/museutapies.org\/en\/#website","url":"https:\/\/museutapies.org\/en\/","name":"Museu T\u00e0pies","description":"","publisher":{"@id":"https:\/\/museutapies.org\/en\/#organization"},"potentialAction":[{"@type":"SearchAction","target":{"@type":"EntryPoint","urlTemplate":"https:\/\/museutapies.org\/en\/?s={search_term_string}"},"query-input":"required name=search_term_string"}],"inLanguage":"es"},{"@type":"Organization","@id":"https:\/\/museutapies.org\/en\/#organization","name":"Museu T\u00e0pies","url":"https:\/\/museutapies.org\/en\/","logo":{"@type":"ImageObject","inLanguage":"es","@id":"https:\/\/museutapies.org\/en\/#\/schema\/logo\/image\/","url":"https:\/\/museutapies.org\/wp-content\/uploads\/2024\/07\/mta.png","contentUrl":"https:\/\/museutapies.org\/wp-content\/uploads\/2024\/07\/mta.png","width":244,"height":110,"caption":"Museu T\u00e0pies"},"image":{"@id":"https:\/\/museutapies.org\/en\/#\/schema\/logo\/image\/"},"sameAs":["https:\/\/www.facebook.com\/museutapies","https:\/\/www.instagram.com\/museutapies\/","https:\/\/www.youtube.com\/channel\/UCPi65HBb48RMeoa12lR51cQ","https:\/\/x.com\/MuseuTapies"]}]}},"_links":{"self":[{"href":"https:\/\/museutapies.org\/es\/wp-json\/wp\/v2\/pages\/40292"}],"collection":[{"href":"https:\/\/museutapies.org\/es\/wp-json\/wp\/v2\/pages"}],"about":[{"href":"https:\/\/museutapies.org\/es\/wp-json\/wp\/v2\/types\/page"}],"author":[{"embeddable":true,"href":"https:\/\/museutapies.org\/es\/wp-json\/wp\/v2\/users\/3"}],"replies":[{"embeddable":true,"href":"https:\/\/museutapies.org\/es\/wp-json\/wp\/v2\/comments?post=40292"}],"version-history":[{"count":1,"href":"https:\/\/museutapies.org\/es\/wp-json\/wp\/v2\/pages\/40292\/revisions"}],"predecessor-version":[{"id":40293,"href":"https:\/\/museutapies.org\/es\/wp-json\/wp\/v2\/pages\/40292\/revisions\/40293"}],"wp:attachment":[{"href":"https:\/\/museutapies.org\/es\/wp-json\/wp\/v2\/media?parent=40292"}],"curies":[{"name":"wp","href":"https:\/\/api.w.org\/{rel}","templated":true}]}}