{"id":42564,"date":"2025-11-25T18:43:59","date_gmt":"2025-11-25T17:43:59","guid":{"rendered":"https:\/\/museutapies.org\/?page_id=42564"},"modified":"2025-12-16T11:56:29","modified_gmt":"2025-12-16T10:56:29","slug":"materialmente-actividad-formativa-del-minor-en-creacion-y-practica-cultural-de-la-upf","status":"publish","type":"page","link":"https:\/\/museutapies.org\/es\/materialmente-actividad-formativa-del-minor-en-creacion-y-practica-cultural-de-la-upf\/","title":{"rendered":"MATERIA(L)MENTE. Laboratorio de pensamiento, cr\u00edtica y gesti\u00f3n cultural"},"content":{"rendered":"<p><img loading=\"lazy\" decoding=\"async\" class=\"alignnone size-medium wp-image-42643\" src=\"https:\/\/museutapies.org\/wp-content\/uploads\/2025\/11\/Dues-piles-de-terra-antoni-tapies-5-800x533.jpg\" alt=\"\" width=\"800\" height=\"533\" srcset=\"https:\/\/museutapies.org\/wp-content\/uploads\/2025\/11\/Dues-piles-de-terra-antoni-tapies-5-800x533.jpg 800w, https:\/\/museutapies.org\/wp-content\/uploads\/2025\/11\/Dues-piles-de-terra-antoni-tapies-5-900x600.jpg 900w, https:\/\/museutapies.org\/wp-content\/uploads\/2025\/11\/Dues-piles-de-terra-antoni-tapies-5-768x512.jpg 768w, https:\/\/museutapies.org\/wp-content\/uploads\/2025\/11\/Dues-piles-de-terra-antoni-tapies-5-1536x1024.jpg 1536w, https:\/\/museutapies.org\/wp-content\/uploads\/2025\/11\/Dues-piles-de-terra-antoni-tapies-5-500x333.jpg 500w, https:\/\/museutapies.org\/wp-content\/uploads\/2025\/11\/Dues-piles-de-terra-antoni-tapies-5-380x253.jpg 380w, https:\/\/museutapies.org\/wp-content\/uploads\/2025\/11\/Dues-piles-de-terra-antoni-tapies-5-600x400.jpg 600w, https:\/\/museutapies.org\/wp-content\/uploads\/2025\/11\/Dues-piles-de-terra-antoni-tapies-5.jpg 1701w\" sizes=\"(max-width: 800px) 100vw, 800px\" \/><\/p>\n<p>MATERIA(L)MENTE es una actividad formativa dentro del <a href=\"https:\/\/www.upf.edu\/web\/minors\/minor-en-creacio-i-practica-cultural\">Minor en Creaci\u00f3n y Pr\u00e1ctica Cultural<\/a> de la Universitat Pompeu Fabra (UPF) que propone una formaci\u00f3n innovadora en el \u00e1mbito de las artes, la cultura y el pensamiento cr\u00edtico. Dirigido a estudiantes de cualquier \u00e1rea de conocimiento, el programa integra pr\u00e1ctica art\u00edstica, experimentaci\u00f3n colectiva y gesti\u00f3n cultural en un entorno profesional como el Museu T\u00e0pies.<\/p>\n<p>&nbsp;<\/p>\n<p>En este contexto, la figura de Antoni T\u00e0pies constituye un punto de partida esencial: su trabajo art\u00edstico y textual ofrece una materia prima desde donde explorar y repensar la pr\u00e1ctica art\u00edstica, las instituciones culturales y el papel de la exposici\u00f3n como espacio de revuelta y pensamiento. T\u00e0pies, con su combinaci\u00f3n de materia, espiritualidad y reflexi\u00f3n cr\u00edtica, nos invita a entender el arte no solo como producci\u00f3n de objetos, sino como proceso de investigaci\u00f3n capaz de interpelar al mundo y transformarlo.<\/p>\n<p>&nbsp;<\/p>\n<p>Coordinada por la profesora J\u00falia Lull (UPF) y Pablo Allepuz (Jefe de Colecci\u00f3n del Museu T\u00e0pies), la actividad articula tres ejes de trabajo que conectan la universidad y el museo:<\/p>\n<p>&nbsp;<\/p>\n<div id=\":1ie\" class=\"Am aiL Al editable LW-avf tS-tW tS-tY\" role=\"textbox\" aria-label=\"Cos del missatge\" aria-controls=\":1kv\" aria-expanded=\"false\">\n<p>\u00b7 Interdisciplinariedad activa: encuentro de saberes y metodolog\u00edas diversas.<\/p>\n<p>\u00b7 Innovaci\u00f3n pedag\u00f3gica: aprendizaje basado en la pr\u00e1ctica, la incertidumbre y la especulaci\u00f3n.<\/p>\n<p>\u00b7 Pensamiento contempor\u00e1neo: influencias del neomaterialismo, la ecolog\u00eda, los feminismos y las pr\u00e1cticas cr\u00edticas.<\/p>\n<p>&nbsp;<\/p>\n<\/div>\n<p>M\u00e1s informaci\u00f3n sobre la actividad en el <a href=\"https:\/\/drive.google.com\/file\/d\/1du2rbfRmiUdd1RBV2lXz4lnqogFGp2iw\/view?usp=sharing\">documento adjunto<\/a>.<\/p>\n<p>&nbsp;<\/p>\n<p>&nbsp;<\/p>\n<p><strong>Informaci\u00f3n pr\u00e1ctica:<\/strong><\/p>\n<p>&nbsp;<\/p>\n<p>\u00b7 La matr\u00edcula de la actividad se realizar\u00e1 a trav\u00e9s de la web de la Universitat Pompeu Fabra (UPF).<\/p>\n<p>\u00b7 Fechas: 12, 19 y 26 de febrero; 5, 12, 19 y 26 de marzo; 9, 16 y 30 de abril; 7, 14 y 21 de mayo de 2026.<\/p>\n<p>\u00b7 Hora: de 17.30 a 20.30 h.<\/p>\n<p>\u00b7 Lugar: Aula pendiente de confirmaci\u00f3n. Campus de la Ciutadella y Museu T\u00e0pies.<\/p>\n<p>&nbsp;<\/p>\n<p>&nbsp;<\/p>\n<p><span style=\"font-size: 10pt\">[Imagen: Antoni T\u00e0pies. <em>Dues piles de terra<\/em> (2001). Colecci\u00f3n Museu T\u00e0pies, Barcelona \u00a9 Museu T\u00e0pies \/ VEGAP, 2025.]<\/span><\/p>\n<p>&nbsp;<\/p>\n<p>&nbsp;<\/p>\n<p>&nbsp;<\/p>\n","protected":false},"excerpt":{"rendered":"<p>MATERIA(L)MENTE es una actividad formativa dentro del Minor en Creaci\u00f3n y Pr\u00e1ctica Cultural de la Universitat Pompeu Fabra (UPF) que [&hellip;]<\/p>\n","protected":false},"author":207,"featured_media":42568,"parent":0,"menu_order":0,"comment_status":"closed","ping_status":"closed","template":"","meta":{"footnotes":""},"acf":[],"yoast_head":"<!-- This site is optimized with the Yoast SEO plugin v20.11 - https:\/\/yoast.com\/wordpress\/plugins\/seo\/ -->\n<title>MATERIA(L)MENTE. Laboratorio de pensamiento, cr\u00edtica y gesti\u00f3n cultural - Museu T\u00e0pies<\/title>\n<meta name=\"robots\" content=\"index, follow, max-snippet:-1, max-image-preview:large, max-video-preview:-1\" \/>\n<meta property=\"og:locale\" content=\"es_ES\" \/>\n<meta property=\"og:type\" content=\"article\" \/>\n<meta property=\"og:title\" content=\"MATERIA(L)MENTE. Laboratorio de pensamiento, cr\u00edtica y gesti\u00f3n cultural - Museu T\u00e0pies\" \/>\n<meta property=\"og:description\" content=\"MATERIA(L)MENTE es una actividad formativa dentro del Minor en Creaci\u00f3n y Pr\u00e1ctica Cultural de la Universitat Pompeu Fabra (UPF) que [&hellip;]\" \/>\n<meta property=\"og:url\" content=\"https:\/\/museutapies.org\/es\/materialmente-actividad-formativa-del-minor-en-creacion-y-practica-cultural-de-la-upf\/\" \/>\n<meta property=\"og:site_name\" content=\"Museu T\u00e0pies\" \/>\n<meta property=\"article:publisher\" content=\"https:\/\/www.facebook.com\/museutapies\" \/>\n<meta property=\"article:modified_time\" content=\"2025-12-16T10:56:29+00:00\" \/>\n<meta property=\"og:image\" content=\"https:\/\/museutapies.org\/wp-content\/uploads\/2025\/11\/Dues-piles-de-terra-antoni-tapies-2.jpg\" \/>\n\t<meta property=\"og:image:width\" content=\"1000\" \/>\n\t<meta property=\"og:image:height\" content=\"1003\" \/>\n\t<meta property=\"og:image:type\" content=\"image\/jpeg\" \/>\n<meta name=\"twitter:card\" content=\"summary_large_image\" \/>\n<meta name=\"twitter:label1\" content=\"Tiempo de lectura\" \/>\n\t<meta name=\"twitter:data1\" content=\"2 minutos\" \/>\n<script type=\"application\/ld+json\" class=\"yoast-schema-graph\">{\"@context\":\"https:\/\/schema.org\",\"@graph\":[{\"@type\":\"WebPage\",\"@id\":\"https:\/\/museutapies.org\/es\/materialmente-actividad-formativa-del-minor-en-creacion-y-practica-cultural-de-la-upf\/\",\"url\":\"https:\/\/museutapies.org\/es\/materialmente-actividad-formativa-del-minor-en-creacion-y-practica-cultural-de-la-upf\/\",\"name\":\"MATERIA(L)MENTE. Laboratorio de pensamiento, cr\u00edtica y gesti\u00f3n cultural - Museu T\u00e0pies\",\"isPartOf\":{\"@id\":\"https:\/\/museutapies.org\/en\/#website\"},\"datePublished\":\"2025-11-25T17:43:59+00:00\",\"dateModified\":\"2025-12-16T10:56:29+00:00\",\"inLanguage\":\"es\",\"potentialAction\":[{\"@type\":\"ReadAction\",\"target\":[\"https:\/\/museutapies.org\/es\/materialmente-actividad-formativa-del-minor-en-creacion-y-practica-cultural-de-la-upf\/\"]}]},{\"@type\":\"WebSite\",\"@id\":\"https:\/\/museutapies.org\/en\/#website\",\"url\":\"https:\/\/museutapies.org\/en\/\",\"name\":\"Museu T\u00e0pies\",\"description\":\"\",\"publisher\":{\"@id\":\"https:\/\/museutapies.org\/en\/#organization\"},\"potentialAction\":[{\"@type\":\"SearchAction\",\"target\":{\"@type\":\"EntryPoint\",\"urlTemplate\":\"https:\/\/museutapies.org\/en\/?s={search_term_string}\"},\"query-input\":\"required name=search_term_string\"}],\"inLanguage\":\"es\"},{\"@type\":\"Organization\",\"@id\":\"https:\/\/museutapies.org\/en\/#organization\",\"name\":\"Museu T\u00e0pies\",\"url\":\"https:\/\/museutapies.org\/en\/\",\"logo\":{\"@type\":\"ImageObject\",\"inLanguage\":\"es\",\"@id\":\"https:\/\/museutapies.org\/en\/#\/schema\/logo\/image\/\",\"url\":\"https:\/\/museutapies.org\/wp-content\/uploads\/2024\/07\/mta.png\",\"contentUrl\":\"https:\/\/museutapies.org\/wp-content\/uploads\/2024\/07\/mta.png\",\"width\":244,\"height\":110,\"caption\":\"Museu T\u00e0pies\"},\"image\":{\"@id\":\"https:\/\/museutapies.org\/en\/#\/schema\/logo\/image\/\"},\"sameAs\":[\"https:\/\/www.facebook.com\/museutapies\",\"https:\/\/www.instagram.com\/museutapies\/\",\"https:\/\/www.youtube.com\/channel\/UCPi65HBb48RMeoa12lR51cQ\",\"https:\/\/x.com\/MuseuTapies\"]}]}<\/script>\n<!-- \/ Yoast SEO plugin. -->","yoast_head_json":{"title":"MATERIA(L)MENTE. Laboratorio de pensamiento, cr\u00edtica y gesti\u00f3n cultural - Museu T\u00e0pies","robots":{"index":"index","follow":"follow","max-snippet":"max-snippet:-1","max-image-preview":"max-image-preview:large","max-video-preview":"max-video-preview:-1"},"og_locale":"es_ES","og_type":"article","og_title":"MATERIA(L)MENTE. Laboratorio de pensamiento, cr\u00edtica y gesti\u00f3n cultural - Museu T\u00e0pies","og_description":"MATERIA(L)MENTE es una actividad formativa dentro del Minor en Creaci\u00f3n y Pr\u00e1ctica Cultural de la Universitat Pompeu Fabra (UPF) que [&hellip;]","og_url":"https:\/\/museutapies.org\/es\/materialmente-actividad-formativa-del-minor-en-creacion-y-practica-cultural-de-la-upf\/","og_site_name":"Museu T\u00e0pies","article_publisher":"https:\/\/www.facebook.com\/museutapies","article_modified_time":"2025-12-16T10:56:29+00:00","og_image":[{"width":1000,"height":1003,"url":"https:\/\/museutapies.org\/wp-content\/uploads\/2025\/11\/Dues-piles-de-terra-antoni-tapies-2.jpg","type":"image\/jpeg"}],"twitter_card":"summary_large_image","twitter_misc":{"Tiempo de lectura":"2 minutos"},"schema":{"@context":"https:\/\/schema.org","@graph":[{"@type":"WebPage","@id":"https:\/\/museutapies.org\/es\/materialmente-actividad-formativa-del-minor-en-creacion-y-practica-cultural-de-la-upf\/","url":"https:\/\/museutapies.org\/es\/materialmente-actividad-formativa-del-minor-en-creacion-y-practica-cultural-de-la-upf\/","name":"MATERIA(L)MENTE. Laboratorio de pensamiento, cr\u00edtica y gesti\u00f3n cultural - Museu T\u00e0pies","isPartOf":{"@id":"https:\/\/museutapies.org\/en\/#website"},"datePublished":"2025-11-25T17:43:59+00:00","dateModified":"2025-12-16T10:56:29+00:00","inLanguage":"es","potentialAction":[{"@type":"ReadAction","target":["https:\/\/museutapies.org\/es\/materialmente-actividad-formativa-del-minor-en-creacion-y-practica-cultural-de-la-upf\/"]}]},{"@type":"WebSite","@id":"https:\/\/museutapies.org\/en\/#website","url":"https:\/\/museutapies.org\/en\/","name":"Museu T\u00e0pies","description":"","publisher":{"@id":"https:\/\/museutapies.org\/en\/#organization"},"potentialAction":[{"@type":"SearchAction","target":{"@type":"EntryPoint","urlTemplate":"https:\/\/museutapies.org\/en\/?s={search_term_string}"},"query-input":"required name=search_term_string"}],"inLanguage":"es"},{"@type":"Organization","@id":"https:\/\/museutapies.org\/en\/#organization","name":"Museu T\u00e0pies","url":"https:\/\/museutapies.org\/en\/","logo":{"@type":"ImageObject","inLanguage":"es","@id":"https:\/\/museutapies.org\/en\/#\/schema\/logo\/image\/","url":"https:\/\/museutapies.org\/wp-content\/uploads\/2024\/07\/mta.png","contentUrl":"https:\/\/museutapies.org\/wp-content\/uploads\/2024\/07\/mta.png","width":244,"height":110,"caption":"Museu T\u00e0pies"},"image":{"@id":"https:\/\/museutapies.org\/en\/#\/schema\/logo\/image\/"},"sameAs":["https:\/\/www.facebook.com\/museutapies","https:\/\/www.instagram.com\/museutapies\/","https:\/\/www.youtube.com\/channel\/UCPi65HBb48RMeoa12lR51cQ","https:\/\/x.com\/MuseuTapies"]}]}},"_links":{"self":[{"href":"https:\/\/museutapies.org\/es\/wp-json\/wp\/v2\/pages\/42564"}],"collection":[{"href":"https:\/\/museutapies.org\/es\/wp-json\/wp\/v2\/pages"}],"about":[{"href":"https:\/\/museutapies.org\/es\/wp-json\/wp\/v2\/types\/page"}],"author":[{"embeddable":true,"href":"https:\/\/museutapies.org\/es\/wp-json\/wp\/v2\/users\/207"}],"replies":[{"embeddable":true,"href":"https:\/\/museutapies.org\/es\/wp-json\/wp\/v2\/comments?post=42564"}],"version-history":[{"count":31,"href":"https:\/\/museutapies.org\/es\/wp-json\/wp\/v2\/pages\/42564\/revisions"}],"predecessor-version":[{"id":42996,"href":"https:\/\/museutapies.org\/es\/wp-json\/wp\/v2\/pages\/42564\/revisions\/42996"}],"wp:featuredmedia":[{"embeddable":true,"href":"https:\/\/museutapies.org\/es\/wp-json\/wp\/v2\/media\/42568"}],"wp:attachment":[{"href":"https:\/\/museutapies.org\/es\/wp-json\/wp\/v2\/media?parent=42564"}],"curies":[{"name":"wp","href":"https:\/\/api.w.org\/{rel}","templated":true}]}}