{"id":5409,"date":"2018-01-17T09:15:46","date_gmt":"2018-01-17T09:15:46","guid":{"rendered":"https:\/\/museutapies.org\/biblioteca-fundacio-antoni-tapies\/preguntes-mes-frequents\/"},"modified":"2025-06-06T11:07:59","modified_gmt":"2025-06-06T09:07:59","slug":"preguntas-mas-frecuentes","status":"publish","type":"page","link":"https:\/\/museutapies.org\/es\/biblioteca-museu-tapies\/preguntas-mas-frecuentes\/","title":{"rendered":"Preguntas m\u00e1s frecuentes"},"content":{"rendered":"<p><strong>\u00b7 \u00bfC\u00f3mo se puede acceder a la biblioteca?<\/strong><\/p>\n<p>&nbsp;<\/p>\n<p><span style=\"font-weight: 400\">Para utilizar la Biblioteca se debe concertar una cita al menos con 48 horas de antelaci\u00f3n y haber pedido previamente las publicaciones que se consultar\u00e1n. Se pueden seleccionar los materiales buscando en el\u00a0<\/span><span style=\"text-decoration: underline\"><a href=\"https:\/\/biblioteca.museutapies.org\/\"><span style=\"font-weight: 400\">cat\u00e1logo en l\u00ednea.<\/span><\/a><\/span> <span style=\"font-weight: 400\">Todos los materiales de la Biblioteca deben solicitarse con un m\u00ednimo de 48 horas de antelaci\u00f3n.<\/span><\/p>\n<p>&nbsp;<\/p>\n<p><span style=\"font-weight: 400\">Las citas se pueden concertar en este\u00a0<\/span><span style=\"text-decoration: underline\"><a href=\"https:\/\/museutapies.org\/es\/biblioteca-fundacio-antoni-tapies\/concertar-cita\/\"><span style=\"font-weight: 400\">formulario<\/span><\/a><\/span><span style=\"font-weight: 400\">\u00a0o por tel\u00e9fono 934 870 315 y deben haber sido confirmadas. Si no puede venir, comun\u00edquelo a nuestro equipo lo antes posible para volver a programar su cita.<\/span><\/p>\n<p><span style=\"font-weight: 400\">\u00a0<\/span><\/p>\n<p>Horario:<span class=\"m_6509610785961947549apple-converted-space\"> de <\/span>martes a viernes, de 10.00 a 19.00 h.<\/p>\n<p>&nbsp;<\/p>\n<p><strong>\u00b7 \u00bfC\u00f3mo llegar?<\/strong><\/p>\n<p>&nbsp;<\/p>\n<p><span style=\"font-weight: 400\">La Biblioteca se encuentra en la sede del Museu T\u00e0pies, en la calle Arag\u00f3 255 de Barcelona, Catalu\u00f1a. Para obtener informaci\u00f3n sobre c\u00f3mo llegar en metro, autob\u00fas o transporte particular<span style=\"text-decoration: underline\">\u00a0<\/span><\/span><span style=\"text-decoration: underline\"><a href=\"https:\/\/museutapies.org\/es\/visitanos\/\"><span style=\"font-weight: 400\">clicar aqu\u00ed<\/span><\/a><\/span><span style=\"font-weight: 400\">.<\/span><\/p>\n<p>&nbsp;<\/p>\n<p><strong>\u00b7 \u00bfQue materiales se pueden entrar en la biblioteca?<\/strong><\/p>\n<p>&nbsp;<\/p>\n<p><span style=\"font-weight: 400\">Puede llevar un ordenador port\u00e1til, cuadernos, notas, papel, l\u00e1pices, medios digitales y tel\u00e9fonos m\u00f3viles. Por favor, silencie su tel\u00e9fono m\u00f3vil y no lo utilice en las salas de exposici\u00f3n.<\/span><\/p>\n<p>&nbsp;<\/p>\n<p><span style=\"font-weight: 400\">Las bolsas, bolsos de mano, mochilas, carteras, fundas de ordenador, paquetes, etc., deben dejarse en la consigna de recepci\u00f3n. No se permite el acceso a la Biblioteca con libros propios, revistas, carpetas, etc.<\/span> <span style=\"font-weight: 400\">Tampoco se pueden usar tijeras, cutters, pegamento, tinta o cualquier material que pueda estropear los libros. Todos los materiales de la Biblioteca se deben tratar con cuidado. Subrayar o marcar los libros est\u00e1 estrictamente prohibido.<\/span> <span style=\"font-weight: 400\">No se pueden utilizar notas adhesivas debido a que causan da\u00f1os al papel a largo plazo. Utilice marcadores de papel normal.<\/span><\/p>\n<p>&nbsp;<\/p>\n<p><span style=\"font-weight: 400\">No se permite entrar comida o bebidas (incluidas botellas de agua).<\/span><\/p>\n<p>&nbsp;<\/p>\n<p><strong>\u00b7 \u00bfPuedo llevar mi ordenador personal?<\/strong><\/p>\n<p>&nbsp;<\/p>\n<p><span style=\"font-weight: 400\">S\u00ed, se pueden usar ordenadores port\u00e1tiles.<\/span><\/p>\n<p>&nbsp;<\/p>\n<p><strong>\u00b7 \u00bfPuedo conectarme a Internet con mi ordenador port\u00e1til?<\/strong><\/p>\n<p>&nbsp;<\/p>\n<p><span style=\"font-weight: 400\">S\u00ed, la Biblioteca dispone de conexi\u00f3n wifi para sus usuarios. Para conectarse solicite la contrase\u00f1a al personal de la Biblioteca<\/span><\/p>\n<p>&nbsp;<\/p>\n<p><strong>\u00b7 \u00bfPuedo sacar libros en pr\u00e9stamo?<\/strong><\/p>\n<p>&nbsp;<\/p>\n<p><span style=\"font-weight: 400\">No, la Biblioteca no hace pr\u00e9stamo. <\/span><\/p>\n<p>&nbsp;<\/p>\n<p><strong>\u00b7 \u00bfSe pueden hacer fotograf\u00edas de los libros? <\/strong><\/p>\n<p>&nbsp;<\/p>\n<p><span style=\"font-weight: 400\">S\u00ed, pero siempre que los materiales est\u00e9n en buen estado y el proceso de copia no afecte a su conservaci\u00f3n. Las copias, ya sean fotograf\u00edas, fotocopias u otras reproducciones, est\u00e1n sujetas a las leyes de copyright. Las im\u00e1genes s\u00f3lo pueden utilizarse para la investigaci\u00f3n o con finalidades acad\u00e9micas, seg\u00fan lo establecido en la legislaci\u00f3n vigente sobre la propiedad intelectual. Cualquier otro uso, incluida la reproducci\u00f3n o publicaci\u00f3n, requiere el permiso del titular de los derechos de autor. Es necesario pedir permiso al personal de la Biblioteca para fotografiar los documentos de reserva. No est\u00e1 permitido fotografiar los documentos de Archivo.<\/span><\/p>\n<p>&nbsp;<\/p>\n<p><strong>\u00b7 \u00bfC\u00f3mo puedo encontrar un libro?<\/strong><\/p>\n<p>&nbsp;<\/p>\n<p><span style=\"font-weight: 400\">Puede consultar el cat\u00e1logo de la Biblioteca <\/span><span style=\"text-decoration: underline\"><a href=\"https:\/\/biblioteca.museutapies.org\/\"><span style=\"font-weight: 400\">aqu\u00ed<\/span><\/a><\/span><span style=\"font-weight: 400\"> para solicitar con antelaci\u00f3n los materiales que desear\u00e1 utilizar. El personal de la Biblioteca puede ayudarle con la b\u00fasqueda y preparar\u00e1 los libros.<\/span><\/p>\n<p><span style=\"font-weight: 400\">No se puede acceder a los materiales de las estanter\u00edas abiertas.\u00a0<\/span><\/p>\n<p><span style=\"font-weight: 400\">Una vez terminada la consulta, deben dejarse los libros encima de la mesa; los materiales de reserva deben ser devueltos al personal de la Biblioteca.<\/span><\/p>\n<p>&nbsp;<\/p>\n<p><strong>\u00b7 \u00bfSe pueden consultar materiales audiovisuales?<\/strong><\/p>\n<p>&nbsp;<\/p>\n<p><span style=\"font-weight: 400\">La Biblioteca dispone de reproductores de v\u00eddeo, de DVD y de CD audio.<\/span><\/p>\n<p>&nbsp;<\/p>\n<p><strong>\u00b7 \u00bfSe pueden hacer trabajos en grupo?<\/strong><\/p>\n<p>&nbsp;<\/p>\n<p><span style=\"font-weight: 400\">La Biblioteca no dispone de salas de trabajo para grupos. Las mesas de lectura son para uso individual.<\/span><\/p>\n<p>&nbsp;<\/p>\n<p><strong>\u00b7 \u00bfSe pueden reservar libros?<\/strong><\/p>\n<p>&nbsp;<\/p>\n<p><span style=\"font-weight: 400\">S\u00ed, los libros que se est\u00e1n usando se pueden reservar durante una semana, informando al personal de la Biblioteca. No se pueden reservar los materiales especiales ni los n\u00fameros recientes de revistas.<\/span><\/p>\n<p>&nbsp;<\/p>\n<p><strong>\u00b7 \u00bfSe puede consultar el cat\u00e1logo de la biblioteca en Internet?<\/strong><\/p>\n<p>&nbsp;<\/p>\n<p><span style=\"font-weight: 400\">El cat\u00e1logo de la Biblioteca est\u00e1 disponible <\/span><span style=\"text-decoration: underline\"><a href=\"https:\/\/biblioteca.museutapies.org\/\"><span style=\"font-weight: 400\">aqu\u00ed<\/span><\/a><\/span><span style=\"font-weight: 400\">.<\/span><\/p>\n","protected":false},"excerpt":{"rendered":"<p>\u00b7 \u00bfC\u00f3mo se puede acceder a la biblioteca? &nbsp; Para utilizar la Biblioteca se debe concertar una cita al menos [&hellip;]<\/p>\n","protected":false},"author":1,"featured_media":0,"parent":1440,"menu_order":4,"comment_status":"closed","ping_status":"closed","template":"template_sense-menu-lateral.php","meta":{"footnotes":""},"acf":[],"yoast_head":"<!-- This site is optimized with the Yoast SEO plugin v20.11 - https:\/\/yoast.com\/wordpress\/plugins\/seo\/ -->\n<title>Preguntas m\u00e1s frecuentes - Museu T\u00e0pies<\/title>\n<meta name=\"description\" content=\"Preguntas m\u00e1s frecuentes sobre el acceso y el uso de la Biblioteca de la Fundaci\u00f3 Antoni T\u00e0pies de Barcelona.\" \/>\n<meta name=\"robots\" content=\"index, follow, max-snippet:-1, max-image-preview:large, max-video-preview:-1\" \/>\n<meta property=\"og:locale\" content=\"es_ES\" \/>\n<meta property=\"og:type\" content=\"article\" \/>\n<meta property=\"og:title\" content=\"Preguntas m\u00e1s frecuentes - Museu T\u00e0pies\" \/>\n<meta property=\"og:description\" content=\"Preguntas m\u00e1s frecuentes sobre el acceso y el uso de la Biblioteca de la Fundaci\u00f3 Antoni T\u00e0pies de Barcelona.\" \/>\n<meta property=\"og:url\" content=\"https:\/\/museutapies.org\/es\/biblioteca-museu-tapies\/preguntas-mas-frecuentes\/\" \/>\n<meta property=\"og:site_name\" content=\"Museu T\u00e0pies\" \/>\n<meta property=\"article:publisher\" content=\"https:\/\/www.facebook.com\/museutapies\" \/>\n<meta property=\"article:modified_time\" content=\"2025-06-06T09:07:59+00:00\" \/>\n<meta name=\"twitter:card\" content=\"summary_large_image\" \/>\n<meta name=\"twitter:label1\" content=\"Tiempo de lectura\" \/>\n\t<meta name=\"twitter:data1\" content=\"4 minutos\" \/>\n<script type=\"application\/ld+json\" class=\"yoast-schema-graph\">{\"@context\":\"https:\/\/schema.org\",\"@graph\":[{\"@type\":\"WebPage\",\"@id\":\"https:\/\/museutapies.org\/es\/biblioteca-museu-tapies\/preguntas-mas-frecuentes\/\",\"url\":\"https:\/\/museutapies.org\/es\/biblioteca-museu-tapies\/preguntas-mas-frecuentes\/\",\"name\":\"Preguntas m\u00e1s frecuentes - Museu T\u00e0pies\",\"isPartOf\":{\"@id\":\"https:\/\/museutapies.org\/en\/#website\"},\"datePublished\":\"2018-01-17T09:15:46+00:00\",\"dateModified\":\"2025-06-06T09:07:59+00:00\",\"description\":\"Preguntas m\u00e1s frecuentes sobre el acceso y el uso de la Biblioteca de la Fundaci\u00f3 Antoni T\u00e0pies de Barcelona.\",\"breadcrumb\":{\"@id\":\"https:\/\/museutapies.org\/es\/biblioteca-museu-tapies\/preguntas-mas-frecuentes\/#breadcrumb\"},\"inLanguage\":\"es\",\"potentialAction\":[{\"@type\":\"ReadAction\",\"target\":[\"https:\/\/museutapies.org\/es\/biblioteca-museu-tapies\/preguntas-mas-frecuentes\/\"]}]},{\"@type\":\"BreadcrumbList\",\"@id\":\"https:\/\/museutapies.org\/es\/biblioteca-museu-tapies\/preguntas-mas-frecuentes\/#breadcrumb\",\"itemListElement\":[{\"@type\":\"ListItem\",\"position\":1,\"name\":\"Biblioteca Museu T\u00e0pies\",\"item\":\"https:\/\/museutapies.org\/es\/biblioteca-museu-tapies\/\"},{\"@type\":\"ListItem\",\"position\":2,\"name\":\"Preguntas m\u00e1s frecuentes\"}]},{\"@type\":\"WebSite\",\"@id\":\"https:\/\/museutapies.org\/en\/#website\",\"url\":\"https:\/\/museutapies.org\/en\/\",\"name\":\"Museu T\u00e0pies\",\"description\":\"\",\"publisher\":{\"@id\":\"https:\/\/museutapies.org\/en\/#organization\"},\"potentialAction\":[{\"@type\":\"SearchAction\",\"target\":{\"@type\":\"EntryPoint\",\"urlTemplate\":\"https:\/\/museutapies.org\/en\/?s={search_term_string}\"},\"query-input\":\"required name=search_term_string\"}],\"inLanguage\":\"es\"},{\"@type\":\"Organization\",\"@id\":\"https:\/\/museutapies.org\/en\/#organization\",\"name\":\"Museu T\u00e0pies\",\"url\":\"https:\/\/museutapies.org\/en\/\",\"logo\":{\"@type\":\"ImageObject\",\"inLanguage\":\"es\",\"@id\":\"https:\/\/museutapies.org\/en\/#\/schema\/logo\/image\/\",\"url\":\"https:\/\/museutapies.org\/wp-content\/uploads\/2024\/07\/mta.png\",\"contentUrl\":\"https:\/\/museutapies.org\/wp-content\/uploads\/2024\/07\/mta.png\",\"width\":244,\"height\":110,\"caption\":\"Museu T\u00e0pies\"},\"image\":{\"@id\":\"https:\/\/museutapies.org\/en\/#\/schema\/logo\/image\/\"},\"sameAs\":[\"https:\/\/www.facebook.com\/museutapies\",\"https:\/\/www.instagram.com\/museutapies\/\",\"https:\/\/www.youtube.com\/channel\/UCPi65HBb48RMeoa12lR51cQ\",\"https:\/\/x.com\/MuseuTapies\"]}]}<\/script>\n<!-- \/ Yoast SEO plugin. -->","yoast_head_json":{"title":"Preguntas m\u00e1s frecuentes - Museu T\u00e0pies","description":"Preguntas m\u00e1s frecuentes sobre el acceso y el uso de la Biblioteca de la Fundaci\u00f3 Antoni T\u00e0pies de Barcelona.","robots":{"index":"index","follow":"follow","max-snippet":"max-snippet:-1","max-image-preview":"max-image-preview:large","max-video-preview":"max-video-preview:-1"},"og_locale":"es_ES","og_type":"article","og_title":"Preguntas m\u00e1s frecuentes - Museu T\u00e0pies","og_description":"Preguntas m\u00e1s frecuentes sobre el acceso y el uso de la Biblioteca de la Fundaci\u00f3 Antoni T\u00e0pies de Barcelona.","og_url":"https:\/\/museutapies.org\/es\/biblioteca-museu-tapies\/preguntas-mas-frecuentes\/","og_site_name":"Museu T\u00e0pies","article_publisher":"https:\/\/www.facebook.com\/museutapies","article_modified_time":"2025-06-06T09:07:59+00:00","twitter_card":"summary_large_image","twitter_misc":{"Tiempo de lectura":"4 minutos"},"schema":{"@context":"https:\/\/schema.org","@graph":[{"@type":"WebPage","@id":"https:\/\/museutapies.org\/es\/biblioteca-museu-tapies\/preguntas-mas-frecuentes\/","url":"https:\/\/museutapies.org\/es\/biblioteca-museu-tapies\/preguntas-mas-frecuentes\/","name":"Preguntas m\u00e1s frecuentes - Museu T\u00e0pies","isPartOf":{"@id":"https:\/\/museutapies.org\/en\/#website"},"datePublished":"2018-01-17T09:15:46+00:00","dateModified":"2025-06-06T09:07:59+00:00","description":"Preguntas m\u00e1s frecuentes sobre el acceso y el uso de la Biblioteca de la Fundaci\u00f3 Antoni T\u00e0pies de Barcelona.","breadcrumb":{"@id":"https:\/\/museutapies.org\/es\/biblioteca-museu-tapies\/preguntas-mas-frecuentes\/#breadcrumb"},"inLanguage":"es","potentialAction":[{"@type":"ReadAction","target":["https:\/\/museutapies.org\/es\/biblioteca-museu-tapies\/preguntas-mas-frecuentes\/"]}]},{"@type":"BreadcrumbList","@id":"https:\/\/museutapies.org\/es\/biblioteca-museu-tapies\/preguntas-mas-frecuentes\/#breadcrumb","itemListElement":[{"@type":"ListItem","position":1,"name":"Biblioteca Museu T\u00e0pies","item":"https:\/\/museutapies.org\/es\/biblioteca-museu-tapies\/"},{"@type":"ListItem","position":2,"name":"Preguntas m\u00e1s frecuentes"}]},{"@type":"WebSite","@id":"https:\/\/museutapies.org\/en\/#website","url":"https:\/\/museutapies.org\/en\/","name":"Museu T\u00e0pies","description":"","publisher":{"@id":"https:\/\/museutapies.org\/en\/#organization"},"potentialAction":[{"@type":"SearchAction","target":{"@type":"EntryPoint","urlTemplate":"https:\/\/museutapies.org\/en\/?s={search_term_string}"},"query-input":"required name=search_term_string"}],"inLanguage":"es"},{"@type":"Organization","@id":"https:\/\/museutapies.org\/en\/#organization","name":"Museu T\u00e0pies","url":"https:\/\/museutapies.org\/en\/","logo":{"@type":"ImageObject","inLanguage":"es","@id":"https:\/\/museutapies.org\/en\/#\/schema\/logo\/image\/","url":"https:\/\/museutapies.org\/wp-content\/uploads\/2024\/07\/mta.png","contentUrl":"https:\/\/museutapies.org\/wp-content\/uploads\/2024\/07\/mta.png","width":244,"height":110,"caption":"Museu T\u00e0pies"},"image":{"@id":"https:\/\/museutapies.org\/en\/#\/schema\/logo\/image\/"},"sameAs":["https:\/\/www.facebook.com\/museutapies","https:\/\/www.instagram.com\/museutapies\/","https:\/\/www.youtube.com\/channel\/UCPi65HBb48RMeoa12lR51cQ","https:\/\/x.com\/MuseuTapies"]}]}},"_links":{"self":[{"href":"https:\/\/museutapies.org\/es\/wp-json\/wp\/v2\/pages\/5409"}],"collection":[{"href":"https:\/\/museutapies.org\/es\/wp-json\/wp\/v2\/pages"}],"about":[{"href":"https:\/\/museutapies.org\/es\/wp-json\/wp\/v2\/types\/page"}],"author":[{"embeddable":true,"href":"https:\/\/museutapies.org\/es\/wp-json\/wp\/v2\/users\/1"}],"replies":[{"embeddable":true,"href":"https:\/\/museutapies.org\/es\/wp-json\/wp\/v2\/comments?post=5409"}],"version-history":[{"count":22,"href":"https:\/\/museutapies.org\/es\/wp-json\/wp\/v2\/pages\/5409\/revisions"}],"predecessor-version":[{"id":39904,"href":"https:\/\/museutapies.org\/es\/wp-json\/wp\/v2\/pages\/5409\/revisions\/39904"}],"up":[{"embeddable":true,"href":"https:\/\/museutapies.org\/es\/wp-json\/wp\/v2\/pages\/1440"}],"wp:attachment":[{"href":"https:\/\/museutapies.org\/es\/wp-json\/wp\/v2\/media?parent=5409"}],"curies":[{"name":"wp","href":"https:\/\/api.w.org\/{rel}","templated":true}]}}