{"id":5471,"date":"2018-01-17T09:23:27","date_gmt":"2018-01-17T09:23:27","guid":{"rendered":"https:\/\/museutapies.org\/biblioteca-fundacio-antoni-tapies\/audiovisuals\/"},"modified":"2018-02-16T14:53:17","modified_gmt":"2018-02-16T14:53:17","slug":"audiovisuales","status":"publish","type":"page","link":"https:\/\/museutapies.org\/es\/biblioteca-museu-tapies\/audiovisuales\/","title":{"rendered":"Audiovisuales"},"content":{"rendered":"<p><strong>Chantal Akerman<\/strong><\/p>\n<p>Hotel Monterrey (1972)<\/p>\n<p>Je tu il elle (1974)<\/p>\n<p>Jean Dielman 23, rue du commerce (1975)<\/p>\n<p>News from Home (1977)<\/p>\n<p>Les rendez-vous d\u2019Anna (1978)<\/p>\n<p>&nbsp;<\/p>\n<p><strong>Kenneth Anger<\/strong><\/p>\n<p>Fireworks (1947)<\/p>\n<p>Puce Moment (1949)<\/p>\n<p>Rabbit\u2019s Moon (1950)<\/p>\n<p>Eaux d\u2019Artifice (1953)<\/p>\n<p>Inauguration of the Pleasure Dome (1954)<\/p>\n<p>&nbsp;<\/p>\n<p><strong>Hartmut Bitomsky<\/strong><\/p>\n<p>Staub (2007)<\/p>\n<p>&nbsp;<\/p>\n<p><strong>Stan Brakhage<\/strong><\/p>\n<p>Anticipation of the night (1962)<\/p>\n<p>Dog star man (1962)<\/p>\n<p>Hand-painted films (1986)<\/p>\n<p>&nbsp;<\/p>\n<p><strong>William S. Burroughs<\/strong><\/p>\n<p>Cut-up films (1963-1972)<\/p>\n<p>&nbsp;<\/p>\n<p><strong>Chris Cunningham<\/strong><\/p>\n<p>The work of director Chris Cunningham (1995-2003)<\/p>\n<p>&nbsp;<\/p>\n<p><strong>Guy Debord<\/strong><\/p>\n<p>La societ\u00e9 du spectacle (1973)<\/p>\n<p>Contre le cin\u00e9ma \u2028In girum imus et consumimur igni (1978)<\/p>\n<p>&nbsp;<\/p>\n<p><strong>Maya Deren<\/strong><\/p>\n<p>Meshes of the afternoon (1943)<\/p>\n<p>At land (1944)<\/p>\n<p>Ritual in transfigured time (1946)<\/p>\n<p>Divine Horsemen: the Living Gods of Haiti (1947-1951)<\/p>\n<p>&nbsp;<\/p>\n<p><strong>Eames, Charles &amp; Ray<\/strong><\/p>\n<p>The films of Charles &amp; Ray Eames (1950-1982)<\/p>\n<p>&nbsp;<\/p>\n<p><strong>Harun Farocki<\/strong><\/p>\n<p>Still life (Stilleben) (1997)<\/p>\n<p>Ein Bikd (An image) (1983)<\/p>\n<p>Die Schulung (Indoctrination) (1987)<\/p>\n<p>Videograms of a Revolution (1993)<\/p>\n<p>Die Bewerbung (The Interview) (1997)<\/p>\n<p>&nbsp;<\/p>\n<p><strong>Oskar Fischinger<\/strong><\/p>\n<p>Muratti Greift ein (1934)<\/p>\n<p>Spiritual constructions (1927)<\/p>\n<p>Study nr 5\/nr 6\/nr 7\/nr 8\/nr 9\/nr 12 (1930-32)<\/p>\n<p>Kreise (1933)<\/p>\n<p>Allegretto (1936)<\/p>\n<p>Motion painting No 1 (1947)<\/p>\n<p>Muratti Privat (1935)<\/p>\n<p>Wax Experiments (1921-1926)<\/p>\n<p>Walking from Munich to Berlin (1927)<\/p>\n<p>Komposition in Blau (1935)<\/p>\n<p>American March (1941)<\/p>\n<p>Organic Fragment (1941)<\/p>\n<p>Mutoscope Reels (1945)<\/p>\n<p>&nbsp;<\/p>\n<p><strong>Fischli\/Weiss<\/strong><\/p>\n<p>Der geringste Widerstand (The Point of Least Resistance) _ (1981)<\/p>\n<p>Der rechte Weg (1983) \u2028Der Lauf der Dinge (The way things go) (1987)<\/p>\n<p>&nbsp;<\/p>\n<p><strong>Fluxfilm Anthology<\/strong><br \/>\nFilms de Nam June Paik, Dick Higgins, Georges Maciunas, Chieko Shiomi, John Cavanagh, James Riddle, Yoko Ono, George Brecht, Robert Watts\u2026<\/p>\n<p>&nbsp;<\/p>\n<p><strong>Free Cinema<\/strong><\/p>\n<p>Films de Lindsay Anderson, Karel Reisz i John Fletcher<\/p>\n<p>&nbsp;<\/p>\n<p><strong>Nikolaus Geyrhalther<\/strong><\/p>\n<p>Our daily bread (2005)<\/p>\n<p>&nbsp;<\/p>\n<p><strong>Michael Gondry<\/strong><\/p>\n<p>The work of director Michael Gondry (1987-2003)<\/p>\n<p>&nbsp;<\/p>\n<p><strong>Dan Graham<\/strong><\/p>\n<p>Two-Way Mirror Cylinder Inside Cube and a Video Salon (1992) \u2028Video\/Architecture\/Performance (1995)<\/p>\n<p>&nbsp;<\/p>\n<p><strong>Groupes Medvedkine<\/strong><\/p>\n<p>A bient\u00f4t j\u2019esp\u00e8re (Chris Marker, Mario Marret, 1967-1968)<\/p>\n<p>Classe de lutte (Groupe Medvedkine de Besan\u00e7on,1968)<\/p>\n<p>Nouvelle soci\u00e9t\u00e9 5. \u00ab Kelton \u00bb (1969)<\/p>\n<p>Nouvelle soci\u00e9t\u00e9 6. \u00ab Biscuiterie Buhler \u00bb (1969)<\/p>\n<p>Nouvelle soci\u00e9t\u00e9 7. \u00ab Aug\u00e9 d\u00e9coupage \u00bb (1970)<\/p>\n<p>Rhodia 4\/8 (1969)<\/p>\n<p>Lettre \u00e0 mon ami Pol C\u00e8be (Michel Desrois, 1971)<\/p>\n<p>Le Tra\u00eeneau-\u00e9chelle (Jean-Pierre Thi\u00e9baud, 1971)<\/p>\n<p>Les Trois-quart de la vie (Groupe Medvedkine de Sochaux, 1971)<\/p>\n<p>Week-end \u00e0 Sochaux (Groupe Medvedkine de Sochaux, Bruno Muel,1971-1972)<\/p>\n<p>Septembre chilien (Bruno Muel, Val\u00e9rie Mayoux, Th\u00e9o Robichet, 1973)<\/p>\n<p>Avec le sang des autres (Bruno Muel, 1974)<\/p>\n<p>&nbsp;<\/p>\n<p><strong>Gary Hill<\/strong><\/p>\n<p>Full circle (1978)<\/p>\n<p>Around and about (1980)<\/p>\n<p>Mediations (1986)<\/p>\n<p>&nbsp;<\/p>\n<p><strong>Dani\u00e8le Huillet, Jean-Marie Straub<\/strong><\/p>\n<p>Machorka-Muff (1962)<\/p>\n<p>Non r\u00e9concili\u00e9s ou Seule la violence aide o\u00f9 la violence r\u00e8gne (1964\/1965)<\/p>\n<p>Mo\u00efse et Aaron (Moses und Aron) (1974)<\/p>\n<p>Introduction \u00e0 la \u00ab Musique d\u2019accompagnement pour une sc\u00e8ne de film \u00bb de Arnold Schoenberg (1972)<\/p>\n<p>Du jour au lendemain (Von heute auf morgen) (1996)<\/p>\n<p>&nbsp;<\/p>\n<p><strong>Ken Jacobs<\/strong><\/p>\n<p>New York Ghetto Fishmarket 1903 Nervous System 3D (2006)<\/p>\n<p>&nbsp;<\/p>\n<p><strong>David Lamelas<\/strong><\/p>\n<p>Films, 1969-1974<\/p>\n<p>&nbsp;<\/p>\n<p><strong>Maurice Lema\u00eetre<\/strong><\/p>\n<p>Le Film est d\u00e9j\u00e0 commenc\u00e9 (1951)<\/p>\n<p>Nos stars (2002)<\/p>\n<p>Le petit dieu (2002)<\/p>\n<p>&nbsp;<\/p>\n<p><strong>Len Lye<\/strong><\/p>\n<p>Free radicals (1958)<\/p>\n<p>&nbsp;<\/p>\n<p><strong>Norman McLaren<\/strong><\/p>\n<p>The Master\u2019s edition. Complete works (1933-1983)<\/p>\n<p>&nbsp;<\/p>\n<p><strong>Chris Marker<\/strong><\/p>\n<p>La jet\u00e9e (1962)<\/p>\n<p>Sans soleil (1983)<\/p>\n<p>Le tombeau d\u2019Alexandre (The last bolshevik) (1992)<\/p>\n<p>Immemory (1997)<\/p>\n<p>&nbsp;<\/p>\n<p><strong>Jonas Mekas<\/strong><\/p>\n<p>Walden. Diaries, notes and sketches (1969)<\/p>\n<p>Lost, lost, lost (1976)<\/p>\n<p>&nbsp;<\/p>\n<p><strong>Bill Morrison<\/strong><\/p>\n<p>Decasia (2002)<\/p>\n<p>&nbsp;<\/p>\n<p><strong>Antoni Muntadas<\/strong><\/p>\n<p>Between the lines (1979)<\/p>\n<p>This is not an Advertisement (1985)<\/p>\n<p>Anarchive #1: Muntadas: Media Architecture (1999)<\/p>\n<p>&nbsp;<\/p>\n<p><strong>Man Ray<\/strong><\/p>\n<p>Le Retour \u00e0 la raison (1923)<\/p>\n<p>Emak Bakia (1926)<\/p>\n<p>L\u2019Etoile de mer (1928)<\/p>\n<p>Les Myst\u00e8res du ch\u00e2teau du d\u00e9 (1929)<\/p>\n<p>Home movies (1923-1938)<\/p>\n<p>&nbsp;<\/p>\n<p><strong>Hans Richter<\/strong><\/p>\n<p>Rhythmus 21 (1921)<\/p>\n<p>Filmstudie (1926)<\/p>\n<p>Ghosts Before Breakfast (1927)<\/p>\n<p>Race Symphony (1928)<\/p>\n<p>Two Pence Magic (1928)<\/p>\n<p>Inflation (1927)<\/p>\n<p>Everything Turns Everything Revolves (1929)<\/p>\n<p>Dreams that money can buy (1947)<\/p>\n<p>&nbsp;<\/p>\n<p><strong>Paul Sharits<\/strong><\/p>\n<p>Piece Mandala\/End war (1966)<\/p>\n<p>N:O:T:H:I:N:G (1968)<\/p>\n<p>T, O, U, C, H, I, N, G (1968)<\/p>\n<p>&nbsp;<\/p>\n<p><strong>Harry Smith<\/strong><\/p>\n<p>Early abstractions (1946-1957)<\/p>\n<p>&nbsp;<\/p>\n<p><strong>Alexandr Sokurov<\/strong><\/p>\n<p>Mat i sin (Mutter und Sohn) (1997)<\/p>\n<p>&nbsp;<\/p>\n<p><strong>Dziga Vertov<\/strong><\/p>\n<p>Kino glaz (1924)<\/p>\n<p>Man with a movie camera (1929)<\/p>\n<p>Enthusiasm (1931)<\/p>\n<p>Three Songs about Lenin (1934)<\/p>\n<p>&nbsp;<\/p>\n<p><strong>Jean Vigo<\/strong><\/p>\n<p>\u00c0 propos de Nice (1929)<\/p>\n<p>Taris, roi de l\u2019eau (1931)<\/p>\n<p>Z\u00e9ro de conduite (1933)<\/p>\n<p>L\u2019Atalante (1934)<\/p>\n<p>&nbsp;<\/p>\n<p><strong>Bill Viola<\/strong><\/p>\n<p>Migration (1976)<\/p>\n<p>The Reflecting Pool (1977-79)<\/p>\n<p>Ancient of Days (1979)<\/p>\n<p>Chott el-Djerid (A Portrait in Light and Heat) (1979)<\/p>\n<p>Hatsu-Yume (First Dream) (1981)<\/p>\n<p>I Do Not Know What It Is I Am Like (1986)<\/p>\n<p>The Passing (1991)<\/p>\n<p>&nbsp;<\/p>\n<p><strong>Andy Warhol<\/strong><\/p>\n<p>Kiss (1963)<\/p>\n<p>Empire (1964)<\/p>\n<p>Blow job (1964)<\/p>\n<p>Mario Banana (1964)<\/p>\n<p>The Chelsea girls (1966)<\/p>\n<p>&nbsp;<\/p>\n<p><strong>Apichatpong Weerasethakul<\/strong><\/p>\n<p>Syndromes and a Century (2006)<\/p>\n<p>&nbsp;<\/p>\n<p><strong>Frederick Wiseman<\/strong><\/p>\n<p>Titicut follies (1967)<\/p>\n<p>High school (1968)<\/p>\n<p>&nbsp;<\/p>\n<p>&nbsp;<\/p>\n<p>Aquestes pel.l\u00edcules estan disponibles en format video o DVD i es poden visualitzar a la biblioteca nom\u00e9s amb finalitats de recerca o educatives.<\/p>\n","protected":false},"excerpt":{"rendered":"<p>Chantal Akerman Hotel Monterrey (1972) Je tu il elle (1974) Jean Dielman 23, rue du commerce (1975) News from Home [&hellip;]<\/p>\n","protected":false},"author":1,"featured_media":0,"parent":1440,"menu_order":8,"comment_status":"closed","ping_status":"closed","template":"template_galeria-imatges-lateral.php","meta":{"footnotes":""},"acf":[],"yoast_head":"<!-- This site is optimized with the Yoast SEO plugin v20.11 - https:\/\/yoast.com\/wordpress\/plugins\/seo\/ -->\n<title>Audiovisuales - Museu T\u00e0pies<\/title>\n<meta name=\"robots\" content=\"index, follow, max-snippet:-1, max-image-preview:large, max-video-preview:-1\" \/>\n<meta property=\"og:locale\" content=\"es_ES\" \/>\n<meta property=\"og:type\" content=\"article\" \/>\n<meta property=\"og:title\" content=\"Audiovisuales - Museu T\u00e0pies\" \/>\n<meta property=\"og:description\" content=\"Chantal Akerman Hotel Monterrey (1972) Je tu il elle (1974) Jean Dielman 23, rue du commerce (1975) News from Home [&hellip;]\" \/>\n<meta property=\"og:url\" content=\"https:\/\/museutapies.org\/es\/biblioteca-museu-tapies\/audiovisuales\/\" \/>\n<meta property=\"og:site_name\" content=\"Museu T\u00e0pies\" \/>\n<meta property=\"article:publisher\" content=\"https:\/\/www.facebook.com\/museutapies\" \/>\n<meta property=\"article:modified_time\" content=\"2018-02-16T14:53:17+00:00\" \/>\n<meta name=\"twitter:card\" content=\"summary_large_image\" \/>\n<meta name=\"twitter:label1\" content=\"Tiempo de lectura\" \/>\n\t<meta name=\"twitter:data1\" content=\"4 minutos\" \/>\n<script type=\"application\/ld+json\" class=\"yoast-schema-graph\">{\"@context\":\"https:\/\/schema.org\",\"@graph\":[{\"@type\":\"WebPage\",\"@id\":\"https:\/\/museutapies.org\/es\/biblioteca-museu-tapies\/audiovisuales\/\",\"url\":\"https:\/\/museutapies.org\/es\/biblioteca-museu-tapies\/audiovisuales\/\",\"name\":\"Audiovisuales - Museu T\u00e0pies\",\"isPartOf\":{\"@id\":\"https:\/\/museutapies.org\/en\/#website\"},\"datePublished\":\"2018-01-17T09:23:27+00:00\",\"dateModified\":\"2018-02-16T14:53:17+00:00\",\"breadcrumb\":{\"@id\":\"https:\/\/museutapies.org\/es\/biblioteca-museu-tapies\/audiovisuales\/#breadcrumb\"},\"inLanguage\":\"es\",\"potentialAction\":[{\"@type\":\"ReadAction\",\"target\":[\"https:\/\/museutapies.org\/es\/biblioteca-museu-tapies\/audiovisuales\/\"]}]},{\"@type\":\"BreadcrumbList\",\"@id\":\"https:\/\/museutapies.org\/es\/biblioteca-museu-tapies\/audiovisuales\/#breadcrumb\",\"itemListElement\":[{\"@type\":\"ListItem\",\"position\":1,\"name\":\"Biblioteca Museu T\u00e0pies\",\"item\":\"https:\/\/museutapies.org\/es\/biblioteca-museu-tapies\/\"},{\"@type\":\"ListItem\",\"position\":2,\"name\":\"Audiovisuales\"}]},{\"@type\":\"WebSite\",\"@id\":\"https:\/\/museutapies.org\/en\/#website\",\"url\":\"https:\/\/museutapies.org\/en\/\",\"name\":\"Museu T\u00e0pies\",\"description\":\"\",\"publisher\":{\"@id\":\"https:\/\/museutapies.org\/en\/#organization\"},\"potentialAction\":[{\"@type\":\"SearchAction\",\"target\":{\"@type\":\"EntryPoint\",\"urlTemplate\":\"https:\/\/museutapies.org\/en\/?s={search_term_string}\"},\"query-input\":\"required name=search_term_string\"}],\"inLanguage\":\"es\"},{\"@type\":\"Organization\",\"@id\":\"https:\/\/museutapies.org\/en\/#organization\",\"name\":\"Museu T\u00e0pies\",\"url\":\"https:\/\/museutapies.org\/en\/\",\"logo\":{\"@type\":\"ImageObject\",\"inLanguage\":\"es\",\"@id\":\"https:\/\/museutapies.org\/en\/#\/schema\/logo\/image\/\",\"url\":\"https:\/\/museutapies.org\/wp-content\/uploads\/2024\/07\/mta.png\",\"contentUrl\":\"https:\/\/museutapies.org\/wp-content\/uploads\/2024\/07\/mta.png\",\"width\":244,\"height\":110,\"caption\":\"Museu T\u00e0pies\"},\"image\":{\"@id\":\"https:\/\/museutapies.org\/en\/#\/schema\/logo\/image\/\"},\"sameAs\":[\"https:\/\/www.facebook.com\/museutapies\",\"https:\/\/www.instagram.com\/museutapies\/\",\"https:\/\/www.youtube.com\/channel\/UCPi65HBb48RMeoa12lR51cQ\",\"https:\/\/x.com\/MuseuTapies\"]}]}<\/script>\n<!-- \/ Yoast SEO plugin. -->","yoast_head_json":{"title":"Audiovisuales - Museu T\u00e0pies","robots":{"index":"index","follow":"follow","max-snippet":"max-snippet:-1","max-image-preview":"max-image-preview:large","max-video-preview":"max-video-preview:-1"},"og_locale":"es_ES","og_type":"article","og_title":"Audiovisuales - Museu T\u00e0pies","og_description":"Chantal Akerman Hotel Monterrey (1972) Je tu il elle (1974) Jean Dielman 23, rue du commerce (1975) News from Home [&hellip;]","og_url":"https:\/\/museutapies.org\/es\/biblioteca-museu-tapies\/audiovisuales\/","og_site_name":"Museu T\u00e0pies","article_publisher":"https:\/\/www.facebook.com\/museutapies","article_modified_time":"2018-02-16T14:53:17+00:00","twitter_card":"summary_large_image","twitter_misc":{"Tiempo de lectura":"4 minutos"},"schema":{"@context":"https:\/\/schema.org","@graph":[{"@type":"WebPage","@id":"https:\/\/museutapies.org\/es\/biblioteca-museu-tapies\/audiovisuales\/","url":"https:\/\/museutapies.org\/es\/biblioteca-museu-tapies\/audiovisuales\/","name":"Audiovisuales - Museu T\u00e0pies","isPartOf":{"@id":"https:\/\/museutapies.org\/en\/#website"},"datePublished":"2018-01-17T09:23:27+00:00","dateModified":"2018-02-16T14:53:17+00:00","breadcrumb":{"@id":"https:\/\/museutapies.org\/es\/biblioteca-museu-tapies\/audiovisuales\/#breadcrumb"},"inLanguage":"es","potentialAction":[{"@type":"ReadAction","target":["https:\/\/museutapies.org\/es\/biblioteca-museu-tapies\/audiovisuales\/"]}]},{"@type":"BreadcrumbList","@id":"https:\/\/museutapies.org\/es\/biblioteca-museu-tapies\/audiovisuales\/#breadcrumb","itemListElement":[{"@type":"ListItem","position":1,"name":"Biblioteca Museu T\u00e0pies","item":"https:\/\/museutapies.org\/es\/biblioteca-museu-tapies\/"},{"@type":"ListItem","position":2,"name":"Audiovisuales"}]},{"@type":"WebSite","@id":"https:\/\/museutapies.org\/en\/#website","url":"https:\/\/museutapies.org\/en\/","name":"Museu T\u00e0pies","description":"","publisher":{"@id":"https:\/\/museutapies.org\/en\/#organization"},"potentialAction":[{"@type":"SearchAction","target":{"@type":"EntryPoint","urlTemplate":"https:\/\/museutapies.org\/en\/?s={search_term_string}"},"query-input":"required name=search_term_string"}],"inLanguage":"es"},{"@type":"Organization","@id":"https:\/\/museutapies.org\/en\/#organization","name":"Museu T\u00e0pies","url":"https:\/\/museutapies.org\/en\/","logo":{"@type":"ImageObject","inLanguage":"es","@id":"https:\/\/museutapies.org\/en\/#\/schema\/logo\/image\/","url":"https:\/\/museutapies.org\/wp-content\/uploads\/2024\/07\/mta.png","contentUrl":"https:\/\/museutapies.org\/wp-content\/uploads\/2024\/07\/mta.png","width":244,"height":110,"caption":"Museu T\u00e0pies"},"image":{"@id":"https:\/\/museutapies.org\/en\/#\/schema\/logo\/image\/"},"sameAs":["https:\/\/www.facebook.com\/museutapies","https:\/\/www.instagram.com\/museutapies\/","https:\/\/www.youtube.com\/channel\/UCPi65HBb48RMeoa12lR51cQ","https:\/\/x.com\/MuseuTapies"]}]}},"_links":{"self":[{"href":"https:\/\/museutapies.org\/es\/wp-json\/wp\/v2\/pages\/5471"}],"collection":[{"href":"https:\/\/museutapies.org\/es\/wp-json\/wp\/v2\/pages"}],"about":[{"href":"https:\/\/museutapies.org\/es\/wp-json\/wp\/v2\/types\/page"}],"author":[{"embeddable":true,"href":"https:\/\/museutapies.org\/es\/wp-json\/wp\/v2\/users\/1"}],"replies":[{"embeddable":true,"href":"https:\/\/museutapies.org\/es\/wp-json\/wp\/v2\/comments?post=5471"}],"version-history":[{"count":1,"href":"https:\/\/museutapies.org\/es\/wp-json\/wp\/v2\/pages\/5471\/revisions"}],"predecessor-version":[{"id":5473,"href":"https:\/\/museutapies.org\/es\/wp-json\/wp\/v2\/pages\/5471\/revisions\/5473"}],"up":[{"embeddable":true,"href":"https:\/\/museutapies.org\/es\/wp-json\/wp\/v2\/pages\/1440"}],"wp:attachment":[{"href":"https:\/\/museutapies.org\/es\/wp-json\/wp\/v2\/media?parent=5471"}],"curies":[{"name":"wp","href":"https:\/\/api.w.org\/{rel}","templated":true}]}}