{"id":6176,"date":"2018-03-06T10:43:16","date_gmt":"2018-03-06T10:43:16","guid":{"rendered":"https:\/\/museutapies.org\/?page_id=6176"},"modified":"2018-05-03T07:51:00","modified_gmt":"2018-05-03T07:51:00","slug":"la-fundacion","status":"publish","type":"page","link":"https:\/\/museutapies.org\/es\/la-fundacion\/","title":{"rendered":"La Fundaci\u00f3n"},"content":{"rendered":"<h2>La Fundaci\u00f3 Antoni T\u00e0pies fue creada en 1984 por el artista Antoni T\u00e0pies para promover el estudio y el conocimiento del arte moderno y contempor\u00e1neo.<\/h2>\n<p>&nbsp;<\/p>\n<p>Con ese objetivo, la Fundaci\u00f3 abr\u00eda sus puertas en junio de 1990 en la sede de la antigua Editorial Montaner y Sim\u00f3n, obra del arquitecto modernista Llu\u00eds Dom\u00e8nech y Montaner, restaurada y acondicionada por los arquitectos Roser Amad\u00f3 y Llu\u00eds Dom\u00e8nech Girbau. Construido entre 1880 y 1881, en una fase temprana del desarrollo del modernismo catal\u00e1n, este edificio fue el primero del Ensanche barcelon\u00e9s que integraba la tipolog\u00eda y la tecnolog\u00eda industrial, combinando hierro y ladrillo visto, en el tejido del centro urbano.<\/p>\n<p>&nbsp;<\/p>\n<p>Desde una perspectiva plural e interdisciplinaria, la Fundaci\u00f3 Antoni T\u00e0pies pretende establecer colaboraciones entre especialistas de las distintas \u00e1reas del saber para contribuir a un mejor entendimiento del arte y la cultura contempor\u00e1neas. Por esa raz\u00f3n, la Fundaci\u00f3 combina la organizaci\u00f3n de exposiciones temporales, simposios, conferencias y ciclos de cine con la edici\u00f3n de publicaciones diversas que acompa\u00f1an las actividades y con muestras peri\u00f3dicas dedicadas a Antoni T\u00e0pies. En este sentido, la Fundaci\u00f3 posee una de las colecciones m\u00e1s completas de obras de este artista, constituida mayoritariamente a partir de las donaciones de Antoni y Teresa T\u00e0pies.<\/p>\n<p>&nbsp;<\/p>\n<p>La Biblioteca de la Fundaci\u00f3 Antoni T\u00e0pies se sit\u00faa en el antiguo almac\u00e9n de la Editorial Montaner y Sim\u00f3n y conserva sus estanter\u00edas originales. La Biblioteca est\u00e1 especializada en arte moderno y contempor\u00e1neo. Acoge tambi\u00e9n el archivo m\u00e1s extenso de la obra de T\u00e0pies, as\u00ed como colecciones sobre las artes y la cultura asi\u00e1ticas y precolombinas, y las artes africanas y oce\u00e1nicas que tanta importancia han tenido en la evoluci\u00f3n del arte del siglo XX. Otros temas como la arquitectura, el dise\u00f1o, las artes decorativas, la fotograf\u00eda, el cine o el v\u00eddeo tambi\u00e9n est\u00e1n representados. El n\u00facleo inicial de donaciones de Antoni T\u00e0pies se ha incrementado con publicaciones recientes e hist\u00f3ricas, adem\u00e1s de v\u00eddeos y revistas internacionales, que completan una colecci\u00f3n bibliogr\u00e1fica en constante crecimiento.<\/p>\n","protected":false},"excerpt":{"rendered":"<p>La Fundaci\u00f3 Antoni T\u00e0pies fue creada en 1984 por el artista Antoni T\u00e0pies para promover el estudio y el conocimiento [&hellip;]<\/p>\n","protected":false},"author":4,"featured_media":0,"parent":0,"menu_order":0,"comment_status":"closed","ping_status":"closed","template":"template-edifici.php","meta":{"footnotes":""},"acf":[],"yoast_head":"<!-- This site is optimized with the Yoast SEO plugin v20.11 - https:\/\/yoast.com\/wordpress\/plugins\/seo\/ -->\n<title>La Fundaci\u00f3n - Museu T\u00e0pies<\/title>\n<meta name=\"robots\" content=\"index, follow, max-snippet:-1, max-image-preview:large, max-video-preview:-1\" \/>\n<meta property=\"og:locale\" content=\"es_ES\" \/>\n<meta property=\"og:type\" content=\"article\" \/>\n<meta property=\"og:title\" content=\"La Fundaci\u00f3n - Museu T\u00e0pies\" \/>\n<meta property=\"og:description\" content=\"La Fundaci\u00f3 Antoni T\u00e0pies fue creada en 1984 por el artista Antoni T\u00e0pies para promover el estudio y el conocimiento [&hellip;]\" \/>\n<meta property=\"og:url\" content=\"https:\/\/museutapies.org\/es\/la-fundacion\/\" \/>\n<meta property=\"og:site_name\" content=\"Museu T\u00e0pies\" \/>\n<meta property=\"article:publisher\" content=\"https:\/\/www.facebook.com\/museutapies\" \/>\n<meta property=\"article:modified_time\" content=\"2018-05-03T07:51:00+00:00\" \/>\n<meta name=\"twitter:card\" content=\"summary_large_image\" \/>\n<meta name=\"twitter:label1\" content=\"Tiempo de lectura\" \/>\n\t<meta name=\"twitter:data1\" content=\"2 minutos\" \/>\n<script type=\"application\/ld+json\" class=\"yoast-schema-graph\">{\"@context\":\"https:\/\/schema.org\",\"@graph\":[{\"@type\":\"WebPage\",\"@id\":\"https:\/\/museutapies.org\/es\/la-fundacion\/\",\"url\":\"https:\/\/museutapies.org\/es\/la-fundacion\/\",\"name\":\"La Fundaci\u00f3n - Museu T\u00e0pies\",\"isPartOf\":{\"@id\":\"https:\/\/museutapies.org\/en\/#website\"},\"datePublished\":\"2018-03-06T10:43:16+00:00\",\"dateModified\":\"2018-05-03T07:51:00+00:00\",\"inLanguage\":\"es\",\"potentialAction\":[{\"@type\":\"ReadAction\",\"target\":[\"https:\/\/museutapies.org\/es\/la-fundacion\/\"]}]},{\"@type\":\"WebSite\",\"@id\":\"https:\/\/museutapies.org\/en\/#website\",\"url\":\"https:\/\/museutapies.org\/en\/\",\"name\":\"Museu T\u00e0pies\",\"description\":\"\",\"publisher\":{\"@id\":\"https:\/\/museutapies.org\/en\/#organization\"},\"potentialAction\":[{\"@type\":\"SearchAction\",\"target\":{\"@type\":\"EntryPoint\",\"urlTemplate\":\"https:\/\/museutapies.org\/en\/?s={search_term_string}\"},\"query-input\":\"required name=search_term_string\"}],\"inLanguage\":\"es\"},{\"@type\":\"Organization\",\"@id\":\"https:\/\/museutapies.org\/en\/#organization\",\"name\":\"Museu T\u00e0pies\",\"url\":\"https:\/\/museutapies.org\/en\/\",\"logo\":{\"@type\":\"ImageObject\",\"inLanguage\":\"es\",\"@id\":\"https:\/\/museutapies.org\/en\/#\/schema\/logo\/image\/\",\"url\":\"https:\/\/museutapies.org\/wp-content\/uploads\/2024\/07\/mta.png\",\"contentUrl\":\"https:\/\/museutapies.org\/wp-content\/uploads\/2024\/07\/mta.png\",\"width\":244,\"height\":110,\"caption\":\"Museu T\u00e0pies\"},\"image\":{\"@id\":\"https:\/\/museutapies.org\/en\/#\/schema\/logo\/image\/\"},\"sameAs\":[\"https:\/\/www.facebook.com\/museutapies\",\"https:\/\/www.instagram.com\/museutapies\/\",\"https:\/\/www.youtube.com\/channel\/UCPi65HBb48RMeoa12lR51cQ\",\"https:\/\/x.com\/MuseuTapies\"]}]}<\/script>\n<!-- \/ Yoast SEO plugin. -->","yoast_head_json":{"title":"La Fundaci\u00f3n - Museu T\u00e0pies","robots":{"index":"index","follow":"follow","max-snippet":"max-snippet:-1","max-image-preview":"max-image-preview:large","max-video-preview":"max-video-preview:-1"},"og_locale":"es_ES","og_type":"article","og_title":"La Fundaci\u00f3n - Museu T\u00e0pies","og_description":"La Fundaci\u00f3 Antoni T\u00e0pies fue creada en 1984 por el artista Antoni T\u00e0pies para promover el estudio y el conocimiento [&hellip;]","og_url":"https:\/\/museutapies.org\/es\/la-fundacion\/","og_site_name":"Museu T\u00e0pies","article_publisher":"https:\/\/www.facebook.com\/museutapies","article_modified_time":"2018-05-03T07:51:00+00:00","twitter_card":"summary_large_image","twitter_misc":{"Tiempo de lectura":"2 minutos"},"schema":{"@context":"https:\/\/schema.org","@graph":[{"@type":"WebPage","@id":"https:\/\/museutapies.org\/es\/la-fundacion\/","url":"https:\/\/museutapies.org\/es\/la-fundacion\/","name":"La Fundaci\u00f3n - Museu T\u00e0pies","isPartOf":{"@id":"https:\/\/museutapies.org\/en\/#website"},"datePublished":"2018-03-06T10:43:16+00:00","dateModified":"2018-05-03T07:51:00+00:00","inLanguage":"es","potentialAction":[{"@type":"ReadAction","target":["https:\/\/museutapies.org\/es\/la-fundacion\/"]}]},{"@type":"WebSite","@id":"https:\/\/museutapies.org\/en\/#website","url":"https:\/\/museutapies.org\/en\/","name":"Museu T\u00e0pies","description":"","publisher":{"@id":"https:\/\/museutapies.org\/en\/#organization"},"potentialAction":[{"@type":"SearchAction","target":{"@type":"EntryPoint","urlTemplate":"https:\/\/museutapies.org\/en\/?s={search_term_string}"},"query-input":"required name=search_term_string"}],"inLanguage":"es"},{"@type":"Organization","@id":"https:\/\/museutapies.org\/en\/#organization","name":"Museu T\u00e0pies","url":"https:\/\/museutapies.org\/en\/","logo":{"@type":"ImageObject","inLanguage":"es","@id":"https:\/\/museutapies.org\/en\/#\/schema\/logo\/image\/","url":"https:\/\/museutapies.org\/wp-content\/uploads\/2024\/07\/mta.png","contentUrl":"https:\/\/museutapies.org\/wp-content\/uploads\/2024\/07\/mta.png","width":244,"height":110,"caption":"Museu T\u00e0pies"},"image":{"@id":"https:\/\/museutapies.org\/en\/#\/schema\/logo\/image\/"},"sameAs":["https:\/\/www.facebook.com\/museutapies","https:\/\/www.instagram.com\/museutapies\/","https:\/\/www.youtube.com\/channel\/UCPi65HBb48RMeoa12lR51cQ","https:\/\/x.com\/MuseuTapies"]}]}},"_links":{"self":[{"href":"https:\/\/museutapies.org\/es\/wp-json\/wp\/v2\/pages\/6176"}],"collection":[{"href":"https:\/\/museutapies.org\/es\/wp-json\/wp\/v2\/pages"}],"about":[{"href":"https:\/\/museutapies.org\/es\/wp-json\/wp\/v2\/types\/page"}],"author":[{"embeddable":true,"href":"https:\/\/museutapies.org\/es\/wp-json\/wp\/v2\/users\/4"}],"replies":[{"embeddable":true,"href":"https:\/\/museutapies.org\/es\/wp-json\/wp\/v2\/comments?post=6176"}],"version-history":[{"count":3,"href":"https:\/\/museutapies.org\/es\/wp-json\/wp\/v2\/pages\/6176\/revisions"}],"predecessor-version":[{"id":6272,"href":"https:\/\/museutapies.org\/es\/wp-json\/wp\/v2\/pages\/6176\/revisions\/6272"}],"wp:attachment":[{"href":"https:\/\/museutapies.org\/es\/wp-json\/wp\/v2\/media?parent=6176"}],"curies":[{"name":"wp","href":"https:\/\/api.w.org\/{rel}","templated":true}]}}