{"id":6349,"date":"2018-02-05T08:45:51","date_gmt":"2018-02-05T08:45:51","guid":{"rendered":"https:\/\/museutapies.org\/avis-legal\/"},"modified":"2024-10-22T14:44:01","modified_gmt":"2024-10-22T12:44:01","slug":"aviso-legal","status":"publish","type":"page","link":"https:\/\/museutapies.org\/es\/aviso-legal\/","title":{"rendered":"Aviso legal"},"content":{"rendered":"<p>&nbsp;<\/p>\n<p><strong>Titularidad<\/strong><\/p>\n<p>&nbsp;<\/p>\n<p>En cumplimiento de la Ley 40\/2015, de 1 de octubre, de R\u00e9gimen Jur\u00eddico del Sector P\u00fablico, le informamos que el dominio www.museutapies.org es propiedad de FUNDACI\u00d3 PRIVADA ANTONI T\u00c0PIES, bajo la inscripci\u00f3n en el Registro de Fundaciones de la Generalitat de Catalunya, con el n\u00famero 164, de 9 de mayo de 1985.<\/p>\n<p>&nbsp;<\/p>\n<p>Denominaci\u00f3n: Fundaci\u00f3 Privada Antoni T\u00e0pies<br \/>\nDirecci\u00f3n: Arag\u00f3 255, 08007 Barcelona<br \/>\nTel\u00e9fono: +34 934 870 315<br \/>\nCorreo electr\u00f3nico: <a href=\"mailto:museu@ftapies.com\">museu@museutapies.org<\/a><\/p>\n<p>&nbsp;<\/p>\n<p>&nbsp;<\/p>\n<p><strong>Uso y funcionamiento de la web<\/strong><\/p>\n<p>&nbsp;<\/p>\n<p>Las p\u00e1ginas de la web <a href=\"https:\/\/www.museutapies.org\">www.museutapies.org<\/a> son de acceso p\u00fablico, libre y gratuito, y sus contenidos son meramente informativos y divulgativos. El acceso no implica por s\u00ed s\u00f3lo el establecimiento de relaci\u00f3n comercial alguna entre el Museu T\u00e0pies y el usuario.<\/p>\n<p>&nbsp;<\/p>\n<p>El usuario deber\u00e1 hacer uso de ella de conformidad con el presente Aviso Legal, la ley y el orden p\u00fablico. Por ello, el titular de esta web no podr\u00e1 asumir responsabilidad alguna que derive del uso indebido, incorrecto o il\u00edcito de la misma y\/o de su contenido, as\u00ed como por fraudes de suplantaci\u00f3n del nombre de dominio u otros de similar naturaleza.<\/p>\n<p>&nbsp;<\/p>\n<p>Con la finalidad exclusiva de ofrecer un mejor servicio y facilitar el uso de esta p\u00e1gina web, el proveedor de servicios de Hosting Web podr\u00eda elaborar una serie de datos estad\u00edsticos relativos al n\u00famero de p\u00e1ginas visitadas, as\u00ed como a los patrones de actividad de los visitantes de la misma, navegador utilizado y pa\u00eds de procedencia, datos que nunca har\u00e1n identificable al usuario.<\/p>\n<p>&nbsp;<\/p>\n<p>Todos los contenidos de esta web, incluyendo los textos, im\u00e1genes, sonido y cualquier otro material, son propiedad del Museu T\u00e0pies o de terceros que hayan autorizado su uso al Museu T\u00e0pies, y est\u00e1n protegidos por los correspondientes derechos de propiedad intelectual e industrial. La comunicaci\u00f3n p\u00fablica del material y los contenidos a trav\u00e9s de la web no implica en ning\u00fan caso la cesi\u00f3n, renuncia o transmisi\u00f3n, total o parcial, de los correspondientes derechos de propiedad intelectual e industrial. No se permite la reproducci\u00f3n total ni parcial de las im\u00e1genes o textos de esta web sin la autorizaci\u00f3n previa del Museu T\u00e0pies.<\/p>\n<p>&nbsp;<\/p>\n<p>Esta p\u00e1gina web podr\u00eda ofrecer links a recursos o sitios de Internet ajenos al presente. La finalidad de dichos enlaces es informativa, no constituyendo en ning\u00fan caso una invitaci\u00f3n a la contrataci\u00f3n de productos o servicios que se ofrezcan en la web de destino. Por todo ello, el Museu T\u00e0pies declina toda responsabilidad derivada de acciones u omisiones cometidas por dichos sitios web, con total independencia y autonom\u00eda respecto a los mismos.<\/p>\n","protected":false},"excerpt":{"rendered":"<p>&nbsp; Titularidad &nbsp; En cumplimiento de la Ley 40\/2015, de 1 de octubre, de R\u00e9gimen Jur\u00eddico del Sector P\u00fablico, le [&hellip;]<\/p>\n","protected":false},"author":1,"featured_media":0,"parent":0,"menu_order":0,"comment_status":"closed","ping_status":"closed","template":"template_sense-menu-lateral.php","meta":{"footnotes":""},"acf":[],"yoast_head":"<!-- This site is optimized with the Yoast SEO plugin v20.11 - https:\/\/yoast.com\/wordpress\/plugins\/seo\/ -->\n<title>Aviso legal - Museu T\u00e0pies<\/title>\n<meta name=\"robots\" content=\"index, follow, max-snippet:-1, max-image-preview:large, max-video-preview:-1\" \/>\n<meta property=\"og:locale\" content=\"es_ES\" \/>\n<meta property=\"og:type\" content=\"article\" \/>\n<meta property=\"og:title\" content=\"Aviso legal - Museu T\u00e0pies\" \/>\n<meta property=\"og:description\" content=\"&nbsp; Titularidad &nbsp; En cumplimiento de la Ley 40\/2015, de 1 de octubre, de R\u00e9gimen Jur\u00eddico del Sector P\u00fablico, le [&hellip;]\" \/>\n<meta property=\"og:url\" content=\"https:\/\/museutapies.org\/es\/aviso-legal\/\" \/>\n<meta property=\"og:site_name\" content=\"Museu T\u00e0pies\" \/>\n<meta property=\"article:publisher\" content=\"https:\/\/www.facebook.com\/museutapies\" \/>\n<meta property=\"article:modified_time\" content=\"2024-10-22T12:44:01+00:00\" \/>\n<meta name=\"twitter:card\" content=\"summary_large_image\" \/>\n<meta name=\"twitter:label1\" content=\"Tiempo de lectura\" \/>\n\t<meta name=\"twitter:data1\" content=\"3 minutos\" \/>\n<script type=\"application\/ld+json\" class=\"yoast-schema-graph\">{\"@context\":\"https:\/\/schema.org\",\"@graph\":[{\"@type\":\"WebPage\",\"@id\":\"https:\/\/museutapies.org\/es\/aviso-legal\/\",\"url\":\"https:\/\/museutapies.org\/es\/aviso-legal\/\",\"name\":\"Aviso legal - Museu T\u00e0pies\",\"isPartOf\":{\"@id\":\"https:\/\/museutapies.org\/en\/#website\"},\"datePublished\":\"2018-02-05T08:45:51+00:00\",\"dateModified\":\"2024-10-22T12:44:01+00:00\",\"inLanguage\":\"es\",\"potentialAction\":[{\"@type\":\"ReadAction\",\"target\":[\"https:\/\/museutapies.org\/es\/aviso-legal\/\"]}]},{\"@type\":\"WebSite\",\"@id\":\"https:\/\/museutapies.org\/en\/#website\",\"url\":\"https:\/\/museutapies.org\/en\/\",\"name\":\"Museu T\u00e0pies\",\"description\":\"\",\"publisher\":{\"@id\":\"https:\/\/museutapies.org\/en\/#organization\"},\"potentialAction\":[{\"@type\":\"SearchAction\",\"target\":{\"@type\":\"EntryPoint\",\"urlTemplate\":\"https:\/\/museutapies.org\/en\/?s={search_term_string}\"},\"query-input\":\"required name=search_term_string\"}],\"inLanguage\":\"es\"},{\"@type\":\"Organization\",\"@id\":\"https:\/\/museutapies.org\/en\/#organization\",\"name\":\"Museu T\u00e0pies\",\"url\":\"https:\/\/museutapies.org\/en\/\",\"logo\":{\"@type\":\"ImageObject\",\"inLanguage\":\"es\",\"@id\":\"https:\/\/museutapies.org\/en\/#\/schema\/logo\/image\/\",\"url\":\"https:\/\/museutapies.org\/wp-content\/uploads\/2024\/07\/mta.png\",\"contentUrl\":\"https:\/\/museutapies.org\/wp-content\/uploads\/2024\/07\/mta.png\",\"width\":244,\"height\":110,\"caption\":\"Museu T\u00e0pies\"},\"image\":{\"@id\":\"https:\/\/museutapies.org\/en\/#\/schema\/logo\/image\/\"},\"sameAs\":[\"https:\/\/www.facebook.com\/museutapies\",\"https:\/\/www.instagram.com\/museutapies\/\",\"https:\/\/www.youtube.com\/channel\/UCPi65HBb48RMeoa12lR51cQ\",\"https:\/\/x.com\/MuseuTapies\"]}]}<\/script>\n<!-- \/ Yoast SEO plugin. -->","yoast_head_json":{"title":"Aviso legal - Museu T\u00e0pies","robots":{"index":"index","follow":"follow","max-snippet":"max-snippet:-1","max-image-preview":"max-image-preview:large","max-video-preview":"max-video-preview:-1"},"og_locale":"es_ES","og_type":"article","og_title":"Aviso legal - Museu T\u00e0pies","og_description":"&nbsp; Titularidad &nbsp; En cumplimiento de la Ley 40\/2015, de 1 de octubre, de R\u00e9gimen Jur\u00eddico del Sector P\u00fablico, le [&hellip;]","og_url":"https:\/\/museutapies.org\/es\/aviso-legal\/","og_site_name":"Museu T\u00e0pies","article_publisher":"https:\/\/www.facebook.com\/museutapies","article_modified_time":"2024-10-22T12:44:01+00:00","twitter_card":"summary_large_image","twitter_misc":{"Tiempo de lectura":"3 minutos"},"schema":{"@context":"https:\/\/schema.org","@graph":[{"@type":"WebPage","@id":"https:\/\/museutapies.org\/es\/aviso-legal\/","url":"https:\/\/museutapies.org\/es\/aviso-legal\/","name":"Aviso legal - Museu T\u00e0pies","isPartOf":{"@id":"https:\/\/museutapies.org\/en\/#website"},"datePublished":"2018-02-05T08:45:51+00:00","dateModified":"2024-10-22T12:44:01+00:00","inLanguage":"es","potentialAction":[{"@type":"ReadAction","target":["https:\/\/museutapies.org\/es\/aviso-legal\/"]}]},{"@type":"WebSite","@id":"https:\/\/museutapies.org\/en\/#website","url":"https:\/\/museutapies.org\/en\/","name":"Museu T\u00e0pies","description":"","publisher":{"@id":"https:\/\/museutapies.org\/en\/#organization"},"potentialAction":[{"@type":"SearchAction","target":{"@type":"EntryPoint","urlTemplate":"https:\/\/museutapies.org\/en\/?s={search_term_string}"},"query-input":"required name=search_term_string"}],"inLanguage":"es"},{"@type":"Organization","@id":"https:\/\/museutapies.org\/en\/#organization","name":"Museu T\u00e0pies","url":"https:\/\/museutapies.org\/en\/","logo":{"@type":"ImageObject","inLanguage":"es","@id":"https:\/\/museutapies.org\/en\/#\/schema\/logo\/image\/","url":"https:\/\/museutapies.org\/wp-content\/uploads\/2024\/07\/mta.png","contentUrl":"https:\/\/museutapies.org\/wp-content\/uploads\/2024\/07\/mta.png","width":244,"height":110,"caption":"Museu T\u00e0pies"},"image":{"@id":"https:\/\/museutapies.org\/en\/#\/schema\/logo\/image\/"},"sameAs":["https:\/\/www.facebook.com\/museutapies","https:\/\/www.instagram.com\/museutapies\/","https:\/\/www.youtube.com\/channel\/UCPi65HBb48RMeoa12lR51cQ","https:\/\/x.com\/MuseuTapies"]}]}},"_links":{"self":[{"href":"https:\/\/museutapies.org\/es\/wp-json\/wp\/v2\/pages\/6349"}],"collection":[{"href":"https:\/\/museutapies.org\/es\/wp-json\/wp\/v2\/pages"}],"about":[{"href":"https:\/\/museutapies.org\/es\/wp-json\/wp\/v2\/types\/page"}],"author":[{"embeddable":true,"href":"https:\/\/museutapies.org\/es\/wp-json\/wp\/v2\/users\/1"}],"replies":[{"embeddable":true,"href":"https:\/\/museutapies.org\/es\/wp-json\/wp\/v2\/comments?post=6349"}],"version-history":[{"count":8,"href":"https:\/\/museutapies.org\/es\/wp-json\/wp\/v2\/pages\/6349\/revisions"}],"predecessor-version":[{"id":36561,"href":"https:\/\/museutapies.org\/es\/wp-json\/wp\/v2\/pages\/6349\/revisions\/36561"}],"wp:attachment":[{"href":"https:\/\/museutapies.org\/es\/wp-json\/wp\/v2\/media?parent=6349"}],"curies":[{"name":"wp","href":"https:\/\/api.w.org\/{rel}","templated":true}]}}