{"id":6375,"date":"2018-02-05T08:47:21","date_gmt":"2018-02-05T08:47:21","guid":{"rendered":"https:\/\/museutapies.org\/politica-de-cookies-2\/"},"modified":"2024-10-22T14:53:04","modified_gmt":"2024-10-22T12:53:04","slug":"politica-de-cookies","status":"publish","type":"page","link":"https:\/\/museutapies.org\/es\/politica-de-cookies\/","title":{"rendered":"Pol\u00edtica de cookies"},"content":{"rendered":"<p>&nbsp;<\/p>\n<p><strong>Qu\u00e9 \u00e9s una cookie?<\/strong><\/p>\n<p>&nbsp;<\/p>\n<p>Esta web utiliza <em>cookies<\/em> propias o de terceros para mejorar la experiencia del usuario. Una <em>cookie<\/em> es un peque\u00f1o archivo capaz de almacenar informaci\u00f3n que se descarga en el ordenador al acceder a la web con diversos fines: guardar preferencias de navegaci\u00f3n, recoger datos estad\u00edsticos, permitir algunas funcionalidades t\u00e9cnicas. Las cookies pueden ser propias o de terceros, seg\u00fan la entidad que gestione el dominio desde donde se env\u00edan y desde donde se traten los datos que se obtienen de ellas.<\/p>\n<p>&nbsp;<\/p>\n<p>&nbsp;<\/p>\n<p><strong>\u00bfQu\u00e9 cookies usa la Museu T\u00e0pies?<\/strong><\/p>\n<p>&nbsp;<\/p>\n<p>A continuaci\u00f3n detallamos las <em>cookies<\/em> usadas en la web <a href=\"https:\/\/www.museutapies.org\">www.museutapies.org<\/a>, junto con la descripci\u00f3n de sus funciones:<\/p>\n<p>&nbsp;<\/p>\n<p><strong>Cookies Propias<\/strong><\/p>\n<p>&nbsp;<\/p>\n<table>\n<tbody>\n<tr>\n<td>Cookie<\/td>\n<td>Nombre<\/td>\n<td>Prop\u00f3sito<\/td>\n<\/tr>\n<tr>\n<td>De sesi\u00f3n<\/td>\n<td>__cfduid<\/td>\n<td>Utilizadas para la identificaci\u00f3n del usuario y saber sus preferencias.<\/td>\n<\/tr>\n<tr>\n<td>T\u00e9cnica<\/td>\n<td>_icl_current_language<\/td>\n<td>Permite establecer y recordar el idioma en el que se visualiza la p\u00e1gina web.<\/td>\n<\/tr>\n<tr>\n<td>De sesi\u00f3n<\/td>\n<td>eucookie<\/td>\n<td>Comprobaci\u00f3n por parte de la web de si el navegador tiene las cookies activadas.<\/td>\n<\/tr>\n<tr>\n<td>T\u00e9cnica<\/td>\n<td>wfvt<\/td>\n<td>Se usa para proteger el sitio Web contra ataques maliciosos.<\/td>\n<\/tr>\n<tr>\n<td>T\u00e9cnica<\/td>\n<td>wordfence_verifiedHuman<\/td>\n<td>Utilizada para ofrecer seguridad al navegar en la p\u00e1gina Web.<\/td>\n<\/tr>\n<tr>\n<td>T\u00e9cnica<\/td>\n<td>wfwaf<\/td>\n<td>Utilizada por motivos de seguridad para evitar ataques a la web.<\/td>\n<\/tr>\n<tr>\n<td>T\u00e9cnica<\/td>\n<td>wp-settings<\/td>\n<td>Utilizada para personalizar la interfaz del usuario.<\/td>\n<\/tr>\n<\/tbody>\n<\/table>\n<p>&nbsp;<\/p>\n<p><strong>Cookies de Terceros<br \/>\n<\/strong><\/p>\n<p>&nbsp;<\/p>\n<table>\n<tbody>\n<tr>\n<td>Cookie<\/td>\n<td>Nombre<\/td>\n<td>Prop\u00f3sito<\/td>\n<\/tr>\n<tr>\n<td>Anal\u00edtica<\/td>\n<td>__ga<\/td>\n<td>Se usa para distinguir los usuarios.<\/td>\n<\/tr>\n<tr>\n<td>Anal\u00edtica<\/td>\n<td>__utma, __utmb, __utmc, __utmt, __utmz<\/td>\n<td>Informes estad\u00edsticos sobre como los usuarios encuentran la p\u00e1gina web y c\u00f3mo utlizan los recursos visuales de la misma: videos reproducidos, tiempo de visionado, tipo de navegador\u2026<\/td>\n<\/tr>\n<tr>\n<td>Anal\u00edtica<\/td>\n<td>UID, vuid<\/td>\n<td>Identificador para informes estad\u00edsticos de Vimeo.<\/td>\n<\/tr>\n<\/tbody>\n<\/table>\n<p>&nbsp;<\/p>\n<p>&nbsp;<\/p>\n<p><strong>\u00bfC\u00f3mo puedo desactivar las cookies?<\/strong><\/p>\n<p>&nbsp;<\/p>\n<p>Todos los navegadores permiten bloquear o eliminar la cookies instaladas. A continuaci\u00f3n, encontrar\u00e1s las instrucciones para desactivar las cookies en diferentes navegadores:<\/p>\n<p>&nbsp;<\/p>\n<p>&#8211; <a href=\"https:\/\/support.google.com\/chrome\/answer\/95647?hl=es\">Chrome<\/a><br \/>\n&#8211; <a href=\"https:\/\/support.mozilla.org\/es\/kb\/cookies-informacion-que-los-sitios-web-guardan-en-?redirectlocale=en-US&amp;redirectslug=Cookies\">Firefox<\/a><br \/>\n&#8211; <a href=\"https:\/\/support.microsoft.com\/es-es\/help\/17442\/windows-internet-explorer-delete-manage-cookies#ie=ie-11\">Internet Explorer<\/a><br \/>\n&#8211; <a href=\"https:\/\/www.apple.com\/legal\/privacy\/es\/cookies\/\">Safari<\/a><br \/>\n&#8211; <a href=\"http:\/\/help.opera.com\/Windows\/12.00\/es-ES\/cookies.html\">Opera<\/a><\/p>\n<p>&nbsp;<\/p>\n<p>Si tienes el navegador configurado para deshabilitar las <em>cookies<\/em>, puedes navegar a trav\u00e9s de la web pero podr\u00edas tener dificultades a la hora de utilizar las opciones avanzadas de los usuarios registrados.<\/p>\n","protected":false},"excerpt":{"rendered":"<p>&nbsp; Qu\u00e9 \u00e9s una cookie? &nbsp; Esta web utiliza cookies propias o de terceros para mejorar la experiencia del usuario. [&hellip;]<\/p>\n","protected":false},"author":1,"featured_media":0,"parent":0,"menu_order":0,"comment_status":"closed","ping_status":"closed","template":"template_sense-menu-lateral.php","meta":{"footnotes":""},"acf":[],"yoast_head":"<!-- This site is optimized with the Yoast SEO plugin v20.11 - https:\/\/yoast.com\/wordpress\/plugins\/seo\/ -->\n<title>Pol\u00edtica de cookies - Museu T\u00e0pies<\/title>\n<meta name=\"robots\" content=\"index, follow, max-snippet:-1, max-image-preview:large, max-video-preview:-1\" \/>\n<meta property=\"og:locale\" content=\"es_ES\" \/>\n<meta property=\"og:type\" content=\"article\" \/>\n<meta property=\"og:title\" content=\"Pol\u00edtica de cookies - Museu T\u00e0pies\" \/>\n<meta property=\"og:description\" content=\"&nbsp; Qu\u00e9 \u00e9s una cookie? &nbsp; Esta web utiliza cookies propias o de terceros para mejorar la experiencia del usuario. [&hellip;]\" \/>\n<meta property=\"og:url\" content=\"https:\/\/museutapies.org\/es\/politica-de-cookies\/\" \/>\n<meta property=\"og:site_name\" content=\"Museu T\u00e0pies\" \/>\n<meta property=\"article:publisher\" content=\"https:\/\/www.facebook.com\/museutapies\" \/>\n<meta property=\"article:modified_time\" content=\"2024-10-22T12:53:04+00:00\" \/>\n<meta name=\"twitter:card\" content=\"summary_large_image\" \/>\n<meta name=\"twitter:label1\" content=\"Tiempo de lectura\" \/>\n\t<meta name=\"twitter:data1\" content=\"2 minutos\" \/>\n<script type=\"application\/ld+json\" class=\"yoast-schema-graph\">{\"@context\":\"https:\/\/schema.org\",\"@graph\":[{\"@type\":\"WebPage\",\"@id\":\"https:\/\/museutapies.org\/es\/politica-de-cookies\/\",\"url\":\"https:\/\/museutapies.org\/es\/politica-de-cookies\/\",\"name\":\"Pol\u00edtica de cookies - Museu T\u00e0pies\",\"isPartOf\":{\"@id\":\"https:\/\/museutapies.org\/en\/#website\"},\"datePublished\":\"2018-02-05T08:47:21+00:00\",\"dateModified\":\"2024-10-22T12:53:04+00:00\",\"inLanguage\":\"es\",\"potentialAction\":[{\"@type\":\"ReadAction\",\"target\":[\"https:\/\/museutapies.org\/es\/politica-de-cookies\/\"]}]},{\"@type\":\"WebSite\",\"@id\":\"https:\/\/museutapies.org\/en\/#website\",\"url\":\"https:\/\/museutapies.org\/en\/\",\"name\":\"Museu T\u00e0pies\",\"description\":\"\",\"publisher\":{\"@id\":\"https:\/\/museutapies.org\/en\/#organization\"},\"potentialAction\":[{\"@type\":\"SearchAction\",\"target\":{\"@type\":\"EntryPoint\",\"urlTemplate\":\"https:\/\/museutapies.org\/en\/?s={search_term_string}\"},\"query-input\":\"required name=search_term_string\"}],\"inLanguage\":\"es\"},{\"@type\":\"Organization\",\"@id\":\"https:\/\/museutapies.org\/en\/#organization\",\"name\":\"Museu T\u00e0pies\",\"url\":\"https:\/\/museutapies.org\/en\/\",\"logo\":{\"@type\":\"ImageObject\",\"inLanguage\":\"es\",\"@id\":\"https:\/\/museutapies.org\/en\/#\/schema\/logo\/image\/\",\"url\":\"https:\/\/museutapies.org\/wp-content\/uploads\/2024\/07\/mta.png\",\"contentUrl\":\"https:\/\/museutapies.org\/wp-content\/uploads\/2024\/07\/mta.png\",\"width\":244,\"height\":110,\"caption\":\"Museu T\u00e0pies\"},\"image\":{\"@id\":\"https:\/\/museutapies.org\/en\/#\/schema\/logo\/image\/\"},\"sameAs\":[\"https:\/\/www.facebook.com\/museutapies\",\"https:\/\/www.instagram.com\/museutapies\/\",\"https:\/\/www.youtube.com\/channel\/UCPi65HBb48RMeoa12lR51cQ\",\"https:\/\/x.com\/MuseuTapies\"]}]}<\/script>\n<!-- \/ Yoast SEO plugin. -->","yoast_head_json":{"title":"Pol\u00edtica de cookies - Museu T\u00e0pies","robots":{"index":"index","follow":"follow","max-snippet":"max-snippet:-1","max-image-preview":"max-image-preview:large","max-video-preview":"max-video-preview:-1"},"og_locale":"es_ES","og_type":"article","og_title":"Pol\u00edtica de cookies - Museu T\u00e0pies","og_description":"&nbsp; Qu\u00e9 \u00e9s una cookie? &nbsp; Esta web utiliza cookies propias o de terceros para mejorar la experiencia del usuario. [&hellip;]","og_url":"https:\/\/museutapies.org\/es\/politica-de-cookies\/","og_site_name":"Museu T\u00e0pies","article_publisher":"https:\/\/www.facebook.com\/museutapies","article_modified_time":"2024-10-22T12:53:04+00:00","twitter_card":"summary_large_image","twitter_misc":{"Tiempo de lectura":"2 minutos"},"schema":{"@context":"https:\/\/schema.org","@graph":[{"@type":"WebPage","@id":"https:\/\/museutapies.org\/es\/politica-de-cookies\/","url":"https:\/\/museutapies.org\/es\/politica-de-cookies\/","name":"Pol\u00edtica de cookies - Museu T\u00e0pies","isPartOf":{"@id":"https:\/\/museutapies.org\/en\/#website"},"datePublished":"2018-02-05T08:47:21+00:00","dateModified":"2024-10-22T12:53:04+00:00","inLanguage":"es","potentialAction":[{"@type":"ReadAction","target":["https:\/\/museutapies.org\/es\/politica-de-cookies\/"]}]},{"@type":"WebSite","@id":"https:\/\/museutapies.org\/en\/#website","url":"https:\/\/museutapies.org\/en\/","name":"Museu T\u00e0pies","description":"","publisher":{"@id":"https:\/\/museutapies.org\/en\/#organization"},"potentialAction":[{"@type":"SearchAction","target":{"@type":"EntryPoint","urlTemplate":"https:\/\/museutapies.org\/en\/?s={search_term_string}"},"query-input":"required name=search_term_string"}],"inLanguage":"es"},{"@type":"Organization","@id":"https:\/\/museutapies.org\/en\/#organization","name":"Museu T\u00e0pies","url":"https:\/\/museutapies.org\/en\/","logo":{"@type":"ImageObject","inLanguage":"es","@id":"https:\/\/museutapies.org\/en\/#\/schema\/logo\/image\/","url":"https:\/\/museutapies.org\/wp-content\/uploads\/2024\/07\/mta.png","contentUrl":"https:\/\/museutapies.org\/wp-content\/uploads\/2024\/07\/mta.png","width":244,"height":110,"caption":"Museu T\u00e0pies"},"image":{"@id":"https:\/\/museutapies.org\/en\/#\/schema\/logo\/image\/"},"sameAs":["https:\/\/www.facebook.com\/museutapies","https:\/\/www.instagram.com\/museutapies\/","https:\/\/www.youtube.com\/channel\/UCPi65HBb48RMeoa12lR51cQ","https:\/\/x.com\/MuseuTapies"]}]}},"_links":{"self":[{"href":"https:\/\/museutapies.org\/es\/wp-json\/wp\/v2\/pages\/6375"}],"collection":[{"href":"https:\/\/museutapies.org\/es\/wp-json\/wp\/v2\/pages"}],"about":[{"href":"https:\/\/museutapies.org\/es\/wp-json\/wp\/v2\/types\/page"}],"author":[{"embeddable":true,"href":"https:\/\/museutapies.org\/es\/wp-json\/wp\/v2\/users\/1"}],"replies":[{"embeddable":true,"href":"https:\/\/museutapies.org\/es\/wp-json\/wp\/v2\/comments?post=6375"}],"version-history":[{"count":4,"href":"https:\/\/museutapies.org\/es\/wp-json\/wp\/v2\/pages\/6375\/revisions"}],"predecessor-version":[{"id":36564,"href":"https:\/\/museutapies.org\/es\/wp-json\/wp\/v2\/pages\/6375\/revisions\/36564"}],"wp:attachment":[{"href":"https:\/\/museutapies.org\/es\/wp-json\/wp\/v2\/media?parent=6375"}],"curies":[{"name":"wp","href":"https:\/\/api.w.org\/{rel}","templated":true}]}}