{"id":8032,"date":"2018-05-08T08:51:34","date_gmt":"2018-05-08T08:51:34","guid":{"rendered":"https:\/\/museutapies.org\/?page_id=8032"},"modified":"2026-01-07T14:12:06","modified_gmt":"2026-01-07T13:12:06","slug":"certificados-autenticidad-obra-original-antoni-tapies","status":"publish","type":"page","link":"https:\/\/museutapies.org\/es\/patronato\/certificados-autenticidad-obra-original-antoni-tapies\/","title":{"rendered":"Certificados de autenticidad de obra original de Antoni T\u00e0pies"},"content":{"rendered":"<p>&nbsp;<\/p>\n<p>La Comisi\u00f3n T\u00e0pies se encarga de acreditar obras de arte atribuidas a Antoni T\u00e0pies y expedir los certificados de autenticidad que corresponden. Estos certificados son los \u00fanicos autorizados por el artista y que poseen valor oficial.<\/p>\n<p>&nbsp;<\/p>\n<p>Para obtener un certificado de autenticidad de una obra de arte de Antoni T\u00e0pies, las obras deben someterse a la normativa pautada por la Comisi\u00f3n T\u00e0pies que pod\u00e9is consultar en el formulario adjunto.<\/p>\n<p>&nbsp;<\/p>\n<p>Para m\u00e1s informaci\u00f3n, pod\u00e9is contactar con la Comisi\u00f3n T\u00e0pies:<\/p>\n<p>&nbsp;<\/p>\n<p>Margarita Burbano<br \/>\nC\/o. Comisi\u00f3n T\u00e0pies<br \/>\ne-mail: tapies.antoni@gmail.com<\/p>\n<p>&nbsp;<\/p>\n<p><a href=\"https:\/\/drive.google.com\/file\/d\/1MXUMMf35dDYRRcJL_7PjVygbXTIuDM7-\/view?usp=sharing\"><strong>NORMATIVA EN CASTELLANO<\/strong><\/a><\/p>\n<p>&nbsp;<\/p>\n<p>_<\/p>\n","protected":false},"excerpt":{"rendered":"<p>&nbsp; La Comisi\u00f3n T\u00e0pies se encarga de acreditar obras de arte atribuidas a Antoni T\u00e0pies y expedir los certificados de [&hellip;]<\/p>\n","protected":false},"author":2,"featured_media":43186,"parent":2042,"menu_order":0,"comment_status":"closed","ping_status":"closed","template":"","meta":{"footnotes":""},"acf":[],"yoast_head":"<!-- This site is optimized with the Yoast SEO plugin v20.11 - https:\/\/yoast.com\/wordpress\/plugins\/seo\/ -->\n<title>Certificados de autenticidad de obra original de Antoni T\u00e0pies - Museu T\u00e0pies<\/title>\n<meta name=\"description\" content=\"La Comisi\u00f3n T\u00e0pies se encarga de acreditar obras de arte atribuidas a Antoni T\u00e0pies y expedir los certificados de autenticidad.\" \/>\n<meta name=\"robots\" content=\"index, follow, max-snippet:-1, max-image-preview:large, max-video-preview:-1\" \/>\n<meta property=\"og:locale\" content=\"es_ES\" \/>\n<meta property=\"og:type\" content=\"article\" \/>\n<meta property=\"og:title\" content=\"Certificados de autenticidad de obra original de Antoni T\u00e0pies - Museu T\u00e0pies\" \/>\n<meta property=\"og:description\" content=\"La Comisi\u00f3n T\u00e0pies se encarga de acreditar obras de arte atribuidas a Antoni T\u00e0pies y expedir los certificados de autenticidad.\" \/>\n<meta property=\"og:url\" content=\"https:\/\/museutapies.org\/es\/patronato\/certificados-autenticidad-obra-original-antoni-tapies\/\" \/>\n<meta property=\"og:site_name\" content=\"Museu T\u00e0pies\" \/>\n<meta property=\"article:publisher\" content=\"https:\/\/www.facebook.com\/museutapies\" \/>\n<meta property=\"article:modified_time\" content=\"2026-01-07T13:12:06+00:00\" \/>\n<meta property=\"og:image\" content=\"https:\/\/museutapies.org\/wp-content\/uploads\/2026\/01\/firma-tapies-2.jpg\" \/>\n\t<meta property=\"og:image:width\" content=\"318\" \/>\n\t<meta property=\"og:image:height\" content=\"195\" \/>\n\t<meta property=\"og:image:type\" content=\"image\/jpeg\" \/>\n<meta name=\"twitter:card\" content=\"summary_large_image\" \/>\n<meta name=\"twitter:label1\" content=\"Tiempo de lectura\" \/>\n\t<meta name=\"twitter:data1\" content=\"1 minuto\" \/>\n<script type=\"application\/ld+json\" class=\"yoast-schema-graph\">{\"@context\":\"https:\/\/schema.org\",\"@graph\":[{\"@type\":\"WebPage\",\"@id\":\"https:\/\/museutapies.org\/es\/patronato\/certificados-autenticidad-obra-original-antoni-tapies\/\",\"url\":\"https:\/\/museutapies.org\/es\/patronato\/certificados-autenticidad-obra-original-antoni-tapies\/\",\"name\":\"Certificados de autenticidad de obra original de Antoni T\u00e0pies - Museu T\u00e0pies\",\"isPartOf\":{\"@id\":\"https:\/\/museutapies.org\/en\/#website\"},\"datePublished\":\"2018-05-08T08:51:34+00:00\",\"dateModified\":\"2026-01-07T13:12:06+00:00\",\"description\":\"La Comisi\u00f3n T\u00e0pies se encarga de acreditar obras de arte atribuidas a Antoni T\u00e0pies y expedir los certificados de autenticidad.\",\"breadcrumb\":{\"@id\":\"https:\/\/museutapies.org\/es\/patronato\/certificados-autenticidad-obra-original-antoni-tapies\/#breadcrumb\"},\"inLanguage\":\"es\",\"potentialAction\":[{\"@type\":\"ReadAction\",\"target\":[\"https:\/\/museutapies.org\/es\/patronato\/certificados-autenticidad-obra-original-antoni-tapies\/\"]}]},{\"@type\":\"BreadcrumbList\",\"@id\":\"https:\/\/museutapies.org\/es\/patronato\/certificados-autenticidad-obra-original-antoni-tapies\/#breadcrumb\",\"itemListElement\":[{\"@type\":\"ListItem\",\"position\":1,\"name\":\"Patronato\",\"item\":\"https:\/\/museutapies.org\/es\/patronato\/\"},{\"@type\":\"ListItem\",\"position\":2,\"name\":\"Certificados de autenticidad de obra original de Antoni T\u00e0pies\"}]},{\"@type\":\"WebSite\",\"@id\":\"https:\/\/museutapies.org\/en\/#website\",\"url\":\"https:\/\/museutapies.org\/en\/\",\"name\":\"Museu T\u00e0pies\",\"description\":\"\",\"publisher\":{\"@id\":\"https:\/\/museutapies.org\/en\/#organization\"},\"potentialAction\":[{\"@type\":\"SearchAction\",\"target\":{\"@type\":\"EntryPoint\",\"urlTemplate\":\"https:\/\/museutapies.org\/en\/?s={search_term_string}\"},\"query-input\":\"required name=search_term_string\"}],\"inLanguage\":\"es\"},{\"@type\":\"Organization\",\"@id\":\"https:\/\/museutapies.org\/en\/#organization\",\"name\":\"Museu T\u00e0pies\",\"url\":\"https:\/\/museutapies.org\/en\/\",\"logo\":{\"@type\":\"ImageObject\",\"inLanguage\":\"es\",\"@id\":\"https:\/\/museutapies.org\/en\/#\/schema\/logo\/image\/\",\"url\":\"https:\/\/museutapies.org\/wp-content\/uploads\/2024\/07\/mta.png\",\"contentUrl\":\"https:\/\/museutapies.org\/wp-content\/uploads\/2024\/07\/mta.png\",\"width\":244,\"height\":110,\"caption\":\"Museu T\u00e0pies\"},\"image\":{\"@id\":\"https:\/\/museutapies.org\/en\/#\/schema\/logo\/image\/\"},\"sameAs\":[\"https:\/\/www.facebook.com\/museutapies\",\"https:\/\/www.instagram.com\/museutapies\/\",\"https:\/\/www.youtube.com\/channel\/UCPi65HBb48RMeoa12lR51cQ\",\"https:\/\/x.com\/MuseuTapies\"]}]}<\/script>\n<!-- \/ Yoast SEO plugin. -->","yoast_head_json":{"title":"Certificados de autenticidad de obra original de Antoni T\u00e0pies - Museu T\u00e0pies","description":"La Comisi\u00f3n T\u00e0pies se encarga de acreditar obras de arte atribuidas a Antoni T\u00e0pies y expedir los certificados de autenticidad.","robots":{"index":"index","follow":"follow","max-snippet":"max-snippet:-1","max-image-preview":"max-image-preview:large","max-video-preview":"max-video-preview:-1"},"og_locale":"es_ES","og_type":"article","og_title":"Certificados de autenticidad de obra original de Antoni T\u00e0pies - Museu T\u00e0pies","og_description":"La Comisi\u00f3n T\u00e0pies se encarga de acreditar obras de arte atribuidas a Antoni T\u00e0pies y expedir los certificados de autenticidad.","og_url":"https:\/\/museutapies.org\/es\/patronato\/certificados-autenticidad-obra-original-antoni-tapies\/","og_site_name":"Museu T\u00e0pies","article_publisher":"https:\/\/www.facebook.com\/museutapies","article_modified_time":"2026-01-07T13:12:06+00:00","og_image":[{"width":318,"height":195,"url":"https:\/\/museutapies.org\/wp-content\/uploads\/2026\/01\/firma-tapies-2.jpg","type":"image\/jpeg"}],"twitter_card":"summary_large_image","twitter_misc":{"Tiempo de lectura":"1 minuto"},"schema":{"@context":"https:\/\/schema.org","@graph":[{"@type":"WebPage","@id":"https:\/\/museutapies.org\/es\/patronato\/certificados-autenticidad-obra-original-antoni-tapies\/","url":"https:\/\/museutapies.org\/es\/patronato\/certificados-autenticidad-obra-original-antoni-tapies\/","name":"Certificados de autenticidad de obra original de Antoni T\u00e0pies - Museu T\u00e0pies","isPartOf":{"@id":"https:\/\/museutapies.org\/en\/#website"},"datePublished":"2018-05-08T08:51:34+00:00","dateModified":"2026-01-07T13:12:06+00:00","description":"La Comisi\u00f3n T\u00e0pies se encarga de acreditar obras de arte atribuidas a Antoni T\u00e0pies y expedir los certificados de autenticidad.","breadcrumb":{"@id":"https:\/\/museutapies.org\/es\/patronato\/certificados-autenticidad-obra-original-antoni-tapies\/#breadcrumb"},"inLanguage":"es","potentialAction":[{"@type":"ReadAction","target":["https:\/\/museutapies.org\/es\/patronato\/certificados-autenticidad-obra-original-antoni-tapies\/"]}]},{"@type":"BreadcrumbList","@id":"https:\/\/museutapies.org\/es\/patronato\/certificados-autenticidad-obra-original-antoni-tapies\/#breadcrumb","itemListElement":[{"@type":"ListItem","position":1,"name":"Patronato","item":"https:\/\/museutapies.org\/es\/patronato\/"},{"@type":"ListItem","position":2,"name":"Certificados de autenticidad de obra original de Antoni T\u00e0pies"}]},{"@type":"WebSite","@id":"https:\/\/museutapies.org\/en\/#website","url":"https:\/\/museutapies.org\/en\/","name":"Museu T\u00e0pies","description":"","publisher":{"@id":"https:\/\/museutapies.org\/en\/#organization"},"potentialAction":[{"@type":"SearchAction","target":{"@type":"EntryPoint","urlTemplate":"https:\/\/museutapies.org\/en\/?s={search_term_string}"},"query-input":"required name=search_term_string"}],"inLanguage":"es"},{"@type":"Organization","@id":"https:\/\/museutapies.org\/en\/#organization","name":"Museu T\u00e0pies","url":"https:\/\/museutapies.org\/en\/","logo":{"@type":"ImageObject","inLanguage":"es","@id":"https:\/\/museutapies.org\/en\/#\/schema\/logo\/image\/","url":"https:\/\/museutapies.org\/wp-content\/uploads\/2024\/07\/mta.png","contentUrl":"https:\/\/museutapies.org\/wp-content\/uploads\/2024\/07\/mta.png","width":244,"height":110,"caption":"Museu T\u00e0pies"},"image":{"@id":"https:\/\/museutapies.org\/en\/#\/schema\/logo\/image\/"},"sameAs":["https:\/\/www.facebook.com\/museutapies","https:\/\/www.instagram.com\/museutapies\/","https:\/\/www.youtube.com\/channel\/UCPi65HBb48RMeoa12lR51cQ","https:\/\/x.com\/MuseuTapies"]}]}},"_links":{"self":[{"href":"https:\/\/museutapies.org\/es\/wp-json\/wp\/v2\/pages\/8032"}],"collection":[{"href":"https:\/\/museutapies.org\/es\/wp-json\/wp\/v2\/pages"}],"about":[{"href":"https:\/\/museutapies.org\/es\/wp-json\/wp\/v2\/types\/page"}],"author":[{"embeddable":true,"href":"https:\/\/museutapies.org\/es\/wp-json\/wp\/v2\/users\/2"}],"replies":[{"embeddable":true,"href":"https:\/\/museutapies.org\/es\/wp-json\/wp\/v2\/comments?post=8032"}],"version-history":[{"count":12,"href":"https:\/\/museutapies.org\/es\/wp-json\/wp\/v2\/pages\/8032\/revisions"}],"predecessor-version":[{"id":43200,"href":"https:\/\/museutapies.org\/es\/wp-json\/wp\/v2\/pages\/8032\/revisions\/43200"}],"up":[{"embeddable":true,"href":"https:\/\/museutapies.org\/es\/wp-json\/wp\/v2\/pages\/2042"}],"wp:featuredmedia":[{"embeddable":true,"href":"https:\/\/museutapies.org\/es\/wp-json\/wp\/v2\/media\/43186"}],"wp:attachment":[{"href":"https:\/\/museutapies.org\/es\/wp-json\/wp\/v2\/media?parent=8032"}],"curies":[{"name":"wp","href":"https:\/\/api.w.org\/{rel}","templated":true}]}}