{"id":8996,"date":"2018-01-22T09:45:06","date_gmt":"2018-01-22T09:45:06","guid":{"rendered":"https:\/\/museutapies.org\/biografia-breu\/"},"modified":"2025-01-20T12:30:24","modified_gmt":"2025-01-20T11:30:24","slug":"biografia-breve","status":"publish","type":"page","link":"https:\/\/museutapies.org\/es\/biografia-breve\/","title":{"rendered":"Antoni T\u00e0pies | Biograf\u00eda breve"},"content":{"rendered":"<p>&nbsp;<\/p>\n<p><img loading=\"lazy\" decoding=\"async\" class=\"alignnone size-medium wp-image-37372\" src=\"https:\/\/museutapies.org\/wp-content\/uploads\/2025\/01\/Antoni_Tapies_1-800x694.jpg\" alt=\"\" width=\"800\" height=\"694\" srcset=\"https:\/\/museutapies.org\/wp-content\/uploads\/2025\/01\/Antoni_Tapies_1-800x694.jpg 800w, https:\/\/museutapies.org\/wp-content\/uploads\/2025\/01\/Antoni_Tapies_1-807x700.jpg 807w, https:\/\/museutapies.org\/wp-content\/uploads\/2025\/01\/Antoni_Tapies_1-768x666.jpg 768w, https:\/\/museutapies.org\/wp-content\/uploads\/2025\/01\/Antoni_Tapies_1-500x434.jpg 500w, https:\/\/museutapies.org\/wp-content\/uploads\/2025\/01\/Antoni_Tapies_1-380x330.jpg 380w, https:\/\/museutapies.org\/wp-content\/uploads\/2025\/01\/Antoni_Tapies_1-600x520.jpg 600w, https:\/\/museutapies.org\/wp-content\/uploads\/2025\/01\/Antoni_Tapies_1.jpg 1500w\" sizes=\"(max-width: 800px) 100vw, 800px\" \/><\/p>\n<p>&nbsp;<\/p>\n<p>&nbsp;<\/p>\n<p>Antoni T\u00e0pies (Barcelona, Catalu\u00f1a, 1923-2012) inicia sus tanteos art\u00edsticos durante la larga convalecencia de una grave enfermedad. La creciente dedicaci\u00f3n al dibujo y a la pintura le empujan a abandonar los estudios universitarios. En la d\u00e9cada de 1940 ya expone sus obras, de marcada personalidad, que lo destacan en la panor\u00e1mica art\u00edstica del momento. Es cofundador de la revista <em>Dau al Set<\/em> (1948). Influenciado por Mir\u00f3 y Klee incrementa entonces el factor iconogr\u00e1fico y la tem\u00e1tica m\u00e1gica. Poco a poco incorpora elementos geometrizantes y estudios de color que desembocan en un inter\u00e9s por la materia, el cual se traduce en telas de textura intensa y de grandes posibilidades expresivas y comunicativas.<\/p>\n<p>&nbsp;<\/p>\n<p>Con estas obras T\u00e0pies logra, hacia mediados de los a\u00f1os cincuenta, el reconocimiento internacional. A partir de la d\u00e9cada de los sesenta incorpora nuevos elementos iconogr\u00e1ficos (signos de escritura, elementos antropom\u00f3rficos, pisadas y signos que aluden a la realidad de Catalu\u00f1a) y procedimientos t\u00e9cnicos (nuevas superficies, uso de objetos cotidianos y del barniz). El lenguaje pict\u00f3rico de T\u00e0pies ha evolucionado desde entonces y ha dado como resultado una creaci\u00f3n pl\u00e1stica diversificada y productiva admirada alrededor del mundo.<\/p>\n<p>&nbsp;<\/p>\n<p>Ha exhibido en el Museum of Modern Art y en el Solomon R. Guggenheim Museum de Nueva York, en el Museum of Contemporary Art de Los Angeles, en el Institute of Contemporary Arts y en la Serpentine Gallery de Londres, en la Neue Nationalgalerie de Berl\u00edn y en la Kunsthaus de Zurich, en el Mus\u00e9e d\u2019Art moderne de la Ville de Paris, en el Jeu de Paume y en el Centre Pompidou de Par\u00eds, en el Museo Nacional Centro de Arte Reina Sof\u00eda de Madrid, en el Institut Valenci\u00e0 d\u2019Art Modern de Valencia y en el Museu d\u2019Art Contemporani de Barcelona, entre muchos otros.<\/p>\n<p>&nbsp;<\/p>\n<p>Paralelamente a su actividad art\u00edstica, Antoni T\u00e0pies ha desarrollado una labor de escritor que ha dado lugar a diversas publicaciones: <em>La pr\u00e0ctica de l\u2019art<\/em> (La pr\u00e1ctica del arte, 1970), <em>L\u2019art contra l\u2019est\u00e8tica<\/em> (El arte contra la est\u00e9tica, 1974), <em>Mem\u00f2ria personal<\/em> (Memoria personal, 1977), <em>La realitat com a art<\/em> (La realidad como arte, 1982), <em>Per un art modern i progressista<\/em> (Por un arte moderno y progresista, 1985),<em> Valor de l\u2019art<\/em> (Valor del arte, 1993) y <em>L\u2019art i els seus llocs<\/em> (El arte y sus lugares, 1999).<\/p>\n<p>&nbsp;<\/p>\n<p>Antoni T\u00e0pies cre\u00f3 la Fundaci\u00f3 Antoni T\u00e0pies en el 1984 con el objetivo de promover el estudio y el conocimiento del arte contempor\u00e1neo, poniendo especial atenci\u00f3n en el an\u00e1lisis de su papel en la formaci\u00f3n de la conciencia del hombre moderno.<\/p>\n<p>&nbsp;<\/p>\n<p>&nbsp;<\/p>\n<p><strong><a href=\"https:\/\/museutapies.org\/es\/biografia\/\">Antoni T\u00e0pies | Biografia completa<\/a><\/strong><\/p>\n<p>&nbsp;<\/p>\n<p><span style=\"font-size: 10pt\">[Antoni T\u00e0pies en su estudio, Barcelona, 2002. Fotograf\u00eda: Teresa T\u00e0pies Dom\u00e8nech.]<\/span><\/p>\n","protected":false},"excerpt":{"rendered":"<p>&nbsp; &nbsp; &nbsp; Antoni T\u00e0pies (Barcelona, Catalu\u00f1a, 1923-2012) inicia sus tanteos art\u00edsticos durante la larga convalecencia de una grave enfermedad. [&hellip;]<\/p>\n","protected":false},"author":1,"featured_media":0,"parent":0,"menu_order":0,"comment_status":"closed","ping_status":"closed","template":"template_sense-menu-lateral.php","meta":{"footnotes":""},"acf":[],"yoast_head":"<!-- This site is optimized with the Yoast SEO plugin v20.11 - https:\/\/yoast.com\/wordpress\/plugins\/seo\/ -->\n<title>Antoni T\u00e0pies | Biograf\u00eda breve - Museu T\u00e0pies<\/title>\n<meta name=\"description\" content=\"Breve biograf\u00eda del artista catal\u00e1n Antoni T\u00e0pies, des de sus primeros tanteos pict\u00f3ricos a sus grandes exposiciones retrospectivas.\" \/>\n<meta name=\"robots\" content=\"index, follow, max-snippet:-1, max-image-preview:large, max-video-preview:-1\" \/>\n<meta property=\"og:locale\" content=\"es_ES\" \/>\n<meta property=\"og:type\" content=\"article\" \/>\n<meta property=\"og:title\" content=\"Antoni T\u00e0pies | Biograf\u00eda breve - Museu T\u00e0pies\" \/>\n<meta property=\"og:description\" content=\"Breve biograf\u00eda del artista catal\u00e1n Antoni T\u00e0pies, des de sus primeros tanteos pict\u00f3ricos a sus grandes exposiciones retrospectivas.\" \/>\n<meta property=\"og:url\" content=\"https:\/\/museutapies.org\/es\/biografia-breve\/\" \/>\n<meta property=\"og:site_name\" content=\"Museu T\u00e0pies\" \/>\n<meta property=\"article:publisher\" content=\"https:\/\/www.facebook.com\/museutapies\" \/>\n<meta property=\"article:modified_time\" content=\"2025-01-20T11:30:24+00:00\" \/>\n<meta property=\"og:image\" content=\"https:\/\/museutapies.org\/wp-content\/uploads\/2025\/01\/Antoni_Tapies_1-800x694.jpg\" \/>\n<meta name=\"twitter:card\" content=\"summary_large_image\" \/>\n<meta name=\"twitter:label1\" content=\"Tiempo de lectura\" \/>\n\t<meta name=\"twitter:data1\" content=\"3 minutos\" \/>\n<script type=\"application\/ld+json\" class=\"yoast-schema-graph\">{\"@context\":\"https:\/\/schema.org\",\"@graph\":[{\"@type\":\"WebPage\",\"@id\":\"https:\/\/museutapies.org\/es\/biografia-breve\/\",\"url\":\"https:\/\/museutapies.org\/es\/biografia-breve\/\",\"name\":\"Antoni T\u00e0pies | Biograf\u00eda breve - Museu T\u00e0pies\",\"isPartOf\":{\"@id\":\"https:\/\/museutapies.org\/en\/#website\"},\"datePublished\":\"2018-01-22T09:45:06+00:00\",\"dateModified\":\"2025-01-20T11:30:24+00:00\",\"description\":\"Breve biograf\u00eda del artista catal\u00e1n Antoni T\u00e0pies, des de sus primeros tanteos pict\u00f3ricos a sus grandes exposiciones retrospectivas.\",\"inLanguage\":\"es\",\"potentialAction\":[{\"@type\":\"ReadAction\",\"target\":[\"https:\/\/museutapies.org\/es\/biografia-breve\/\"]}]},{\"@type\":\"WebSite\",\"@id\":\"https:\/\/museutapies.org\/en\/#website\",\"url\":\"https:\/\/museutapies.org\/en\/\",\"name\":\"Museu T\u00e0pies\",\"description\":\"\",\"publisher\":{\"@id\":\"https:\/\/museutapies.org\/en\/#organization\"},\"potentialAction\":[{\"@type\":\"SearchAction\",\"target\":{\"@type\":\"EntryPoint\",\"urlTemplate\":\"https:\/\/museutapies.org\/en\/?s={search_term_string}\"},\"query-input\":\"required name=search_term_string\"}],\"inLanguage\":\"es\"},{\"@type\":\"Organization\",\"@id\":\"https:\/\/museutapies.org\/en\/#organization\",\"name\":\"Museu T\u00e0pies\",\"url\":\"https:\/\/museutapies.org\/en\/\",\"logo\":{\"@type\":\"ImageObject\",\"inLanguage\":\"es\",\"@id\":\"https:\/\/museutapies.org\/en\/#\/schema\/logo\/image\/\",\"url\":\"https:\/\/museutapies.org\/wp-content\/uploads\/2024\/07\/mta.png\",\"contentUrl\":\"https:\/\/museutapies.org\/wp-content\/uploads\/2024\/07\/mta.png\",\"width\":244,\"height\":110,\"caption\":\"Museu T\u00e0pies\"},\"image\":{\"@id\":\"https:\/\/museutapies.org\/en\/#\/schema\/logo\/image\/\"},\"sameAs\":[\"https:\/\/www.facebook.com\/museutapies\",\"https:\/\/www.instagram.com\/museutapies\/\",\"https:\/\/www.youtube.com\/channel\/UCPi65HBb48RMeoa12lR51cQ\",\"https:\/\/x.com\/MuseuTapies\"]}]}<\/script>\n<!-- \/ Yoast SEO plugin. -->","yoast_head_json":{"title":"Antoni T\u00e0pies | Biograf\u00eda breve - Museu T\u00e0pies","description":"Breve biograf\u00eda del artista catal\u00e1n Antoni T\u00e0pies, des de sus primeros tanteos pict\u00f3ricos a sus grandes exposiciones retrospectivas.","robots":{"index":"index","follow":"follow","max-snippet":"max-snippet:-1","max-image-preview":"max-image-preview:large","max-video-preview":"max-video-preview:-1"},"og_locale":"es_ES","og_type":"article","og_title":"Antoni T\u00e0pies | Biograf\u00eda breve - Museu T\u00e0pies","og_description":"Breve biograf\u00eda del artista catal\u00e1n Antoni T\u00e0pies, des de sus primeros tanteos pict\u00f3ricos a sus grandes exposiciones retrospectivas.","og_url":"https:\/\/museutapies.org\/es\/biografia-breve\/","og_site_name":"Museu T\u00e0pies","article_publisher":"https:\/\/www.facebook.com\/museutapies","article_modified_time":"2025-01-20T11:30:24+00:00","og_image":[{"url":"https:\/\/museutapies.org\/wp-content\/uploads\/2025\/01\/Antoni_Tapies_1-800x694.jpg"}],"twitter_card":"summary_large_image","twitter_misc":{"Tiempo de lectura":"3 minutos"},"schema":{"@context":"https:\/\/schema.org","@graph":[{"@type":"WebPage","@id":"https:\/\/museutapies.org\/es\/biografia-breve\/","url":"https:\/\/museutapies.org\/es\/biografia-breve\/","name":"Antoni T\u00e0pies | Biograf\u00eda breve - Museu T\u00e0pies","isPartOf":{"@id":"https:\/\/museutapies.org\/en\/#website"},"datePublished":"2018-01-22T09:45:06+00:00","dateModified":"2025-01-20T11:30:24+00:00","description":"Breve biograf\u00eda del artista catal\u00e1n Antoni T\u00e0pies, des de sus primeros tanteos pict\u00f3ricos a sus grandes exposiciones retrospectivas.","inLanguage":"es","potentialAction":[{"@type":"ReadAction","target":["https:\/\/museutapies.org\/es\/biografia-breve\/"]}]},{"@type":"WebSite","@id":"https:\/\/museutapies.org\/en\/#website","url":"https:\/\/museutapies.org\/en\/","name":"Museu T\u00e0pies","description":"","publisher":{"@id":"https:\/\/museutapies.org\/en\/#organization"},"potentialAction":[{"@type":"SearchAction","target":{"@type":"EntryPoint","urlTemplate":"https:\/\/museutapies.org\/en\/?s={search_term_string}"},"query-input":"required name=search_term_string"}],"inLanguage":"es"},{"@type":"Organization","@id":"https:\/\/museutapies.org\/en\/#organization","name":"Museu T\u00e0pies","url":"https:\/\/museutapies.org\/en\/","logo":{"@type":"ImageObject","inLanguage":"es","@id":"https:\/\/museutapies.org\/en\/#\/schema\/logo\/image\/","url":"https:\/\/museutapies.org\/wp-content\/uploads\/2024\/07\/mta.png","contentUrl":"https:\/\/museutapies.org\/wp-content\/uploads\/2024\/07\/mta.png","width":244,"height":110,"caption":"Museu T\u00e0pies"},"image":{"@id":"https:\/\/museutapies.org\/en\/#\/schema\/logo\/image\/"},"sameAs":["https:\/\/www.facebook.com\/museutapies","https:\/\/www.instagram.com\/museutapies\/","https:\/\/www.youtube.com\/channel\/UCPi65HBb48RMeoa12lR51cQ","https:\/\/x.com\/MuseuTapies"]}]}},"_links":{"self":[{"href":"https:\/\/museutapies.org\/es\/wp-json\/wp\/v2\/pages\/8996"}],"collection":[{"href":"https:\/\/museutapies.org\/es\/wp-json\/wp\/v2\/pages"}],"about":[{"href":"https:\/\/museutapies.org\/es\/wp-json\/wp\/v2\/types\/page"}],"author":[{"embeddable":true,"href":"https:\/\/museutapies.org\/es\/wp-json\/wp\/v2\/users\/1"}],"replies":[{"embeddable":true,"href":"https:\/\/museutapies.org\/es\/wp-json\/wp\/v2\/comments?post=8996"}],"version-history":[{"count":14,"href":"https:\/\/museutapies.org\/es\/wp-json\/wp\/v2\/pages\/8996\/revisions"}],"predecessor-version":[{"id":37391,"href":"https:\/\/museutapies.org\/es\/wp-json\/wp\/v2\/pages\/8996\/revisions\/37391"}],"wp:attachment":[{"href":"https:\/\/museutapies.org\/es\/wp-json\/wp\/v2\/media?parent=8996"}],"curies":[{"name":"wp","href":"https:\/\/api.w.org\/{rel}","templated":true}]}}