{"id":13760,"date":"2018-02-15T10:34:25","date_gmt":"2018-02-15T10:34:25","guid":{"rendered":"https:\/\/museutapies.org\/producte\/laszlo-moholy-nagy-fotogramas-1922-1943\/"},"modified":"2024-02-29T18:42:25","modified_gmt":"2024-02-29T18:42:25","slug":"laszlo-moholy-nagy-fotogramas-1922-1943","status":"publish","type":"product","link":"https:\/\/museutapies.org\/es\/producte\/laszlo-moholy-nagy-fotogramas-1922-1943\/","title":{"rendered":"L\u00e1szl\u00f3 Moholy-Nagy. Fotogramas 1922-1943"},"content":{"rendered":"<p>Cat\u00e1logo con ciento noventa y dos &#8220;fotogramas&#8221; o composiciones lum\u00ednicas de L\u00e1szlo Moholy-Nagy, realizadas entre los a\u00f1os 1922 y 1939-1941, en los que se muestran diversas facetas del desarrollo de las posibilidades \u00f3pticas y qu\u00edmicas derivadas de esta t\u00e9cnica. Incluye una selecci\u00f3n de escritos de Moholy-Nagy en que se recoge el lado te\u00f3rico de su obra.<\/p>\n","protected":false},"excerpt":{"rendered":"<p>Cat\u00e1logo con ciento noventa y dos &#8220;fotogramas&#8221; o composiciones lum\u00ednicas de L\u00e1szlo Moholy-Nagy, realizadas entre los a\u00f1os 1922 y 1939-1941, [&hellip;]<\/p>\n","protected":false},"featured_media":15467,"comment_status":"open","ping_status":"closed","template":"","meta":{"footnotes":""},"product_cat":[135],"product_tag":[],"acf":[],"yoast_head":"<!-- This site is optimized with the Yoast SEO plugin v20.11 - https:\/\/yoast.com\/wordpress\/plugins\/seo\/ -->\n<title>L\u00e1szl\u00f3 Moholy-Nagy. Fotogramas 1922-1943 - Museu T\u00e0pies<\/title>\n<meta name=\"description\" content=\"Cat\u00e1logo con 192 \u201cfotogramas\u201dde L\u00e1szl\u00f3 Moholy-Nagy, realizadas entre los a\u00f1os 1922 i 1939-1941 y mostradas en la Fundaci\u00f3 Antoni T\u00e0pies el a\u00f1o 1997.\" \/>\n<meta name=\"robots\" content=\"index, follow, max-snippet:-1, max-image-preview:large, max-video-preview:-1\" \/>\n<meta property=\"og:locale\" content=\"es_ES\" \/>\n<meta property=\"og:type\" content=\"article\" \/>\n<meta property=\"og:title\" content=\"L\u00e1szl\u00f3 Moholy-Nagy. Fotogramas 1922-1943 - Museu T\u00e0pies\" \/>\n<meta property=\"og:description\" content=\"Cat\u00e1logo con 192 \u201cfotogramas\u201dde L\u00e1szl\u00f3 Moholy-Nagy, realizadas entre los a\u00f1os 1922 i 1939-1941 y mostradas en la Fundaci\u00f3 Antoni T\u00e0pies el a\u00f1o 1997.\" \/>\n<meta property=\"og:url\" content=\"https:\/\/museutapies.org\/es\/producte\/laszlo-moholy-nagy-fotogramas-1922-1943\/\" \/>\n<meta property=\"og:site_name\" content=\"Museu T\u00e0pies\" \/>\n<meta property=\"article:publisher\" content=\"https:\/\/www.facebook.com\/museutapies\" \/>\n<meta property=\"article:modified_time\" content=\"2024-02-29T18:42:25+00:00\" \/>\n<meta property=\"og:image\" content=\"https:\/\/museutapies.org\/wp-content\/uploads\/2018\/02\/L\u00e1szl\u00f3-Moholy-Nagy-Fotogramas-1922-1943.jpg\" \/>\n\t<meta property=\"og:image:width\" content=\"648\" \/>\n\t<meta property=\"og:image:height\" content=\"648\" \/>\n\t<meta property=\"og:image:type\" content=\"image\/jpeg\" \/>\n<meta name=\"twitter:card\" content=\"summary_large_image\" \/>\n<script type=\"application\/ld+json\" class=\"yoast-schema-graph\">{\"@context\":\"https:\/\/schema.org\",\"@graph\":[{\"@type\":\"WebPage\",\"@id\":\"https:\/\/museutapies.org\/es\/producte\/laszlo-moholy-nagy-fotogramas-1922-1943\/\",\"url\":\"https:\/\/museutapies.org\/es\/producte\/laszlo-moholy-nagy-fotogramas-1922-1943\/\",\"name\":\"L\u00e1szl\u00f3 Moholy-Nagy. Fotogramas 1922-1943 - Museu T\u00e0pies\",\"isPartOf\":{\"@id\":\"https:\/\/museutapies.org\/en\/#website\"},\"datePublished\":\"2018-02-15T10:34:25+00:00\",\"dateModified\":\"2024-02-29T18:42:25+00:00\",\"description\":\"Cat\u00e1logo con 192 \u201cfotogramas\u201dde L\u00e1szl\u00f3 Moholy-Nagy, realizadas entre los a\u00f1os 1922 i 1939-1941 y mostradas en la Fundaci\u00f3 Antoni T\u00e0pies el a\u00f1o 1997.\",\"breadcrumb\":{\"@id\":\"https:\/\/museutapies.org\/es\/producte\/laszlo-moholy-nagy-fotogramas-1922-1943\/#breadcrumb\"},\"inLanguage\":\"es\",\"potentialAction\":[{\"@type\":\"ReadAction\",\"target\":[\"https:\/\/museutapies.org\/es\/producte\/laszlo-moholy-nagy-fotogramas-1922-1943\/\"]}]},{\"@type\":\"BreadcrumbList\",\"@id\":\"https:\/\/museutapies.org\/es\/producte\/laszlo-moholy-nagy-fotogramas-1922-1943\/#breadcrumb\",\"itemListElement\":[{\"@type\":\"ListItem\",\"position\":1,\"name\":\"Tots els productes\",\"item\":\"https:\/\/museutapies.org\/productes\/\"},{\"@type\":\"ListItem\",\"position\":2,\"name\":\"L\u00e1szl\u00f3 Moholy-Nagy. Fotogramas 1922-1943\"}]},{\"@type\":\"WebSite\",\"@id\":\"https:\/\/museutapies.org\/en\/#website\",\"url\":\"https:\/\/museutapies.org\/en\/\",\"name\":\"Museu T\u00e0pies\",\"description\":\"\",\"publisher\":{\"@id\":\"https:\/\/museutapies.org\/en\/#organization\"},\"potentialAction\":[{\"@type\":\"SearchAction\",\"target\":{\"@type\":\"EntryPoint\",\"urlTemplate\":\"https:\/\/museutapies.org\/en\/?s={search_term_string}\"},\"query-input\":\"required name=search_term_string\"}],\"inLanguage\":\"es\"},{\"@type\":\"Organization\",\"@id\":\"https:\/\/museutapies.org\/en\/#organization\",\"name\":\"Museu T\u00e0pies\",\"url\":\"https:\/\/museutapies.org\/en\/\",\"logo\":{\"@type\":\"ImageObject\",\"inLanguage\":\"es\",\"@id\":\"https:\/\/museutapies.org\/en\/#\/schema\/logo\/image\/\",\"url\":\"https:\/\/museutapies.org\/wp-content\/uploads\/2024\/07\/mta.png\",\"contentUrl\":\"https:\/\/museutapies.org\/wp-content\/uploads\/2024\/07\/mta.png\",\"width\":244,\"height\":110,\"caption\":\"Museu T\u00e0pies\"},\"image\":{\"@id\":\"https:\/\/museutapies.org\/en\/#\/schema\/logo\/image\/\"},\"sameAs\":[\"https:\/\/www.facebook.com\/museutapies\",\"https:\/\/www.instagram.com\/museutapies\/\",\"https:\/\/www.youtube.com\/channel\/UCPi65HBb48RMeoa12lR51cQ\",\"https:\/\/x.com\/MuseuTapies\"]}]}<\/script>\n<!-- \/ Yoast SEO plugin. -->","yoast_head_json":{"title":"L\u00e1szl\u00f3 Moholy-Nagy. Fotogramas 1922-1943 - Museu T\u00e0pies","description":"Cat\u00e1logo con 192 \u201cfotogramas\u201dde L\u00e1szl\u00f3 Moholy-Nagy, realizadas entre los a\u00f1os 1922 i 1939-1941 y mostradas en la Fundaci\u00f3 Antoni T\u00e0pies el a\u00f1o 1997.","robots":{"index":"index","follow":"follow","max-snippet":"max-snippet:-1","max-image-preview":"max-image-preview:large","max-video-preview":"max-video-preview:-1"},"og_locale":"es_ES","og_type":"article","og_title":"L\u00e1szl\u00f3 Moholy-Nagy. Fotogramas 1922-1943 - Museu T\u00e0pies","og_description":"Cat\u00e1logo con 192 \u201cfotogramas\u201dde L\u00e1szl\u00f3 Moholy-Nagy, realizadas entre los a\u00f1os 1922 i 1939-1941 y mostradas en la Fundaci\u00f3 Antoni T\u00e0pies el a\u00f1o 1997.","og_url":"https:\/\/museutapies.org\/es\/producte\/laszlo-moholy-nagy-fotogramas-1922-1943\/","og_site_name":"Museu T\u00e0pies","article_publisher":"https:\/\/www.facebook.com\/museutapies","article_modified_time":"2024-02-29T18:42:25+00:00","og_image":[{"width":648,"height":648,"url":"https:\/\/museutapies.org\/wp-content\/uploads\/2018\/02\/L\u00e1szl\u00f3-Moholy-Nagy-Fotogramas-1922-1943.jpg","type":"image\/jpeg"}],"twitter_card":"summary_large_image","schema":{"@context":"https:\/\/schema.org","@graph":[{"@type":"WebPage","@id":"https:\/\/museutapies.org\/es\/producte\/laszlo-moholy-nagy-fotogramas-1922-1943\/","url":"https:\/\/museutapies.org\/es\/producte\/laszlo-moholy-nagy-fotogramas-1922-1943\/","name":"L\u00e1szl\u00f3 Moholy-Nagy. Fotogramas 1922-1943 - Museu T\u00e0pies","isPartOf":{"@id":"https:\/\/museutapies.org\/en\/#website"},"datePublished":"2018-02-15T10:34:25+00:00","dateModified":"2024-02-29T18:42:25+00:00","description":"Cat\u00e1logo con 192 \u201cfotogramas\u201dde L\u00e1szl\u00f3 Moholy-Nagy, realizadas entre los a\u00f1os 1922 i 1939-1941 y mostradas en la Fundaci\u00f3 Antoni T\u00e0pies el a\u00f1o 1997.","breadcrumb":{"@id":"https:\/\/museutapies.org\/es\/producte\/laszlo-moholy-nagy-fotogramas-1922-1943\/#breadcrumb"},"inLanguage":"es","potentialAction":[{"@type":"ReadAction","target":["https:\/\/museutapies.org\/es\/producte\/laszlo-moholy-nagy-fotogramas-1922-1943\/"]}]},{"@type":"BreadcrumbList","@id":"https:\/\/museutapies.org\/es\/producte\/laszlo-moholy-nagy-fotogramas-1922-1943\/#breadcrumb","itemListElement":[{"@type":"ListItem","position":1,"name":"Tots els productes","item":"https:\/\/museutapies.org\/productes\/"},{"@type":"ListItem","position":2,"name":"L\u00e1szl\u00f3 Moholy-Nagy. Fotogramas 1922-1943"}]},{"@type":"WebSite","@id":"https:\/\/museutapies.org\/en\/#website","url":"https:\/\/museutapies.org\/en\/","name":"Museu T\u00e0pies","description":"","publisher":{"@id":"https:\/\/museutapies.org\/en\/#organization"},"potentialAction":[{"@type":"SearchAction","target":{"@type":"EntryPoint","urlTemplate":"https:\/\/museutapies.org\/en\/?s={search_term_string}"},"query-input":"required name=search_term_string"}],"inLanguage":"es"},{"@type":"Organization","@id":"https:\/\/museutapies.org\/en\/#organization","name":"Museu T\u00e0pies","url":"https:\/\/museutapies.org\/en\/","logo":{"@type":"ImageObject","inLanguage":"es","@id":"https:\/\/museutapies.org\/en\/#\/schema\/logo\/image\/","url":"https:\/\/museutapies.org\/wp-content\/uploads\/2024\/07\/mta.png","contentUrl":"https:\/\/museutapies.org\/wp-content\/uploads\/2024\/07\/mta.png","width":244,"height":110,"caption":"Museu T\u00e0pies"},"image":{"@id":"https:\/\/museutapies.org\/en\/#\/schema\/logo\/image\/"},"sameAs":["https:\/\/www.facebook.com\/museutapies","https:\/\/www.instagram.com\/museutapies\/","https:\/\/www.youtube.com\/channel\/UCPi65HBb48RMeoa12lR51cQ","https:\/\/x.com\/MuseuTapies"]}]}},"_links":{"self":[{"href":"https:\/\/museutapies.org\/es\/wp-json\/wp\/v2\/product\/13760"}],"collection":[{"href":"https:\/\/museutapies.org\/es\/wp-json\/wp\/v2\/product"}],"about":[{"href":"https:\/\/museutapies.org\/es\/wp-json\/wp\/v2\/types\/product"}],"replies":[{"embeddable":true,"href":"https:\/\/museutapies.org\/es\/wp-json\/wp\/v2\/comments?post=13760"}],"version-history":[{"count":3,"href":"https:\/\/museutapies.org\/es\/wp-json\/wp\/v2\/product\/13760\/revisions"}],"predecessor-version":[{"id":18019,"href":"https:\/\/museutapies.org\/es\/wp-json\/wp\/v2\/product\/13760\/revisions\/18019"}],"wp:featuredmedia":[{"embeddable":true,"href":"https:\/\/museutapies.org\/es\/wp-json\/wp\/v2\/media\/15467"}],"wp:attachment":[{"href":"https:\/\/museutapies.org\/es\/wp-json\/wp\/v2\/media?parent=13760"}],"wp:term":[{"taxonomy":"product_cat","embeddable":true,"href":"https:\/\/museutapies.org\/es\/wp-json\/wp\/v2\/product_cat?post=13760"},{"taxonomy":"product_tag","embeddable":true,"href":"https:\/\/museutapies.org\/es\/wp-json\/wp\/v2\/product_tag?post=13760"}],"curies":[{"name":"wp","href":"https:\/\/api.w.org\/{rel}","templated":true}]}}