{"id":13812,"date":"2018-02-15T11:33:25","date_gmt":"2018-02-15T11:33:25","guid":{"rendered":"https:\/\/museutapies.org\/producte\/tapies-barcelona-novembre-1986-gener-1987-1986\/"},"modified":"2023-11-27T00:00:09","modified_gmt":"2023-11-27T00:00:09","slug":"tapies-barcelona-novembre-1986-gener-1987-1986","status":"publish","type":"product","link":"https:\/\/museutapies.org\/es\/producte\/tapies-barcelona-novembre-1986-gener-1987-1986\/","title":{"rendered":"T\u00e0pies. Barcelona Novembre 1986 &#8211; Gener 1987"},"content":{"rendered":"<p>Cartel realizado Antoni T\u00e0pies para anunciar diferentes exposiciones que tuvieron lugar en diversas galer\u00edas galer\u00edas de Barcelona como Galeria Joan Prats, Galeria Dau al Set, Galeria Theo-Barcelona, Galeria Carles Tach\u00e9 en el a\u00f1o 1986-1987<\/p>\n<p>&nbsp;<\/p>\n","protected":false},"excerpt":{"rendered":"<p>Cartel realizado Antoni T\u00e0pies para anunciar diferentes exposiciones que tuvieron lugar en diversas galer\u00edas galer\u00edas de Barcelona como Galeria Joan [&hellip;]<\/p>\n","protected":false},"featured_media":15950,"comment_status":"open","ping_status":"closed","template":"","meta":{"footnotes":""},"product_cat":[141],"product_tag":[],"acf":[],"yoast_head":"<!-- This site is optimized with the Yoast SEO plugin v20.11 - https:\/\/yoast.com\/wordpress\/plugins\/seo\/ -->\n<title>T\u00e0pies. Barcelona Novembre 1986 - Gener 1987 - Museu T\u00e0pies<\/title>\n<meta name=\"description\" content=\"Cartel realizado Antoni T\u00e0pies para anunciar diferentes exposiciones que tuvieron lugar en diversas galer\u00edas galer\u00edas de Barcelona en el a\u00f1o 1986-1987\" \/>\n<meta name=\"robots\" content=\"index, follow, max-snippet:-1, max-image-preview:large, max-video-preview:-1\" \/>\n<meta property=\"og:locale\" content=\"es_ES\" \/>\n<meta property=\"og:type\" content=\"article\" \/>\n<meta property=\"og:title\" content=\"T\u00e0pies. Barcelona Novembre 1986 - Gener 1987 - Museu T\u00e0pies\" \/>\n<meta property=\"og:description\" content=\"Cartel realizado Antoni T\u00e0pies para anunciar diferentes exposiciones que tuvieron lugar en diversas galer\u00edas galer\u00edas de Barcelona en el a\u00f1o 1986-1987\" \/>\n<meta property=\"og:url\" content=\"https:\/\/museutapies.org\/es\/producte\/tapies-barcelona-novembre-1986-gener-1987-1986\/\" \/>\n<meta property=\"og:site_name\" content=\"Museu T\u00e0pies\" \/>\n<meta property=\"article:publisher\" content=\"https:\/\/www.facebook.com\/museutapies\" \/>\n<meta property=\"article:modified_time\" content=\"2023-11-27T00:00:09+00:00\" \/>\n<meta property=\"og:image\" content=\"https:\/\/museutapies.org\/wp-content\/uploads\/2018\/02\/Tapies.-Barcelona.jpg\" \/>\n\t<meta property=\"og:image:width\" content=\"338\" \/>\n\t<meta property=\"og:image:height\" content=\"339\" \/>\n\t<meta property=\"og:image:type\" content=\"image\/jpeg\" \/>\n<meta name=\"twitter:card\" content=\"summary_large_image\" \/>\n<script type=\"application\/ld+json\" class=\"yoast-schema-graph\">{\"@context\":\"https:\/\/schema.org\",\"@graph\":[{\"@type\":\"WebPage\",\"@id\":\"https:\/\/museutapies.org\/es\/producte\/tapies-barcelona-novembre-1986-gener-1987-1986\/\",\"url\":\"https:\/\/museutapies.org\/es\/producte\/tapies-barcelona-novembre-1986-gener-1987-1986\/\",\"name\":\"T\u00e0pies. Barcelona Novembre 1986 - Gener 1987 - Museu T\u00e0pies\",\"isPartOf\":{\"@id\":\"https:\/\/museutapies.org\/en\/#website\"},\"datePublished\":\"2018-02-15T11:33:25+00:00\",\"dateModified\":\"2023-11-27T00:00:09+00:00\",\"description\":\"Cartel realizado Antoni T\u00e0pies para anunciar diferentes exposiciones que tuvieron lugar en diversas galer\u00edas galer\u00edas de Barcelona en el a\u00f1o 1986-1987\",\"breadcrumb\":{\"@id\":\"https:\/\/museutapies.org\/es\/producte\/tapies-barcelona-novembre-1986-gener-1987-1986\/#breadcrumb\"},\"inLanguage\":\"es\",\"potentialAction\":[{\"@type\":\"ReadAction\",\"target\":[\"https:\/\/museutapies.org\/es\/producte\/tapies-barcelona-novembre-1986-gener-1987-1986\/\"]}]},{\"@type\":\"BreadcrumbList\",\"@id\":\"https:\/\/museutapies.org\/es\/producte\/tapies-barcelona-novembre-1986-gener-1987-1986\/#breadcrumb\",\"itemListElement\":[{\"@type\":\"ListItem\",\"position\":1,\"name\":\"Tots els productes\",\"item\":\"https:\/\/museutapies.org\/productes\/\"},{\"@type\":\"ListItem\",\"position\":2,\"name\":\"T\u00e0pies. Barcelona Novembre 1986 &#8211; Gener 1987\"}]},{\"@type\":\"WebSite\",\"@id\":\"https:\/\/museutapies.org\/en\/#website\",\"url\":\"https:\/\/museutapies.org\/en\/\",\"name\":\"Museu T\u00e0pies\",\"description\":\"\",\"publisher\":{\"@id\":\"https:\/\/museutapies.org\/en\/#organization\"},\"potentialAction\":[{\"@type\":\"SearchAction\",\"target\":{\"@type\":\"EntryPoint\",\"urlTemplate\":\"https:\/\/museutapies.org\/en\/?s={search_term_string}\"},\"query-input\":\"required name=search_term_string\"}],\"inLanguage\":\"es\"},{\"@type\":\"Organization\",\"@id\":\"https:\/\/museutapies.org\/en\/#organization\",\"name\":\"Museu T\u00e0pies\",\"url\":\"https:\/\/museutapies.org\/en\/\",\"logo\":{\"@type\":\"ImageObject\",\"inLanguage\":\"es\",\"@id\":\"https:\/\/museutapies.org\/en\/#\/schema\/logo\/image\/\",\"url\":\"https:\/\/museutapies.org\/wp-content\/uploads\/2024\/07\/mta.png\",\"contentUrl\":\"https:\/\/museutapies.org\/wp-content\/uploads\/2024\/07\/mta.png\",\"width\":244,\"height\":110,\"caption\":\"Museu T\u00e0pies\"},\"image\":{\"@id\":\"https:\/\/museutapies.org\/en\/#\/schema\/logo\/image\/\"},\"sameAs\":[\"https:\/\/www.facebook.com\/museutapies\",\"https:\/\/www.instagram.com\/museutapies\/\",\"https:\/\/www.youtube.com\/channel\/UCPi65HBb48RMeoa12lR51cQ\",\"https:\/\/x.com\/MuseuTapies\"]}]}<\/script>\n<!-- \/ Yoast SEO plugin. -->","yoast_head_json":{"title":"T\u00e0pies. Barcelona Novembre 1986 - Gener 1987 - Museu T\u00e0pies","description":"Cartel realizado Antoni T\u00e0pies para anunciar diferentes exposiciones que tuvieron lugar en diversas galer\u00edas galer\u00edas de Barcelona en el a\u00f1o 1986-1987","robots":{"index":"index","follow":"follow","max-snippet":"max-snippet:-1","max-image-preview":"max-image-preview:large","max-video-preview":"max-video-preview:-1"},"og_locale":"es_ES","og_type":"article","og_title":"T\u00e0pies. Barcelona Novembre 1986 - Gener 1987 - Museu T\u00e0pies","og_description":"Cartel realizado Antoni T\u00e0pies para anunciar diferentes exposiciones que tuvieron lugar en diversas galer\u00edas galer\u00edas de Barcelona en el a\u00f1o 1986-1987","og_url":"https:\/\/museutapies.org\/es\/producte\/tapies-barcelona-novembre-1986-gener-1987-1986\/","og_site_name":"Museu T\u00e0pies","article_publisher":"https:\/\/www.facebook.com\/museutapies","article_modified_time":"2023-11-27T00:00:09+00:00","og_image":[{"width":338,"height":339,"url":"https:\/\/museutapies.org\/wp-content\/uploads\/2018\/02\/Tapies.-Barcelona.jpg","type":"image\/jpeg"}],"twitter_card":"summary_large_image","schema":{"@context":"https:\/\/schema.org","@graph":[{"@type":"WebPage","@id":"https:\/\/museutapies.org\/es\/producte\/tapies-barcelona-novembre-1986-gener-1987-1986\/","url":"https:\/\/museutapies.org\/es\/producte\/tapies-barcelona-novembre-1986-gener-1987-1986\/","name":"T\u00e0pies. Barcelona Novembre 1986 - Gener 1987 - Museu T\u00e0pies","isPartOf":{"@id":"https:\/\/museutapies.org\/en\/#website"},"datePublished":"2018-02-15T11:33:25+00:00","dateModified":"2023-11-27T00:00:09+00:00","description":"Cartel realizado Antoni T\u00e0pies para anunciar diferentes exposiciones que tuvieron lugar en diversas galer\u00edas galer\u00edas de Barcelona en el a\u00f1o 1986-1987","breadcrumb":{"@id":"https:\/\/museutapies.org\/es\/producte\/tapies-barcelona-novembre-1986-gener-1987-1986\/#breadcrumb"},"inLanguage":"es","potentialAction":[{"@type":"ReadAction","target":["https:\/\/museutapies.org\/es\/producte\/tapies-barcelona-novembre-1986-gener-1987-1986\/"]}]},{"@type":"BreadcrumbList","@id":"https:\/\/museutapies.org\/es\/producte\/tapies-barcelona-novembre-1986-gener-1987-1986\/#breadcrumb","itemListElement":[{"@type":"ListItem","position":1,"name":"Tots els productes","item":"https:\/\/museutapies.org\/productes\/"},{"@type":"ListItem","position":2,"name":"T\u00e0pies. Barcelona Novembre 1986 &#8211; Gener 1987"}]},{"@type":"WebSite","@id":"https:\/\/museutapies.org\/en\/#website","url":"https:\/\/museutapies.org\/en\/","name":"Museu T\u00e0pies","description":"","publisher":{"@id":"https:\/\/museutapies.org\/en\/#organization"},"potentialAction":[{"@type":"SearchAction","target":{"@type":"EntryPoint","urlTemplate":"https:\/\/museutapies.org\/en\/?s={search_term_string}"},"query-input":"required name=search_term_string"}],"inLanguage":"es"},{"@type":"Organization","@id":"https:\/\/museutapies.org\/en\/#organization","name":"Museu T\u00e0pies","url":"https:\/\/museutapies.org\/en\/","logo":{"@type":"ImageObject","inLanguage":"es","@id":"https:\/\/museutapies.org\/en\/#\/schema\/logo\/image\/","url":"https:\/\/museutapies.org\/wp-content\/uploads\/2024\/07\/mta.png","contentUrl":"https:\/\/museutapies.org\/wp-content\/uploads\/2024\/07\/mta.png","width":244,"height":110,"caption":"Museu T\u00e0pies"},"image":{"@id":"https:\/\/museutapies.org\/en\/#\/schema\/logo\/image\/"},"sameAs":["https:\/\/www.facebook.com\/museutapies","https:\/\/www.instagram.com\/museutapies\/","https:\/\/www.youtube.com\/channel\/UCPi65HBb48RMeoa12lR51cQ","https:\/\/x.com\/MuseuTapies"]}]}},"_links":{"self":[{"href":"https:\/\/museutapies.org\/es\/wp-json\/wp\/v2\/product\/13812"}],"collection":[{"href":"https:\/\/museutapies.org\/es\/wp-json\/wp\/v2\/product"}],"about":[{"href":"https:\/\/museutapies.org\/es\/wp-json\/wp\/v2\/types\/product"}],"replies":[{"embeddable":true,"href":"https:\/\/museutapies.org\/es\/wp-json\/wp\/v2\/comments?post=13812"}],"version-history":[{"count":1,"href":"https:\/\/museutapies.org\/es\/wp-json\/wp\/v2\/product\/13812\/revisions"}],"predecessor-version":[{"id":13813,"href":"https:\/\/museutapies.org\/es\/wp-json\/wp\/v2\/product\/13812\/revisions\/13813"}],"wp:featuredmedia":[{"embeddable":true,"href":"https:\/\/museutapies.org\/es\/wp-json\/wp\/v2\/media\/15950"}],"wp:attachment":[{"href":"https:\/\/museutapies.org\/es\/wp-json\/wp\/v2\/media?parent=13812"}],"wp:term":[{"taxonomy":"product_cat","embeddable":true,"href":"https:\/\/museutapies.org\/es\/wp-json\/wp\/v2\/product_cat?post=13812"},{"taxonomy":"product_tag","embeddable":true,"href":"https:\/\/museutapies.org\/es\/wp-json\/wp\/v2\/product_tag?post=13812"}],"curies":[{"name":"wp","href":"https:\/\/api.w.org\/{rel}","templated":true}]}}