{"id":13915,"date":"2018-02-15T10:59:16","date_gmt":"2018-02-15T10:59:16","guid":{"rendered":"https:\/\/museutapies.org\/producte\/15-anys-2005\/"},"modified":"2024-05-09T12:16:52","modified_gmt":"2024-05-09T10:16:52","slug":"15-anys-2005","status":"publish","type":"product","link":"https:\/\/museutapies.org\/es\/producte\/15-anys-2005\/","title":{"rendered":"15 anys, 2005"},"content":{"rendered":"<p>Cartel conmemorativo del d\u00e9cimo quinto aniversario de la Fundaci\u00f3 Antoni T\u00e0pies, Barcelona<\/p>\n","protected":false},"excerpt":{"rendered":"<p>Cartel conmemorativo del d\u00e9cimo quinto aniversario de la Fundaci\u00f3 Antoni T\u00e0pies, Barcelona<\/p>\n","protected":false},"featured_media":16051,"comment_status":"open","ping_status":"closed","template":"","meta":{"footnotes":""},"product_cat":[141],"product_tag":[],"acf":[],"yoast_head":"<!-- This site is optimized with the Yoast SEO plugin v20.11 - https:\/\/yoast.com\/wordpress\/plugins\/seo\/ -->\n<title>15 anys, 2005 - Museu T\u00e0pies<\/title>\n<meta name=\"description\" content=\"Cartel conmemorativo del d\u00e9cimo quinto aniversario de la Fundaci\u00f3 Antoni T\u00e0pies, Barcelona 76 x 56 cm\" \/>\n<meta name=\"robots\" content=\"index, follow, max-snippet:-1, max-image-preview:large, max-video-preview:-1\" \/>\n<meta property=\"og:locale\" content=\"es_ES\" \/>\n<meta property=\"og:type\" content=\"article\" \/>\n<meta property=\"og:title\" content=\"15 anys, 2005 - Museu T\u00e0pies\" \/>\n<meta property=\"og:description\" content=\"Cartel conmemorativo del d\u00e9cimo quinto aniversario de la Fundaci\u00f3 Antoni T\u00e0pies, Barcelona 76 x 56 cm\" \/>\n<meta property=\"og:url\" content=\"https:\/\/museutapies.org\/es\/producte\/15-anys-2005\/\" \/>\n<meta property=\"og:site_name\" content=\"Museu T\u00e0pies\" \/>\n<meta property=\"article:publisher\" content=\"https:\/\/www.facebook.com\/museutapies\" \/>\n<meta property=\"article:modified_time\" content=\"2024-05-09T10:16:52+00:00\" \/>\n<meta property=\"og:image\" content=\"https:\/\/museutapies.org\/wp-content\/uploads\/2018\/02\/cartell-15-ants.jpg\" \/>\n\t<meta property=\"og:image:width\" content=\"344\" \/>\n\t<meta property=\"og:image:height\" content=\"344\" \/>\n\t<meta property=\"og:image:type\" content=\"image\/jpeg\" \/>\n<meta name=\"twitter:card\" content=\"summary_large_image\" \/>\n<script type=\"application\/ld+json\" class=\"yoast-schema-graph\">{\"@context\":\"https:\/\/schema.org\",\"@graph\":[{\"@type\":\"WebPage\",\"@id\":\"https:\/\/museutapies.org\/es\/producte\/15-anys-2005\/\",\"url\":\"https:\/\/museutapies.org\/es\/producte\/15-anys-2005\/\",\"name\":\"15 anys, 2005 - Museu T\u00e0pies\",\"isPartOf\":{\"@id\":\"https:\/\/museutapies.org\/en\/#website\"},\"datePublished\":\"2018-02-15T10:59:16+00:00\",\"dateModified\":\"2024-05-09T10:16:52+00:00\",\"description\":\"Cartel conmemorativo del d\u00e9cimo quinto aniversario de la Fundaci\u00f3 Antoni T\u00e0pies, Barcelona 76 x 56 cm\",\"breadcrumb\":{\"@id\":\"https:\/\/museutapies.org\/es\/producte\/15-anys-2005\/#breadcrumb\"},\"inLanguage\":\"es\",\"potentialAction\":[{\"@type\":\"ReadAction\",\"target\":[\"https:\/\/museutapies.org\/es\/producte\/15-anys-2005\/\"]}]},{\"@type\":\"BreadcrumbList\",\"@id\":\"https:\/\/museutapies.org\/es\/producte\/15-anys-2005\/#breadcrumb\",\"itemListElement\":[{\"@type\":\"ListItem\",\"position\":1,\"name\":\"Tots els productes\",\"item\":\"https:\/\/museutapies.org\/productes\/\"},{\"@type\":\"ListItem\",\"position\":2,\"name\":\"15 anys, 2005\"}]},{\"@type\":\"WebSite\",\"@id\":\"https:\/\/museutapies.org\/en\/#website\",\"url\":\"https:\/\/museutapies.org\/en\/\",\"name\":\"Museu T\u00e0pies\",\"description\":\"\",\"publisher\":{\"@id\":\"https:\/\/museutapies.org\/en\/#organization\"},\"potentialAction\":[{\"@type\":\"SearchAction\",\"target\":{\"@type\":\"EntryPoint\",\"urlTemplate\":\"https:\/\/museutapies.org\/en\/?s={search_term_string}\"},\"query-input\":\"required name=search_term_string\"}],\"inLanguage\":\"es\"},{\"@type\":\"Organization\",\"@id\":\"https:\/\/museutapies.org\/en\/#organization\",\"name\":\"Museu T\u00e0pies\",\"url\":\"https:\/\/museutapies.org\/en\/\",\"logo\":{\"@type\":\"ImageObject\",\"inLanguage\":\"es\",\"@id\":\"https:\/\/museutapies.org\/en\/#\/schema\/logo\/image\/\",\"url\":\"https:\/\/museutapies.org\/wp-content\/uploads\/2024\/07\/mta.png\",\"contentUrl\":\"https:\/\/museutapies.org\/wp-content\/uploads\/2024\/07\/mta.png\",\"width\":244,\"height\":110,\"caption\":\"Museu T\u00e0pies\"},\"image\":{\"@id\":\"https:\/\/museutapies.org\/en\/#\/schema\/logo\/image\/\"},\"sameAs\":[\"https:\/\/www.facebook.com\/museutapies\",\"https:\/\/www.instagram.com\/museutapies\/\",\"https:\/\/www.youtube.com\/channel\/UCPi65HBb48RMeoa12lR51cQ\",\"https:\/\/x.com\/MuseuTapies\"]}]}<\/script>\n<!-- \/ Yoast SEO plugin. -->","yoast_head_json":{"title":"15 anys, 2005 - Museu T\u00e0pies","description":"Cartel conmemorativo del d\u00e9cimo quinto aniversario de la Fundaci\u00f3 Antoni T\u00e0pies, Barcelona 76 x 56 cm","robots":{"index":"index","follow":"follow","max-snippet":"max-snippet:-1","max-image-preview":"max-image-preview:large","max-video-preview":"max-video-preview:-1"},"og_locale":"es_ES","og_type":"article","og_title":"15 anys, 2005 - Museu T\u00e0pies","og_description":"Cartel conmemorativo del d\u00e9cimo quinto aniversario de la Fundaci\u00f3 Antoni T\u00e0pies, Barcelona 76 x 56 cm","og_url":"https:\/\/museutapies.org\/es\/producte\/15-anys-2005\/","og_site_name":"Museu T\u00e0pies","article_publisher":"https:\/\/www.facebook.com\/museutapies","article_modified_time":"2024-05-09T10:16:52+00:00","og_image":[{"width":344,"height":344,"url":"https:\/\/museutapies.org\/wp-content\/uploads\/2018\/02\/cartell-15-ants.jpg","type":"image\/jpeg"}],"twitter_card":"summary_large_image","schema":{"@context":"https:\/\/schema.org","@graph":[{"@type":"WebPage","@id":"https:\/\/museutapies.org\/es\/producte\/15-anys-2005\/","url":"https:\/\/museutapies.org\/es\/producte\/15-anys-2005\/","name":"15 anys, 2005 - Museu T\u00e0pies","isPartOf":{"@id":"https:\/\/museutapies.org\/en\/#website"},"datePublished":"2018-02-15T10:59:16+00:00","dateModified":"2024-05-09T10:16:52+00:00","description":"Cartel conmemorativo del d\u00e9cimo quinto aniversario de la Fundaci\u00f3 Antoni T\u00e0pies, Barcelona 76 x 56 cm","breadcrumb":{"@id":"https:\/\/museutapies.org\/es\/producte\/15-anys-2005\/#breadcrumb"},"inLanguage":"es","potentialAction":[{"@type":"ReadAction","target":["https:\/\/museutapies.org\/es\/producte\/15-anys-2005\/"]}]},{"@type":"BreadcrumbList","@id":"https:\/\/museutapies.org\/es\/producte\/15-anys-2005\/#breadcrumb","itemListElement":[{"@type":"ListItem","position":1,"name":"Tots els productes","item":"https:\/\/museutapies.org\/productes\/"},{"@type":"ListItem","position":2,"name":"15 anys, 2005"}]},{"@type":"WebSite","@id":"https:\/\/museutapies.org\/en\/#website","url":"https:\/\/museutapies.org\/en\/","name":"Museu T\u00e0pies","description":"","publisher":{"@id":"https:\/\/museutapies.org\/en\/#organization"},"potentialAction":[{"@type":"SearchAction","target":{"@type":"EntryPoint","urlTemplate":"https:\/\/museutapies.org\/en\/?s={search_term_string}"},"query-input":"required name=search_term_string"}],"inLanguage":"es"},{"@type":"Organization","@id":"https:\/\/museutapies.org\/en\/#organization","name":"Museu T\u00e0pies","url":"https:\/\/museutapies.org\/en\/","logo":{"@type":"ImageObject","inLanguage":"es","@id":"https:\/\/museutapies.org\/en\/#\/schema\/logo\/image\/","url":"https:\/\/museutapies.org\/wp-content\/uploads\/2024\/07\/mta.png","contentUrl":"https:\/\/museutapies.org\/wp-content\/uploads\/2024\/07\/mta.png","width":244,"height":110,"caption":"Museu T\u00e0pies"},"image":{"@id":"https:\/\/museutapies.org\/en\/#\/schema\/logo\/image\/"},"sameAs":["https:\/\/www.facebook.com\/museutapies","https:\/\/www.instagram.com\/museutapies\/","https:\/\/www.youtube.com\/channel\/UCPi65HBb48RMeoa12lR51cQ","https:\/\/x.com\/MuseuTapies"]}]}},"_links":{"self":[{"href":"https:\/\/museutapies.org\/es\/wp-json\/wp\/v2\/product\/13915"}],"collection":[{"href":"https:\/\/museutapies.org\/es\/wp-json\/wp\/v2\/product"}],"about":[{"href":"https:\/\/museutapies.org\/es\/wp-json\/wp\/v2\/types\/product"}],"replies":[{"embeddable":true,"href":"https:\/\/museutapies.org\/es\/wp-json\/wp\/v2\/comments?post=13915"}],"version-history":[{"count":1,"href":"https:\/\/museutapies.org\/es\/wp-json\/wp\/v2\/product\/13915\/revisions"}],"predecessor-version":[{"id":16287,"href":"https:\/\/museutapies.org\/es\/wp-json\/wp\/v2\/product\/13915\/revisions\/16287"}],"wp:featuredmedia":[{"embeddable":true,"href":"https:\/\/museutapies.org\/es\/wp-json\/wp\/v2\/media\/16051"}],"wp:attachment":[{"href":"https:\/\/museutapies.org\/es\/wp-json\/wp\/v2\/media?parent=13915"}],"wp:term":[{"taxonomy":"product_cat","embeddable":true,"href":"https:\/\/museutapies.org\/es\/wp-json\/wp\/v2\/product_cat?post=13915"},{"taxonomy":"product_tag","embeddable":true,"href":"https:\/\/museutapies.org\/es\/wp-json\/wp\/v2\/product_tag?post=13915"}],"curies":[{"name":"wp","href":"https:\/\/api.w.org\/{rel}","templated":true}]}}