{"id":14129,"date":"2018-02-15T10:45:15","date_gmt":"2018-02-15T10:45:15","guid":{"rendered":"https:\/\/museutapies.org\/producte\/sol-lewitt-dibuixos-1958-1992\/"},"modified":"2023-09-13T21:53:33","modified_gmt":"2023-09-13T21:53:33","slug":"sol-lewitt-dibuixos-1958-1992","status":"publish","type":"product","link":"https:\/\/museutapies.org\/es\/producte\/sol-lewitt-dibuixos-1958-1992\/","title":{"rendered":"Sol Lewitt. Dibuixos: 1958-1992"},"content":{"rendered":"<p>Cat\u00e1logo donde se reproducen cuatrocientos sesenta y ocho dibujos de Sol LeWitt realizados entre los a\u00f1os 1958 y 1992, desde los primeros esbozos realizados durante los a\u00f1os cincuenta hasta los sistemas repetitivos de m\u00f3dulos c\u00fabicos, as\u00ed como los de l\u00edneas y las composiciones constituidas por bandas de tinta de color. LeWitt intervino directamente<br \/>\nen el orden de la catalogaci\u00f3n.<\/p>\n","protected":false},"excerpt":{"rendered":"<p>Cat\u00e1logo donde se reproducen cuatrocientos sesenta y ocho dibujos de Sol LeWitt realizados entre los a\u00f1os 1958 y 1992, desde [&hellip;]<\/p>\n","protected":false},"featured_media":15446,"comment_status":"open","ping_status":"closed","template":"","meta":{"footnotes":""},"product_cat":[135],"product_tag":[],"acf":[],"yoast_head":"<!-- This site is optimized with the Yoast SEO plugin v20.11 - https:\/\/yoast.com\/wordpress\/plugins\/seo\/ -->\n<title>Sol Lewitt. Dibuixos: 1958-1992 - Museu T\u00e0pies<\/title>\n<meta name=\"description\" content=\"Cat\u00e1logo donde se reproducen 468 dibujos de Sol LeWitt realizados entre los a\u00f1os 1958 y 1992. LeWitt intervino directamente en el orden de la catalogaci\u00f3n.\" \/>\n<meta name=\"robots\" content=\"index, follow, max-snippet:-1, max-image-preview:large, max-video-preview:-1\" \/>\n<meta property=\"og:locale\" content=\"es_ES\" \/>\n<meta property=\"og:type\" content=\"article\" \/>\n<meta property=\"og:title\" content=\"Sol Lewitt. Dibuixos: 1958-1992 - Museu T\u00e0pies\" \/>\n<meta property=\"og:description\" content=\"Cat\u00e1logo donde se reproducen 468 dibujos de Sol LeWitt realizados entre los a\u00f1os 1958 y 1992. LeWitt intervino directamente en el orden de la catalogaci\u00f3n.\" \/>\n<meta property=\"og:url\" content=\"https:\/\/museutapies.org\/es\/producte\/sol-lewitt-dibuixos-1958-1992\/\" \/>\n<meta property=\"og:site_name\" content=\"Museu T\u00e0pies\" \/>\n<meta property=\"article:publisher\" content=\"https:\/\/www.facebook.com\/museutapies\" \/>\n<meta property=\"article:modified_time\" content=\"2023-09-13T21:53:33+00:00\" \/>\n<meta property=\"og:image\" content=\"https:\/\/museutapies.org\/wp-content\/uploads\/2018\/02\/sol-lewitt-dibuixos-1958-1992.jpg\" \/>\n\t<meta property=\"og:image:width\" content=\"582\" \/>\n\t<meta property=\"og:image:height\" content=\"584\" \/>\n\t<meta property=\"og:image:type\" content=\"image\/jpeg\" \/>\n<meta name=\"twitter:card\" content=\"summary_large_image\" \/>\n<script type=\"application\/ld+json\" class=\"yoast-schema-graph\">{\"@context\":\"https:\/\/schema.org\",\"@graph\":[{\"@type\":\"WebPage\",\"@id\":\"https:\/\/museutapies.org\/es\/producte\/sol-lewitt-dibuixos-1958-1992\/\",\"url\":\"https:\/\/museutapies.org\/es\/producte\/sol-lewitt-dibuixos-1958-1992\/\",\"name\":\"Sol Lewitt. Dibuixos: 1958-1992 - Museu T\u00e0pies\",\"isPartOf\":{\"@id\":\"https:\/\/museutapies.org\/en\/#website\"},\"datePublished\":\"2018-02-15T10:45:15+00:00\",\"dateModified\":\"2023-09-13T21:53:33+00:00\",\"description\":\"Cat\u00e1logo donde se reproducen 468 dibujos de Sol LeWitt realizados entre los a\u00f1os 1958 y 1992. LeWitt intervino directamente en el orden de la catalogaci\u00f3n.\",\"breadcrumb\":{\"@id\":\"https:\/\/museutapies.org\/es\/producte\/sol-lewitt-dibuixos-1958-1992\/#breadcrumb\"},\"inLanguage\":\"es\",\"potentialAction\":[{\"@type\":\"ReadAction\",\"target\":[\"https:\/\/museutapies.org\/es\/producte\/sol-lewitt-dibuixos-1958-1992\/\"]}]},{\"@type\":\"BreadcrumbList\",\"@id\":\"https:\/\/museutapies.org\/es\/producte\/sol-lewitt-dibuixos-1958-1992\/#breadcrumb\",\"itemListElement\":[{\"@type\":\"ListItem\",\"position\":1,\"name\":\"Tots els productes\",\"item\":\"https:\/\/museutapies.org\/productes\/\"},{\"@type\":\"ListItem\",\"position\":2,\"name\":\"Sol Lewitt. Dibuixos: 1958-1992\"}]},{\"@type\":\"WebSite\",\"@id\":\"https:\/\/museutapies.org\/en\/#website\",\"url\":\"https:\/\/museutapies.org\/en\/\",\"name\":\"Museu T\u00e0pies\",\"description\":\"\",\"publisher\":{\"@id\":\"https:\/\/museutapies.org\/en\/#organization\"},\"potentialAction\":[{\"@type\":\"SearchAction\",\"target\":{\"@type\":\"EntryPoint\",\"urlTemplate\":\"https:\/\/museutapies.org\/en\/?s={search_term_string}\"},\"query-input\":\"required name=search_term_string\"}],\"inLanguage\":\"es\"},{\"@type\":\"Organization\",\"@id\":\"https:\/\/museutapies.org\/en\/#organization\",\"name\":\"Museu T\u00e0pies\",\"url\":\"https:\/\/museutapies.org\/en\/\",\"logo\":{\"@type\":\"ImageObject\",\"inLanguage\":\"es\",\"@id\":\"https:\/\/museutapies.org\/en\/#\/schema\/logo\/image\/\",\"url\":\"https:\/\/museutapies.org\/wp-content\/uploads\/2024\/07\/mta.png\",\"contentUrl\":\"https:\/\/museutapies.org\/wp-content\/uploads\/2024\/07\/mta.png\",\"width\":244,\"height\":110,\"caption\":\"Museu T\u00e0pies\"},\"image\":{\"@id\":\"https:\/\/museutapies.org\/en\/#\/schema\/logo\/image\/\"},\"sameAs\":[\"https:\/\/www.facebook.com\/museutapies\",\"https:\/\/www.instagram.com\/museutapies\/\",\"https:\/\/www.youtube.com\/channel\/UCPi65HBb48RMeoa12lR51cQ\",\"https:\/\/x.com\/MuseuTapies\"]}]}<\/script>\n<!-- \/ Yoast SEO plugin. -->","yoast_head_json":{"title":"Sol Lewitt. Dibuixos: 1958-1992 - Museu T\u00e0pies","description":"Cat\u00e1logo donde se reproducen 468 dibujos de Sol LeWitt realizados entre los a\u00f1os 1958 y 1992. LeWitt intervino directamente en el orden de la catalogaci\u00f3n.","robots":{"index":"index","follow":"follow","max-snippet":"max-snippet:-1","max-image-preview":"max-image-preview:large","max-video-preview":"max-video-preview:-1"},"og_locale":"es_ES","og_type":"article","og_title":"Sol Lewitt. Dibuixos: 1958-1992 - Museu T\u00e0pies","og_description":"Cat\u00e1logo donde se reproducen 468 dibujos de Sol LeWitt realizados entre los a\u00f1os 1958 y 1992. LeWitt intervino directamente en el orden de la catalogaci\u00f3n.","og_url":"https:\/\/museutapies.org\/es\/producte\/sol-lewitt-dibuixos-1958-1992\/","og_site_name":"Museu T\u00e0pies","article_publisher":"https:\/\/www.facebook.com\/museutapies","article_modified_time":"2023-09-13T21:53:33+00:00","og_image":[{"width":582,"height":584,"url":"https:\/\/museutapies.org\/wp-content\/uploads\/2018\/02\/sol-lewitt-dibuixos-1958-1992.jpg","type":"image\/jpeg"}],"twitter_card":"summary_large_image","schema":{"@context":"https:\/\/schema.org","@graph":[{"@type":"WebPage","@id":"https:\/\/museutapies.org\/es\/producte\/sol-lewitt-dibuixos-1958-1992\/","url":"https:\/\/museutapies.org\/es\/producte\/sol-lewitt-dibuixos-1958-1992\/","name":"Sol Lewitt. Dibuixos: 1958-1992 - Museu T\u00e0pies","isPartOf":{"@id":"https:\/\/museutapies.org\/en\/#website"},"datePublished":"2018-02-15T10:45:15+00:00","dateModified":"2023-09-13T21:53:33+00:00","description":"Cat\u00e1logo donde se reproducen 468 dibujos de Sol LeWitt realizados entre los a\u00f1os 1958 y 1992. LeWitt intervino directamente en el orden de la catalogaci\u00f3n.","breadcrumb":{"@id":"https:\/\/museutapies.org\/es\/producte\/sol-lewitt-dibuixos-1958-1992\/#breadcrumb"},"inLanguage":"es","potentialAction":[{"@type":"ReadAction","target":["https:\/\/museutapies.org\/es\/producte\/sol-lewitt-dibuixos-1958-1992\/"]}]},{"@type":"BreadcrumbList","@id":"https:\/\/museutapies.org\/es\/producte\/sol-lewitt-dibuixos-1958-1992\/#breadcrumb","itemListElement":[{"@type":"ListItem","position":1,"name":"Tots els productes","item":"https:\/\/museutapies.org\/productes\/"},{"@type":"ListItem","position":2,"name":"Sol Lewitt. Dibuixos: 1958-1992"}]},{"@type":"WebSite","@id":"https:\/\/museutapies.org\/en\/#website","url":"https:\/\/museutapies.org\/en\/","name":"Museu T\u00e0pies","description":"","publisher":{"@id":"https:\/\/museutapies.org\/en\/#organization"},"potentialAction":[{"@type":"SearchAction","target":{"@type":"EntryPoint","urlTemplate":"https:\/\/museutapies.org\/en\/?s={search_term_string}"},"query-input":"required name=search_term_string"}],"inLanguage":"es"},{"@type":"Organization","@id":"https:\/\/museutapies.org\/en\/#organization","name":"Museu T\u00e0pies","url":"https:\/\/museutapies.org\/en\/","logo":{"@type":"ImageObject","inLanguage":"es","@id":"https:\/\/museutapies.org\/en\/#\/schema\/logo\/image\/","url":"https:\/\/museutapies.org\/wp-content\/uploads\/2024\/07\/mta.png","contentUrl":"https:\/\/museutapies.org\/wp-content\/uploads\/2024\/07\/mta.png","width":244,"height":110,"caption":"Museu T\u00e0pies"},"image":{"@id":"https:\/\/museutapies.org\/en\/#\/schema\/logo\/image\/"},"sameAs":["https:\/\/www.facebook.com\/museutapies","https:\/\/www.instagram.com\/museutapies\/","https:\/\/www.youtube.com\/channel\/UCPi65HBb48RMeoa12lR51cQ","https:\/\/x.com\/MuseuTapies"]}]}},"_links":{"self":[{"href":"https:\/\/museutapies.org\/es\/wp-json\/wp\/v2\/product\/14129"}],"collection":[{"href":"https:\/\/museutapies.org\/es\/wp-json\/wp\/v2\/product"}],"about":[{"href":"https:\/\/museutapies.org\/es\/wp-json\/wp\/v2\/types\/product"}],"replies":[{"embeddable":true,"href":"https:\/\/museutapies.org\/es\/wp-json\/wp\/v2\/comments?post=14129"}],"version-history":[{"count":2,"href":"https:\/\/museutapies.org\/es\/wp-json\/wp\/v2\/product\/14129\/revisions"}],"predecessor-version":[{"id":18014,"href":"https:\/\/museutapies.org\/es\/wp-json\/wp\/v2\/product\/14129\/revisions\/18014"}],"wp:featuredmedia":[{"embeddable":true,"href":"https:\/\/museutapies.org\/es\/wp-json\/wp\/v2\/media\/15446"}],"wp:attachment":[{"href":"https:\/\/museutapies.org\/es\/wp-json\/wp\/v2\/media?parent=14129"}],"wp:term":[{"taxonomy":"product_cat","embeddable":true,"href":"https:\/\/museutapies.org\/es\/wp-json\/wp\/v2\/product_cat?post=14129"},{"taxonomy":"product_tag","embeddable":true,"href":"https:\/\/museutapies.org\/es\/wp-json\/wp\/v2\/product_tag?post=14129"}],"curies":[{"name":"wp","href":"https:\/\/api.w.org\/{rel}","templated":true}]}}