{"id":14178,"date":"2018-02-15T10:09:48","date_gmt":"2018-02-15T10:09:48","guid":{"rendered":"https:\/\/museutapies.org\/producte\/tipografias-politicas-ensayos-visuales-los-margenes-europa\/"},"modified":"2021-11-29T00:17:04","modified_gmt":"2021-11-29T00:17:04","slug":"tipografias-politicas-ensayos-visuales-los-margenes-europa","status":"publish","type":"product","link":"https:\/\/museutapies.org\/es\/producte\/tipografias-politicas-ensayos-visuales-los-margenes-europa\/","title":{"rendered":"Tipograf\u00edas pol\u00edticas. Ensayos visuales en los m\u00e1rgenes de Europa"},"content":{"rendered":"<p>Cat\u00e1logo de la exposici\u00f3n de los videoensayo de Ursula Biemann y los filmes de Angela Melitopoulos en el marco de un proyectocolaborativo sobre la transformaci\u00f3n de las geograf\u00edas que se extienden desde los Balcanes hasta Turqu\u00eda y el C\u00e1ucaso. Seis ensayos en torno a los aspectos del proyecto<br \/>\ncomplementan el cat\u00e1logo.<\/p>\n","protected":false},"excerpt":{"rendered":"<p>Cat\u00e1logo de la exposici\u00f3n de los videoensayo de Ursula Biemann y los filmes de Angela Melitopoulos en el marco de [&hellip;]<\/p>\n","protected":false},"featured_media":15514,"comment_status":"open","ping_status":"closed","template":"","meta":{"footnotes":""},"product_cat":[135],"product_tag":[],"acf":[],"yoast_head":"<!-- This site is optimized with the Yoast SEO plugin v20.11 - https:\/\/yoast.com\/wordpress\/plugins\/seo\/ -->\n<title>Tipograf\u00edas pol\u00edticas. Ensayos visuales en los m\u00e1rgenes de Europa - Museu T\u00e0pies<\/title>\n<meta name=\"description\" content=\"Cat\u00e1logo de la exposici\u00f3n de los videoensayo de Ursula Biemann y los filmes de Angela Melitopoulos sobre la transformaci\u00f3n de las geograf\u00edas que se extienden desde los Balcanes hasta Turqu\u00eda y el C\u00e1ucaso.\" \/>\n<meta name=\"robots\" content=\"index, follow, max-snippet:-1, max-image-preview:large, max-video-preview:-1\" \/>\n<meta property=\"og:locale\" content=\"es_ES\" \/>\n<meta property=\"og:type\" content=\"article\" \/>\n<meta property=\"og:title\" content=\"Tipograf\u00edas pol\u00edticas. Ensayos visuales en los m\u00e1rgenes de Europa - Museu T\u00e0pies\" \/>\n<meta property=\"og:description\" content=\"Cat\u00e1logo de la exposici\u00f3n de los videoensayo de Ursula Biemann y los filmes de Angela Melitopoulos sobre la transformaci\u00f3n de las geograf\u00edas que se extienden desde los Balcanes hasta Turqu\u00eda y el C\u00e1ucaso.\" \/>\n<meta property=\"og:url\" content=\"https:\/\/museutapies.org\/es\/producte\/tipografias-politicas-ensayos-visuales-los-margenes-europa\/\" \/>\n<meta property=\"og:site_name\" content=\"Museu T\u00e0pies\" \/>\n<meta property=\"article:publisher\" content=\"https:\/\/www.facebook.com\/museutapies\" \/>\n<meta property=\"article:modified_time\" content=\"2021-11-29T00:17:04+00:00\" \/>\n<meta property=\"og:image\" content=\"https:\/\/museutapies.org\/wp-content\/uploads\/2018\/02\/Tipograf\u00edas-pol\u00edticas.jpg\" \/>\n\t<meta property=\"og:image:width\" content=\"386\" \/>\n\t<meta property=\"og:image:height\" content=\"385\" \/>\n\t<meta property=\"og:image:type\" content=\"image\/jpeg\" \/>\n<meta name=\"twitter:card\" content=\"summary_large_image\" \/>\n<script type=\"application\/ld+json\" class=\"yoast-schema-graph\">{\"@context\":\"https:\/\/schema.org\",\"@graph\":[{\"@type\":\"WebPage\",\"@id\":\"https:\/\/museutapies.org\/es\/producte\/tipografias-politicas-ensayos-visuales-los-margenes-europa\/\",\"url\":\"https:\/\/museutapies.org\/es\/producte\/tipografias-politicas-ensayos-visuales-los-margenes-europa\/\",\"name\":\"Tipograf\u00edas pol\u00edticas. Ensayos visuales en los m\u00e1rgenes de Europa - Museu T\u00e0pies\",\"isPartOf\":{\"@id\":\"https:\/\/museutapies.org\/en\/#website\"},\"datePublished\":\"2018-02-15T10:09:48+00:00\",\"dateModified\":\"2021-11-29T00:17:04+00:00\",\"description\":\"Cat\u00e1logo de la exposici\u00f3n de los videoensayo de Ursula Biemann y los filmes de Angela Melitopoulos sobre la transformaci\u00f3n de las geograf\u00edas que se extienden desde los Balcanes hasta Turqu\u00eda y el C\u00e1ucaso.\",\"breadcrumb\":{\"@id\":\"https:\/\/museutapies.org\/es\/producte\/tipografias-politicas-ensayos-visuales-los-margenes-europa\/#breadcrumb\"},\"inLanguage\":\"es\",\"potentialAction\":[{\"@type\":\"ReadAction\",\"target\":[\"https:\/\/museutapies.org\/es\/producte\/tipografias-politicas-ensayos-visuales-los-margenes-europa\/\"]}]},{\"@type\":\"BreadcrumbList\",\"@id\":\"https:\/\/museutapies.org\/es\/producte\/tipografias-politicas-ensayos-visuales-los-margenes-europa\/#breadcrumb\",\"itemListElement\":[{\"@type\":\"ListItem\",\"position\":1,\"name\":\"Tots els productes\",\"item\":\"https:\/\/museutapies.org\/productes\/\"},{\"@type\":\"ListItem\",\"position\":2,\"name\":\"Tipograf\u00edas pol\u00edticas. Ensayos visuales en los m\u00e1rgenes de Europa\"}]},{\"@type\":\"WebSite\",\"@id\":\"https:\/\/museutapies.org\/en\/#website\",\"url\":\"https:\/\/museutapies.org\/en\/\",\"name\":\"Museu T\u00e0pies\",\"description\":\"\",\"publisher\":{\"@id\":\"https:\/\/museutapies.org\/en\/#organization\"},\"potentialAction\":[{\"@type\":\"SearchAction\",\"target\":{\"@type\":\"EntryPoint\",\"urlTemplate\":\"https:\/\/museutapies.org\/en\/?s={search_term_string}\"},\"query-input\":\"required name=search_term_string\"}],\"inLanguage\":\"es\"},{\"@type\":\"Organization\",\"@id\":\"https:\/\/museutapies.org\/en\/#organization\",\"name\":\"Museu T\u00e0pies\",\"url\":\"https:\/\/museutapies.org\/en\/\",\"logo\":{\"@type\":\"ImageObject\",\"inLanguage\":\"es\",\"@id\":\"https:\/\/museutapies.org\/en\/#\/schema\/logo\/image\/\",\"url\":\"https:\/\/museutapies.org\/wp-content\/uploads\/2024\/07\/mta.png\",\"contentUrl\":\"https:\/\/museutapies.org\/wp-content\/uploads\/2024\/07\/mta.png\",\"width\":244,\"height\":110,\"caption\":\"Museu T\u00e0pies\"},\"image\":{\"@id\":\"https:\/\/museutapies.org\/en\/#\/schema\/logo\/image\/\"},\"sameAs\":[\"https:\/\/www.facebook.com\/museutapies\",\"https:\/\/www.instagram.com\/museutapies\/\",\"https:\/\/www.youtube.com\/channel\/UCPi65HBb48RMeoa12lR51cQ\",\"https:\/\/x.com\/MuseuTapies\"]}]}<\/script>\n<!-- \/ Yoast SEO plugin. -->","yoast_head_json":{"title":"Tipograf\u00edas pol\u00edticas. Ensayos visuales en los m\u00e1rgenes de Europa - Museu T\u00e0pies","description":"Cat\u00e1logo de la exposici\u00f3n de los videoensayo de Ursula Biemann y los filmes de Angela Melitopoulos sobre la transformaci\u00f3n de las geograf\u00edas que se extienden desde los Balcanes hasta Turqu\u00eda y el C\u00e1ucaso.","robots":{"index":"index","follow":"follow","max-snippet":"max-snippet:-1","max-image-preview":"max-image-preview:large","max-video-preview":"max-video-preview:-1"},"og_locale":"es_ES","og_type":"article","og_title":"Tipograf\u00edas pol\u00edticas. Ensayos visuales en los m\u00e1rgenes de Europa - Museu T\u00e0pies","og_description":"Cat\u00e1logo de la exposici\u00f3n de los videoensayo de Ursula Biemann y los filmes de Angela Melitopoulos sobre la transformaci\u00f3n de las geograf\u00edas que se extienden desde los Balcanes hasta Turqu\u00eda y el C\u00e1ucaso.","og_url":"https:\/\/museutapies.org\/es\/producte\/tipografias-politicas-ensayos-visuales-los-margenes-europa\/","og_site_name":"Museu T\u00e0pies","article_publisher":"https:\/\/www.facebook.com\/museutapies","article_modified_time":"2021-11-29T00:17:04+00:00","og_image":[{"width":386,"height":385,"url":"https:\/\/museutapies.org\/wp-content\/uploads\/2018\/02\/Tipograf\u00edas-pol\u00edticas.jpg","type":"image\/jpeg"}],"twitter_card":"summary_large_image","schema":{"@context":"https:\/\/schema.org","@graph":[{"@type":"WebPage","@id":"https:\/\/museutapies.org\/es\/producte\/tipografias-politicas-ensayos-visuales-los-margenes-europa\/","url":"https:\/\/museutapies.org\/es\/producte\/tipografias-politicas-ensayos-visuales-los-margenes-europa\/","name":"Tipograf\u00edas pol\u00edticas. Ensayos visuales en los m\u00e1rgenes de Europa - Museu T\u00e0pies","isPartOf":{"@id":"https:\/\/museutapies.org\/en\/#website"},"datePublished":"2018-02-15T10:09:48+00:00","dateModified":"2021-11-29T00:17:04+00:00","description":"Cat\u00e1logo de la exposici\u00f3n de los videoensayo de Ursula Biemann y los filmes de Angela Melitopoulos sobre la transformaci\u00f3n de las geograf\u00edas que se extienden desde los Balcanes hasta Turqu\u00eda y el C\u00e1ucaso.","breadcrumb":{"@id":"https:\/\/museutapies.org\/es\/producte\/tipografias-politicas-ensayos-visuales-los-margenes-europa\/#breadcrumb"},"inLanguage":"es","potentialAction":[{"@type":"ReadAction","target":["https:\/\/museutapies.org\/es\/producte\/tipografias-politicas-ensayos-visuales-los-margenes-europa\/"]}]},{"@type":"BreadcrumbList","@id":"https:\/\/museutapies.org\/es\/producte\/tipografias-politicas-ensayos-visuales-los-margenes-europa\/#breadcrumb","itemListElement":[{"@type":"ListItem","position":1,"name":"Tots els productes","item":"https:\/\/museutapies.org\/productes\/"},{"@type":"ListItem","position":2,"name":"Tipograf\u00edas pol\u00edticas. Ensayos visuales en los m\u00e1rgenes de Europa"}]},{"@type":"WebSite","@id":"https:\/\/museutapies.org\/en\/#website","url":"https:\/\/museutapies.org\/en\/","name":"Museu T\u00e0pies","description":"","publisher":{"@id":"https:\/\/museutapies.org\/en\/#organization"},"potentialAction":[{"@type":"SearchAction","target":{"@type":"EntryPoint","urlTemplate":"https:\/\/museutapies.org\/en\/?s={search_term_string}"},"query-input":"required name=search_term_string"}],"inLanguage":"es"},{"@type":"Organization","@id":"https:\/\/museutapies.org\/en\/#organization","name":"Museu T\u00e0pies","url":"https:\/\/museutapies.org\/en\/","logo":{"@type":"ImageObject","inLanguage":"es","@id":"https:\/\/museutapies.org\/en\/#\/schema\/logo\/image\/","url":"https:\/\/museutapies.org\/wp-content\/uploads\/2024\/07\/mta.png","contentUrl":"https:\/\/museutapies.org\/wp-content\/uploads\/2024\/07\/mta.png","width":244,"height":110,"caption":"Museu T\u00e0pies"},"image":{"@id":"https:\/\/museutapies.org\/en\/#\/schema\/logo\/image\/"},"sameAs":["https:\/\/www.facebook.com\/museutapies","https:\/\/www.instagram.com\/museutapies\/","https:\/\/www.youtube.com\/channel\/UCPi65HBb48RMeoa12lR51cQ","https:\/\/x.com\/MuseuTapies"]}]}},"_links":{"self":[{"href":"https:\/\/museutapies.org\/es\/wp-json\/wp\/v2\/product\/14178"}],"collection":[{"href":"https:\/\/museutapies.org\/es\/wp-json\/wp\/v2\/product"}],"about":[{"href":"https:\/\/museutapies.org\/es\/wp-json\/wp\/v2\/types\/product"}],"replies":[{"embeddable":true,"href":"https:\/\/museutapies.org\/es\/wp-json\/wp\/v2\/comments?post=14178"}],"version-history":[{"count":3,"href":"https:\/\/museutapies.org\/es\/wp-json\/wp\/v2\/product\/14178\/revisions"}],"predecessor-version":[{"id":18032,"href":"https:\/\/museutapies.org\/es\/wp-json\/wp\/v2\/product\/14178\/revisions\/18032"}],"wp:featuredmedia":[{"embeddable":true,"href":"https:\/\/museutapies.org\/es\/wp-json\/wp\/v2\/media\/15514"}],"wp:attachment":[{"href":"https:\/\/museutapies.org\/es\/wp-json\/wp\/v2\/media?parent=14178"}],"wp:term":[{"taxonomy":"product_cat","embeddable":true,"href":"https:\/\/museutapies.org\/es\/wp-json\/wp\/v2\/product_cat?post=14178"},{"taxonomy":"product_tag","embeddable":true,"href":"https:\/\/museutapies.org\/es\/wp-json\/wp\/v2\/product_tag?post=14178"}],"curies":[{"name":"wp","href":"https:\/\/api.w.org\/{rel}","templated":true}]}}