{"id":14193,"date":"2018-02-15T10:01:53","date_gmt":"2018-02-15T10:01:53","guid":{"rendered":"https:\/\/museutapies.org\/producte\/subculture-and-homogenization-subcultura-homogeneitzacio\/"},"modified":"2021-11-29T00:17:06","modified_gmt":"2021-11-29T00:17:06","slug":"subculture-and-homogenization-subcultura-homogeneitzacio","status":"publish","type":"product","link":"https:\/\/museutapies.org\/es\/producte\/subculture-and-homogenization-subcultura-homogeneitzacio\/","title":{"rendered":"Subculture and Homogenization \/ Subcultura i homogene\u00eftzaci\u00f3"},"content":{"rendered":"<p>Recopilaci\u00f3n de las conferencias pronunciadas por John Beverley, Phil Cohen y David Harvey en el marco del seminario hom\u00f3nimo, el cual respond\u00eda al inter\u00e9s por crear un espacio de di\u00e1logo que posibilitara la vinculaci\u00f3n entre las formas m\u00e1s avanzadas de la teor\u00eda acad\u00e9mica y las formas de pensar la historia y la cultura desde una posici\u00f3n subalterna.<\/p>\n","protected":false},"excerpt":{"rendered":"<p>Recopilaci\u00f3n de las conferencias pronunciadas por John Beverley, Phil Cohen y David Harvey en el marco del seminario hom\u00f3nimo, el [&hellip;]<\/p>\n","protected":false},"featured_media":15529,"comment_status":"open","ping_status":"closed","template":"","meta":{"footnotes":""},"product_cat":[135],"product_tag":[],"acf":[],"yoast_head":"<!-- This site is optimized with the Yoast SEO plugin v20.11 - https:\/\/yoast.com\/wordpress\/plugins\/seo\/ -->\n<title>Subculture and Homogenization \/ Subcultura i homogene\u00eftzaci\u00f3 - Museu T\u00e0pies<\/title>\n<meta name=\"description\" content=\"Recopilaci\u00f3n de las conferencias pronunciadas por John Beverley, Phil Cohen y David Harvey en las que se vinculaba la teor\u00eda acad\u00e9mica y la historia y la cultura\" \/>\n<meta name=\"robots\" content=\"index, follow, max-snippet:-1, max-image-preview:large, max-video-preview:-1\" \/>\n<meta property=\"og:locale\" content=\"es_ES\" \/>\n<meta property=\"og:type\" content=\"article\" \/>\n<meta property=\"og:title\" content=\"Subculture and Homogenization \/ Subcultura i homogene\u00eftzaci\u00f3 - Museu T\u00e0pies\" \/>\n<meta property=\"og:description\" content=\"Recopilaci\u00f3n de las conferencias pronunciadas por John Beverley, Phil Cohen y David Harvey en las que se vinculaba la teor\u00eda acad\u00e9mica y la historia y la cultura\" \/>\n<meta property=\"og:url\" content=\"https:\/\/museutapies.org\/es\/producte\/subculture-and-homogenization-subcultura-homogeneitzacio\/\" \/>\n<meta property=\"og:site_name\" content=\"Museu T\u00e0pies\" \/>\n<meta property=\"article:publisher\" content=\"https:\/\/www.facebook.com\/museutapies\" \/>\n<meta property=\"article:modified_time\" content=\"2021-11-29T00:17:06+00:00\" \/>\n<meta property=\"og:image\" content=\"https:\/\/museutapies.org\/wp-content\/uploads\/2018\/02\/Subculture-and-Homogenization.jpg\" \/>\n\t<meta property=\"og:image:width\" content=\"390\" \/>\n\t<meta property=\"og:image:height\" content=\"390\" \/>\n\t<meta property=\"og:image:type\" content=\"image\/jpeg\" \/>\n<meta name=\"twitter:card\" content=\"summary_large_image\" \/>\n<script type=\"application\/ld+json\" class=\"yoast-schema-graph\">{\"@context\":\"https:\/\/schema.org\",\"@graph\":[{\"@type\":\"WebPage\",\"@id\":\"https:\/\/museutapies.org\/es\/producte\/subculture-and-homogenization-subcultura-homogeneitzacio\/\",\"url\":\"https:\/\/museutapies.org\/es\/producte\/subculture-and-homogenization-subcultura-homogeneitzacio\/\",\"name\":\"Subculture and Homogenization \/ Subcultura i homogene\u00eftzaci\u00f3 - Museu T\u00e0pies\",\"isPartOf\":{\"@id\":\"https:\/\/museutapies.org\/en\/#website\"},\"datePublished\":\"2018-02-15T10:01:53+00:00\",\"dateModified\":\"2021-11-29T00:17:06+00:00\",\"description\":\"Recopilaci\u00f3n de las conferencias pronunciadas por John Beverley, Phil Cohen y David Harvey en las que se vinculaba la teor\u00eda acad\u00e9mica y la historia y la cultura\",\"breadcrumb\":{\"@id\":\"https:\/\/museutapies.org\/es\/producte\/subculture-and-homogenization-subcultura-homogeneitzacio\/#breadcrumb\"},\"inLanguage\":\"es\",\"potentialAction\":[{\"@type\":\"ReadAction\",\"target\":[\"https:\/\/museutapies.org\/es\/producte\/subculture-and-homogenization-subcultura-homogeneitzacio\/\"]}]},{\"@type\":\"BreadcrumbList\",\"@id\":\"https:\/\/museutapies.org\/es\/producte\/subculture-and-homogenization-subcultura-homogeneitzacio\/#breadcrumb\",\"itemListElement\":[{\"@type\":\"ListItem\",\"position\":1,\"name\":\"Tots els productes\",\"item\":\"https:\/\/museutapies.org\/productes\/\"},{\"@type\":\"ListItem\",\"position\":2,\"name\":\"Subculture and Homogenization \/ Subcultura i homogene\u00eftzaci\u00f3\"}]},{\"@type\":\"WebSite\",\"@id\":\"https:\/\/museutapies.org\/en\/#website\",\"url\":\"https:\/\/museutapies.org\/en\/\",\"name\":\"Museu T\u00e0pies\",\"description\":\"\",\"publisher\":{\"@id\":\"https:\/\/museutapies.org\/en\/#organization\"},\"potentialAction\":[{\"@type\":\"SearchAction\",\"target\":{\"@type\":\"EntryPoint\",\"urlTemplate\":\"https:\/\/museutapies.org\/en\/?s={search_term_string}\"},\"query-input\":\"required name=search_term_string\"}],\"inLanguage\":\"es\"},{\"@type\":\"Organization\",\"@id\":\"https:\/\/museutapies.org\/en\/#organization\",\"name\":\"Museu T\u00e0pies\",\"url\":\"https:\/\/museutapies.org\/en\/\",\"logo\":{\"@type\":\"ImageObject\",\"inLanguage\":\"es\",\"@id\":\"https:\/\/museutapies.org\/en\/#\/schema\/logo\/image\/\",\"url\":\"https:\/\/museutapies.org\/wp-content\/uploads\/2024\/07\/mta.png\",\"contentUrl\":\"https:\/\/museutapies.org\/wp-content\/uploads\/2024\/07\/mta.png\",\"width\":244,\"height\":110,\"caption\":\"Museu T\u00e0pies\"},\"image\":{\"@id\":\"https:\/\/museutapies.org\/en\/#\/schema\/logo\/image\/\"},\"sameAs\":[\"https:\/\/www.facebook.com\/museutapies\",\"https:\/\/www.instagram.com\/museutapies\/\",\"https:\/\/www.youtube.com\/channel\/UCPi65HBb48RMeoa12lR51cQ\",\"https:\/\/x.com\/MuseuTapies\"]}]}<\/script>\n<!-- \/ Yoast SEO plugin. -->","yoast_head_json":{"title":"Subculture and Homogenization \/ Subcultura i homogene\u00eftzaci\u00f3 - Museu T\u00e0pies","description":"Recopilaci\u00f3n de las conferencias pronunciadas por John Beverley, Phil Cohen y David Harvey en las que se vinculaba la teor\u00eda acad\u00e9mica y la historia y la cultura","robots":{"index":"index","follow":"follow","max-snippet":"max-snippet:-1","max-image-preview":"max-image-preview:large","max-video-preview":"max-video-preview:-1"},"og_locale":"es_ES","og_type":"article","og_title":"Subculture and Homogenization \/ Subcultura i homogene\u00eftzaci\u00f3 - Museu T\u00e0pies","og_description":"Recopilaci\u00f3n de las conferencias pronunciadas por John Beverley, Phil Cohen y David Harvey en las que se vinculaba la teor\u00eda acad\u00e9mica y la historia y la cultura","og_url":"https:\/\/museutapies.org\/es\/producte\/subculture-and-homogenization-subcultura-homogeneitzacio\/","og_site_name":"Museu T\u00e0pies","article_publisher":"https:\/\/www.facebook.com\/museutapies","article_modified_time":"2021-11-29T00:17:06+00:00","og_image":[{"width":390,"height":390,"url":"https:\/\/museutapies.org\/wp-content\/uploads\/2018\/02\/Subculture-and-Homogenization.jpg","type":"image\/jpeg"}],"twitter_card":"summary_large_image","schema":{"@context":"https:\/\/schema.org","@graph":[{"@type":"WebPage","@id":"https:\/\/museutapies.org\/es\/producte\/subculture-and-homogenization-subcultura-homogeneitzacio\/","url":"https:\/\/museutapies.org\/es\/producte\/subculture-and-homogenization-subcultura-homogeneitzacio\/","name":"Subculture and Homogenization \/ Subcultura i homogene\u00eftzaci\u00f3 - Museu T\u00e0pies","isPartOf":{"@id":"https:\/\/museutapies.org\/en\/#website"},"datePublished":"2018-02-15T10:01:53+00:00","dateModified":"2021-11-29T00:17:06+00:00","description":"Recopilaci\u00f3n de las conferencias pronunciadas por John Beverley, Phil Cohen y David Harvey en las que se vinculaba la teor\u00eda acad\u00e9mica y la historia y la cultura","breadcrumb":{"@id":"https:\/\/museutapies.org\/es\/producte\/subculture-and-homogenization-subcultura-homogeneitzacio\/#breadcrumb"},"inLanguage":"es","potentialAction":[{"@type":"ReadAction","target":["https:\/\/museutapies.org\/es\/producte\/subculture-and-homogenization-subcultura-homogeneitzacio\/"]}]},{"@type":"BreadcrumbList","@id":"https:\/\/museutapies.org\/es\/producte\/subculture-and-homogenization-subcultura-homogeneitzacio\/#breadcrumb","itemListElement":[{"@type":"ListItem","position":1,"name":"Tots els productes","item":"https:\/\/museutapies.org\/productes\/"},{"@type":"ListItem","position":2,"name":"Subculture and Homogenization \/ Subcultura i homogene\u00eftzaci\u00f3"}]},{"@type":"WebSite","@id":"https:\/\/museutapies.org\/en\/#website","url":"https:\/\/museutapies.org\/en\/","name":"Museu T\u00e0pies","description":"","publisher":{"@id":"https:\/\/museutapies.org\/en\/#organization"},"potentialAction":[{"@type":"SearchAction","target":{"@type":"EntryPoint","urlTemplate":"https:\/\/museutapies.org\/en\/?s={search_term_string}"},"query-input":"required name=search_term_string"}],"inLanguage":"es"},{"@type":"Organization","@id":"https:\/\/museutapies.org\/en\/#organization","name":"Museu T\u00e0pies","url":"https:\/\/museutapies.org\/en\/","logo":{"@type":"ImageObject","inLanguage":"es","@id":"https:\/\/museutapies.org\/en\/#\/schema\/logo\/image\/","url":"https:\/\/museutapies.org\/wp-content\/uploads\/2024\/07\/mta.png","contentUrl":"https:\/\/museutapies.org\/wp-content\/uploads\/2024\/07\/mta.png","width":244,"height":110,"caption":"Museu T\u00e0pies"},"image":{"@id":"https:\/\/museutapies.org\/en\/#\/schema\/logo\/image\/"},"sameAs":["https:\/\/www.facebook.com\/museutapies","https:\/\/www.instagram.com\/museutapies\/","https:\/\/www.youtube.com\/channel\/UCPi65HBb48RMeoa12lR51cQ","https:\/\/x.com\/MuseuTapies"]}]}},"_links":{"self":[{"href":"https:\/\/museutapies.org\/es\/wp-json\/wp\/v2\/product\/14193"}],"collection":[{"href":"https:\/\/museutapies.org\/es\/wp-json\/wp\/v2\/product"}],"about":[{"href":"https:\/\/museutapies.org\/es\/wp-json\/wp\/v2\/types\/product"}],"replies":[{"embeddable":true,"href":"https:\/\/museutapies.org\/es\/wp-json\/wp\/v2\/comments?post=14193"}],"version-history":[{"count":3,"href":"https:\/\/museutapies.org\/es\/wp-json\/wp\/v2\/product\/14193\/revisions"}],"predecessor-version":[{"id":18040,"href":"https:\/\/museutapies.org\/es\/wp-json\/wp\/v2\/product\/14193\/revisions\/18040"}],"wp:featuredmedia":[{"embeddable":true,"href":"https:\/\/museutapies.org\/es\/wp-json\/wp\/v2\/media\/15529"}],"wp:attachment":[{"href":"https:\/\/museutapies.org\/es\/wp-json\/wp\/v2\/media?parent=14193"}],"wp:term":[{"taxonomy":"product_cat","embeddable":true,"href":"https:\/\/museutapies.org\/es\/wp-json\/wp\/v2\/product_cat?post=14193"},{"taxonomy":"product_tag","embeddable":true,"href":"https:\/\/museutapies.org\/es\/wp-json\/wp\/v2\/product_tag?post=14193"}],"curies":[{"name":"wp","href":"https:\/\/api.w.org\/{rel}","templated":true}]}}