{"id":14227,"date":"2018-02-15T09:50:56","date_gmt":"2018-02-15T09:50:56","guid":{"rendered":"https:\/\/museutapies.org\/producte\/marcel-broodthaers-cinema-angles\/"},"modified":"2021-11-29T00:22:08","modified_gmt":"2021-11-29T00:22:08","slug":"marcel-broodthaers-cinema-angles","status":"publish","type":"product","link":"https:\/\/museutapies.org\/es\/producte\/marcel-broodthaers-cinema-angles\/","title":{"rendered":"Marcel Broodthaers. Cin\u00e9ma"},"content":{"rendered":"<p>Cat\u00e1logo razonado de cuarenta y dos filmes de los m\u00e1s de cien proyectos cinematogr\u00e1ficos que Marcel Broodthaers puso en marcha durante su carrera. Los filmes, realizados entre los a\u00f1os 1957 y 1975, muestran los v\u00ednculos que Broodthaers establec\u00eda entre el cine y otros medios como ahora el libro, la<br \/>\npintura, el dibujo, la fotograf\u00eda y la escultura. Incluye dos ensayos sobre su obra.<\/p>\n<p>&nbsp;<\/p>\n","protected":false},"excerpt":{"rendered":"<p>Cat\u00e1logo razonado de cuarenta y dos filmes de los m\u00e1s de cien proyectos cinematogr\u00e1ficos que Marcel Broodthaers puso en marcha [&hellip;]<\/p>\n","protected":false},"featured_media":15550,"comment_status":"open","ping_status":"closed","template":"","meta":{"footnotes":""},"product_cat":[135],"product_tag":[],"acf":[],"yoast_head":"<!-- This site is optimized with the Yoast SEO plugin v20.11 - https:\/\/yoast.com\/wordpress\/plugins\/seo\/ -->\n<title>Marcel Broodthaers. Cin\u00e9ma - Museu T\u00e0pies<\/title>\n<meta name=\"description\" content=\"Cat\u00e1logo razonado de cuarenta y dos filmes de los m\u00e1s de cien proyectos cinematogr\u00e1ficos que Marcel Broodthaers puso en marcha durante su carrera.\" \/>\n<meta name=\"robots\" content=\"index, follow, max-snippet:-1, max-image-preview:large, max-video-preview:-1\" \/>\n<meta property=\"og:locale\" content=\"es_ES\" \/>\n<meta property=\"og:type\" content=\"article\" \/>\n<meta property=\"og:title\" content=\"Marcel Broodthaers. Cin\u00e9ma - Museu T\u00e0pies\" \/>\n<meta property=\"og:description\" content=\"Cat\u00e1logo razonado de cuarenta y dos filmes de los m\u00e1s de cien proyectos cinematogr\u00e1ficos que Marcel Broodthaers puso en marcha durante su carrera.\" \/>\n<meta property=\"og:url\" content=\"https:\/\/museutapies.org\/es\/producte\/marcel-broodthaers-cinema-angles\/\" \/>\n<meta property=\"og:site_name\" content=\"Museu T\u00e0pies\" \/>\n<meta property=\"article:publisher\" content=\"https:\/\/www.facebook.com\/museutapies\" \/>\n<meta property=\"article:modified_time\" content=\"2021-11-29T00:22:08+00:00\" \/>\n<meta property=\"og:image\" content=\"https:\/\/museutapies.org\/wp-content\/uploads\/2018\/02\/marcel-broodthaers-cin\u00e9ma.jpg\" \/>\n\t<meta property=\"og:image:width\" content=\"340\" \/>\n\t<meta property=\"og:image:height\" content=\"340\" \/>\n\t<meta property=\"og:image:type\" content=\"image\/jpeg\" \/>\n<meta name=\"twitter:card\" content=\"summary_large_image\" \/>\n<script type=\"application\/ld+json\" class=\"yoast-schema-graph\">{\"@context\":\"https:\/\/schema.org\",\"@graph\":[{\"@type\":\"WebPage\",\"@id\":\"https:\/\/museutapies.org\/es\/producte\/marcel-broodthaers-cinema-angles\/\",\"url\":\"https:\/\/museutapies.org\/es\/producte\/marcel-broodthaers-cinema-angles\/\",\"name\":\"Marcel Broodthaers. Cin\u00e9ma - Museu T\u00e0pies\",\"isPartOf\":{\"@id\":\"https:\/\/museutapies.org\/en\/#website\"},\"datePublished\":\"2018-02-15T09:50:56+00:00\",\"dateModified\":\"2021-11-29T00:22:08+00:00\",\"description\":\"Cat\u00e1logo razonado de cuarenta y dos filmes de los m\u00e1s de cien proyectos cinematogr\u00e1ficos que Marcel Broodthaers puso en marcha durante su carrera.\",\"breadcrumb\":{\"@id\":\"https:\/\/museutapies.org\/es\/producte\/marcel-broodthaers-cinema-angles\/#breadcrumb\"},\"inLanguage\":\"es\",\"potentialAction\":[{\"@type\":\"ReadAction\",\"target\":[\"https:\/\/museutapies.org\/es\/producte\/marcel-broodthaers-cinema-angles\/\"]}]},{\"@type\":\"BreadcrumbList\",\"@id\":\"https:\/\/museutapies.org\/es\/producte\/marcel-broodthaers-cinema-angles\/#breadcrumb\",\"itemListElement\":[{\"@type\":\"ListItem\",\"position\":1,\"name\":\"Tots els productes\",\"item\":\"https:\/\/museutapies.org\/productes\/\"},{\"@type\":\"ListItem\",\"position\":2,\"name\":\"Marcel Broodthaers. Cin\u00e9ma\"}]},{\"@type\":\"WebSite\",\"@id\":\"https:\/\/museutapies.org\/en\/#website\",\"url\":\"https:\/\/museutapies.org\/en\/\",\"name\":\"Museu T\u00e0pies\",\"description\":\"\",\"publisher\":{\"@id\":\"https:\/\/museutapies.org\/en\/#organization\"},\"potentialAction\":[{\"@type\":\"SearchAction\",\"target\":{\"@type\":\"EntryPoint\",\"urlTemplate\":\"https:\/\/museutapies.org\/en\/?s={search_term_string}\"},\"query-input\":\"required name=search_term_string\"}],\"inLanguage\":\"es\"},{\"@type\":\"Organization\",\"@id\":\"https:\/\/museutapies.org\/en\/#organization\",\"name\":\"Museu T\u00e0pies\",\"url\":\"https:\/\/museutapies.org\/en\/\",\"logo\":{\"@type\":\"ImageObject\",\"inLanguage\":\"es\",\"@id\":\"https:\/\/museutapies.org\/en\/#\/schema\/logo\/image\/\",\"url\":\"https:\/\/museutapies.org\/wp-content\/uploads\/2024\/07\/mta.png\",\"contentUrl\":\"https:\/\/museutapies.org\/wp-content\/uploads\/2024\/07\/mta.png\",\"width\":244,\"height\":110,\"caption\":\"Museu T\u00e0pies\"},\"image\":{\"@id\":\"https:\/\/museutapies.org\/en\/#\/schema\/logo\/image\/\"},\"sameAs\":[\"https:\/\/www.facebook.com\/museutapies\",\"https:\/\/www.instagram.com\/museutapies\/\",\"https:\/\/www.youtube.com\/channel\/UCPi65HBb48RMeoa12lR51cQ\",\"https:\/\/x.com\/MuseuTapies\"]}]}<\/script>\n<!-- \/ Yoast SEO plugin. -->","yoast_head_json":{"title":"Marcel Broodthaers. Cin\u00e9ma - Museu T\u00e0pies","description":"Cat\u00e1logo razonado de cuarenta y dos filmes de los m\u00e1s de cien proyectos cinematogr\u00e1ficos que Marcel Broodthaers puso en marcha durante su carrera.","robots":{"index":"index","follow":"follow","max-snippet":"max-snippet:-1","max-image-preview":"max-image-preview:large","max-video-preview":"max-video-preview:-1"},"og_locale":"es_ES","og_type":"article","og_title":"Marcel Broodthaers. Cin\u00e9ma - Museu T\u00e0pies","og_description":"Cat\u00e1logo razonado de cuarenta y dos filmes de los m\u00e1s de cien proyectos cinematogr\u00e1ficos que Marcel Broodthaers puso en marcha durante su carrera.","og_url":"https:\/\/museutapies.org\/es\/producte\/marcel-broodthaers-cinema-angles\/","og_site_name":"Museu T\u00e0pies","article_publisher":"https:\/\/www.facebook.com\/museutapies","article_modified_time":"2021-11-29T00:22:08+00:00","og_image":[{"width":340,"height":340,"url":"https:\/\/museutapies.org\/wp-content\/uploads\/2018\/02\/marcel-broodthaers-cin\u00e9ma.jpg","type":"image\/jpeg"}],"twitter_card":"summary_large_image","schema":{"@context":"https:\/\/schema.org","@graph":[{"@type":"WebPage","@id":"https:\/\/museutapies.org\/es\/producte\/marcel-broodthaers-cinema-angles\/","url":"https:\/\/museutapies.org\/es\/producte\/marcel-broodthaers-cinema-angles\/","name":"Marcel Broodthaers. Cin\u00e9ma - Museu T\u00e0pies","isPartOf":{"@id":"https:\/\/museutapies.org\/en\/#website"},"datePublished":"2018-02-15T09:50:56+00:00","dateModified":"2021-11-29T00:22:08+00:00","description":"Cat\u00e1logo razonado de cuarenta y dos filmes de los m\u00e1s de cien proyectos cinematogr\u00e1ficos que Marcel Broodthaers puso en marcha durante su carrera.","breadcrumb":{"@id":"https:\/\/museutapies.org\/es\/producte\/marcel-broodthaers-cinema-angles\/#breadcrumb"},"inLanguage":"es","potentialAction":[{"@type":"ReadAction","target":["https:\/\/museutapies.org\/es\/producte\/marcel-broodthaers-cinema-angles\/"]}]},{"@type":"BreadcrumbList","@id":"https:\/\/museutapies.org\/es\/producte\/marcel-broodthaers-cinema-angles\/#breadcrumb","itemListElement":[{"@type":"ListItem","position":1,"name":"Tots els productes","item":"https:\/\/museutapies.org\/productes\/"},{"@type":"ListItem","position":2,"name":"Marcel Broodthaers. Cin\u00e9ma"}]},{"@type":"WebSite","@id":"https:\/\/museutapies.org\/en\/#website","url":"https:\/\/museutapies.org\/en\/","name":"Museu T\u00e0pies","description":"","publisher":{"@id":"https:\/\/museutapies.org\/en\/#organization"},"potentialAction":[{"@type":"SearchAction","target":{"@type":"EntryPoint","urlTemplate":"https:\/\/museutapies.org\/en\/?s={search_term_string}"},"query-input":"required name=search_term_string"}],"inLanguage":"es"},{"@type":"Organization","@id":"https:\/\/museutapies.org\/en\/#organization","name":"Museu T\u00e0pies","url":"https:\/\/museutapies.org\/en\/","logo":{"@type":"ImageObject","inLanguage":"es","@id":"https:\/\/museutapies.org\/en\/#\/schema\/logo\/image\/","url":"https:\/\/museutapies.org\/wp-content\/uploads\/2024\/07\/mta.png","contentUrl":"https:\/\/museutapies.org\/wp-content\/uploads\/2024\/07\/mta.png","width":244,"height":110,"caption":"Museu T\u00e0pies"},"image":{"@id":"https:\/\/museutapies.org\/en\/#\/schema\/logo\/image\/"},"sameAs":["https:\/\/www.facebook.com\/museutapies","https:\/\/www.instagram.com\/museutapies\/","https:\/\/www.youtube.com\/channel\/UCPi65HBb48RMeoa12lR51cQ","https:\/\/x.com\/MuseuTapies"]}]}},"_links":{"self":[{"href":"https:\/\/museutapies.org\/es\/wp-json\/wp\/v2\/product\/14227"}],"collection":[{"href":"https:\/\/museutapies.org\/es\/wp-json\/wp\/v2\/product"}],"about":[{"href":"https:\/\/museutapies.org\/es\/wp-json\/wp\/v2\/types\/product"}],"replies":[{"embeddable":true,"href":"https:\/\/museutapies.org\/es\/wp-json\/wp\/v2\/comments?post=14227"}],"version-history":[{"count":2,"href":"https:\/\/museutapies.org\/es\/wp-json\/wp\/v2\/product\/14227\/revisions"}],"predecessor-version":[{"id":18038,"href":"https:\/\/museutapies.org\/es\/wp-json\/wp\/v2\/product\/14227\/revisions\/18038"}],"wp:featuredmedia":[{"embeddable":true,"href":"https:\/\/museutapies.org\/es\/wp-json\/wp\/v2\/media\/15550"}],"wp:attachment":[{"href":"https:\/\/museutapies.org\/es\/wp-json\/wp\/v2\/media?parent=14227"}],"wp:term":[{"taxonomy":"product_cat","embeddable":true,"href":"https:\/\/museutapies.org\/es\/wp-json\/wp\/v2\/product_cat?post=14227"},{"taxonomy":"product_tag","embeddable":true,"href":"https:\/\/museutapies.org\/es\/wp-json\/wp\/v2\/product_tag?post=14227"}],"curies":[{"name":"wp","href":"https:\/\/api.w.org\/{rel}","templated":true}]}}