{"id":14294,"date":"2018-02-14T11:52:35","date_gmt":"2018-02-14T11:52:35","guid":{"rendered":"https:\/\/museutapies.org\/producte\/enthusiasm\/"},"modified":"2021-11-29T00:17:15","modified_gmt":"2021-11-29T00:17:15","slug":"enthusiasm","status":"publish","type":"product","link":"https:\/\/museutapies.org\/es\/producte\/enthusiasm\/","title":{"rendered":"Enthusiasm"},"content":{"rendered":"<p>Cat\u00e1logo dedicado al cine polaco amateur de la era socialista, desde la d\u00e9cada de 1950 hasta mediados de la d\u00e9cada de 1980, reunido mediante el trabajo en equipo de Neil Cummings y Marysia Lewandowska. Cinco ensayos circunscriben el proyecto y las pr\u00e1cticas de Cummings y Lewandowska.<\/p>\n","protected":false},"excerpt":{"rendered":"<p>Cat\u00e1logo dedicado al cine polaco amateur de la era socialista, desde la d\u00e9cada de 1950 hasta mediados de la d\u00e9cada [&hellip;]<\/p>\n","protected":false},"featured_media":15629,"comment_status":"open","ping_status":"closed","template":"","meta":{"footnotes":""},"product_cat":[135],"product_tag":[],"acf":[],"yoast_head":"<!-- This site is optimized with the Yoast SEO plugin v20.11 - https:\/\/yoast.com\/wordpress\/plugins\/seo\/ -->\n<title>Enthusiasm - Museu T\u00e0pies<\/title>\n<meta name=\"description\" content=\"Cat\u00e1logo dedicado al cine polaco amateur de la era socialista, desde la d\u00e9cada de 1950 hasta mediados de la d\u00e9cada de 1980, reunido mediante el trabajo en equipo de Cummings y Lewandowska.\" \/>\n<meta name=\"robots\" content=\"index, follow, max-snippet:-1, max-image-preview:large, max-video-preview:-1\" \/>\n<meta property=\"og:locale\" content=\"es_ES\" \/>\n<meta property=\"og:type\" content=\"article\" \/>\n<meta property=\"og:title\" content=\"Enthusiasm - Museu T\u00e0pies\" \/>\n<meta property=\"og:description\" content=\"Cat\u00e1logo dedicado al cine polaco amateur de la era socialista, desde la d\u00e9cada de 1950 hasta mediados de la d\u00e9cada de 1980, reunido mediante el trabajo en equipo de Cummings y Lewandowska.\" \/>\n<meta property=\"og:url\" content=\"https:\/\/museutapies.org\/es\/producte\/enthusiasm\/\" \/>\n<meta property=\"og:site_name\" content=\"Museu T\u00e0pies\" \/>\n<meta property=\"article:publisher\" content=\"https:\/\/www.facebook.com\/museutapies\" \/>\n<meta property=\"article:modified_time\" content=\"2021-11-29T00:17:15+00:00\" \/>\n<meta property=\"og:image\" content=\"https:\/\/museutapies.org\/wp-content\/uploads\/2018\/02\/enthusiasm-neil-cummings-and-marysia-lewandowska.jpg\" \/>\n\t<meta property=\"og:image:width\" content=\"1400\" \/>\n\t<meta property=\"og:image:height\" content=\"1400\" \/>\n\t<meta property=\"og:image:type\" content=\"image\/jpeg\" \/>\n<meta name=\"twitter:card\" content=\"summary_large_image\" \/>\n<script type=\"application\/ld+json\" class=\"yoast-schema-graph\">{\"@context\":\"https:\/\/schema.org\",\"@graph\":[{\"@type\":\"WebPage\",\"@id\":\"https:\/\/museutapies.org\/es\/producte\/enthusiasm\/\",\"url\":\"https:\/\/museutapies.org\/es\/producte\/enthusiasm\/\",\"name\":\"Enthusiasm - Museu T\u00e0pies\",\"isPartOf\":{\"@id\":\"https:\/\/museutapies.org\/en\/#website\"},\"datePublished\":\"2018-02-14T11:52:35+00:00\",\"dateModified\":\"2021-11-29T00:17:15+00:00\",\"description\":\"Cat\u00e1logo dedicado al cine polaco amateur de la era socialista, desde la d\u00e9cada de 1950 hasta mediados de la d\u00e9cada de 1980, reunido mediante el trabajo en equipo de Cummings y Lewandowska.\",\"breadcrumb\":{\"@id\":\"https:\/\/museutapies.org\/es\/producte\/enthusiasm\/#breadcrumb\"},\"inLanguage\":\"es\",\"potentialAction\":[{\"@type\":\"ReadAction\",\"target\":[\"https:\/\/museutapies.org\/es\/producte\/enthusiasm\/\"]}]},{\"@type\":\"BreadcrumbList\",\"@id\":\"https:\/\/museutapies.org\/es\/producte\/enthusiasm\/#breadcrumb\",\"itemListElement\":[{\"@type\":\"ListItem\",\"position\":1,\"name\":\"Tots els productes\",\"item\":\"https:\/\/museutapies.org\/productes\/\"},{\"@type\":\"ListItem\",\"position\":2,\"name\":\"Enthusiasm\"}]},{\"@type\":\"WebSite\",\"@id\":\"https:\/\/museutapies.org\/en\/#website\",\"url\":\"https:\/\/museutapies.org\/en\/\",\"name\":\"Museu T\u00e0pies\",\"description\":\"\",\"publisher\":{\"@id\":\"https:\/\/museutapies.org\/en\/#organization\"},\"potentialAction\":[{\"@type\":\"SearchAction\",\"target\":{\"@type\":\"EntryPoint\",\"urlTemplate\":\"https:\/\/museutapies.org\/en\/?s={search_term_string}\"},\"query-input\":\"required name=search_term_string\"}],\"inLanguage\":\"es\"},{\"@type\":\"Organization\",\"@id\":\"https:\/\/museutapies.org\/en\/#organization\",\"name\":\"Museu T\u00e0pies\",\"url\":\"https:\/\/museutapies.org\/en\/\",\"logo\":{\"@type\":\"ImageObject\",\"inLanguage\":\"es\",\"@id\":\"https:\/\/museutapies.org\/en\/#\/schema\/logo\/image\/\",\"url\":\"https:\/\/museutapies.org\/wp-content\/uploads\/2024\/07\/mta.png\",\"contentUrl\":\"https:\/\/museutapies.org\/wp-content\/uploads\/2024\/07\/mta.png\",\"width\":244,\"height\":110,\"caption\":\"Museu T\u00e0pies\"},\"image\":{\"@id\":\"https:\/\/museutapies.org\/en\/#\/schema\/logo\/image\/\"},\"sameAs\":[\"https:\/\/www.facebook.com\/museutapies\",\"https:\/\/www.instagram.com\/museutapies\/\",\"https:\/\/www.youtube.com\/channel\/UCPi65HBb48RMeoa12lR51cQ\",\"https:\/\/x.com\/MuseuTapies\"]}]}<\/script>\n<!-- \/ Yoast SEO plugin. -->","yoast_head_json":{"title":"Enthusiasm - Museu T\u00e0pies","description":"Cat\u00e1logo dedicado al cine polaco amateur de la era socialista, desde la d\u00e9cada de 1950 hasta mediados de la d\u00e9cada de 1980, reunido mediante el trabajo en equipo de Cummings y Lewandowska.","robots":{"index":"index","follow":"follow","max-snippet":"max-snippet:-1","max-image-preview":"max-image-preview:large","max-video-preview":"max-video-preview:-1"},"og_locale":"es_ES","og_type":"article","og_title":"Enthusiasm - Museu T\u00e0pies","og_description":"Cat\u00e1logo dedicado al cine polaco amateur de la era socialista, desde la d\u00e9cada de 1950 hasta mediados de la d\u00e9cada de 1980, reunido mediante el trabajo en equipo de Cummings y Lewandowska.","og_url":"https:\/\/museutapies.org\/es\/producte\/enthusiasm\/","og_site_name":"Museu T\u00e0pies","article_publisher":"https:\/\/www.facebook.com\/museutapies","article_modified_time":"2021-11-29T00:17:15+00:00","og_image":[{"width":1400,"height":1400,"url":"https:\/\/museutapies.org\/wp-content\/uploads\/2018\/02\/enthusiasm-neil-cummings-and-marysia-lewandowska.jpg","type":"image\/jpeg"}],"twitter_card":"summary_large_image","schema":{"@context":"https:\/\/schema.org","@graph":[{"@type":"WebPage","@id":"https:\/\/museutapies.org\/es\/producte\/enthusiasm\/","url":"https:\/\/museutapies.org\/es\/producte\/enthusiasm\/","name":"Enthusiasm - Museu T\u00e0pies","isPartOf":{"@id":"https:\/\/museutapies.org\/en\/#website"},"datePublished":"2018-02-14T11:52:35+00:00","dateModified":"2021-11-29T00:17:15+00:00","description":"Cat\u00e1logo dedicado al cine polaco amateur de la era socialista, desde la d\u00e9cada de 1950 hasta mediados de la d\u00e9cada de 1980, reunido mediante el trabajo en equipo de Cummings y Lewandowska.","breadcrumb":{"@id":"https:\/\/museutapies.org\/es\/producte\/enthusiasm\/#breadcrumb"},"inLanguage":"es","potentialAction":[{"@type":"ReadAction","target":["https:\/\/museutapies.org\/es\/producte\/enthusiasm\/"]}]},{"@type":"BreadcrumbList","@id":"https:\/\/museutapies.org\/es\/producte\/enthusiasm\/#breadcrumb","itemListElement":[{"@type":"ListItem","position":1,"name":"Tots els productes","item":"https:\/\/museutapies.org\/productes\/"},{"@type":"ListItem","position":2,"name":"Enthusiasm"}]},{"@type":"WebSite","@id":"https:\/\/museutapies.org\/en\/#website","url":"https:\/\/museutapies.org\/en\/","name":"Museu T\u00e0pies","description":"","publisher":{"@id":"https:\/\/museutapies.org\/en\/#organization"},"potentialAction":[{"@type":"SearchAction","target":{"@type":"EntryPoint","urlTemplate":"https:\/\/museutapies.org\/en\/?s={search_term_string}"},"query-input":"required name=search_term_string"}],"inLanguage":"es"},{"@type":"Organization","@id":"https:\/\/museutapies.org\/en\/#organization","name":"Museu T\u00e0pies","url":"https:\/\/museutapies.org\/en\/","logo":{"@type":"ImageObject","inLanguage":"es","@id":"https:\/\/museutapies.org\/en\/#\/schema\/logo\/image\/","url":"https:\/\/museutapies.org\/wp-content\/uploads\/2024\/07\/mta.png","contentUrl":"https:\/\/museutapies.org\/wp-content\/uploads\/2024\/07\/mta.png","width":244,"height":110,"caption":"Museu T\u00e0pies"},"image":{"@id":"https:\/\/museutapies.org\/en\/#\/schema\/logo\/image\/"},"sameAs":["https:\/\/www.facebook.com\/museutapies","https:\/\/www.instagram.com\/museutapies\/","https:\/\/www.youtube.com\/channel\/UCPi65HBb48RMeoa12lR51cQ","https:\/\/x.com\/MuseuTapies"]}]}},"_links":{"self":[{"href":"https:\/\/museutapies.org\/es\/wp-json\/wp\/v2\/product\/14294"}],"collection":[{"href":"https:\/\/museutapies.org\/es\/wp-json\/wp\/v2\/product"}],"about":[{"href":"https:\/\/museutapies.org\/es\/wp-json\/wp\/v2\/types\/product"}],"replies":[{"embeddable":true,"href":"https:\/\/museutapies.org\/es\/wp-json\/wp\/v2\/comments?post=14294"}],"version-history":[{"count":2,"href":"https:\/\/museutapies.org\/es\/wp-json\/wp\/v2\/product\/14294\/revisions"}],"predecessor-version":[{"id":18048,"href":"https:\/\/museutapies.org\/es\/wp-json\/wp\/v2\/product\/14294\/revisions\/18048"}],"wp:featuredmedia":[{"embeddable":true,"href":"https:\/\/museutapies.org\/es\/wp-json\/wp\/v2\/media\/15629"}],"wp:attachment":[{"href":"https:\/\/museutapies.org\/es\/wp-json\/wp\/v2\/media?parent=14294"}],"wp:term":[{"taxonomy":"product_cat","embeddable":true,"href":"https:\/\/museutapies.org\/es\/wp-json\/wp\/v2\/product_cat?post=14294"},{"taxonomy":"product_tag","embeddable":true,"href":"https:\/\/museutapies.org\/es\/wp-json\/wp\/v2\/product_tag?post=14294"}],"curies":[{"name":"wp","href":"https:\/\/api.w.org\/{rel}","templated":true}]}}