{"id":14348,"date":"2018-02-14T11:19:48","date_gmt":"2018-02-14T11:19:48","guid":{"rendered":"https:\/\/museutapies.org\/producte\/oriol-vilanova-domingo\/"},"modified":"2023-09-13T21:53:37","modified_gmt":"2023-09-13T21:53:37","slug":"oriol-vilanova-domingo","status":"publish","type":"product","link":"https:\/\/museutapies.org\/es\/producte\/oriol-vilanova-domingo\/","title":{"rendered":"Oriol Vilanova. Domingo"},"content":{"rendered":"<p><em>Domingo<\/em> (2017), muestra en noventa secciones tem\u00e1ticas y en franjas de colores la colecci\u00f3n de postales de Oriol vilanova. El coleccionismo compulsivo\u00a0 al que Vilanova se rinde los domingos, investiga las ruinas de la sociedad del espect\u00e1culo, la misma sociedad que impuls\u00f3 una ingente producci\u00f3n y circulaci\u00f3n de im\u00e1genes.<\/p>\n","protected":false},"excerpt":{"rendered":"<p>Domingo (2017), muestra en noventa secciones tem\u00e1ticas y en franjas de colores la colecci\u00f3n de postales de Oriol vilanova. El [&hellip;]<\/p>\n","protected":false},"featured_media":15708,"comment_status":"open","ping_status":"closed","template":"","meta":{"footnotes":""},"product_cat":[135],"product_tag":[],"acf":[],"yoast_head":"<!-- This site is optimized with the Yoast SEO plugin v20.11 - https:\/\/yoast.com\/wordpress\/plugins\/seo\/ -->\n<title>Oriol Vilanova. Domingo - Museu T\u00e0pies<\/title>\n<meta name=\"description\" content=\"Domingo (2017), muestra en 90 secciones tem\u00e1ticas y en franjass de color la colecci\u00f3n de postaels de Oriol Vilanova. Su coleccionismo compulsiu inventiga en las ruinas de la sociedad del espect\u00e1culo\" \/>\n<meta name=\"robots\" content=\"index, follow, max-snippet:-1, max-image-preview:large, max-video-preview:-1\" \/>\n<meta property=\"og:locale\" content=\"es_ES\" \/>\n<meta property=\"og:type\" content=\"article\" \/>\n<meta property=\"og:title\" content=\"Oriol Vilanova. Domingo - Museu T\u00e0pies\" \/>\n<meta property=\"og:description\" content=\"Domingo (2017), muestra en 90 secciones tem\u00e1ticas y en franjass de color la colecci\u00f3n de postaels de Oriol Vilanova. Su coleccionismo compulsiu inventiga en las ruinas de la sociedad del espect\u00e1culo\" \/>\n<meta property=\"og:url\" content=\"https:\/\/museutapies.org\/es\/producte\/oriol-vilanova-domingo\/\" \/>\n<meta property=\"og:site_name\" content=\"Museu T\u00e0pies\" \/>\n<meta property=\"article:publisher\" content=\"https:\/\/www.facebook.com\/museutapies\" \/>\n<meta property=\"article:modified_time\" content=\"2023-09-13T21:53:37+00:00\" \/>\n<meta property=\"og:image\" content=\"https:\/\/museutapies.org\/wp-content\/uploads\/2018\/02\/Oriol-Vilanova-Domingo.jpg\" \/>\n\t<meta property=\"og:image:width\" content=\"1400\" \/>\n\t<meta property=\"og:image:height\" content=\"1400\" \/>\n\t<meta property=\"og:image:type\" content=\"image\/jpeg\" \/>\n<meta name=\"twitter:card\" content=\"summary_large_image\" \/>\n<script type=\"application\/ld+json\" class=\"yoast-schema-graph\">{\"@context\":\"https:\/\/schema.org\",\"@graph\":[{\"@type\":\"WebPage\",\"@id\":\"https:\/\/museutapies.org\/es\/producte\/oriol-vilanova-domingo\/\",\"url\":\"https:\/\/museutapies.org\/es\/producte\/oriol-vilanova-domingo\/\",\"name\":\"Oriol Vilanova. Domingo - Museu T\u00e0pies\",\"isPartOf\":{\"@id\":\"https:\/\/museutapies.org\/en\/#website\"},\"datePublished\":\"2018-02-14T11:19:48+00:00\",\"dateModified\":\"2023-09-13T21:53:37+00:00\",\"description\":\"Domingo (2017), muestra en 90 secciones tem\u00e1ticas y en franjass de color la colecci\u00f3n de postaels de Oriol Vilanova. Su coleccionismo compulsiu inventiga en las ruinas de la sociedad del espect\u00e1culo\",\"breadcrumb\":{\"@id\":\"https:\/\/museutapies.org\/es\/producte\/oriol-vilanova-domingo\/#breadcrumb\"},\"inLanguage\":\"es\",\"potentialAction\":[{\"@type\":\"ReadAction\",\"target\":[\"https:\/\/museutapies.org\/es\/producte\/oriol-vilanova-domingo\/\"]}]},{\"@type\":\"BreadcrumbList\",\"@id\":\"https:\/\/museutapies.org\/es\/producte\/oriol-vilanova-domingo\/#breadcrumb\",\"itemListElement\":[{\"@type\":\"ListItem\",\"position\":1,\"name\":\"Tots els productes\",\"item\":\"https:\/\/museutapies.org\/productes\/\"},{\"@type\":\"ListItem\",\"position\":2,\"name\":\"Oriol Vilanova. Domingo\"}]},{\"@type\":\"WebSite\",\"@id\":\"https:\/\/museutapies.org\/en\/#website\",\"url\":\"https:\/\/museutapies.org\/en\/\",\"name\":\"Museu T\u00e0pies\",\"description\":\"\",\"publisher\":{\"@id\":\"https:\/\/museutapies.org\/en\/#organization\"},\"potentialAction\":[{\"@type\":\"SearchAction\",\"target\":{\"@type\":\"EntryPoint\",\"urlTemplate\":\"https:\/\/museutapies.org\/en\/?s={search_term_string}\"},\"query-input\":\"required name=search_term_string\"}],\"inLanguage\":\"es\"},{\"@type\":\"Organization\",\"@id\":\"https:\/\/museutapies.org\/en\/#organization\",\"name\":\"Museu T\u00e0pies\",\"url\":\"https:\/\/museutapies.org\/en\/\",\"logo\":{\"@type\":\"ImageObject\",\"inLanguage\":\"es\",\"@id\":\"https:\/\/museutapies.org\/en\/#\/schema\/logo\/image\/\",\"url\":\"https:\/\/museutapies.org\/wp-content\/uploads\/2024\/07\/mta.png\",\"contentUrl\":\"https:\/\/museutapies.org\/wp-content\/uploads\/2024\/07\/mta.png\",\"width\":244,\"height\":110,\"caption\":\"Museu T\u00e0pies\"},\"image\":{\"@id\":\"https:\/\/museutapies.org\/en\/#\/schema\/logo\/image\/\"},\"sameAs\":[\"https:\/\/www.facebook.com\/museutapies\",\"https:\/\/www.instagram.com\/museutapies\/\",\"https:\/\/www.youtube.com\/channel\/UCPi65HBb48RMeoa12lR51cQ\",\"https:\/\/x.com\/MuseuTapies\"]}]}<\/script>\n<!-- \/ Yoast SEO plugin. -->","yoast_head_json":{"title":"Oriol Vilanova. Domingo - Museu T\u00e0pies","description":"Domingo (2017), muestra en 90 secciones tem\u00e1ticas y en franjass de color la colecci\u00f3n de postaels de Oriol Vilanova. Su coleccionismo compulsiu inventiga en las ruinas de la sociedad del espect\u00e1culo","robots":{"index":"index","follow":"follow","max-snippet":"max-snippet:-1","max-image-preview":"max-image-preview:large","max-video-preview":"max-video-preview:-1"},"og_locale":"es_ES","og_type":"article","og_title":"Oriol Vilanova. Domingo - Museu T\u00e0pies","og_description":"Domingo (2017), muestra en 90 secciones tem\u00e1ticas y en franjass de color la colecci\u00f3n de postaels de Oriol Vilanova. Su coleccionismo compulsiu inventiga en las ruinas de la sociedad del espect\u00e1culo","og_url":"https:\/\/museutapies.org\/es\/producte\/oriol-vilanova-domingo\/","og_site_name":"Museu T\u00e0pies","article_publisher":"https:\/\/www.facebook.com\/museutapies","article_modified_time":"2023-09-13T21:53:37+00:00","og_image":[{"width":1400,"height":1400,"url":"https:\/\/museutapies.org\/wp-content\/uploads\/2018\/02\/Oriol-Vilanova-Domingo.jpg","type":"image\/jpeg"}],"twitter_card":"summary_large_image","schema":{"@context":"https:\/\/schema.org","@graph":[{"@type":"WebPage","@id":"https:\/\/museutapies.org\/es\/producte\/oriol-vilanova-domingo\/","url":"https:\/\/museutapies.org\/es\/producte\/oriol-vilanova-domingo\/","name":"Oriol Vilanova. Domingo - Museu T\u00e0pies","isPartOf":{"@id":"https:\/\/museutapies.org\/en\/#website"},"datePublished":"2018-02-14T11:19:48+00:00","dateModified":"2023-09-13T21:53:37+00:00","description":"Domingo (2017), muestra en 90 secciones tem\u00e1ticas y en franjass de color la colecci\u00f3n de postaels de Oriol Vilanova. Su coleccionismo compulsiu inventiga en las ruinas de la sociedad del espect\u00e1culo","breadcrumb":{"@id":"https:\/\/museutapies.org\/es\/producte\/oriol-vilanova-domingo\/#breadcrumb"},"inLanguage":"es","potentialAction":[{"@type":"ReadAction","target":["https:\/\/museutapies.org\/es\/producte\/oriol-vilanova-domingo\/"]}]},{"@type":"BreadcrumbList","@id":"https:\/\/museutapies.org\/es\/producte\/oriol-vilanova-domingo\/#breadcrumb","itemListElement":[{"@type":"ListItem","position":1,"name":"Tots els productes","item":"https:\/\/museutapies.org\/productes\/"},{"@type":"ListItem","position":2,"name":"Oriol Vilanova. Domingo"}]},{"@type":"WebSite","@id":"https:\/\/museutapies.org\/en\/#website","url":"https:\/\/museutapies.org\/en\/","name":"Museu T\u00e0pies","description":"","publisher":{"@id":"https:\/\/museutapies.org\/en\/#organization"},"potentialAction":[{"@type":"SearchAction","target":{"@type":"EntryPoint","urlTemplate":"https:\/\/museutapies.org\/en\/?s={search_term_string}"},"query-input":"required name=search_term_string"}],"inLanguage":"es"},{"@type":"Organization","@id":"https:\/\/museutapies.org\/en\/#organization","name":"Museu T\u00e0pies","url":"https:\/\/museutapies.org\/en\/","logo":{"@type":"ImageObject","inLanguage":"es","@id":"https:\/\/museutapies.org\/en\/#\/schema\/logo\/image\/","url":"https:\/\/museutapies.org\/wp-content\/uploads\/2024\/07\/mta.png","contentUrl":"https:\/\/museutapies.org\/wp-content\/uploads\/2024\/07\/mta.png","width":244,"height":110,"caption":"Museu T\u00e0pies"},"image":{"@id":"https:\/\/museutapies.org\/en\/#\/schema\/logo\/image\/"},"sameAs":["https:\/\/www.facebook.com\/museutapies","https:\/\/www.instagram.com\/museutapies\/","https:\/\/www.youtube.com\/channel\/UCPi65HBb48RMeoa12lR51cQ","https:\/\/x.com\/MuseuTapies"]}]}},"_links":{"self":[{"href":"https:\/\/museutapies.org\/es\/wp-json\/wp\/v2\/product\/14348"}],"collection":[{"href":"https:\/\/museutapies.org\/es\/wp-json\/wp\/v2\/product"}],"about":[{"href":"https:\/\/museutapies.org\/es\/wp-json\/wp\/v2\/types\/product"}],"replies":[{"embeddable":true,"href":"https:\/\/museutapies.org\/es\/wp-json\/wp\/v2\/comments?post=14348"}],"version-history":[{"count":2,"href":"https:\/\/museutapies.org\/es\/wp-json\/wp\/v2\/product\/14348\/revisions"}],"predecessor-version":[{"id":18061,"href":"https:\/\/museutapies.org\/es\/wp-json\/wp\/v2\/product\/14348\/revisions\/18061"}],"wp:featuredmedia":[{"embeddable":true,"href":"https:\/\/museutapies.org\/es\/wp-json\/wp\/v2\/media\/15708"}],"wp:attachment":[{"href":"https:\/\/museutapies.org\/es\/wp-json\/wp\/v2\/media?parent=14348"}],"wp:term":[{"taxonomy":"product_cat","embeddable":true,"href":"https:\/\/museutapies.org\/es\/wp-json\/wp\/v2\/product_cat?post=14348"},{"taxonomy":"product_tag","embeddable":true,"href":"https:\/\/museutapies.org\/es\/wp-json\/wp\/v2\/product_tag?post=14348"}],"curies":[{"name":"wp","href":"https:\/\/api.w.org\/{rel}","templated":true}]}}