{"id":14501,"date":"2018-02-15T10:31:11","date_gmt":"2018-02-15T10:31:11","guid":{"rendered":"https:\/\/museutapies.org\/producte\/helio-oiticica\/"},"modified":"2021-11-29T00:17:34","modified_gmt":"2021-11-29T00:17:34","slug":"helio-oiticica","status":"publish","type":"product","link":"https:\/\/museutapies.org\/es\/producte\/helio-oiticica\/","title":{"rendered":"H\u00e9lio Oiticica"},"content":{"rendered":"<p>Monograf\u00eda editada con motivo de la exposici\u00f3n retrospectiva alrededor de la obra de H\u00e9lio Oiticica, una figura clave de la vanguardia, de la cultura popular brasile\u00f1a y del radicalismo de la d\u00e9cada de 1960 que ampli\u00f3 el campo de reflexi\u00f3n sobre lo que se considera \u201carte\u201d. El cat\u00e1logo contiene una selecci\u00f3n de sus escritos.<\/p>\n","protected":false},"excerpt":{"rendered":"<p>Monograf\u00eda editada con motivo de la exposici\u00f3n retrospectiva alrededor de la obra de H\u00e9lio Oiticica, una figura clave de la [&hellip;]<\/p>\n","protected":false},"featured_media":15473,"comment_status":"open","ping_status":"closed","template":"","meta":{"footnotes":""},"product_cat":[135],"product_tag":[],"acf":[],"yoast_head":"<!-- This site is optimized with the Yoast SEO plugin v20.11 - https:\/\/yoast.com\/wordpress\/plugins\/seo\/ -->\n<title>H\u00e9lio Oiticica - Museu T\u00e0pies<\/title>\n<meta name=\"description\" content=\"Monograf\u00eda editada con motivo de la exposici\u00f3n retrospectiva alrededor de la obra de H\u00e9lio Oiticica, una figura clave de la vanguardia, de la cultura popular brasile\u00f1a y del radicalismo de los 60\" \/>\n<meta name=\"robots\" content=\"index, follow, max-snippet:-1, max-image-preview:large, max-video-preview:-1\" \/>\n<meta property=\"og:locale\" content=\"es_ES\" \/>\n<meta property=\"og:type\" content=\"article\" \/>\n<meta property=\"og:title\" content=\"H\u00e9lio Oiticica - Museu T\u00e0pies\" \/>\n<meta property=\"og:description\" content=\"Monograf\u00eda editada con motivo de la exposici\u00f3n retrospectiva alrededor de la obra de H\u00e9lio Oiticica, una figura clave de la vanguardia, de la cultura popular brasile\u00f1a y del radicalismo de los 60\" \/>\n<meta property=\"og:url\" content=\"https:\/\/museutapies.org\/es\/producte\/helio-oiticica\/\" \/>\n<meta property=\"og:site_name\" content=\"Museu T\u00e0pies\" \/>\n<meta property=\"article:publisher\" content=\"https:\/\/www.facebook.com\/museutapies\" \/>\n<meta property=\"article:modified_time\" content=\"2021-11-29T00:17:34+00:00\" \/>\n<meta property=\"og:image\" content=\"https:\/\/museutapies.org\/wp-content\/uploads\/2018\/02\/H\u00e9lio-Oiticica.jpg\" \/>\n\t<meta property=\"og:image:width\" content=\"414\" \/>\n\t<meta property=\"og:image:height\" content=\"414\" \/>\n\t<meta property=\"og:image:type\" content=\"image\/jpeg\" \/>\n<meta name=\"twitter:card\" content=\"summary_large_image\" \/>\n<script type=\"application\/ld+json\" class=\"yoast-schema-graph\">{\"@context\":\"https:\/\/schema.org\",\"@graph\":[{\"@type\":\"WebPage\",\"@id\":\"https:\/\/museutapies.org\/es\/producte\/helio-oiticica\/\",\"url\":\"https:\/\/museutapies.org\/es\/producte\/helio-oiticica\/\",\"name\":\"H\u00e9lio Oiticica - Museu T\u00e0pies\",\"isPartOf\":{\"@id\":\"https:\/\/museutapies.org\/en\/#website\"},\"datePublished\":\"2018-02-15T10:31:11+00:00\",\"dateModified\":\"2021-11-29T00:17:34+00:00\",\"description\":\"Monograf\u00eda editada con motivo de la exposici\u00f3n retrospectiva alrededor de la obra de H\u00e9lio Oiticica, una figura clave de la vanguardia, de la cultura popular brasile\u00f1a y del radicalismo de los 60\",\"breadcrumb\":{\"@id\":\"https:\/\/museutapies.org\/es\/producte\/helio-oiticica\/#breadcrumb\"},\"inLanguage\":\"es\",\"potentialAction\":[{\"@type\":\"ReadAction\",\"target\":[\"https:\/\/museutapies.org\/es\/producte\/helio-oiticica\/\"]}]},{\"@type\":\"BreadcrumbList\",\"@id\":\"https:\/\/museutapies.org\/es\/producte\/helio-oiticica\/#breadcrumb\",\"itemListElement\":[{\"@type\":\"ListItem\",\"position\":1,\"name\":\"Tots els productes\",\"item\":\"https:\/\/museutapies.org\/productes\/\"},{\"@type\":\"ListItem\",\"position\":2,\"name\":\"H\u00e9lio Oiticica\"}]},{\"@type\":\"WebSite\",\"@id\":\"https:\/\/museutapies.org\/en\/#website\",\"url\":\"https:\/\/museutapies.org\/en\/\",\"name\":\"Museu T\u00e0pies\",\"description\":\"\",\"publisher\":{\"@id\":\"https:\/\/museutapies.org\/en\/#organization\"},\"potentialAction\":[{\"@type\":\"SearchAction\",\"target\":{\"@type\":\"EntryPoint\",\"urlTemplate\":\"https:\/\/museutapies.org\/en\/?s={search_term_string}\"},\"query-input\":\"required name=search_term_string\"}],\"inLanguage\":\"es\"},{\"@type\":\"Organization\",\"@id\":\"https:\/\/museutapies.org\/en\/#organization\",\"name\":\"Museu T\u00e0pies\",\"url\":\"https:\/\/museutapies.org\/en\/\",\"logo\":{\"@type\":\"ImageObject\",\"inLanguage\":\"es\",\"@id\":\"https:\/\/museutapies.org\/en\/#\/schema\/logo\/image\/\",\"url\":\"https:\/\/museutapies.org\/wp-content\/uploads\/2024\/07\/mta.png\",\"contentUrl\":\"https:\/\/museutapies.org\/wp-content\/uploads\/2024\/07\/mta.png\",\"width\":244,\"height\":110,\"caption\":\"Museu T\u00e0pies\"},\"image\":{\"@id\":\"https:\/\/museutapies.org\/en\/#\/schema\/logo\/image\/\"},\"sameAs\":[\"https:\/\/www.facebook.com\/museutapies\",\"https:\/\/www.instagram.com\/museutapies\/\",\"https:\/\/www.youtube.com\/channel\/UCPi65HBb48RMeoa12lR51cQ\",\"https:\/\/x.com\/MuseuTapies\"]}]}<\/script>\n<!-- \/ Yoast SEO plugin. -->","yoast_head_json":{"title":"H\u00e9lio Oiticica - Museu T\u00e0pies","description":"Monograf\u00eda editada con motivo de la exposici\u00f3n retrospectiva alrededor de la obra de H\u00e9lio Oiticica, una figura clave de la vanguardia, de la cultura popular brasile\u00f1a y del radicalismo de los 60","robots":{"index":"index","follow":"follow","max-snippet":"max-snippet:-1","max-image-preview":"max-image-preview:large","max-video-preview":"max-video-preview:-1"},"og_locale":"es_ES","og_type":"article","og_title":"H\u00e9lio Oiticica - Museu T\u00e0pies","og_description":"Monograf\u00eda editada con motivo de la exposici\u00f3n retrospectiva alrededor de la obra de H\u00e9lio Oiticica, una figura clave de la vanguardia, de la cultura popular brasile\u00f1a y del radicalismo de los 60","og_url":"https:\/\/museutapies.org\/es\/producte\/helio-oiticica\/","og_site_name":"Museu T\u00e0pies","article_publisher":"https:\/\/www.facebook.com\/museutapies","article_modified_time":"2021-11-29T00:17:34+00:00","og_image":[{"width":414,"height":414,"url":"https:\/\/museutapies.org\/wp-content\/uploads\/2018\/02\/H\u00e9lio-Oiticica.jpg","type":"image\/jpeg"}],"twitter_card":"summary_large_image","schema":{"@context":"https:\/\/schema.org","@graph":[{"@type":"WebPage","@id":"https:\/\/museutapies.org\/es\/producte\/helio-oiticica\/","url":"https:\/\/museutapies.org\/es\/producte\/helio-oiticica\/","name":"H\u00e9lio Oiticica - Museu T\u00e0pies","isPartOf":{"@id":"https:\/\/museutapies.org\/en\/#website"},"datePublished":"2018-02-15T10:31:11+00:00","dateModified":"2021-11-29T00:17:34+00:00","description":"Monograf\u00eda editada con motivo de la exposici\u00f3n retrospectiva alrededor de la obra de H\u00e9lio Oiticica, una figura clave de la vanguardia, de la cultura popular brasile\u00f1a y del radicalismo de los 60","breadcrumb":{"@id":"https:\/\/museutapies.org\/es\/producte\/helio-oiticica\/#breadcrumb"},"inLanguage":"es","potentialAction":[{"@type":"ReadAction","target":["https:\/\/museutapies.org\/es\/producte\/helio-oiticica\/"]}]},{"@type":"BreadcrumbList","@id":"https:\/\/museutapies.org\/es\/producte\/helio-oiticica\/#breadcrumb","itemListElement":[{"@type":"ListItem","position":1,"name":"Tots els productes","item":"https:\/\/museutapies.org\/productes\/"},{"@type":"ListItem","position":2,"name":"H\u00e9lio Oiticica"}]},{"@type":"WebSite","@id":"https:\/\/museutapies.org\/en\/#website","url":"https:\/\/museutapies.org\/en\/","name":"Museu T\u00e0pies","description":"","publisher":{"@id":"https:\/\/museutapies.org\/en\/#organization"},"potentialAction":[{"@type":"SearchAction","target":{"@type":"EntryPoint","urlTemplate":"https:\/\/museutapies.org\/en\/?s={search_term_string}"},"query-input":"required name=search_term_string"}],"inLanguage":"es"},{"@type":"Organization","@id":"https:\/\/museutapies.org\/en\/#organization","name":"Museu T\u00e0pies","url":"https:\/\/museutapies.org\/en\/","logo":{"@type":"ImageObject","inLanguage":"es","@id":"https:\/\/museutapies.org\/en\/#\/schema\/logo\/image\/","url":"https:\/\/museutapies.org\/wp-content\/uploads\/2024\/07\/mta.png","contentUrl":"https:\/\/museutapies.org\/wp-content\/uploads\/2024\/07\/mta.png","width":244,"height":110,"caption":"Museu T\u00e0pies"},"image":{"@id":"https:\/\/museutapies.org\/en\/#\/schema\/logo\/image\/"},"sameAs":["https:\/\/www.facebook.com\/museutapies","https:\/\/www.instagram.com\/museutapies\/","https:\/\/www.youtube.com\/channel\/UCPi65HBb48RMeoa12lR51cQ","https:\/\/x.com\/MuseuTapies"]}]}},"_links":{"self":[{"href":"https:\/\/museutapies.org\/es\/wp-json\/wp\/v2\/product\/14501"}],"collection":[{"href":"https:\/\/museutapies.org\/es\/wp-json\/wp\/v2\/product"}],"about":[{"href":"https:\/\/museutapies.org\/es\/wp-json\/wp\/v2\/types\/product"}],"replies":[{"embeddable":true,"href":"https:\/\/museutapies.org\/es\/wp-json\/wp\/v2\/comments?post=14501"}],"version-history":[{"count":2,"href":"https:\/\/museutapies.org\/es\/wp-json\/wp\/v2\/product\/14501\/revisions"}],"predecessor-version":[{"id":18025,"href":"https:\/\/museutapies.org\/es\/wp-json\/wp\/v2\/product\/14501\/revisions\/18025"}],"wp:featuredmedia":[{"embeddable":true,"href":"https:\/\/museutapies.org\/es\/wp-json\/wp\/v2\/media\/15473"}],"wp:attachment":[{"href":"https:\/\/museutapies.org\/es\/wp-json\/wp\/v2\/media?parent=14501"}],"wp:term":[{"taxonomy":"product_cat","embeddable":true,"href":"https:\/\/museutapies.org\/es\/wp-json\/wp\/v2\/product_cat?post=14501"},{"taxonomy":"product_tag","embeddable":true,"href":"https:\/\/museutapies.org\/es\/wp-json\/wp\/v2\/product_tag?post=14501"}],"curies":[{"name":"wp","href":"https:\/\/api.w.org\/{rel}","templated":true}]}}