{"id":14664,"date":"2020-09-24T07:34:29","date_gmt":"2020-09-24T07:34:29","guid":{"rendered":"https:\/\/museutapies.org\/producte\/antoni-tapies-political-biography\/"},"modified":"2021-11-29T00:17:58","modified_gmt":"2021-11-29T00:17:58","slug":"antoni-tapies-political-biography","status":"publish","type":"product","link":"https:\/\/museutapies.org\/es\/producte\/antoni-tapies-political-biography\/","title":{"rendered":"Antoni T\u00e0pies. Political Biography"},"content":{"rendered":"<p>Publicaci\u00f3n que repasa el compromiso pol\u00edtico de Antoni T\u00e0pies (Barcelona, \u200b\u200b1923 &#8211; 2012) a lo largo de su carrera. Se centra en la producci\u00f3n art\u00edstica de la \u00e9poca 1946-75, cuando el artista catal\u00e1n vivi\u00f3 bajo la dictadura franquista, pero tambi\u00e9n analiza su compromiso con la defensa de los derechos y las libertades humanas en el mundo a lo largo de su vida . Ofrece un amplio estudio de su producci\u00f3n m\u00e1s pol\u00edtica (pinturas, objetos, obra gr\u00e1fica, carteles) y analiza el papel de la internacionalizaci\u00f3n de su obra en la denuncia del contexto represivo de su pa\u00eds. Incluye documentos de archivo (fotograf\u00edas, correspondencia, manifiestos, etc.), muchos de ellos in\u00e9ditos, recuperados gracias a la investigaci\u00f3n realizada en la Fundaci\u00f3n Antoni T\u00e0pies.<\/p>\n","protected":false},"excerpt":{"rendered":"<p>Publicaci\u00f3n que repasa el compromiso pol\u00edtico de Antoni T\u00e0pies (Barcelona, \u200b\u200b1923 &#8211; 2012) a lo largo de su carrera. Se [&hellip;]<\/p>\n","protected":false},"featured_media":15375,"comment_status":"open","ping_status":"closed","template":"","meta":{"footnotes":""},"product_cat":[99,126,135],"product_tag":[],"acf":[],"yoast_head":"<!-- This site is optimized with the Yoast SEO plugin v20.11 - https:\/\/yoast.com\/wordpress\/plugins\/seo\/ -->\n<title>Antoni T\u00e0pies. Political Biography - Museu T\u00e0pies<\/title>\n<meta name=\"description\" content=\"Publicaci\u00f3n que repasa el compromiso pol\u00edtico de T\u00e0pies (Barcelona, \u200b\u200b1923 - 2012) a lo largo de su carrera. Se centra en su producci\u00f3n de la \u00e9poca 1946-75\" \/>\n<meta name=\"robots\" content=\"index, follow, max-snippet:-1, max-image-preview:large, max-video-preview:-1\" \/>\n<meta property=\"og:locale\" content=\"es_ES\" \/>\n<meta property=\"og:type\" content=\"article\" \/>\n<meta property=\"og:title\" content=\"Antoni T\u00e0pies. Political Biography - Museu T\u00e0pies\" \/>\n<meta property=\"og:description\" content=\"Publicaci\u00f3n que repasa el compromiso pol\u00edtico de T\u00e0pies (Barcelona, \u200b\u200b1923 - 2012) a lo largo de su carrera. Se centra en su producci\u00f3n de la \u00e9poca 1946-75\" \/>\n<meta property=\"og:url\" content=\"https:\/\/museutapies.org\/es\/producte\/antoni-tapies-political-biography\/\" \/>\n<meta property=\"og:site_name\" content=\"Museu T\u00e0pies\" \/>\n<meta property=\"article:publisher\" content=\"https:\/\/www.facebook.com\/museutapies\" \/>\n<meta property=\"article:modified_time\" content=\"2021-11-29T00:17:58+00:00\" \/>\n<meta property=\"og:image\" content=\"https:\/\/museutapies.org\/wp-content\/uploads\/2020\/09\/antoni-tapies-political-biography-3.jpg\" \/>\n\t<meta property=\"og:image:width\" content=\"1400\" \/>\n\t<meta property=\"og:image:height\" content=\"1400\" \/>\n\t<meta property=\"og:image:type\" content=\"image\/jpeg\" \/>\n<meta name=\"twitter:card\" content=\"summary_large_image\" \/>\n<meta name=\"twitter:label1\" content=\"Tiempo de lectura\" \/>\n\t<meta name=\"twitter:data1\" content=\"1 minuto\" \/>\n<script type=\"application\/ld+json\" class=\"yoast-schema-graph\">{\"@context\":\"https:\/\/schema.org\",\"@graph\":[{\"@type\":\"WebPage\",\"@id\":\"https:\/\/museutapies.org\/es\/producte\/antoni-tapies-political-biography\/\",\"url\":\"https:\/\/museutapies.org\/es\/producte\/antoni-tapies-political-biography\/\",\"name\":\"Antoni T\u00e0pies. Political Biography - Museu T\u00e0pies\",\"isPartOf\":{\"@id\":\"https:\/\/museutapies.org\/en\/#website\"},\"datePublished\":\"2020-09-24T07:34:29+00:00\",\"dateModified\":\"2021-11-29T00:17:58+00:00\",\"description\":\"Publicaci\u00f3n que repasa el compromiso pol\u00edtico de T\u00e0pies (Barcelona, \u200b\u200b1923 - 2012) a lo largo de su carrera. Se centra en su producci\u00f3n de la \u00e9poca 1946-75\",\"breadcrumb\":{\"@id\":\"https:\/\/museutapies.org\/es\/producte\/antoni-tapies-political-biography\/#breadcrumb\"},\"inLanguage\":\"es\",\"potentialAction\":[{\"@type\":\"ReadAction\",\"target\":[\"https:\/\/museutapies.org\/es\/producte\/antoni-tapies-political-biography\/\"]}]},{\"@type\":\"BreadcrumbList\",\"@id\":\"https:\/\/museutapies.org\/es\/producte\/antoni-tapies-political-biography\/#breadcrumb\",\"itemListElement\":[{\"@type\":\"ListItem\",\"position\":1,\"name\":\"Tots els productes\",\"item\":\"https:\/\/museutapies.org\/productes\/\"},{\"@type\":\"ListItem\",\"position\":2,\"name\":\"Antoni T\u00e0pies. Political Biography\"}]},{\"@type\":\"WebSite\",\"@id\":\"https:\/\/museutapies.org\/en\/#website\",\"url\":\"https:\/\/museutapies.org\/en\/\",\"name\":\"Museu T\u00e0pies\",\"description\":\"\",\"publisher\":{\"@id\":\"https:\/\/museutapies.org\/en\/#organization\"},\"potentialAction\":[{\"@type\":\"SearchAction\",\"target\":{\"@type\":\"EntryPoint\",\"urlTemplate\":\"https:\/\/museutapies.org\/en\/?s={search_term_string}\"},\"query-input\":\"required name=search_term_string\"}],\"inLanguage\":\"es\"},{\"@type\":\"Organization\",\"@id\":\"https:\/\/museutapies.org\/en\/#organization\",\"name\":\"Museu T\u00e0pies\",\"url\":\"https:\/\/museutapies.org\/en\/\",\"logo\":{\"@type\":\"ImageObject\",\"inLanguage\":\"es\",\"@id\":\"https:\/\/museutapies.org\/en\/#\/schema\/logo\/image\/\",\"url\":\"https:\/\/museutapies.org\/wp-content\/uploads\/2024\/07\/mta.png\",\"contentUrl\":\"https:\/\/museutapies.org\/wp-content\/uploads\/2024\/07\/mta.png\",\"width\":244,\"height\":110,\"caption\":\"Museu T\u00e0pies\"},\"image\":{\"@id\":\"https:\/\/museutapies.org\/en\/#\/schema\/logo\/image\/\"},\"sameAs\":[\"https:\/\/www.facebook.com\/museutapies\",\"https:\/\/www.instagram.com\/museutapies\/\",\"https:\/\/www.youtube.com\/channel\/UCPi65HBb48RMeoa12lR51cQ\",\"https:\/\/x.com\/MuseuTapies\"]}]}<\/script>\n<!-- \/ Yoast SEO plugin. -->","yoast_head_json":{"title":"Antoni T\u00e0pies. Political Biography - Museu T\u00e0pies","description":"Publicaci\u00f3n que repasa el compromiso pol\u00edtico de T\u00e0pies (Barcelona, \u200b\u200b1923 - 2012) a lo largo de su carrera. Se centra en su producci\u00f3n de la \u00e9poca 1946-75","robots":{"index":"index","follow":"follow","max-snippet":"max-snippet:-1","max-image-preview":"max-image-preview:large","max-video-preview":"max-video-preview:-1"},"og_locale":"es_ES","og_type":"article","og_title":"Antoni T\u00e0pies. Political Biography - Museu T\u00e0pies","og_description":"Publicaci\u00f3n que repasa el compromiso pol\u00edtico de T\u00e0pies (Barcelona, \u200b\u200b1923 - 2012) a lo largo de su carrera. Se centra en su producci\u00f3n de la \u00e9poca 1946-75","og_url":"https:\/\/museutapies.org\/es\/producte\/antoni-tapies-political-biography\/","og_site_name":"Museu T\u00e0pies","article_publisher":"https:\/\/www.facebook.com\/museutapies","article_modified_time":"2021-11-29T00:17:58+00:00","og_image":[{"width":1400,"height":1400,"url":"https:\/\/museutapies.org\/wp-content\/uploads\/2020\/09\/antoni-tapies-political-biography-3.jpg","type":"image\/jpeg"}],"twitter_card":"summary_large_image","twitter_misc":{"Tiempo de lectura":"1 minuto"},"schema":{"@context":"https:\/\/schema.org","@graph":[{"@type":"WebPage","@id":"https:\/\/museutapies.org\/es\/producte\/antoni-tapies-political-biography\/","url":"https:\/\/museutapies.org\/es\/producte\/antoni-tapies-political-biography\/","name":"Antoni T\u00e0pies. Political Biography - Museu T\u00e0pies","isPartOf":{"@id":"https:\/\/museutapies.org\/en\/#website"},"datePublished":"2020-09-24T07:34:29+00:00","dateModified":"2021-11-29T00:17:58+00:00","description":"Publicaci\u00f3n que repasa el compromiso pol\u00edtico de T\u00e0pies (Barcelona, \u200b\u200b1923 - 2012) a lo largo de su carrera. Se centra en su producci\u00f3n de la \u00e9poca 1946-75","breadcrumb":{"@id":"https:\/\/museutapies.org\/es\/producte\/antoni-tapies-political-biography\/#breadcrumb"},"inLanguage":"es","potentialAction":[{"@type":"ReadAction","target":["https:\/\/museutapies.org\/es\/producte\/antoni-tapies-political-biography\/"]}]},{"@type":"BreadcrumbList","@id":"https:\/\/museutapies.org\/es\/producte\/antoni-tapies-political-biography\/#breadcrumb","itemListElement":[{"@type":"ListItem","position":1,"name":"Tots els productes","item":"https:\/\/museutapies.org\/productes\/"},{"@type":"ListItem","position":2,"name":"Antoni T\u00e0pies. Political Biography"}]},{"@type":"WebSite","@id":"https:\/\/museutapies.org\/en\/#website","url":"https:\/\/museutapies.org\/en\/","name":"Museu T\u00e0pies","description":"","publisher":{"@id":"https:\/\/museutapies.org\/en\/#organization"},"potentialAction":[{"@type":"SearchAction","target":{"@type":"EntryPoint","urlTemplate":"https:\/\/museutapies.org\/en\/?s={search_term_string}"},"query-input":"required name=search_term_string"}],"inLanguage":"es"},{"@type":"Organization","@id":"https:\/\/museutapies.org\/en\/#organization","name":"Museu T\u00e0pies","url":"https:\/\/museutapies.org\/en\/","logo":{"@type":"ImageObject","inLanguage":"es","@id":"https:\/\/museutapies.org\/en\/#\/schema\/logo\/image\/","url":"https:\/\/museutapies.org\/wp-content\/uploads\/2024\/07\/mta.png","contentUrl":"https:\/\/museutapies.org\/wp-content\/uploads\/2024\/07\/mta.png","width":244,"height":110,"caption":"Museu T\u00e0pies"},"image":{"@id":"https:\/\/museutapies.org\/en\/#\/schema\/logo\/image\/"},"sameAs":["https:\/\/www.facebook.com\/museutapies","https:\/\/www.instagram.com\/museutapies\/","https:\/\/www.youtube.com\/channel\/UCPi65HBb48RMeoa12lR51cQ","https:\/\/x.com\/MuseuTapies"]}]}},"_links":{"self":[{"href":"https:\/\/museutapies.org\/es\/wp-json\/wp\/v2\/product\/14664"}],"collection":[{"href":"https:\/\/museutapies.org\/es\/wp-json\/wp\/v2\/product"}],"about":[{"href":"https:\/\/museutapies.org\/es\/wp-json\/wp\/v2\/types\/product"}],"replies":[{"embeddable":true,"href":"https:\/\/museutapies.org\/es\/wp-json\/wp\/v2\/comments?post=14664"}],"version-history":[{"count":1,"href":"https:\/\/museutapies.org\/es\/wp-json\/wp\/v2\/product\/14664\/revisions"}],"predecessor-version":[{"id":16435,"href":"https:\/\/museutapies.org\/es\/wp-json\/wp\/v2\/product\/14664\/revisions\/16435"}],"wp:featuredmedia":[{"embeddable":true,"href":"https:\/\/museutapies.org\/es\/wp-json\/wp\/v2\/media\/15375"}],"wp:attachment":[{"href":"https:\/\/museutapies.org\/es\/wp-json\/wp\/v2\/media?parent=14664"}],"wp:term":[{"taxonomy":"product_cat","embeddable":true,"href":"https:\/\/museutapies.org\/es\/wp-json\/wp\/v2\/product_cat?post=14664"},{"taxonomy":"product_tag","embeddable":true,"href":"https:\/\/museutapies.org\/es\/wp-json\/wp\/v2\/product_tag?post=14664"}],"curies":[{"name":"wp","href":"https:\/\/api.w.org\/{rel}","templated":true}]}}