{"id":15074,"date":"2018-09-26T13:27:20","date_gmt":"2020-09-26T13:27:20","guid":{"rendered":"https:\/\/museutapies.org\/producte\/sanja-ivekovic-seleccio-dobres\/"},"modified":"2021-11-29T00:18:17","modified_gmt":"2021-11-29T00:18:17","slug":"sanja-ivekovic-seleccio-dobres","status":"publish","type":"product","link":"https:\/\/museutapies.org\/es\/producte\/sanja-ivekovic-seleccio-dobres\/","title":{"rendered":"Sanja Ivekovic\u00b4. Selecci\u00f3 d\u2019obres"},"content":{"rendered":"<p>Monograf\u00eda sobre la obra realizada por Sanja Ivekovic\u00b4 entre los a\u00f1os 1970 y 2008 en el campo de la instalaci\u00f3n, el v\u00eddeo, el fotomontaje, la performance y los proyectos p\u00fablicos. Cuatro ensayos de an\u00e1lisis de su trayectoria acompa\u00f1an las descripciones ilustradas de cada una de las obras.<\/p>\n","protected":false},"excerpt":{"rendered":"<p>Monograf\u00eda sobre la obra realizada por Sanja Ivekovic\u00b4 entre los a\u00f1os 1970 y 2008 en el campo de la instalaci\u00f3n, [&hellip;]<\/p>\n","protected":false},"featured_media":15434,"comment_status":"open","ping_status":"closed","template":"","meta":{"footnotes":""},"product_cat":[135],"product_tag":[],"acf":[],"yoast_head":"<!-- This site is optimized with the Yoast SEO plugin v20.11 - https:\/\/yoast.com\/wordpress\/plugins\/seo\/ -->\n<title>Sanja Ivekovic\u00b4. Selecci\u00f3 d\u2019obres - Museu T\u00e0pies<\/title>\n<meta name=\"description\" content=\"Monograf\u00eda sobre la obra realizada por Sanja Ivekovic\u00b4 entre los a\u00f1os 1970 y 2008 en el campo de la instalaci\u00f3n, el v\u00eddeo, el fotomontaje, la performance\" \/>\n<meta name=\"robots\" content=\"index, follow, max-snippet:-1, max-image-preview:large, max-video-preview:-1\" \/>\n<meta property=\"og:locale\" content=\"es_ES\" \/>\n<meta property=\"og:type\" content=\"article\" \/>\n<meta property=\"og:title\" content=\"Sanja Ivekovic\u00b4. Selecci\u00f3 d\u2019obres - Museu T\u00e0pies\" \/>\n<meta property=\"og:description\" content=\"Monograf\u00eda sobre la obra realizada por Sanja Ivekovic\u00b4 entre los a\u00f1os 1970 y 2008 en el campo de la instalaci\u00f3n, el v\u00eddeo, el fotomontaje, la performance\" \/>\n<meta property=\"og:url\" content=\"https:\/\/museutapies.org\/es\/producte\/sanja-ivekovic-seleccio-dobres\/\" \/>\n<meta property=\"og:site_name\" content=\"Museu T\u00e0pies\" \/>\n<meta property=\"article:publisher\" content=\"https:\/\/www.facebook.com\/museutapies\" \/>\n<meta property=\"article:modified_time\" content=\"2021-11-29T00:18:17+00:00\" \/>\n<meta property=\"og:image\" content=\"https:\/\/museutapies.org\/wp-content\/uploads\/2018\/09\/sanja-evekovic-selecci\u00f3-d-obres.jpg\" \/>\n\t<meta property=\"og:image:width\" content=\"414\" \/>\n\t<meta property=\"og:image:height\" content=\"412\" \/>\n\t<meta property=\"og:image:type\" content=\"image\/jpeg\" \/>\n<meta name=\"twitter:card\" content=\"summary_large_image\" \/>\n<script type=\"application\/ld+json\" class=\"yoast-schema-graph\">{\"@context\":\"https:\/\/schema.org\",\"@graph\":[{\"@type\":\"WebPage\",\"@id\":\"https:\/\/museutapies.org\/es\/producte\/sanja-ivekovic-seleccio-dobres\/\",\"url\":\"https:\/\/museutapies.org\/es\/producte\/sanja-ivekovic-seleccio-dobres\/\",\"name\":\"Sanja Ivekovic\u00b4. Selecci\u00f3 d\u2019obres - Museu T\u00e0pies\",\"isPartOf\":{\"@id\":\"https:\/\/museutapies.org\/en\/#website\"},\"datePublished\":\"2020-09-26T13:27:20+00:00\",\"dateModified\":\"2021-11-29T00:18:17+00:00\",\"description\":\"Monograf\u00eda sobre la obra realizada por Sanja Ivekovic\u00b4 entre los a\u00f1os 1970 y 2008 en el campo de la instalaci\u00f3n, el v\u00eddeo, el fotomontaje, la performance\",\"breadcrumb\":{\"@id\":\"https:\/\/museutapies.org\/es\/producte\/sanja-ivekovic-seleccio-dobres\/#breadcrumb\"},\"inLanguage\":\"es\",\"potentialAction\":[{\"@type\":\"ReadAction\",\"target\":[\"https:\/\/museutapies.org\/es\/producte\/sanja-ivekovic-seleccio-dobres\/\"]}]},{\"@type\":\"BreadcrumbList\",\"@id\":\"https:\/\/museutapies.org\/es\/producte\/sanja-ivekovic-seleccio-dobres\/#breadcrumb\",\"itemListElement\":[{\"@type\":\"ListItem\",\"position\":1,\"name\":\"Tots els productes\",\"item\":\"https:\/\/museutapies.org\/productes\/\"},{\"@type\":\"ListItem\",\"position\":2,\"name\":\"Sanja Ivekovic\u00b4. Selecci\u00f3 d\u2019obres\"}]},{\"@type\":\"WebSite\",\"@id\":\"https:\/\/museutapies.org\/en\/#website\",\"url\":\"https:\/\/museutapies.org\/en\/\",\"name\":\"Museu T\u00e0pies\",\"description\":\"\",\"publisher\":{\"@id\":\"https:\/\/museutapies.org\/en\/#organization\"},\"potentialAction\":[{\"@type\":\"SearchAction\",\"target\":{\"@type\":\"EntryPoint\",\"urlTemplate\":\"https:\/\/museutapies.org\/en\/?s={search_term_string}\"},\"query-input\":\"required name=search_term_string\"}],\"inLanguage\":\"es\"},{\"@type\":\"Organization\",\"@id\":\"https:\/\/museutapies.org\/en\/#organization\",\"name\":\"Museu T\u00e0pies\",\"url\":\"https:\/\/museutapies.org\/en\/\",\"logo\":{\"@type\":\"ImageObject\",\"inLanguage\":\"es\",\"@id\":\"https:\/\/museutapies.org\/en\/#\/schema\/logo\/image\/\",\"url\":\"https:\/\/museutapies.org\/wp-content\/uploads\/2024\/07\/mta.png\",\"contentUrl\":\"https:\/\/museutapies.org\/wp-content\/uploads\/2024\/07\/mta.png\",\"width\":244,\"height\":110,\"caption\":\"Museu T\u00e0pies\"},\"image\":{\"@id\":\"https:\/\/museutapies.org\/en\/#\/schema\/logo\/image\/\"},\"sameAs\":[\"https:\/\/www.facebook.com\/museutapies\",\"https:\/\/www.instagram.com\/museutapies\/\",\"https:\/\/www.youtube.com\/channel\/UCPi65HBb48RMeoa12lR51cQ\",\"https:\/\/x.com\/MuseuTapies\"]}]}<\/script>\n<!-- \/ Yoast SEO plugin. -->","yoast_head_json":{"title":"Sanja Ivekovic\u00b4. Selecci\u00f3 d\u2019obres - Museu T\u00e0pies","description":"Monograf\u00eda sobre la obra realizada por Sanja Ivekovic\u00b4 entre los a\u00f1os 1970 y 2008 en el campo de la instalaci\u00f3n, el v\u00eddeo, el fotomontaje, la performance","robots":{"index":"index","follow":"follow","max-snippet":"max-snippet:-1","max-image-preview":"max-image-preview:large","max-video-preview":"max-video-preview:-1"},"og_locale":"es_ES","og_type":"article","og_title":"Sanja Ivekovic\u00b4. Selecci\u00f3 d\u2019obres - Museu T\u00e0pies","og_description":"Monograf\u00eda sobre la obra realizada por Sanja Ivekovic\u00b4 entre los a\u00f1os 1970 y 2008 en el campo de la instalaci\u00f3n, el v\u00eddeo, el fotomontaje, la performance","og_url":"https:\/\/museutapies.org\/es\/producte\/sanja-ivekovic-seleccio-dobres\/","og_site_name":"Museu T\u00e0pies","article_publisher":"https:\/\/www.facebook.com\/museutapies","article_modified_time":"2021-11-29T00:18:17+00:00","og_image":[{"width":414,"height":412,"url":"https:\/\/museutapies.org\/wp-content\/uploads\/2018\/09\/sanja-evekovic-selecci\u00f3-d-obres.jpg","type":"image\/jpeg"}],"twitter_card":"summary_large_image","schema":{"@context":"https:\/\/schema.org","@graph":[{"@type":"WebPage","@id":"https:\/\/museutapies.org\/es\/producte\/sanja-ivekovic-seleccio-dobres\/","url":"https:\/\/museutapies.org\/es\/producte\/sanja-ivekovic-seleccio-dobres\/","name":"Sanja Ivekovic\u00b4. Selecci\u00f3 d\u2019obres - Museu T\u00e0pies","isPartOf":{"@id":"https:\/\/museutapies.org\/en\/#website"},"datePublished":"2020-09-26T13:27:20+00:00","dateModified":"2021-11-29T00:18:17+00:00","description":"Monograf\u00eda sobre la obra realizada por Sanja Ivekovic\u00b4 entre los a\u00f1os 1970 y 2008 en el campo de la instalaci\u00f3n, el v\u00eddeo, el fotomontaje, la performance","breadcrumb":{"@id":"https:\/\/museutapies.org\/es\/producte\/sanja-ivekovic-seleccio-dobres\/#breadcrumb"},"inLanguage":"es","potentialAction":[{"@type":"ReadAction","target":["https:\/\/museutapies.org\/es\/producte\/sanja-ivekovic-seleccio-dobres\/"]}]},{"@type":"BreadcrumbList","@id":"https:\/\/museutapies.org\/es\/producte\/sanja-ivekovic-seleccio-dobres\/#breadcrumb","itemListElement":[{"@type":"ListItem","position":1,"name":"Tots els productes","item":"https:\/\/museutapies.org\/productes\/"},{"@type":"ListItem","position":2,"name":"Sanja Ivekovic\u00b4. Selecci\u00f3 d\u2019obres"}]},{"@type":"WebSite","@id":"https:\/\/museutapies.org\/en\/#website","url":"https:\/\/museutapies.org\/en\/","name":"Museu T\u00e0pies","description":"","publisher":{"@id":"https:\/\/museutapies.org\/en\/#organization"},"potentialAction":[{"@type":"SearchAction","target":{"@type":"EntryPoint","urlTemplate":"https:\/\/museutapies.org\/en\/?s={search_term_string}"},"query-input":"required name=search_term_string"}],"inLanguage":"es"},{"@type":"Organization","@id":"https:\/\/museutapies.org\/en\/#organization","name":"Museu T\u00e0pies","url":"https:\/\/museutapies.org\/en\/","logo":{"@type":"ImageObject","inLanguage":"es","@id":"https:\/\/museutapies.org\/en\/#\/schema\/logo\/image\/","url":"https:\/\/museutapies.org\/wp-content\/uploads\/2024\/07\/mta.png","contentUrl":"https:\/\/museutapies.org\/wp-content\/uploads\/2024\/07\/mta.png","width":244,"height":110,"caption":"Museu T\u00e0pies"},"image":{"@id":"https:\/\/museutapies.org\/en\/#\/schema\/logo\/image\/"},"sameAs":["https:\/\/www.facebook.com\/museutapies","https:\/\/www.instagram.com\/museutapies\/","https:\/\/www.youtube.com\/channel\/UCPi65HBb48RMeoa12lR51cQ","https:\/\/x.com\/MuseuTapies"]}]}},"_links":{"self":[{"href":"https:\/\/museutapies.org\/es\/wp-json\/wp\/v2\/product\/15074"}],"collection":[{"href":"https:\/\/museutapies.org\/es\/wp-json\/wp\/v2\/product"}],"about":[{"href":"https:\/\/museutapies.org\/es\/wp-json\/wp\/v2\/types\/product"}],"replies":[{"embeddable":true,"href":"https:\/\/museutapies.org\/es\/wp-json\/wp\/v2\/comments?post=15074"}],"version-history":[{"count":2,"href":"https:\/\/museutapies.org\/es\/wp-json\/wp\/v2\/product\/15074\/revisions"}],"predecessor-version":[{"id":18016,"href":"https:\/\/museutapies.org\/es\/wp-json\/wp\/v2\/product\/15074\/revisions\/18016"}],"wp:featuredmedia":[{"embeddable":true,"href":"https:\/\/museutapies.org\/es\/wp-json\/wp\/v2\/media\/15434"}],"wp:attachment":[{"href":"https:\/\/museutapies.org\/es\/wp-json\/wp\/v2\/media?parent=15074"}],"wp:term":[{"taxonomy":"product_cat","embeddable":true,"href":"https:\/\/museutapies.org\/es\/wp-json\/wp\/v2\/product_cat?post=15074"},{"taxonomy":"product_tag","embeddable":true,"href":"https:\/\/museutapies.org\/es\/wp-json\/wp\/v2\/product_tag?post=15074"}],"curies":[{"name":"wp","href":"https:\/\/api.w.org\/{rel}","templated":true}]}}