{"id":18636,"date":"2021-03-11T12:24:44","date_gmt":"2021-03-11T12:24:44","guid":{"rendered":"https:\/\/museutapies.org\/?post_type=product&#038;p=18636"},"modified":"2022-04-22T10:37:57","modified_gmt":"2022-04-22T10:37:57","slug":"vertigo-sea-john-akomfrah","status":"publish","type":"product","link":"https:\/\/museutapies.org\/es\/producte\/vertigo-sea-john-akomfrah\/","title":{"rendered":"Vertigo Sea. John Akomfrah"},"content":{"rendered":"<p>La publicaci\u00f3n se centra en las instalaciones de v\u00eddeo de John Akomfrah (Accra, Ghana, 1957)\u00a0<em>Vertigo Sea<\/em> (2015) y\u00a0<em>Peripeteia<\/em> (2012), exhibidas ambas en la Fundaci\u00f3 Antoni T\u00e0pies de Barcelona. Una y otra comparten el motivo del agua, un elemento que Akomfrah suele utilizar para plantear los problemas derivados de los movimientos humanos, desde las conquistas coloniales y el comercio transatl\u00e1ntico de esclavos hasta los flujos migratorios contempor\u00e1neos. En estas dos obras de Akomfrah se entrecruzan implicaciones sociales, culturales y pol\u00edticas, y ambas comparten la reivindicaci\u00f3n de personajes hist\u00f3ricos para poner en evidencia la crudeza de algunos episodios de la historia.<\/p>\n","protected":false},"excerpt":{"rendered":"<p>La publicaci\u00f3n se centra en las instalaciones de v\u00eddeo de John Akomfrah (Accra, Ghana, 1957)\u00a0Vertigo Sea (2015) y\u00a0Peripeteia (2012), exhibidas [&hellip;]<\/p>\n","protected":false},"featured_media":18633,"comment_status":"open","ping_status":"closed","template":"","meta":{"footnotes":""},"product_cat":[135,176,100],"product_tag":[],"acf":[],"yoast_head":"<!-- This site is optimized with the Yoast SEO plugin v20.11 - https:\/\/yoast.com\/wordpress\/plugins\/seo\/ -->\n<title>Vertigo Sea. John Akomfrah - Museu T\u00e0pies<\/title>\n<meta name=\"description\" content=\"La presente publicaci\u00f3n se centra en las instalaciones de v\u00eddeo de John Akomfrah (Accra, Ghana, 1957)\u00a0Vertigo Sea (2015) y\u00a0Peripeteia (2012), exhibidas ambas en la Fundaci\u00f3 Antoni T\u00e0pies\" \/>\n<meta name=\"robots\" content=\"index, follow, max-snippet:-1, max-image-preview:large, max-video-preview:-1\" \/>\n<meta property=\"og:locale\" content=\"es_ES\" \/>\n<meta property=\"og:type\" content=\"article\" \/>\n<meta property=\"og:title\" content=\"Vertigo Sea. John Akomfrah - Museu T\u00e0pies\" \/>\n<meta property=\"og:description\" content=\"La presente publicaci\u00f3n se centra en las instalaciones de v\u00eddeo de John Akomfrah (Accra, Ghana, 1957)\u00a0Vertigo Sea (2015) y\u00a0Peripeteia (2012), exhibidas ambas en la Fundaci\u00f3 Antoni T\u00e0pies\" \/>\n<meta property=\"og:url\" content=\"https:\/\/museutapies.org\/es\/producte\/vertigo-sea-john-akomfrah\/\" \/>\n<meta property=\"og:site_name\" content=\"Museu T\u00e0pies\" \/>\n<meta property=\"article:publisher\" content=\"https:\/\/www.facebook.com\/museutapies\" \/>\n<meta property=\"article:modified_time\" content=\"2022-04-22T10:37:57+00:00\" \/>\n<meta property=\"og:image\" content=\"https:\/\/museutapies.org\/wp-content\/uploads\/2021\/03\/vertigo-sea-web-interior.jpg\" \/>\n\t<meta property=\"og:image:width\" content=\"1400\" \/>\n\t<meta property=\"og:image:height\" content=\"1400\" \/>\n\t<meta property=\"og:image:type\" content=\"image\/jpeg\" \/>\n<meta name=\"twitter:card\" content=\"summary_large_image\" \/>\n<meta name=\"twitter:label1\" content=\"Tiempo de lectura\" \/>\n\t<meta name=\"twitter:data1\" content=\"1 minuto\" \/>\n<script type=\"application\/ld+json\" class=\"yoast-schema-graph\">{\"@context\":\"https:\/\/schema.org\",\"@graph\":[{\"@type\":\"WebPage\",\"@id\":\"https:\/\/museutapies.org\/es\/producte\/vertigo-sea-john-akomfrah\/\",\"url\":\"https:\/\/museutapies.org\/es\/producte\/vertigo-sea-john-akomfrah\/\",\"name\":\"Vertigo Sea. John Akomfrah - Museu T\u00e0pies\",\"isPartOf\":{\"@id\":\"https:\/\/museutapies.org\/en\/#website\"},\"datePublished\":\"2021-03-11T12:24:44+00:00\",\"dateModified\":\"2022-04-22T10:37:57+00:00\",\"description\":\"La presente publicaci\u00f3n se centra en las instalaciones de v\u00eddeo de John Akomfrah (Accra, Ghana, 1957)\u00a0Vertigo Sea (2015) y\u00a0Peripeteia (2012), exhibidas ambas en la Fundaci\u00f3 Antoni T\u00e0pies\",\"breadcrumb\":{\"@id\":\"https:\/\/museutapies.org\/es\/producte\/vertigo-sea-john-akomfrah\/#breadcrumb\"},\"inLanguage\":\"es\",\"potentialAction\":[{\"@type\":\"ReadAction\",\"target\":[\"https:\/\/museutapies.org\/es\/producte\/vertigo-sea-john-akomfrah\/\"]}]},{\"@type\":\"BreadcrumbList\",\"@id\":\"https:\/\/museutapies.org\/es\/producte\/vertigo-sea-john-akomfrah\/#breadcrumb\",\"itemListElement\":[{\"@type\":\"ListItem\",\"position\":1,\"name\":\"Tots els productes\",\"item\":\"https:\/\/museutapies.org\/productes\/\"},{\"@type\":\"ListItem\",\"position\":2,\"name\":\"Vertigo Sea. John Akomfrah\"}]},{\"@type\":\"WebSite\",\"@id\":\"https:\/\/museutapies.org\/en\/#website\",\"url\":\"https:\/\/museutapies.org\/en\/\",\"name\":\"Museu T\u00e0pies\",\"description\":\"\",\"publisher\":{\"@id\":\"https:\/\/museutapies.org\/en\/#organization\"},\"potentialAction\":[{\"@type\":\"SearchAction\",\"target\":{\"@type\":\"EntryPoint\",\"urlTemplate\":\"https:\/\/museutapies.org\/en\/?s={search_term_string}\"},\"query-input\":\"required name=search_term_string\"}],\"inLanguage\":\"es\"},{\"@type\":\"Organization\",\"@id\":\"https:\/\/museutapies.org\/en\/#organization\",\"name\":\"Museu T\u00e0pies\",\"url\":\"https:\/\/museutapies.org\/en\/\",\"logo\":{\"@type\":\"ImageObject\",\"inLanguage\":\"es\",\"@id\":\"https:\/\/museutapies.org\/en\/#\/schema\/logo\/image\/\",\"url\":\"https:\/\/museutapies.org\/wp-content\/uploads\/2024\/07\/mta.png\",\"contentUrl\":\"https:\/\/museutapies.org\/wp-content\/uploads\/2024\/07\/mta.png\",\"width\":244,\"height\":110,\"caption\":\"Museu T\u00e0pies\"},\"image\":{\"@id\":\"https:\/\/museutapies.org\/en\/#\/schema\/logo\/image\/\"},\"sameAs\":[\"https:\/\/www.facebook.com\/museutapies\",\"https:\/\/www.instagram.com\/museutapies\/\",\"https:\/\/www.youtube.com\/channel\/UCPi65HBb48RMeoa12lR51cQ\",\"https:\/\/x.com\/MuseuTapies\"]}]}<\/script>\n<!-- \/ Yoast SEO plugin. -->","yoast_head_json":{"title":"Vertigo Sea. John Akomfrah - Museu T\u00e0pies","description":"La presente publicaci\u00f3n se centra en las instalaciones de v\u00eddeo de John Akomfrah (Accra, Ghana, 1957)\u00a0Vertigo Sea (2015) y\u00a0Peripeteia (2012), exhibidas ambas en la Fundaci\u00f3 Antoni T\u00e0pies","robots":{"index":"index","follow":"follow","max-snippet":"max-snippet:-1","max-image-preview":"max-image-preview:large","max-video-preview":"max-video-preview:-1"},"og_locale":"es_ES","og_type":"article","og_title":"Vertigo Sea. John Akomfrah - Museu T\u00e0pies","og_description":"La presente publicaci\u00f3n se centra en las instalaciones de v\u00eddeo de John Akomfrah (Accra, Ghana, 1957)\u00a0Vertigo Sea (2015) y\u00a0Peripeteia (2012), exhibidas ambas en la Fundaci\u00f3 Antoni T\u00e0pies","og_url":"https:\/\/museutapies.org\/es\/producte\/vertigo-sea-john-akomfrah\/","og_site_name":"Museu T\u00e0pies","article_publisher":"https:\/\/www.facebook.com\/museutapies","article_modified_time":"2022-04-22T10:37:57+00:00","og_image":[{"width":1400,"height":1400,"url":"https:\/\/museutapies.org\/wp-content\/uploads\/2021\/03\/vertigo-sea-web-interior.jpg","type":"image\/jpeg"}],"twitter_card":"summary_large_image","twitter_misc":{"Tiempo de lectura":"1 minuto"},"schema":{"@context":"https:\/\/schema.org","@graph":[{"@type":"WebPage","@id":"https:\/\/museutapies.org\/es\/producte\/vertigo-sea-john-akomfrah\/","url":"https:\/\/museutapies.org\/es\/producte\/vertigo-sea-john-akomfrah\/","name":"Vertigo Sea. John Akomfrah - Museu T\u00e0pies","isPartOf":{"@id":"https:\/\/museutapies.org\/en\/#website"},"datePublished":"2021-03-11T12:24:44+00:00","dateModified":"2022-04-22T10:37:57+00:00","description":"La presente publicaci\u00f3n se centra en las instalaciones de v\u00eddeo de John Akomfrah (Accra, Ghana, 1957)\u00a0Vertigo Sea (2015) y\u00a0Peripeteia (2012), exhibidas ambas en la Fundaci\u00f3 Antoni T\u00e0pies","breadcrumb":{"@id":"https:\/\/museutapies.org\/es\/producte\/vertigo-sea-john-akomfrah\/#breadcrumb"},"inLanguage":"es","potentialAction":[{"@type":"ReadAction","target":["https:\/\/museutapies.org\/es\/producte\/vertigo-sea-john-akomfrah\/"]}]},{"@type":"BreadcrumbList","@id":"https:\/\/museutapies.org\/es\/producte\/vertigo-sea-john-akomfrah\/#breadcrumb","itemListElement":[{"@type":"ListItem","position":1,"name":"Tots els productes","item":"https:\/\/museutapies.org\/productes\/"},{"@type":"ListItem","position":2,"name":"Vertigo Sea. John Akomfrah"}]},{"@type":"WebSite","@id":"https:\/\/museutapies.org\/en\/#website","url":"https:\/\/museutapies.org\/en\/","name":"Museu T\u00e0pies","description":"","publisher":{"@id":"https:\/\/museutapies.org\/en\/#organization"},"potentialAction":[{"@type":"SearchAction","target":{"@type":"EntryPoint","urlTemplate":"https:\/\/museutapies.org\/en\/?s={search_term_string}"},"query-input":"required name=search_term_string"}],"inLanguage":"es"},{"@type":"Organization","@id":"https:\/\/museutapies.org\/en\/#organization","name":"Museu T\u00e0pies","url":"https:\/\/museutapies.org\/en\/","logo":{"@type":"ImageObject","inLanguage":"es","@id":"https:\/\/museutapies.org\/en\/#\/schema\/logo\/image\/","url":"https:\/\/museutapies.org\/wp-content\/uploads\/2024\/07\/mta.png","contentUrl":"https:\/\/museutapies.org\/wp-content\/uploads\/2024\/07\/mta.png","width":244,"height":110,"caption":"Museu T\u00e0pies"},"image":{"@id":"https:\/\/museutapies.org\/en\/#\/schema\/logo\/image\/"},"sameAs":["https:\/\/www.facebook.com\/museutapies","https:\/\/www.instagram.com\/museutapies\/","https:\/\/www.youtube.com\/channel\/UCPi65HBb48RMeoa12lR51cQ","https:\/\/x.com\/MuseuTapies"]}]}},"_links":{"self":[{"href":"https:\/\/museutapies.org\/es\/wp-json\/wp\/v2\/product\/18636"}],"collection":[{"href":"https:\/\/museutapies.org\/es\/wp-json\/wp\/v2\/product"}],"about":[{"href":"https:\/\/museutapies.org\/es\/wp-json\/wp\/v2\/types\/product"}],"replies":[{"embeddable":true,"href":"https:\/\/museutapies.org\/es\/wp-json\/wp\/v2\/comments?post=18636"}],"version-history":[{"count":6,"href":"https:\/\/museutapies.org\/es\/wp-json\/wp\/v2\/product\/18636\/revisions"}],"predecessor-version":[{"id":18707,"href":"https:\/\/museutapies.org\/es\/wp-json\/wp\/v2\/product\/18636\/revisions\/18707"}],"wp:featuredmedia":[{"embeddable":true,"href":"https:\/\/museutapies.org\/es\/wp-json\/wp\/v2\/media\/18633"}],"wp:attachment":[{"href":"https:\/\/museutapies.org\/es\/wp-json\/wp\/v2\/media?parent=18636"}],"wp:term":[{"taxonomy":"product_cat","embeddable":true,"href":"https:\/\/museutapies.org\/es\/wp-json\/wp\/v2\/product_cat?post=18636"},{"taxonomy":"product_tag","embeddable":true,"href":"https:\/\/museutapies.org\/es\/wp-json\/wp\/v2\/product_tag?post=18636"}],"curies":[{"name":"wp","href":"https:\/\/api.w.org\/{rel}","templated":true}]}}