{"id":23659,"date":"2022-09-01T10:14:47","date_gmt":"2022-09-01T10:15:31","guid":{"rendered":"https:\/\/museutapies.org\/?post_type=product&#038;p=23659"},"modified":"2022-09-14T10:36:55","modified_gmt":"2022-09-14T10:36:55","slug":"goshka-macuga-en-moviment","status":"publish","type":"product","link":"https:\/\/museutapies.org\/es\/producte\/goshka-macuga-en-moviment\/","title":{"rendered":"Goshka Macuga. En moviment\/En movimiento"},"content":{"rendered":"<div class=\"\">\n<p>Esta publicaci\u00f3n surge de la exposici\u00f3n <em>Goshka Macuga. In Flux \/ En movimiento<\/em>, que ha tenido lugar en el Museo de arte contempor\u00e1neo de Castilla y Le\u00f3n (MUSAC) y en la Fundaci\u00f3 Antoni T\u00e0pies<strong>\u00a0<\/strong>entre 2021 y 2022.<\/p>\n<p><span style=\"font-size: 14pt\"><span class=\"\">Goshka Macuga (Varsovia, 1967) es una artista polaca que revisa las relaciones entre el arte, el poder y los relatos heredados sobre hechos y personajes de la Historia. La exposici\u00f3n hace alusi\u00f3n a la constante circulaci\u00f3n de las im\u00e1genes, de los referentes, de los relatos, y a la necesaria revisi\u00f3n de todo aquello que heredamos y que nos es familiar. Macuga nos propone lecturas asociativas, conectando distintas \u00e1reas y m\u00e9todos de investigaci\u00f3n.<\/span><\/span><\/p>\n<\/div>\n<div class=\"\"><\/div>\n","protected":false},"excerpt":{"rendered":"<p>Esta publicaci\u00f3n surge de la exposici\u00f3n Goshka Macuga. In Flux \/ En movimiento, que ha tenido lugar en el Museo [&hellip;]<\/p>\n","protected":false},"featured_media":23657,"comment_status":"closed","ping_status":"closed","template":"","meta":{"footnotes":""},"product_cat":[135,100],"product_tag":[],"acf":[],"yoast_head":"<!-- This site is optimized with the Yoast SEO plugin v20.11 - https:\/\/yoast.com\/wordpress\/plugins\/seo\/ -->\n<title>Goshka Macuga. En moviment\/En movimiento - Museu T\u00e0pies<\/title>\n<meta name=\"robots\" content=\"index, follow, max-snippet:-1, max-image-preview:large, max-video-preview:-1\" \/>\n<meta property=\"og:locale\" content=\"es_ES\" \/>\n<meta property=\"og:type\" content=\"article\" \/>\n<meta property=\"og:title\" content=\"Goshka Macuga. En moviment\/En movimiento - Museu T\u00e0pies\" \/>\n<meta property=\"og:description\" content=\"Esta publicaci\u00f3n surge de la exposici\u00f3n Goshka Macuga. In Flux \/ En movimiento, que ha tenido lugar en el Museo [&hellip;]\" \/>\n<meta property=\"og:url\" content=\"https:\/\/museutapies.org\/es\/producte\/goshka-macuga-en-moviment\/\" \/>\n<meta property=\"og:site_name\" content=\"Museu T\u00e0pies\" \/>\n<meta property=\"article:publisher\" content=\"https:\/\/www.facebook.com\/museutapies\" \/>\n<meta property=\"article:modified_time\" content=\"2022-09-14T10:36:55+00:00\" \/>\n<meta property=\"og:image\" content=\"https:\/\/museutapies.org\/wp-content\/uploads\/2022\/07\/Goshka-CAT-web-home.gif\" \/>\n\t<meta property=\"og:image:width\" content=\"738\" \/>\n\t<meta property=\"og:image:height\" content=\"1006\" \/>\n\t<meta property=\"og:image:type\" content=\"image\/gif\" \/>\n<meta name=\"twitter:card\" content=\"summary_large_image\" \/>\n<meta name=\"twitter:label1\" content=\"Tiempo de lectura\" \/>\n\t<meta name=\"twitter:data1\" content=\"1 minuto\" \/>\n<script type=\"application\/ld+json\" class=\"yoast-schema-graph\">{\"@context\":\"https:\/\/schema.org\",\"@graph\":[{\"@type\":\"WebPage\",\"@id\":\"https:\/\/museutapies.org\/es\/producte\/goshka-macuga-en-moviment\/\",\"url\":\"https:\/\/museutapies.org\/es\/producte\/goshka-macuga-en-moviment\/\",\"name\":\"Goshka Macuga. En moviment\/En movimiento - Museu T\u00e0pies\",\"isPartOf\":{\"@id\":\"https:\/\/museutapies.org\/en\/#website\"},\"datePublished\":\"2022-09-01T10:15:31+00:00\",\"dateModified\":\"2022-09-14T10:36:55+00:00\",\"breadcrumb\":{\"@id\":\"https:\/\/museutapies.org\/es\/producte\/goshka-macuga-en-moviment\/#breadcrumb\"},\"inLanguage\":\"es\",\"potentialAction\":[{\"@type\":\"ReadAction\",\"target\":[\"https:\/\/museutapies.org\/es\/producte\/goshka-macuga-en-moviment\/\"]}]},{\"@type\":\"BreadcrumbList\",\"@id\":\"https:\/\/museutapies.org\/es\/producte\/goshka-macuga-en-moviment\/#breadcrumb\",\"itemListElement\":[{\"@type\":\"ListItem\",\"position\":1,\"name\":\"Tots els productes\",\"item\":\"https:\/\/museutapies.org\/productes\/\"},{\"@type\":\"ListItem\",\"position\":2,\"name\":\"Goshka Macuga. En moviment\/En movimiento\"}]},{\"@type\":\"WebSite\",\"@id\":\"https:\/\/museutapies.org\/en\/#website\",\"url\":\"https:\/\/museutapies.org\/en\/\",\"name\":\"Museu T\u00e0pies\",\"description\":\"\",\"publisher\":{\"@id\":\"https:\/\/museutapies.org\/en\/#organization\"},\"potentialAction\":[{\"@type\":\"SearchAction\",\"target\":{\"@type\":\"EntryPoint\",\"urlTemplate\":\"https:\/\/museutapies.org\/en\/?s={search_term_string}\"},\"query-input\":\"required name=search_term_string\"}],\"inLanguage\":\"es\"},{\"@type\":\"Organization\",\"@id\":\"https:\/\/museutapies.org\/en\/#organization\",\"name\":\"Museu T\u00e0pies\",\"url\":\"https:\/\/museutapies.org\/en\/\",\"logo\":{\"@type\":\"ImageObject\",\"inLanguage\":\"es\",\"@id\":\"https:\/\/museutapies.org\/en\/#\/schema\/logo\/image\/\",\"url\":\"https:\/\/museutapies.org\/wp-content\/uploads\/2024\/07\/mta.png\",\"contentUrl\":\"https:\/\/museutapies.org\/wp-content\/uploads\/2024\/07\/mta.png\",\"width\":244,\"height\":110,\"caption\":\"Museu T\u00e0pies\"},\"image\":{\"@id\":\"https:\/\/museutapies.org\/en\/#\/schema\/logo\/image\/\"},\"sameAs\":[\"https:\/\/www.facebook.com\/museutapies\",\"https:\/\/www.instagram.com\/museutapies\/\",\"https:\/\/www.youtube.com\/channel\/UCPi65HBb48RMeoa12lR51cQ\",\"https:\/\/x.com\/MuseuTapies\"]}]}<\/script>\n<!-- \/ Yoast SEO plugin. -->","yoast_head_json":{"title":"Goshka Macuga. En moviment\/En movimiento - Museu T\u00e0pies","robots":{"index":"index","follow":"follow","max-snippet":"max-snippet:-1","max-image-preview":"max-image-preview:large","max-video-preview":"max-video-preview:-1"},"og_locale":"es_ES","og_type":"article","og_title":"Goshka Macuga. En moviment\/En movimiento - Museu T\u00e0pies","og_description":"Esta publicaci\u00f3n surge de la exposici\u00f3n Goshka Macuga. In Flux \/ En movimiento, que ha tenido lugar en el Museo [&hellip;]","og_url":"https:\/\/museutapies.org\/es\/producte\/goshka-macuga-en-moviment\/","og_site_name":"Museu T\u00e0pies","article_publisher":"https:\/\/www.facebook.com\/museutapies","article_modified_time":"2022-09-14T10:36:55+00:00","og_image":[{"width":738,"height":1006,"url":"https:\/\/museutapies.org\/wp-content\/uploads\/2022\/07\/Goshka-CAT-web-home.gif","type":"image\/gif"}],"twitter_card":"summary_large_image","twitter_misc":{"Tiempo de lectura":"1 minuto"},"schema":{"@context":"https:\/\/schema.org","@graph":[{"@type":"WebPage","@id":"https:\/\/museutapies.org\/es\/producte\/goshka-macuga-en-moviment\/","url":"https:\/\/museutapies.org\/es\/producte\/goshka-macuga-en-moviment\/","name":"Goshka Macuga. En moviment\/En movimiento - Museu T\u00e0pies","isPartOf":{"@id":"https:\/\/museutapies.org\/en\/#website"},"datePublished":"2022-09-01T10:15:31+00:00","dateModified":"2022-09-14T10:36:55+00:00","breadcrumb":{"@id":"https:\/\/museutapies.org\/es\/producte\/goshka-macuga-en-moviment\/#breadcrumb"},"inLanguage":"es","potentialAction":[{"@type":"ReadAction","target":["https:\/\/museutapies.org\/es\/producte\/goshka-macuga-en-moviment\/"]}]},{"@type":"BreadcrumbList","@id":"https:\/\/museutapies.org\/es\/producte\/goshka-macuga-en-moviment\/#breadcrumb","itemListElement":[{"@type":"ListItem","position":1,"name":"Tots els productes","item":"https:\/\/museutapies.org\/productes\/"},{"@type":"ListItem","position":2,"name":"Goshka Macuga. En moviment\/En movimiento"}]},{"@type":"WebSite","@id":"https:\/\/museutapies.org\/en\/#website","url":"https:\/\/museutapies.org\/en\/","name":"Museu T\u00e0pies","description":"","publisher":{"@id":"https:\/\/museutapies.org\/en\/#organization"},"potentialAction":[{"@type":"SearchAction","target":{"@type":"EntryPoint","urlTemplate":"https:\/\/museutapies.org\/en\/?s={search_term_string}"},"query-input":"required name=search_term_string"}],"inLanguage":"es"},{"@type":"Organization","@id":"https:\/\/museutapies.org\/en\/#organization","name":"Museu T\u00e0pies","url":"https:\/\/museutapies.org\/en\/","logo":{"@type":"ImageObject","inLanguage":"es","@id":"https:\/\/museutapies.org\/en\/#\/schema\/logo\/image\/","url":"https:\/\/museutapies.org\/wp-content\/uploads\/2024\/07\/mta.png","contentUrl":"https:\/\/museutapies.org\/wp-content\/uploads\/2024\/07\/mta.png","width":244,"height":110,"caption":"Museu T\u00e0pies"},"image":{"@id":"https:\/\/museutapies.org\/en\/#\/schema\/logo\/image\/"},"sameAs":["https:\/\/www.facebook.com\/museutapies","https:\/\/www.instagram.com\/museutapies\/","https:\/\/www.youtube.com\/channel\/UCPi65HBb48RMeoa12lR51cQ","https:\/\/x.com\/MuseuTapies"]}]}},"_links":{"self":[{"href":"https:\/\/museutapies.org\/es\/wp-json\/wp\/v2\/product\/23659"}],"collection":[{"href":"https:\/\/museutapies.org\/es\/wp-json\/wp\/v2\/product"}],"about":[{"href":"https:\/\/museutapies.org\/es\/wp-json\/wp\/v2\/types\/product"}],"replies":[{"embeddable":true,"href":"https:\/\/museutapies.org\/es\/wp-json\/wp\/v2\/comments?post=23659"}],"version-history":[{"count":10,"href":"https:\/\/museutapies.org\/es\/wp-json\/wp\/v2\/product\/23659\/revisions"}],"predecessor-version":[{"id":24088,"href":"https:\/\/museutapies.org\/es\/wp-json\/wp\/v2\/product\/23659\/revisions\/24088"}],"wp:featuredmedia":[{"embeddable":true,"href":"https:\/\/museutapies.org\/es\/wp-json\/wp\/v2\/media\/23657"}],"wp:attachment":[{"href":"https:\/\/museutapies.org\/es\/wp-json\/wp\/v2\/media?parent=23659"}],"wp:term":[{"taxonomy":"product_cat","embeddable":true,"href":"https:\/\/museutapies.org\/es\/wp-json\/wp\/v2\/product_cat?post=23659"},{"taxonomy":"product_tag","embeddable":true,"href":"https:\/\/museutapies.org\/es\/wp-json\/wp\/v2\/product_tag?post=23659"}],"curies":[{"name":"wp","href":"https:\/\/api.w.org\/{rel}","templated":true}]}}