{"id":25373,"date":"2022-11-30T09:39:10","date_gmt":"2022-11-30T09:39:31","guid":{"rendered":"https:\/\/museutapies.org\/?post_type=product&#038;p=25373"},"modified":"2023-12-08T22:50:45","modified_gmt":"2023-12-08T22:50:45","slug":"tapies-en-diumenge-copia","status":"publish","type":"product","link":"https:\/\/museutapies.org\/es\/producte\/tapies-en-diumenge-copia\/","title":{"rendered":"T\u00e0pies en domingo"},"content":{"rendered":"<p>\u00bfC\u00f3mo podemos viajar de la ciudad al campo en una tarde, sin usar veh\u00edculo alguno? \u00bfC\u00f3mo podemos adivinar qu\u00e9 se esconde entre las ramas de un bosque espeso? \u00bfC\u00f3mo podemos encontrar y perder y volver a encontrar un gato sin movernos de lugar? De la mano del artista Antoni T\u00e0pies haremos un recorrido por algunas de sus obras, tropezaremos con un poeta que hace juegos de manos y conoceremos una abuela y una nieta que buscan un gato. Si no lo perdemos de vista desvelaremos los secretos escondidos en las obras de T\u00e0pies. \u00a1Y es que en el arte hay mucha magia para descubrir!<\/p>\n<p>Contiene fotograf\u00edas de obras de Antoni T\u00e0pies, y retratos del artista a cargo de Leopoldo Pom\u00e9s, Hans Namuth y Francesc Catal\u00e0-Roca. Incluye la ficha t\u00e9cnica de las obras y un breve texto explicativo de cada una.<\/p>\n","protected":false},"excerpt":{"rendered":"<p>\u00bfC\u00f3mo podemos viajar de la ciudad al campo en una tarde, sin usar veh\u00edculo alguno? \u00bfC\u00f3mo podemos adivinar qu\u00e9 se [&hellip;]<\/p>\n","protected":false},"featured_media":25335,"comment_status":"open","ping_status":"closed","template":"","meta":{"footnotes":""},"product_cat":[135,176,100],"product_tag":[],"acf":[],"yoast_head":"<!-- This site is optimized with the Yoast SEO plugin v20.11 - https:\/\/yoast.com\/wordpress\/plugins\/seo\/ -->\n<title>T\u00e0pies en domingo - Museu T\u00e0pies<\/title>\n<meta name=\"description\" content=\"La presente publicaci\u00f3n se centra en las instalaciones de v\u00eddeo de John Akomfrah (Accra, Ghana, 1957)\u00a0Vertigo Sea (2015) y\u00a0Peripeteia (2012), exhibidas ambas en la Fundaci\u00f3 Antoni T\u00e0pies\" \/>\n<meta name=\"robots\" content=\"index, follow, max-snippet:-1, max-image-preview:large, max-video-preview:-1\" \/>\n<meta property=\"og:locale\" content=\"es_ES\" \/>\n<meta property=\"og:type\" content=\"article\" \/>\n<meta property=\"og:title\" content=\"T\u00e0pies en domingo - Museu T\u00e0pies\" \/>\n<meta property=\"og:description\" content=\"La presente publicaci\u00f3n se centra en las instalaciones de v\u00eddeo de John Akomfrah (Accra, Ghana, 1957)\u00a0Vertigo Sea (2015) y\u00a0Peripeteia (2012), exhibidas ambas en la Fundaci\u00f3 Antoni T\u00e0pies\" \/>\n<meta property=\"og:url\" content=\"https:\/\/museutapies.org\/es\/producte\/tapies-en-diumenge-copia\/\" \/>\n<meta property=\"og:site_name\" content=\"Museu T\u00e0pies\" \/>\n<meta property=\"article:publisher\" content=\"https:\/\/www.facebook.com\/museutapies\" \/>\n<meta property=\"article:modified_time\" content=\"2023-12-08T22:50:45+00:00\" \/>\n<meta property=\"og:image\" content=\"https:\/\/museutapies.org\/wp-content\/uploads\/2022\/11\/AT-diumenge_cast_3.jpg\" \/>\n\t<meta property=\"og:image:width\" content=\"2224\" \/>\n\t<meta property=\"og:image:height\" content=\"2248\" \/>\n\t<meta property=\"og:image:type\" content=\"image\/jpeg\" \/>\n<meta name=\"twitter:card\" content=\"summary_large_image\" \/>\n<meta name=\"twitter:label1\" content=\"Tiempo de lectura\" \/>\n\t<meta name=\"twitter:data1\" content=\"1 minuto\" \/>\n<script type=\"application\/ld+json\" class=\"yoast-schema-graph\">{\"@context\":\"https:\/\/schema.org\",\"@graph\":[{\"@type\":\"WebPage\",\"@id\":\"https:\/\/museutapies.org\/es\/producte\/tapies-en-diumenge-copia\/\",\"url\":\"https:\/\/museutapies.org\/es\/producte\/tapies-en-diumenge-copia\/\",\"name\":\"T\u00e0pies en domingo - Museu T\u00e0pies\",\"isPartOf\":{\"@id\":\"https:\/\/museutapies.org\/en\/#website\"},\"datePublished\":\"2022-11-30T09:39:31+00:00\",\"dateModified\":\"2023-12-08T22:50:45+00:00\",\"description\":\"La presente publicaci\u00f3n se centra en las instalaciones de v\u00eddeo de John Akomfrah (Accra, Ghana, 1957)\u00a0Vertigo Sea (2015) y\u00a0Peripeteia (2012), exhibidas ambas en la Fundaci\u00f3 Antoni T\u00e0pies\",\"breadcrumb\":{\"@id\":\"https:\/\/museutapies.org\/es\/producte\/tapies-en-diumenge-copia\/#breadcrumb\"},\"inLanguage\":\"es\",\"potentialAction\":[{\"@type\":\"ReadAction\",\"target\":[\"https:\/\/museutapies.org\/es\/producte\/tapies-en-diumenge-copia\/\"]}]},{\"@type\":\"BreadcrumbList\",\"@id\":\"https:\/\/museutapies.org\/es\/producte\/tapies-en-diumenge-copia\/#breadcrumb\",\"itemListElement\":[{\"@type\":\"ListItem\",\"position\":1,\"name\":\"Tots els productes\",\"item\":\"https:\/\/museutapies.org\/productes\/\"},{\"@type\":\"ListItem\",\"position\":2,\"name\":\"T\u00e0pies en domingo\"}]},{\"@type\":\"WebSite\",\"@id\":\"https:\/\/museutapies.org\/en\/#website\",\"url\":\"https:\/\/museutapies.org\/en\/\",\"name\":\"Museu T\u00e0pies\",\"description\":\"\",\"publisher\":{\"@id\":\"https:\/\/museutapies.org\/en\/#organization\"},\"potentialAction\":[{\"@type\":\"SearchAction\",\"target\":{\"@type\":\"EntryPoint\",\"urlTemplate\":\"https:\/\/museutapies.org\/en\/?s={search_term_string}\"},\"query-input\":\"required name=search_term_string\"}],\"inLanguage\":\"es\"},{\"@type\":\"Organization\",\"@id\":\"https:\/\/museutapies.org\/en\/#organization\",\"name\":\"Museu T\u00e0pies\",\"url\":\"https:\/\/museutapies.org\/en\/\",\"logo\":{\"@type\":\"ImageObject\",\"inLanguage\":\"es\",\"@id\":\"https:\/\/museutapies.org\/en\/#\/schema\/logo\/image\/\",\"url\":\"https:\/\/museutapies.org\/wp-content\/uploads\/2024\/07\/mta.png\",\"contentUrl\":\"https:\/\/museutapies.org\/wp-content\/uploads\/2024\/07\/mta.png\",\"width\":244,\"height\":110,\"caption\":\"Museu T\u00e0pies\"},\"image\":{\"@id\":\"https:\/\/museutapies.org\/en\/#\/schema\/logo\/image\/\"},\"sameAs\":[\"https:\/\/www.facebook.com\/museutapies\",\"https:\/\/www.instagram.com\/museutapies\/\",\"https:\/\/www.youtube.com\/channel\/UCPi65HBb48RMeoa12lR51cQ\",\"https:\/\/x.com\/MuseuTapies\"]}]}<\/script>\n<!-- \/ Yoast SEO plugin. -->","yoast_head_json":{"title":"T\u00e0pies en domingo - Museu T\u00e0pies","description":"La presente publicaci\u00f3n se centra en las instalaciones de v\u00eddeo de John Akomfrah (Accra, Ghana, 1957)\u00a0Vertigo Sea (2015) y\u00a0Peripeteia (2012), exhibidas ambas en la Fundaci\u00f3 Antoni T\u00e0pies","robots":{"index":"index","follow":"follow","max-snippet":"max-snippet:-1","max-image-preview":"max-image-preview:large","max-video-preview":"max-video-preview:-1"},"og_locale":"es_ES","og_type":"article","og_title":"T\u00e0pies en domingo - Museu T\u00e0pies","og_description":"La presente publicaci\u00f3n se centra en las instalaciones de v\u00eddeo de John Akomfrah (Accra, Ghana, 1957)\u00a0Vertigo Sea (2015) y\u00a0Peripeteia (2012), exhibidas ambas en la Fundaci\u00f3 Antoni T\u00e0pies","og_url":"https:\/\/museutapies.org\/es\/producte\/tapies-en-diumenge-copia\/","og_site_name":"Museu T\u00e0pies","article_publisher":"https:\/\/www.facebook.com\/museutapies","article_modified_time":"2023-12-08T22:50:45+00:00","og_image":[{"width":2224,"height":2248,"url":"https:\/\/museutapies.org\/wp-content\/uploads\/2022\/11\/AT-diumenge_cast_3.jpg","type":"image\/jpeg"}],"twitter_card":"summary_large_image","twitter_misc":{"Tiempo de lectura":"1 minuto"},"schema":{"@context":"https:\/\/schema.org","@graph":[{"@type":"WebPage","@id":"https:\/\/museutapies.org\/es\/producte\/tapies-en-diumenge-copia\/","url":"https:\/\/museutapies.org\/es\/producte\/tapies-en-diumenge-copia\/","name":"T\u00e0pies en domingo - Museu T\u00e0pies","isPartOf":{"@id":"https:\/\/museutapies.org\/en\/#website"},"datePublished":"2022-11-30T09:39:31+00:00","dateModified":"2023-12-08T22:50:45+00:00","description":"La presente publicaci\u00f3n se centra en las instalaciones de v\u00eddeo de John Akomfrah (Accra, Ghana, 1957)\u00a0Vertigo Sea (2015) y\u00a0Peripeteia (2012), exhibidas ambas en la Fundaci\u00f3 Antoni T\u00e0pies","breadcrumb":{"@id":"https:\/\/museutapies.org\/es\/producte\/tapies-en-diumenge-copia\/#breadcrumb"},"inLanguage":"es","potentialAction":[{"@type":"ReadAction","target":["https:\/\/museutapies.org\/es\/producte\/tapies-en-diumenge-copia\/"]}]},{"@type":"BreadcrumbList","@id":"https:\/\/museutapies.org\/es\/producte\/tapies-en-diumenge-copia\/#breadcrumb","itemListElement":[{"@type":"ListItem","position":1,"name":"Tots els productes","item":"https:\/\/museutapies.org\/productes\/"},{"@type":"ListItem","position":2,"name":"T\u00e0pies en domingo"}]},{"@type":"WebSite","@id":"https:\/\/museutapies.org\/en\/#website","url":"https:\/\/museutapies.org\/en\/","name":"Museu T\u00e0pies","description":"","publisher":{"@id":"https:\/\/museutapies.org\/en\/#organization"},"potentialAction":[{"@type":"SearchAction","target":{"@type":"EntryPoint","urlTemplate":"https:\/\/museutapies.org\/en\/?s={search_term_string}"},"query-input":"required name=search_term_string"}],"inLanguage":"es"},{"@type":"Organization","@id":"https:\/\/museutapies.org\/en\/#organization","name":"Museu T\u00e0pies","url":"https:\/\/museutapies.org\/en\/","logo":{"@type":"ImageObject","inLanguage":"es","@id":"https:\/\/museutapies.org\/en\/#\/schema\/logo\/image\/","url":"https:\/\/museutapies.org\/wp-content\/uploads\/2024\/07\/mta.png","contentUrl":"https:\/\/museutapies.org\/wp-content\/uploads\/2024\/07\/mta.png","width":244,"height":110,"caption":"Museu T\u00e0pies"},"image":{"@id":"https:\/\/museutapies.org\/en\/#\/schema\/logo\/image\/"},"sameAs":["https:\/\/www.facebook.com\/museutapies","https:\/\/www.instagram.com\/museutapies\/","https:\/\/www.youtube.com\/channel\/UCPi65HBb48RMeoa12lR51cQ","https:\/\/x.com\/MuseuTapies"]}]}},"_links":{"self":[{"href":"https:\/\/museutapies.org\/es\/wp-json\/wp\/v2\/product\/25373"}],"collection":[{"href":"https:\/\/museutapies.org\/es\/wp-json\/wp\/v2\/product"}],"about":[{"href":"https:\/\/museutapies.org\/es\/wp-json\/wp\/v2\/types\/product"}],"replies":[{"embeddable":true,"href":"https:\/\/museutapies.org\/es\/wp-json\/wp\/v2\/comments?post=25373"}],"version-history":[{"count":1,"href":"https:\/\/museutapies.org\/es\/wp-json\/wp\/v2\/product\/25373\/revisions"}],"predecessor-version":[{"id":25376,"href":"https:\/\/museutapies.org\/es\/wp-json\/wp\/v2\/product\/25373\/revisions\/25376"}],"wp:featuredmedia":[{"embeddable":true,"href":"https:\/\/museutapies.org\/es\/wp-json\/wp\/v2\/media\/25335"}],"wp:attachment":[{"href":"https:\/\/museutapies.org\/es\/wp-json\/wp\/v2\/media?parent=25373"}],"wp:term":[{"taxonomy":"product_cat","embeddable":true,"href":"https:\/\/museutapies.org\/es\/wp-json\/wp\/v2\/product_cat?post=25373"},{"taxonomy":"product_tag","embeddable":true,"href":"https:\/\/museutapies.org\/es\/wp-json\/wp\/v2\/product_tag?post=25373"}],"curies":[{"name":"wp","href":"https:\/\/api.w.org\/{rel}","templated":true}]}}