{"id":26892,"date":"2023-05-23T08:06:43","date_gmt":"2023-05-23T08:06:43","guid":{"rendered":"https:\/\/museutapies.org\/?post_type=product&#038;p=26892"},"modified":"2023-07-24T07:55:40","modified_gmt":"2023-07-24T07:55:40","slug":"roman-ondak-tomorrows","status":"publish","type":"product","link":"https:\/\/museutapies.org\/es\/producte\/roman-ondak-tomorrows\/","title":{"rendered":"Roman Ondak, Tomorrows (Version), 2023"},"content":{"rendered":"<p>La Fundaci\u00f3 Antoni T\u00e0pies ha editado un m\u00faltiple con motivo de la exposici\u00f3n <em>Roman Ondak, Infinitum.<\/em><\/p>\n<p>Este m\u00faltiple toma como punto de partida la obra <em>Tomorrows<\/em> (Ma\u00f1anas) del a\u00f1o 2002, compuesta por tres fotograf\u00edas en un formato de tr\u00edptico. Encontramos a unas ni\u00f1as que ocupan el lugar de unos generales retirados de la Segunda Guerra Mundial en una poblaci\u00f3n austr\u00edaca, recreando una situaci\u00f3n del pasado en el &#8220;presente&#8221; del momento en que se tom\u00f3 la fotograf\u00eda, a la vez que experimentan un futuro potencial<\/p>\n","protected":false},"excerpt":{"rendered":"<p>La Fundaci\u00f3 Antoni T\u00e0pies ha editado un m\u00faltiple con motivo de la exposici\u00f3n Roman Ondak, Infinitum. Este m\u00faltiple toma como [&hellip;]<\/p>\n","protected":false},"featured_media":26895,"comment_status":"closed","ping_status":"closed","template":"","meta":{"footnotes":""},"product_cat":[245],"product_tag":[],"acf":[],"yoast_head":"<!-- This site is optimized with the Yoast SEO plugin v20.11 - https:\/\/yoast.com\/wordpress\/plugins\/seo\/ -->\n<title>Roman Ondak, Tomorrows (Version), 2023 - Museu T\u00e0pies<\/title>\n<meta name=\"description\" content=\"La Fundaci\u00f3 Antoni T\u00e0pies ha editado un m\u00faltiple con motivo de la exposici\u00f3n Roman Ondak, Infinitum. Toma como punto de partida la obra Tomorrows (Ma\u00f1anas) del a\u00f1o 2022, compuesta por tres fotograf\u00edas en un formato de tr\u00edptico.\" \/>\n<meta name=\"robots\" content=\"index, follow, max-snippet:-1, max-image-preview:large, max-video-preview:-1\" \/>\n<meta property=\"og:locale\" content=\"es_ES\" \/>\n<meta property=\"og:type\" content=\"article\" \/>\n<meta property=\"og:title\" content=\"Roman Ondak, Tomorrows (Version), 2023 - Museu T\u00e0pies\" \/>\n<meta property=\"og:description\" content=\"La Fundaci\u00f3 Antoni T\u00e0pies ha editado un m\u00faltiple con motivo de la exposici\u00f3n Roman Ondak, Infinitum. Toma como punto de partida la obra Tomorrows (Ma\u00f1anas) del a\u00f1o 2022, compuesta por tres fotograf\u00edas en un formato de tr\u00edptico.\" \/>\n<meta property=\"og:url\" content=\"https:\/\/museutapies.org\/es\/producte\/roman-ondak-tomorrows\/\" \/>\n<meta property=\"og:site_name\" content=\"Museu T\u00e0pies\" \/>\n<meta property=\"article:publisher\" content=\"https:\/\/www.facebook.com\/museutapies\" \/>\n<meta property=\"article:modified_time\" content=\"2023-07-24T07:55:40+00:00\" \/>\n<meta property=\"og:image\" content=\"https:\/\/museutapies.org\/wp-content\/uploads\/2023\/05\/multiple-Roman-Ondak-scaled.jpg\" \/>\n\t<meta property=\"og:image:width\" content=\"2560\" \/>\n\t<meta property=\"og:image:height\" content=\"1740\" \/>\n\t<meta property=\"og:image:type\" content=\"image\/jpeg\" \/>\n<meta name=\"twitter:card\" content=\"summary_large_image\" \/>\n<meta name=\"twitter:label1\" content=\"Tiempo de lectura\" \/>\n\t<meta name=\"twitter:data1\" content=\"1 minuto\" \/>\n<script type=\"application\/ld+json\" class=\"yoast-schema-graph\">{\"@context\":\"https:\/\/schema.org\",\"@graph\":[{\"@type\":\"WebPage\",\"@id\":\"https:\/\/museutapies.org\/es\/producte\/roman-ondak-tomorrows\/\",\"url\":\"https:\/\/museutapies.org\/es\/producte\/roman-ondak-tomorrows\/\",\"name\":\"Roman Ondak, Tomorrows (Version), 2023 - Museu T\u00e0pies\",\"isPartOf\":{\"@id\":\"https:\/\/museutapies.org\/en\/#website\"},\"datePublished\":\"2023-05-23T08:06:43+00:00\",\"dateModified\":\"2023-07-24T07:55:40+00:00\",\"description\":\"La Fundaci\u00f3 Antoni T\u00e0pies ha editado un m\u00faltiple con motivo de la exposici\u00f3n Roman Ondak, Infinitum. Toma como punto de partida la obra Tomorrows (Ma\u00f1anas) del a\u00f1o 2022, compuesta por tres fotograf\u00edas en un formato de tr\u00edptico.\",\"breadcrumb\":{\"@id\":\"https:\/\/museutapies.org\/es\/producte\/roman-ondak-tomorrows\/#breadcrumb\"},\"inLanguage\":\"es\",\"potentialAction\":[{\"@type\":\"ReadAction\",\"target\":[\"https:\/\/museutapies.org\/es\/producte\/roman-ondak-tomorrows\/\"]}]},{\"@type\":\"BreadcrumbList\",\"@id\":\"https:\/\/museutapies.org\/es\/producte\/roman-ondak-tomorrows\/#breadcrumb\",\"itemListElement\":[{\"@type\":\"ListItem\",\"position\":1,\"name\":\"Tots els productes\",\"item\":\"https:\/\/museutapies.org\/productes\/\"},{\"@type\":\"ListItem\",\"position\":2,\"name\":\"Roman Ondak, Tomorrows (Version), 2023\"}]},{\"@type\":\"WebSite\",\"@id\":\"https:\/\/museutapies.org\/en\/#website\",\"url\":\"https:\/\/museutapies.org\/en\/\",\"name\":\"Museu T\u00e0pies\",\"description\":\"\",\"publisher\":{\"@id\":\"https:\/\/museutapies.org\/en\/#organization\"},\"potentialAction\":[{\"@type\":\"SearchAction\",\"target\":{\"@type\":\"EntryPoint\",\"urlTemplate\":\"https:\/\/museutapies.org\/en\/?s={search_term_string}\"},\"query-input\":\"required name=search_term_string\"}],\"inLanguage\":\"es\"},{\"@type\":\"Organization\",\"@id\":\"https:\/\/museutapies.org\/en\/#organization\",\"name\":\"Museu T\u00e0pies\",\"url\":\"https:\/\/museutapies.org\/en\/\",\"logo\":{\"@type\":\"ImageObject\",\"inLanguage\":\"es\",\"@id\":\"https:\/\/museutapies.org\/en\/#\/schema\/logo\/image\/\",\"url\":\"https:\/\/museutapies.org\/wp-content\/uploads\/2024\/07\/mta.png\",\"contentUrl\":\"https:\/\/museutapies.org\/wp-content\/uploads\/2024\/07\/mta.png\",\"width\":244,\"height\":110,\"caption\":\"Museu T\u00e0pies\"},\"image\":{\"@id\":\"https:\/\/museutapies.org\/en\/#\/schema\/logo\/image\/\"},\"sameAs\":[\"https:\/\/www.facebook.com\/museutapies\",\"https:\/\/www.instagram.com\/museutapies\/\",\"https:\/\/www.youtube.com\/channel\/UCPi65HBb48RMeoa12lR51cQ\",\"https:\/\/x.com\/MuseuTapies\"]}]}<\/script>\n<!-- \/ Yoast SEO plugin. -->","yoast_head_json":{"title":"Roman Ondak, Tomorrows (Version), 2023 - Museu T\u00e0pies","description":"La Fundaci\u00f3 Antoni T\u00e0pies ha editado un m\u00faltiple con motivo de la exposici\u00f3n Roman Ondak, Infinitum. Toma como punto de partida la obra Tomorrows (Ma\u00f1anas) del a\u00f1o 2022, compuesta por tres fotograf\u00edas en un formato de tr\u00edptico.","robots":{"index":"index","follow":"follow","max-snippet":"max-snippet:-1","max-image-preview":"max-image-preview:large","max-video-preview":"max-video-preview:-1"},"og_locale":"es_ES","og_type":"article","og_title":"Roman Ondak, Tomorrows (Version), 2023 - Museu T\u00e0pies","og_description":"La Fundaci\u00f3 Antoni T\u00e0pies ha editado un m\u00faltiple con motivo de la exposici\u00f3n Roman Ondak, Infinitum. Toma como punto de partida la obra Tomorrows (Ma\u00f1anas) del a\u00f1o 2022, compuesta por tres fotograf\u00edas en un formato de tr\u00edptico.","og_url":"https:\/\/museutapies.org\/es\/producte\/roman-ondak-tomorrows\/","og_site_name":"Museu T\u00e0pies","article_publisher":"https:\/\/www.facebook.com\/museutapies","article_modified_time":"2023-07-24T07:55:40+00:00","og_image":[{"width":2560,"height":1740,"url":"https:\/\/museutapies.org\/wp-content\/uploads\/2023\/05\/multiple-Roman-Ondak-scaled.jpg","type":"image\/jpeg"}],"twitter_card":"summary_large_image","twitter_misc":{"Tiempo de lectura":"1 minuto"},"schema":{"@context":"https:\/\/schema.org","@graph":[{"@type":"WebPage","@id":"https:\/\/museutapies.org\/es\/producte\/roman-ondak-tomorrows\/","url":"https:\/\/museutapies.org\/es\/producte\/roman-ondak-tomorrows\/","name":"Roman Ondak, Tomorrows (Version), 2023 - Museu T\u00e0pies","isPartOf":{"@id":"https:\/\/museutapies.org\/en\/#website"},"datePublished":"2023-05-23T08:06:43+00:00","dateModified":"2023-07-24T07:55:40+00:00","description":"La Fundaci\u00f3 Antoni T\u00e0pies ha editado un m\u00faltiple con motivo de la exposici\u00f3n Roman Ondak, Infinitum. Toma como punto de partida la obra Tomorrows (Ma\u00f1anas) del a\u00f1o 2022, compuesta por tres fotograf\u00edas en un formato de tr\u00edptico.","breadcrumb":{"@id":"https:\/\/museutapies.org\/es\/producte\/roman-ondak-tomorrows\/#breadcrumb"},"inLanguage":"es","potentialAction":[{"@type":"ReadAction","target":["https:\/\/museutapies.org\/es\/producte\/roman-ondak-tomorrows\/"]}]},{"@type":"BreadcrumbList","@id":"https:\/\/museutapies.org\/es\/producte\/roman-ondak-tomorrows\/#breadcrumb","itemListElement":[{"@type":"ListItem","position":1,"name":"Tots els productes","item":"https:\/\/museutapies.org\/productes\/"},{"@type":"ListItem","position":2,"name":"Roman Ondak, Tomorrows (Version), 2023"}]},{"@type":"WebSite","@id":"https:\/\/museutapies.org\/en\/#website","url":"https:\/\/museutapies.org\/en\/","name":"Museu T\u00e0pies","description":"","publisher":{"@id":"https:\/\/museutapies.org\/en\/#organization"},"potentialAction":[{"@type":"SearchAction","target":{"@type":"EntryPoint","urlTemplate":"https:\/\/museutapies.org\/en\/?s={search_term_string}"},"query-input":"required name=search_term_string"}],"inLanguage":"es"},{"@type":"Organization","@id":"https:\/\/museutapies.org\/en\/#organization","name":"Museu T\u00e0pies","url":"https:\/\/museutapies.org\/en\/","logo":{"@type":"ImageObject","inLanguage":"es","@id":"https:\/\/museutapies.org\/en\/#\/schema\/logo\/image\/","url":"https:\/\/museutapies.org\/wp-content\/uploads\/2024\/07\/mta.png","contentUrl":"https:\/\/museutapies.org\/wp-content\/uploads\/2024\/07\/mta.png","width":244,"height":110,"caption":"Museu T\u00e0pies"},"image":{"@id":"https:\/\/museutapies.org\/en\/#\/schema\/logo\/image\/"},"sameAs":["https:\/\/www.facebook.com\/museutapies","https:\/\/www.instagram.com\/museutapies\/","https:\/\/www.youtube.com\/channel\/UCPi65HBb48RMeoa12lR51cQ","https:\/\/x.com\/MuseuTapies"]}]}},"_links":{"self":[{"href":"https:\/\/museutapies.org\/es\/wp-json\/wp\/v2\/product\/26892"}],"collection":[{"href":"https:\/\/museutapies.org\/es\/wp-json\/wp\/v2\/product"}],"about":[{"href":"https:\/\/museutapies.org\/es\/wp-json\/wp\/v2\/types\/product"}],"replies":[{"embeddable":true,"href":"https:\/\/museutapies.org\/es\/wp-json\/wp\/v2\/comments?post=26892"}],"version-history":[{"count":3,"href":"https:\/\/museutapies.org\/es\/wp-json\/wp\/v2\/product\/26892\/revisions"}],"predecessor-version":[{"id":26905,"href":"https:\/\/museutapies.org\/es\/wp-json\/wp\/v2\/product\/26892\/revisions\/26905"}],"wp:featuredmedia":[{"embeddable":true,"href":"https:\/\/museutapies.org\/es\/wp-json\/wp\/v2\/media\/26895"}],"wp:attachment":[{"href":"https:\/\/museutapies.org\/es\/wp-json\/wp\/v2\/media?parent=26892"}],"wp:term":[{"taxonomy":"product_cat","embeddable":true,"href":"https:\/\/museutapies.org\/es\/wp-json\/wp\/v2\/product_cat?post=26892"},{"taxonomy":"product_tag","embeddable":true,"href":"https:\/\/museutapies.org\/es\/wp-json\/wp\/v2\/product_tag?post=26892"}],"curies":[{"name":"wp","href":"https:\/\/api.w.org\/{rel}","templated":true}]}}