{"id":27484,"date":"2023-07-05T09:28:05","date_gmt":"2023-07-05T09:28:05","guid":{"rendered":"https:\/\/museutapies.org\/producte\/joguina-de-fusta\/"},"modified":"2026-04-29T12:04:58","modified_gmt":"2026-04-29T10:04:58","slug":"juguete-de-madera","status":"publish","type":"product","link":"https:\/\/museutapies.org\/es\/producte\/juguete-de-madera\/","title":{"rendered":"Juguete de madera"},"content":{"rendered":"<p>Fruto de la colaboraci\u00f3n entre la Fundaci\u00f3 Antoni T\u00e0pies y la empresa de juguetes Grapat, se ha creado una serie de juguetes inspirados en el universo art\u00edstico de Antoni T\u00e0pies.<\/p>\n<p>Cada conjunto, formado por tres piezas de madera pintadas a mano, ofrece a los ni\u00f1os\/as la posibilidad de explorar su imaginaci\u00f3n de una manera totalmente libre, sin l\u00edmites ni instrucciones.<\/p>\n","protected":false},"excerpt":{"rendered":"<p>Fruto de la colaboraci\u00f3n entre la Fundaci\u00f3 Antoni T\u00e0pies y la empresa de juguetes Grapat, se ha creado una serie [&hellip;]<\/p>\n","protected":false},"featured_media":27469,"comment_status":"closed","ping_status":"closed","template":"","meta":{"footnotes":""},"product_cat":[287,318,179],"product_tag":[],"acf":[],"yoast_head":"<!-- This site is optimized with the Yoast SEO plugin v20.11 - https:\/\/yoast.com\/wordpress\/plugins\/seo\/ -->\n<title>Juguete de madera - Museu T\u00e0pies<\/title>\n<meta name=\"description\" content=\"Fruto de la colaboraci\u00f3n entre la Fundaci\u00f3 Antoni T\u00e0pies y lGrapat, se ha creado juguetes inspirados en el universo art\u00edstico de Antoni T\u00e0pies.\" \/>\n<meta name=\"robots\" content=\"index, follow, max-snippet:-1, max-image-preview:large, max-video-preview:-1\" \/>\n<meta property=\"og:locale\" content=\"es_ES\" \/>\n<meta property=\"og:type\" content=\"article\" \/>\n<meta property=\"og:title\" content=\"Juguete de madera - Museu T\u00e0pies\" \/>\n<meta property=\"og:description\" content=\"Fruto de la colaboraci\u00f3n entre la Fundaci\u00f3 Antoni T\u00e0pies y lGrapat, se ha creado juguetes inspirados en el universo art\u00edstico de Antoni T\u00e0pies.\" \/>\n<meta property=\"og:url\" content=\"https:\/\/museutapies.org\/es\/producte\/juguete-de-madera\/\" \/>\n<meta property=\"og:site_name\" content=\"Museu T\u00e0pies\" \/>\n<meta property=\"article:publisher\" content=\"https:\/\/www.facebook.com\/museutapies\" \/>\n<meta property=\"article:modified_time\" content=\"2026-04-29T10:04:58+00:00\" \/>\n<meta property=\"og:image\" content=\"https:\/\/museutapies.org\/wp-content\/uploads\/2023\/07\/4_2-scaled.jpg\" \/>\n\t<meta property=\"og:image:width\" content=\"1920\" \/>\n\t<meta property=\"og:image:height\" content=\"2560\" \/>\n\t<meta property=\"og:image:type\" content=\"image\/jpeg\" \/>\n<meta name=\"twitter:card\" content=\"summary_large_image\" \/>\n<meta name=\"twitter:label1\" content=\"Tiempo de lectura\" \/>\n\t<meta name=\"twitter:data1\" content=\"1 minuto\" \/>\n<script type=\"application\/ld+json\" class=\"yoast-schema-graph\">{\"@context\":\"https:\/\/schema.org\",\"@graph\":[{\"@type\":\"WebPage\",\"@id\":\"https:\/\/museutapies.org\/es\/producte\/juguete-de-madera\/\",\"url\":\"https:\/\/museutapies.org\/es\/producte\/juguete-de-madera\/\",\"name\":\"Juguete de madera - Museu T\u00e0pies\",\"isPartOf\":{\"@id\":\"https:\/\/museutapies.org\/en\/#website\"},\"datePublished\":\"2023-07-05T09:28:05+00:00\",\"dateModified\":\"2026-04-29T10:04:58+00:00\",\"description\":\"Fruto de la colaboraci\u00f3n entre la Fundaci\u00f3 Antoni T\u00e0pies y lGrapat, se ha creado juguetes inspirados en el universo art\u00edstico de Antoni T\u00e0pies.\",\"breadcrumb\":{\"@id\":\"https:\/\/museutapies.org\/es\/producte\/juguete-de-madera\/#breadcrumb\"},\"inLanguage\":\"es\",\"potentialAction\":[{\"@type\":\"ReadAction\",\"target\":[\"https:\/\/museutapies.org\/es\/producte\/juguete-de-madera\/\"]}]},{\"@type\":\"BreadcrumbList\",\"@id\":\"https:\/\/museutapies.org\/es\/producte\/juguete-de-madera\/#breadcrumb\",\"itemListElement\":[{\"@type\":\"ListItem\",\"position\":1,\"name\":\"Tots els productes\",\"item\":\"https:\/\/museutapies.org\/productes\/\"},{\"@type\":\"ListItem\",\"position\":2,\"name\":\"Juguete de madera\"}]},{\"@type\":\"WebSite\",\"@id\":\"https:\/\/museutapies.org\/en\/#website\",\"url\":\"https:\/\/museutapies.org\/en\/\",\"name\":\"Museu T\u00e0pies\",\"description\":\"\",\"publisher\":{\"@id\":\"https:\/\/museutapies.org\/en\/#organization\"},\"potentialAction\":[{\"@type\":\"SearchAction\",\"target\":{\"@type\":\"EntryPoint\",\"urlTemplate\":\"https:\/\/museutapies.org\/en\/?s={search_term_string}\"},\"query-input\":\"required name=search_term_string\"}],\"inLanguage\":\"es\"},{\"@type\":\"Organization\",\"@id\":\"https:\/\/museutapies.org\/en\/#organization\",\"name\":\"Museu T\u00e0pies\",\"url\":\"https:\/\/museutapies.org\/en\/\",\"logo\":{\"@type\":\"ImageObject\",\"inLanguage\":\"es\",\"@id\":\"https:\/\/museutapies.org\/en\/#\/schema\/logo\/image\/\",\"url\":\"https:\/\/museutapies.org\/wp-content\/uploads\/2024\/07\/mta.png\",\"contentUrl\":\"https:\/\/museutapies.org\/wp-content\/uploads\/2024\/07\/mta.png\",\"width\":244,\"height\":110,\"caption\":\"Museu T\u00e0pies\"},\"image\":{\"@id\":\"https:\/\/museutapies.org\/en\/#\/schema\/logo\/image\/\"},\"sameAs\":[\"https:\/\/www.facebook.com\/museutapies\",\"https:\/\/www.instagram.com\/museutapies\/\",\"https:\/\/www.youtube.com\/channel\/UCPi65HBb48RMeoa12lR51cQ\",\"https:\/\/x.com\/MuseuTapies\"]}]}<\/script>\n<!-- \/ Yoast SEO plugin. -->","yoast_head_json":{"title":"Juguete de madera - Museu T\u00e0pies","description":"Fruto de la colaboraci\u00f3n entre la Fundaci\u00f3 Antoni T\u00e0pies y lGrapat, se ha creado juguetes inspirados en el universo art\u00edstico de Antoni T\u00e0pies.","robots":{"index":"index","follow":"follow","max-snippet":"max-snippet:-1","max-image-preview":"max-image-preview:large","max-video-preview":"max-video-preview:-1"},"og_locale":"es_ES","og_type":"article","og_title":"Juguete de madera - Museu T\u00e0pies","og_description":"Fruto de la colaboraci\u00f3n entre la Fundaci\u00f3 Antoni T\u00e0pies y lGrapat, se ha creado juguetes inspirados en el universo art\u00edstico de Antoni T\u00e0pies.","og_url":"https:\/\/museutapies.org\/es\/producte\/juguete-de-madera\/","og_site_name":"Museu T\u00e0pies","article_publisher":"https:\/\/www.facebook.com\/museutapies","article_modified_time":"2026-04-29T10:04:58+00:00","og_image":[{"width":1920,"height":2560,"url":"https:\/\/museutapies.org\/wp-content\/uploads\/2023\/07\/4_2-scaled.jpg","type":"image\/jpeg"}],"twitter_card":"summary_large_image","twitter_misc":{"Tiempo de lectura":"1 minuto"},"schema":{"@context":"https:\/\/schema.org","@graph":[{"@type":"WebPage","@id":"https:\/\/museutapies.org\/es\/producte\/juguete-de-madera\/","url":"https:\/\/museutapies.org\/es\/producte\/juguete-de-madera\/","name":"Juguete de madera - Museu T\u00e0pies","isPartOf":{"@id":"https:\/\/museutapies.org\/en\/#website"},"datePublished":"2023-07-05T09:28:05+00:00","dateModified":"2026-04-29T10:04:58+00:00","description":"Fruto de la colaboraci\u00f3n entre la Fundaci\u00f3 Antoni T\u00e0pies y lGrapat, se ha creado juguetes inspirados en el universo art\u00edstico de Antoni T\u00e0pies.","breadcrumb":{"@id":"https:\/\/museutapies.org\/es\/producte\/juguete-de-madera\/#breadcrumb"},"inLanguage":"es","potentialAction":[{"@type":"ReadAction","target":["https:\/\/museutapies.org\/es\/producte\/juguete-de-madera\/"]}]},{"@type":"BreadcrumbList","@id":"https:\/\/museutapies.org\/es\/producte\/juguete-de-madera\/#breadcrumb","itemListElement":[{"@type":"ListItem","position":1,"name":"Tots els productes","item":"https:\/\/museutapies.org\/productes\/"},{"@type":"ListItem","position":2,"name":"Juguete de madera"}]},{"@type":"WebSite","@id":"https:\/\/museutapies.org\/en\/#website","url":"https:\/\/museutapies.org\/en\/","name":"Museu T\u00e0pies","description":"","publisher":{"@id":"https:\/\/museutapies.org\/en\/#organization"},"potentialAction":[{"@type":"SearchAction","target":{"@type":"EntryPoint","urlTemplate":"https:\/\/museutapies.org\/en\/?s={search_term_string}"},"query-input":"required name=search_term_string"}],"inLanguage":"es"},{"@type":"Organization","@id":"https:\/\/museutapies.org\/en\/#organization","name":"Museu T\u00e0pies","url":"https:\/\/museutapies.org\/en\/","logo":{"@type":"ImageObject","inLanguage":"es","@id":"https:\/\/museutapies.org\/en\/#\/schema\/logo\/image\/","url":"https:\/\/museutapies.org\/wp-content\/uploads\/2024\/07\/mta.png","contentUrl":"https:\/\/museutapies.org\/wp-content\/uploads\/2024\/07\/mta.png","width":244,"height":110,"caption":"Museu T\u00e0pies"},"image":{"@id":"https:\/\/museutapies.org\/en\/#\/schema\/logo\/image\/"},"sameAs":["https:\/\/www.facebook.com\/museutapies","https:\/\/www.instagram.com\/museutapies\/","https:\/\/www.youtube.com\/channel\/UCPi65HBb48RMeoa12lR51cQ","https:\/\/x.com\/MuseuTapies"]}]}},"_links":{"self":[{"href":"https:\/\/museutapies.org\/es\/wp-json\/wp\/v2\/product\/27484"}],"collection":[{"href":"https:\/\/museutapies.org\/es\/wp-json\/wp\/v2\/product"}],"about":[{"href":"https:\/\/museutapies.org\/es\/wp-json\/wp\/v2\/types\/product"}],"replies":[{"embeddable":true,"href":"https:\/\/museutapies.org\/es\/wp-json\/wp\/v2\/comments?post=27484"}],"version-history":[{"count":1,"href":"https:\/\/museutapies.org\/es\/wp-json\/wp\/v2\/product\/27484\/revisions"}],"predecessor-version":[{"id":27490,"href":"https:\/\/museutapies.org\/es\/wp-json\/wp\/v2\/product\/27484\/revisions\/27490"}],"wp:featuredmedia":[{"embeddable":true,"href":"https:\/\/museutapies.org\/es\/wp-json\/wp\/v2\/media\/27469"}],"wp:attachment":[{"href":"https:\/\/museutapies.org\/es\/wp-json\/wp\/v2\/media?parent=27484"}],"wp:term":[{"taxonomy":"product_cat","embeddable":true,"href":"https:\/\/museutapies.org\/es\/wp-json\/wp\/v2\/product_cat?post=27484"},{"taxonomy":"product_tag","embeddable":true,"href":"https:\/\/museutapies.org\/es\/wp-json\/wp\/v2\/product_tag?post=27484"}],"curies":[{"name":"wp","href":"https:\/\/api.w.org\/{rel}","templated":true}]}}