{"id":29286,"date":"2023-11-20T11:10:15","date_gmt":"2023-11-20T11:10:15","guid":{"rendered":"https:\/\/museutapies.org\/?post_type=product&#038;p=29286"},"modified":"2023-11-20T12:09:07","modified_gmt":"2023-11-20T12:09:07","slug":"litografia-15-anys","status":"publish","type":"product","link":"https:\/\/museutapies.org\/es\/producte\/litografia-15-anys\/","title":{"rendered":"Fundaci\u00f3 Antoni T\u00e0pies, 15 anys"},"content":{"rendered":"","protected":false},"excerpt":{"rendered":"","protected":false},"featured_media":29297,"comment_status":"closed","ping_status":"closed","template":"","meta":{"footnotes":""},"product_cat":[107],"product_tag":[],"acf":[],"yoast_head":"<!-- This site is optimized with the Yoast SEO plugin v20.11 - https:\/\/yoast.com\/wordpress\/plugins\/seo\/ -->\n<title>Fundaci\u00f3 Antoni T\u00e0pies, 15 anys - Museu T\u00e0pies<\/title>\n<meta name=\"description\" content=\"Litograf\u00eda en varios dos colores (tres negros y tres rojos) , editado por la Fundaci\u00f3 Antoni T\u00e0pies. Edici\u00f3n de 75 ejemplares firmada y numerada\" \/>\n<meta name=\"robots\" content=\"index, follow, max-snippet:-1, max-image-preview:large, max-video-preview:-1\" \/>\n<meta property=\"og:locale\" content=\"es_ES\" \/>\n<meta property=\"og:type\" content=\"article\" \/>\n<meta property=\"og:title\" content=\"Fundaci\u00f3 Antoni T\u00e0pies, 15 anys - Museu T\u00e0pies\" \/>\n<meta property=\"og:description\" content=\"Litograf\u00eda en varios dos colores (tres negros y tres rojos) , editado por la Fundaci\u00f3 Antoni T\u00e0pies. Edici\u00f3n de 75 ejemplares firmada y numerada\" \/>\n<meta property=\"og:url\" content=\"https:\/\/museutapies.org\/es\/producte\/litografia-15-anys\/\" \/>\n<meta property=\"og:site_name\" content=\"Museu T\u00e0pies\" \/>\n<meta property=\"article:publisher\" content=\"https:\/\/www.facebook.com\/museutapies\" \/>\n<meta property=\"article:modified_time\" content=\"2023-11-20T12:09:07+00:00\" \/>\n<meta property=\"og:image\" content=\"https:\/\/museutapies.org\/wp-content\/uploads\/2023\/11\/LITO-15-ANYS-e1700481301161.jpg\" \/>\n\t<meta property=\"og:image:width\" content=\"1317\" \/>\n\t<meta property=\"og:image:height\" content=\"1758\" \/>\n\t<meta property=\"og:image:type\" content=\"image\/jpeg\" \/>\n<meta name=\"twitter:card\" content=\"summary_large_image\" \/>\n<script type=\"application\/ld+json\" class=\"yoast-schema-graph\">{\"@context\":\"https:\/\/schema.org\",\"@graph\":[{\"@type\":\"WebPage\",\"@id\":\"https:\/\/museutapies.org\/es\/producte\/litografia-15-anys\/\",\"url\":\"https:\/\/museutapies.org\/es\/producte\/litografia-15-anys\/\",\"name\":\"Fundaci\u00f3 Antoni T\u00e0pies, 15 anys - Museu T\u00e0pies\",\"isPartOf\":{\"@id\":\"https:\/\/museutapies.org\/en\/#website\"},\"datePublished\":\"2023-11-20T11:10:15+00:00\",\"dateModified\":\"2023-11-20T12:09:07+00:00\",\"description\":\"Litograf\u00eda en varios dos colores (tres negros y tres rojos) , editado por la Fundaci\u00f3 Antoni T\u00e0pies. Edici\u00f3n de 75 ejemplares firmada y numerada\",\"breadcrumb\":{\"@id\":\"https:\/\/museutapies.org\/es\/producte\/litografia-15-anys\/#breadcrumb\"},\"inLanguage\":\"es\",\"potentialAction\":[{\"@type\":\"ReadAction\",\"target\":[\"https:\/\/museutapies.org\/es\/producte\/litografia-15-anys\/\"]}]},{\"@type\":\"BreadcrumbList\",\"@id\":\"https:\/\/museutapies.org\/es\/producte\/litografia-15-anys\/#breadcrumb\",\"itemListElement\":[{\"@type\":\"ListItem\",\"position\":1,\"name\":\"Tots els productes\",\"item\":\"https:\/\/museutapies.org\/productes\/\"},{\"@type\":\"ListItem\",\"position\":2,\"name\":\"Fundaci\u00f3 Antoni T\u00e0pies, 15 anys\"}]},{\"@type\":\"WebSite\",\"@id\":\"https:\/\/museutapies.org\/en\/#website\",\"url\":\"https:\/\/museutapies.org\/en\/\",\"name\":\"Museu T\u00e0pies\",\"description\":\"\",\"publisher\":{\"@id\":\"https:\/\/museutapies.org\/en\/#organization\"},\"potentialAction\":[{\"@type\":\"SearchAction\",\"target\":{\"@type\":\"EntryPoint\",\"urlTemplate\":\"https:\/\/museutapies.org\/en\/?s={search_term_string}\"},\"query-input\":\"required name=search_term_string\"}],\"inLanguage\":\"es\"},{\"@type\":\"Organization\",\"@id\":\"https:\/\/museutapies.org\/en\/#organization\",\"name\":\"Museu T\u00e0pies\",\"url\":\"https:\/\/museutapies.org\/en\/\",\"logo\":{\"@type\":\"ImageObject\",\"inLanguage\":\"es\",\"@id\":\"https:\/\/museutapies.org\/en\/#\/schema\/logo\/image\/\",\"url\":\"https:\/\/museutapies.org\/wp-content\/uploads\/2024\/07\/mta.png\",\"contentUrl\":\"https:\/\/museutapies.org\/wp-content\/uploads\/2024\/07\/mta.png\",\"width\":244,\"height\":110,\"caption\":\"Museu T\u00e0pies\"},\"image\":{\"@id\":\"https:\/\/museutapies.org\/en\/#\/schema\/logo\/image\/\"},\"sameAs\":[\"https:\/\/www.facebook.com\/museutapies\",\"https:\/\/www.instagram.com\/museutapies\/\",\"https:\/\/www.youtube.com\/channel\/UCPi65HBb48RMeoa12lR51cQ\",\"https:\/\/x.com\/MuseuTapies\"]}]}<\/script>\n<!-- \/ Yoast SEO plugin. -->","yoast_head_json":{"title":"Fundaci\u00f3 Antoni T\u00e0pies, 15 anys - Museu T\u00e0pies","description":"Litograf\u00eda en varios dos colores (tres negros y tres rojos) , editado por la Fundaci\u00f3 Antoni T\u00e0pies. Edici\u00f3n de 75 ejemplares firmada y numerada","robots":{"index":"index","follow":"follow","max-snippet":"max-snippet:-1","max-image-preview":"max-image-preview:large","max-video-preview":"max-video-preview:-1"},"og_locale":"es_ES","og_type":"article","og_title":"Fundaci\u00f3 Antoni T\u00e0pies, 15 anys - Museu T\u00e0pies","og_description":"Litograf\u00eda en varios dos colores (tres negros y tres rojos) , editado por la Fundaci\u00f3 Antoni T\u00e0pies. Edici\u00f3n de 75 ejemplares firmada y numerada","og_url":"https:\/\/museutapies.org\/es\/producte\/litografia-15-anys\/","og_site_name":"Museu T\u00e0pies","article_publisher":"https:\/\/www.facebook.com\/museutapies","article_modified_time":"2023-11-20T12:09:07+00:00","og_image":[{"width":1317,"height":1758,"url":"https:\/\/museutapies.org\/wp-content\/uploads\/2023\/11\/LITO-15-ANYS-e1700481301161.jpg","type":"image\/jpeg"}],"twitter_card":"summary_large_image","schema":{"@context":"https:\/\/schema.org","@graph":[{"@type":"WebPage","@id":"https:\/\/museutapies.org\/es\/producte\/litografia-15-anys\/","url":"https:\/\/museutapies.org\/es\/producte\/litografia-15-anys\/","name":"Fundaci\u00f3 Antoni T\u00e0pies, 15 anys - Museu T\u00e0pies","isPartOf":{"@id":"https:\/\/museutapies.org\/en\/#website"},"datePublished":"2023-11-20T11:10:15+00:00","dateModified":"2023-11-20T12:09:07+00:00","description":"Litograf\u00eda en varios dos colores (tres negros y tres rojos) , editado por la Fundaci\u00f3 Antoni T\u00e0pies. Edici\u00f3n de 75 ejemplares firmada y numerada","breadcrumb":{"@id":"https:\/\/museutapies.org\/es\/producte\/litografia-15-anys\/#breadcrumb"},"inLanguage":"es","potentialAction":[{"@type":"ReadAction","target":["https:\/\/museutapies.org\/es\/producte\/litografia-15-anys\/"]}]},{"@type":"BreadcrumbList","@id":"https:\/\/museutapies.org\/es\/producte\/litografia-15-anys\/#breadcrumb","itemListElement":[{"@type":"ListItem","position":1,"name":"Tots els productes","item":"https:\/\/museutapies.org\/productes\/"},{"@type":"ListItem","position":2,"name":"Fundaci\u00f3 Antoni T\u00e0pies, 15 anys"}]},{"@type":"WebSite","@id":"https:\/\/museutapies.org\/en\/#website","url":"https:\/\/museutapies.org\/en\/","name":"Museu T\u00e0pies","description":"","publisher":{"@id":"https:\/\/museutapies.org\/en\/#organization"},"potentialAction":[{"@type":"SearchAction","target":{"@type":"EntryPoint","urlTemplate":"https:\/\/museutapies.org\/en\/?s={search_term_string}"},"query-input":"required name=search_term_string"}],"inLanguage":"es"},{"@type":"Organization","@id":"https:\/\/museutapies.org\/en\/#organization","name":"Museu T\u00e0pies","url":"https:\/\/museutapies.org\/en\/","logo":{"@type":"ImageObject","inLanguage":"es","@id":"https:\/\/museutapies.org\/en\/#\/schema\/logo\/image\/","url":"https:\/\/museutapies.org\/wp-content\/uploads\/2024\/07\/mta.png","contentUrl":"https:\/\/museutapies.org\/wp-content\/uploads\/2024\/07\/mta.png","width":244,"height":110,"caption":"Museu T\u00e0pies"},"image":{"@id":"https:\/\/museutapies.org\/en\/#\/schema\/logo\/image\/"},"sameAs":["https:\/\/www.facebook.com\/museutapies","https:\/\/www.instagram.com\/museutapies\/","https:\/\/www.youtube.com\/channel\/UCPi65HBb48RMeoa12lR51cQ","https:\/\/x.com\/MuseuTapies"]}]}},"_links":{"self":[{"href":"https:\/\/museutapies.org\/es\/wp-json\/wp\/v2\/product\/29286"}],"collection":[{"href":"https:\/\/museutapies.org\/es\/wp-json\/wp\/v2\/product"}],"about":[{"href":"https:\/\/museutapies.org\/es\/wp-json\/wp\/v2\/types\/product"}],"replies":[{"embeddable":true,"href":"https:\/\/museutapies.org\/es\/wp-json\/wp\/v2\/comments?post=29286"}],"version-history":[{"count":2,"href":"https:\/\/museutapies.org\/es\/wp-json\/wp\/v2\/product\/29286\/revisions"}],"predecessor-version":[{"id":29301,"href":"https:\/\/museutapies.org\/es\/wp-json\/wp\/v2\/product\/29286\/revisions\/29301"}],"wp:featuredmedia":[{"embeddable":true,"href":"https:\/\/museutapies.org\/es\/wp-json\/wp\/v2\/media\/29297"}],"wp:attachment":[{"href":"https:\/\/museutapies.org\/es\/wp-json\/wp\/v2\/media?parent=29286"}],"wp:term":[{"taxonomy":"product_cat","embeddable":true,"href":"https:\/\/museutapies.org\/es\/wp-json\/wp\/v2\/product_cat?post=29286"},{"taxonomy":"product_tag","embeddable":true,"href":"https:\/\/museutapies.org\/es\/wp-json\/wp\/v2\/product_tag?post=29286"}],"curies":[{"name":"wp","href":"https:\/\/api.w.org\/{rel}","templated":true}]}}