{"id":41642,"date":"2025-10-13T11:30:08","date_gmt":"2025-10-13T09:30:08","guid":{"rendered":"https:\/\/museutapies.org\/producte\/que-es-el-cine-germaine-dulac\/"},"modified":"2025-10-13T12:05:24","modified_gmt":"2025-10-13T10:05:24","slug":"que-es-el-cine-germaine-dulac","status":"publish","type":"product","link":"https:\/\/museutapies.org\/es\/producte\/que-es-el-cine-germaine-dulac\/","title":{"rendered":"\u00bfQu\u00e9 es el cine? Germaine Dulac"},"content":{"rendered":"<p>Coincidiendo con la exposici\u00f3n dedicada a la cineasta en el Museu T\u00e0pies de Barcelona, este volumen recoge, por primera vez en castellano, una selecci\u00f3n de sus conferencias editadas por la que fue su compa\u00f1era de vida personal y profesional, Marie-Anne Colson-Maleville.<em> \u00bfQu\u00e9 es el cine?<\/em> se constituye as\u00ed como verdadero ideario cinematogr\u00e1fico de Dulac, un valioso documento sobre la historia del cine y, por encima de todo, un homenaje a una artista adelantada a su tiempo.<\/p>\n","protected":false},"excerpt":{"rendered":"<p>Coincidiendo con la exposici\u00f3n dedicada a la cineasta en el Museu T\u00e0pies de Barcelona, este volumen recoge, por primera vez [&hellip;]<\/p>\n","protected":false},"featured_media":41548,"comment_status":"closed","ping_status":"closed","template":"","meta":{"footnotes":""},"product_cat":[135],"product_tag":[],"acf":[],"yoast_head":"<!-- This site is optimized with the Yoast SEO plugin v20.11 - https:\/\/yoast.com\/wordpress\/plugins\/seo\/ -->\n<title>\u00bfQu\u00e9 es el cine? Germaine Dulac - Museu T\u00e0pies<\/title>\n<meta name=\"description\" content=\"Este volumen recoge una selecci\u00f3n de las conferencias realizadas por Germaine Dulac, constituy\u00e9ndose en un verdadero ideario cinematogr\u00e1fico de la artista, as\u00ed como un valioso documento sobre la historia del cine.\" \/>\n<meta name=\"robots\" content=\"index, follow, max-snippet:-1, max-image-preview:large, max-video-preview:-1\" \/>\n<meta property=\"og:locale\" content=\"es_ES\" \/>\n<meta property=\"og:type\" content=\"article\" \/>\n<meta property=\"og:title\" content=\"\u00bfQu\u00e9 es el cine? Germaine Dulac - Museu T\u00e0pies\" \/>\n<meta property=\"og:description\" content=\"Este volumen recoge una selecci\u00f3n de las conferencias realizadas por Germaine Dulac, constituy\u00e9ndose en un verdadero ideario cinematogr\u00e1fico de la artista, as\u00ed como un valioso documento sobre la historia del cine.\" \/>\n<meta property=\"og:url\" content=\"https:\/\/museutapies.org\/es\/producte\/que-es-el-cine-germaine-dulac\/\" \/>\n<meta property=\"og:site_name\" content=\"Museu T\u00e0pies\" \/>\n<meta property=\"article:publisher\" content=\"https:\/\/www.facebook.com\/museutapies\" \/>\n<meta property=\"article:modified_time\" content=\"2025-10-13T10:05:24+00:00\" \/>\n<meta property=\"og:image\" content=\"https:\/\/museutapies.org\/wp-content\/uploads\/2025\/10\/Que-es-el-cine-Germaine-Dulac_sq_sh_524_10.jpg\" \/>\n\t<meta property=\"og:image:width\" content=\"524\" \/>\n\t<meta property=\"og:image:height\" content=\"524\" \/>\n\t<meta property=\"og:image:type\" content=\"image\/jpeg\" \/>\n<meta name=\"twitter:card\" content=\"summary_large_image\" \/>\n<meta name=\"twitter:label1\" content=\"Tiempo de lectura\" \/>\n\t<meta name=\"twitter:data1\" content=\"1 minuto\" \/>\n<script type=\"application\/ld+json\" class=\"yoast-schema-graph\">{\"@context\":\"https:\/\/schema.org\",\"@graph\":[{\"@type\":\"WebPage\",\"@id\":\"https:\/\/museutapies.org\/es\/producte\/que-es-el-cine-germaine-dulac\/\",\"url\":\"https:\/\/museutapies.org\/es\/producte\/que-es-el-cine-germaine-dulac\/\",\"name\":\"\u00bfQu\u00e9 es el cine? Germaine Dulac - Museu T\u00e0pies\",\"isPartOf\":{\"@id\":\"https:\/\/museutapies.org\/en\/#website\"},\"datePublished\":\"2025-10-13T09:30:08+00:00\",\"dateModified\":\"2025-10-13T10:05:24+00:00\",\"description\":\"Este volumen recoge una selecci\u00f3n de las conferencias realizadas por Germaine Dulac, constituy\u00e9ndose en un verdadero ideario cinematogr\u00e1fico de la artista, as\u00ed como un valioso documento sobre la historia del cine.\",\"breadcrumb\":{\"@id\":\"https:\/\/museutapies.org\/es\/producte\/que-es-el-cine-germaine-dulac\/#breadcrumb\"},\"inLanguage\":\"es\",\"potentialAction\":[{\"@type\":\"ReadAction\",\"target\":[\"https:\/\/museutapies.org\/es\/producte\/que-es-el-cine-germaine-dulac\/\"]}]},{\"@type\":\"BreadcrumbList\",\"@id\":\"https:\/\/museutapies.org\/es\/producte\/que-es-el-cine-germaine-dulac\/#breadcrumb\",\"itemListElement\":[{\"@type\":\"ListItem\",\"position\":1,\"name\":\"Tots els productes\",\"item\":\"https:\/\/museutapies.org\/productes\/\"},{\"@type\":\"ListItem\",\"position\":2,\"name\":\"\u00bfQu\u00e9 es el cine? Germaine Dulac\"}]},{\"@type\":\"WebSite\",\"@id\":\"https:\/\/museutapies.org\/en\/#website\",\"url\":\"https:\/\/museutapies.org\/en\/\",\"name\":\"Museu T\u00e0pies\",\"description\":\"\",\"publisher\":{\"@id\":\"https:\/\/museutapies.org\/en\/#organization\"},\"potentialAction\":[{\"@type\":\"SearchAction\",\"target\":{\"@type\":\"EntryPoint\",\"urlTemplate\":\"https:\/\/museutapies.org\/en\/?s={search_term_string}\"},\"query-input\":\"required name=search_term_string\"}],\"inLanguage\":\"es\"},{\"@type\":\"Organization\",\"@id\":\"https:\/\/museutapies.org\/en\/#organization\",\"name\":\"Museu T\u00e0pies\",\"url\":\"https:\/\/museutapies.org\/en\/\",\"logo\":{\"@type\":\"ImageObject\",\"inLanguage\":\"es\",\"@id\":\"https:\/\/museutapies.org\/en\/#\/schema\/logo\/image\/\",\"url\":\"https:\/\/museutapies.org\/wp-content\/uploads\/2024\/07\/mta.png\",\"contentUrl\":\"https:\/\/museutapies.org\/wp-content\/uploads\/2024\/07\/mta.png\",\"width\":244,\"height\":110,\"caption\":\"Museu T\u00e0pies\"},\"image\":{\"@id\":\"https:\/\/museutapies.org\/en\/#\/schema\/logo\/image\/\"},\"sameAs\":[\"https:\/\/www.facebook.com\/museutapies\",\"https:\/\/www.instagram.com\/museutapies\/\",\"https:\/\/www.youtube.com\/channel\/UCPi65HBb48RMeoa12lR51cQ\",\"https:\/\/x.com\/MuseuTapies\"]}]}<\/script>\n<!-- \/ Yoast SEO plugin. -->","yoast_head_json":{"title":"\u00bfQu\u00e9 es el cine? Germaine Dulac - Museu T\u00e0pies","description":"Este volumen recoge una selecci\u00f3n de las conferencias realizadas por Germaine Dulac, constituy\u00e9ndose en un verdadero ideario cinematogr\u00e1fico de la artista, as\u00ed como un valioso documento sobre la historia del cine.","robots":{"index":"index","follow":"follow","max-snippet":"max-snippet:-1","max-image-preview":"max-image-preview:large","max-video-preview":"max-video-preview:-1"},"og_locale":"es_ES","og_type":"article","og_title":"\u00bfQu\u00e9 es el cine? Germaine Dulac - Museu T\u00e0pies","og_description":"Este volumen recoge una selecci\u00f3n de las conferencias realizadas por Germaine Dulac, constituy\u00e9ndose en un verdadero ideario cinematogr\u00e1fico de la artista, as\u00ed como un valioso documento sobre la historia del cine.","og_url":"https:\/\/museutapies.org\/es\/producte\/que-es-el-cine-germaine-dulac\/","og_site_name":"Museu T\u00e0pies","article_publisher":"https:\/\/www.facebook.com\/museutapies","article_modified_time":"2025-10-13T10:05:24+00:00","og_image":[{"width":524,"height":524,"url":"https:\/\/museutapies.org\/wp-content\/uploads\/2025\/10\/Que-es-el-cine-Germaine-Dulac_sq_sh_524_10.jpg","type":"image\/jpeg"}],"twitter_card":"summary_large_image","twitter_misc":{"Tiempo de lectura":"1 minuto"},"schema":{"@context":"https:\/\/schema.org","@graph":[{"@type":"WebPage","@id":"https:\/\/museutapies.org\/es\/producte\/que-es-el-cine-germaine-dulac\/","url":"https:\/\/museutapies.org\/es\/producte\/que-es-el-cine-germaine-dulac\/","name":"\u00bfQu\u00e9 es el cine? Germaine Dulac - Museu T\u00e0pies","isPartOf":{"@id":"https:\/\/museutapies.org\/en\/#website"},"datePublished":"2025-10-13T09:30:08+00:00","dateModified":"2025-10-13T10:05:24+00:00","description":"Este volumen recoge una selecci\u00f3n de las conferencias realizadas por Germaine Dulac, constituy\u00e9ndose en un verdadero ideario cinematogr\u00e1fico de la artista, as\u00ed como un valioso documento sobre la historia del cine.","breadcrumb":{"@id":"https:\/\/museutapies.org\/es\/producte\/que-es-el-cine-germaine-dulac\/#breadcrumb"},"inLanguage":"es","potentialAction":[{"@type":"ReadAction","target":["https:\/\/museutapies.org\/es\/producte\/que-es-el-cine-germaine-dulac\/"]}]},{"@type":"BreadcrumbList","@id":"https:\/\/museutapies.org\/es\/producte\/que-es-el-cine-germaine-dulac\/#breadcrumb","itemListElement":[{"@type":"ListItem","position":1,"name":"Tots els productes","item":"https:\/\/museutapies.org\/productes\/"},{"@type":"ListItem","position":2,"name":"\u00bfQu\u00e9 es el cine? Germaine Dulac"}]},{"@type":"WebSite","@id":"https:\/\/museutapies.org\/en\/#website","url":"https:\/\/museutapies.org\/en\/","name":"Museu T\u00e0pies","description":"","publisher":{"@id":"https:\/\/museutapies.org\/en\/#organization"},"potentialAction":[{"@type":"SearchAction","target":{"@type":"EntryPoint","urlTemplate":"https:\/\/museutapies.org\/en\/?s={search_term_string}"},"query-input":"required name=search_term_string"}],"inLanguage":"es"},{"@type":"Organization","@id":"https:\/\/museutapies.org\/en\/#organization","name":"Museu T\u00e0pies","url":"https:\/\/museutapies.org\/en\/","logo":{"@type":"ImageObject","inLanguage":"es","@id":"https:\/\/museutapies.org\/en\/#\/schema\/logo\/image\/","url":"https:\/\/museutapies.org\/wp-content\/uploads\/2024\/07\/mta.png","contentUrl":"https:\/\/museutapies.org\/wp-content\/uploads\/2024\/07\/mta.png","width":244,"height":110,"caption":"Museu T\u00e0pies"},"image":{"@id":"https:\/\/museutapies.org\/en\/#\/schema\/logo\/image\/"},"sameAs":["https:\/\/www.facebook.com\/museutapies","https:\/\/www.instagram.com\/museutapies\/","https:\/\/www.youtube.com\/channel\/UCPi65HBb48RMeoa12lR51cQ","https:\/\/x.com\/MuseuTapies"]}]}},"_links":{"self":[{"href":"https:\/\/museutapies.org\/es\/wp-json\/wp\/v2\/product\/41642"}],"collection":[{"href":"https:\/\/museutapies.org\/es\/wp-json\/wp\/v2\/product"}],"about":[{"href":"https:\/\/museutapies.org\/es\/wp-json\/wp\/v2\/types\/product"}],"replies":[{"embeddable":true,"href":"https:\/\/museutapies.org\/es\/wp-json\/wp\/v2\/comments?post=41642"}],"version-history":[{"count":2,"href":"https:\/\/museutapies.org\/es\/wp-json\/wp\/v2\/product\/41642\/revisions"}],"predecessor-version":[{"id":41645,"href":"https:\/\/museutapies.org\/es\/wp-json\/wp\/v2\/product\/41642\/revisions\/41645"}],"wp:featuredmedia":[{"embeddable":true,"href":"https:\/\/museutapies.org\/es\/wp-json\/wp\/v2\/media\/41548"}],"wp:attachment":[{"href":"https:\/\/museutapies.org\/es\/wp-json\/wp\/v2\/media?parent=41642"}],"wp:term":[{"taxonomy":"product_cat","embeddable":true,"href":"https:\/\/museutapies.org\/es\/wp-json\/wp\/v2\/product_cat?post=41642"},{"taxonomy":"product_tag","embeddable":true,"href":"https:\/\/museutapies.org\/es\/wp-json\/wp\/v2\/product_tag?post=41642"}],"curies":[{"name":"wp","href":"https:\/\/api.w.org\/{rel}","templated":true}]}}