{"id":41684,"date":"2025-10-15T10:23:06","date_gmt":"2025-10-15T08:23:06","guid":{"rendered":"https:\/\/museutapies.org\/producte\/vinil-les-cadires-de-tapies-primera-edicio\/"},"modified":"2025-10-15T10:28:36","modified_gmt":"2025-10-15T08:28:36","slug":"vinilo-les-cadires-de-tapies","status":"publish","type":"product","link":"https:\/\/museutapies.org\/es\/producte\/vinilo-les-cadires-de-tapies\/","title":{"rendered":"Vinilo Les cadires de T\u00e0pies, primera edici\u00f3n"},"content":{"rendered":"<p>Este vinilo recoge las activaciones desplegadas con ocasi\u00f3n del Centenari T\u00e0pies y en el marco del ciclo de performance <em>Les cadires de T\u00e0pies<\/em>. Esta primera edici\u00f3n parti\u00f3 de la voz, la palabra y la memoria oral, con el universo tapiano como hilo conductor.<\/p>\n<p>Con la participaci\u00f3n de: MUOM &#8211; F\u00e9lix Denuit &#8211; Biel Mesquida &#8211; Itziar Okariz &#8211; Cabosanroque &#8211; Joana Gomila &#8211; Bartolom\u00e9 Ferrando &#8211; Blanca Llum Vidal &#8211; Los Sara Font\u00e1n &#8211; Hugo G\u00f3mez-Chao Porta &#8211; Amidea Clotet (Cicle Difraccions) &#8211; Eduard Escofett &#8211; Mal Pelo &#8211; Ni\u00f1o de Elche i Lois Pati\u00f1o<\/p>\n","protected":false},"excerpt":{"rendered":"<p>Este vinilo recoge las activaciones desplegadas con ocasi\u00f3n del Centenari T\u00e0pies y en el marco del ciclo de performance Les [&hellip;]<\/p>\n","protected":false},"featured_media":40987,"comment_status":"closed","ping_status":"closed","template":"","meta":{"footnotes":""},"product_cat":[179],"product_tag":[],"acf":[],"yoast_head":"<!-- This site is optimized with the Yoast SEO plugin v20.11 - https:\/\/yoast.com\/wordpress\/plugins\/seo\/ -->\n<title>Vinilo Les cadires de T\u00e0pies, primera edici\u00f3n - Museu T\u00e0pies<\/title>\n<meta name=\"description\" content=\"Vinil que recull les activacions desplegades en ocasi\u00f3 del Centenari T\u00e0pies i en el marc del cicle de performance Les cadires de T\u00e0pies.\" \/>\n<meta name=\"robots\" content=\"index, follow, max-snippet:-1, max-image-preview:large, max-video-preview:-1\" \/>\n<meta property=\"og:locale\" content=\"es_ES\" \/>\n<meta property=\"og:type\" content=\"article\" \/>\n<meta property=\"og:title\" content=\"Vinilo Les cadires de T\u00e0pies, primera edici\u00f3n - Museu T\u00e0pies\" \/>\n<meta property=\"og:description\" content=\"Vinil que recull les activacions desplegades en ocasi\u00f3 del Centenari T\u00e0pies i en el marc del cicle de performance Les cadires de T\u00e0pies.\" \/>\n<meta property=\"og:url\" content=\"https:\/\/museutapies.org\/es\/producte\/vinilo-les-cadires-de-tapies\/\" \/>\n<meta property=\"og:site_name\" content=\"Museu T\u00e0pies\" \/>\n<meta property=\"article:publisher\" content=\"https:\/\/www.facebook.com\/museutapies\" \/>\n<meta property=\"article:modified_time\" content=\"2025-10-15T08:28:36+00:00\" \/>\n<meta property=\"og:image\" content=\"https:\/\/museutapies.org\/wp-content\/uploads\/2025\/09\/vinil-cadires-2024.jpg\" \/>\n\t<meta property=\"og:image:width\" content=\"566\" \/>\n\t<meta property=\"og:image:height\" content=\"352\" \/>\n\t<meta property=\"og:image:type\" content=\"image\/jpeg\" \/>\n<meta name=\"twitter:card\" content=\"summary_large_image\" \/>\n<meta name=\"twitter:label1\" content=\"Tiempo de lectura\" \/>\n\t<meta name=\"twitter:data1\" content=\"1 minuto\" \/>\n<script type=\"application\/ld+json\" class=\"yoast-schema-graph\">{\"@context\":\"https:\/\/schema.org\",\"@graph\":[{\"@type\":\"WebPage\",\"@id\":\"https:\/\/museutapies.org\/es\/producte\/vinilo-les-cadires-de-tapies\/\",\"url\":\"https:\/\/museutapies.org\/es\/producte\/vinilo-les-cadires-de-tapies\/\",\"name\":\"Vinilo Les cadires de T\u00e0pies, primera edici\u00f3n - Museu T\u00e0pies\",\"isPartOf\":{\"@id\":\"https:\/\/museutapies.org\/en\/#website\"},\"datePublished\":\"2025-10-15T08:23:06+00:00\",\"dateModified\":\"2025-10-15T08:28:36+00:00\",\"description\":\"Vinil que recull les activacions desplegades en ocasi\u00f3 del Centenari T\u00e0pies i en el marc del cicle de performance Les cadires de T\u00e0pies.\",\"breadcrumb\":{\"@id\":\"https:\/\/museutapies.org\/es\/producte\/vinilo-les-cadires-de-tapies\/#breadcrumb\"},\"inLanguage\":\"es\",\"potentialAction\":[{\"@type\":\"ReadAction\",\"target\":[\"https:\/\/museutapies.org\/es\/producte\/vinilo-les-cadires-de-tapies\/\"]}]},{\"@type\":\"BreadcrumbList\",\"@id\":\"https:\/\/museutapies.org\/es\/producte\/vinilo-les-cadires-de-tapies\/#breadcrumb\",\"itemListElement\":[{\"@type\":\"ListItem\",\"position\":1,\"name\":\"Tots els productes\",\"item\":\"https:\/\/museutapies.org\/productes\/\"},{\"@type\":\"ListItem\",\"position\":2,\"name\":\"Vinilo Les cadires de T\u00e0pies, primera edici\u00f3n\"}]},{\"@type\":\"WebSite\",\"@id\":\"https:\/\/museutapies.org\/en\/#website\",\"url\":\"https:\/\/museutapies.org\/en\/\",\"name\":\"Museu T\u00e0pies\",\"description\":\"\",\"publisher\":{\"@id\":\"https:\/\/museutapies.org\/en\/#organization\"},\"potentialAction\":[{\"@type\":\"SearchAction\",\"target\":{\"@type\":\"EntryPoint\",\"urlTemplate\":\"https:\/\/museutapies.org\/en\/?s={search_term_string}\"},\"query-input\":\"required name=search_term_string\"}],\"inLanguage\":\"es\"},{\"@type\":\"Organization\",\"@id\":\"https:\/\/museutapies.org\/en\/#organization\",\"name\":\"Museu T\u00e0pies\",\"url\":\"https:\/\/museutapies.org\/en\/\",\"logo\":{\"@type\":\"ImageObject\",\"inLanguage\":\"es\",\"@id\":\"https:\/\/museutapies.org\/en\/#\/schema\/logo\/image\/\",\"url\":\"https:\/\/museutapies.org\/wp-content\/uploads\/2024\/07\/mta.png\",\"contentUrl\":\"https:\/\/museutapies.org\/wp-content\/uploads\/2024\/07\/mta.png\",\"width\":244,\"height\":110,\"caption\":\"Museu T\u00e0pies\"},\"image\":{\"@id\":\"https:\/\/museutapies.org\/en\/#\/schema\/logo\/image\/\"},\"sameAs\":[\"https:\/\/www.facebook.com\/museutapies\",\"https:\/\/www.instagram.com\/museutapies\/\",\"https:\/\/www.youtube.com\/channel\/UCPi65HBb48RMeoa12lR51cQ\",\"https:\/\/x.com\/MuseuTapies\"]}]}<\/script>\n<!-- \/ Yoast SEO plugin. -->","yoast_head_json":{"title":"Vinilo Les cadires de T\u00e0pies, primera edici\u00f3n - Museu T\u00e0pies","description":"Vinil que recull les activacions desplegades en ocasi\u00f3 del Centenari T\u00e0pies i en el marc del cicle de performance Les cadires de T\u00e0pies.","robots":{"index":"index","follow":"follow","max-snippet":"max-snippet:-1","max-image-preview":"max-image-preview:large","max-video-preview":"max-video-preview:-1"},"og_locale":"es_ES","og_type":"article","og_title":"Vinilo Les cadires de T\u00e0pies, primera edici\u00f3n - Museu T\u00e0pies","og_description":"Vinil que recull les activacions desplegades en ocasi\u00f3 del Centenari T\u00e0pies i en el marc del cicle de performance Les cadires de T\u00e0pies.","og_url":"https:\/\/museutapies.org\/es\/producte\/vinilo-les-cadires-de-tapies\/","og_site_name":"Museu T\u00e0pies","article_publisher":"https:\/\/www.facebook.com\/museutapies","article_modified_time":"2025-10-15T08:28:36+00:00","og_image":[{"width":566,"height":352,"url":"https:\/\/museutapies.org\/wp-content\/uploads\/2025\/09\/vinil-cadires-2024.jpg","type":"image\/jpeg"}],"twitter_card":"summary_large_image","twitter_misc":{"Tiempo de lectura":"1 minuto"},"schema":{"@context":"https:\/\/schema.org","@graph":[{"@type":"WebPage","@id":"https:\/\/museutapies.org\/es\/producte\/vinilo-les-cadires-de-tapies\/","url":"https:\/\/museutapies.org\/es\/producte\/vinilo-les-cadires-de-tapies\/","name":"Vinilo Les cadires de T\u00e0pies, primera edici\u00f3n - Museu T\u00e0pies","isPartOf":{"@id":"https:\/\/museutapies.org\/en\/#website"},"datePublished":"2025-10-15T08:23:06+00:00","dateModified":"2025-10-15T08:28:36+00:00","description":"Vinil que recull les activacions desplegades en ocasi\u00f3 del Centenari T\u00e0pies i en el marc del cicle de performance Les cadires de T\u00e0pies.","breadcrumb":{"@id":"https:\/\/museutapies.org\/es\/producte\/vinilo-les-cadires-de-tapies\/#breadcrumb"},"inLanguage":"es","potentialAction":[{"@type":"ReadAction","target":["https:\/\/museutapies.org\/es\/producte\/vinilo-les-cadires-de-tapies\/"]}]},{"@type":"BreadcrumbList","@id":"https:\/\/museutapies.org\/es\/producte\/vinilo-les-cadires-de-tapies\/#breadcrumb","itemListElement":[{"@type":"ListItem","position":1,"name":"Tots els productes","item":"https:\/\/museutapies.org\/productes\/"},{"@type":"ListItem","position":2,"name":"Vinilo Les cadires de T\u00e0pies, primera edici\u00f3n"}]},{"@type":"WebSite","@id":"https:\/\/museutapies.org\/en\/#website","url":"https:\/\/museutapies.org\/en\/","name":"Museu T\u00e0pies","description":"","publisher":{"@id":"https:\/\/museutapies.org\/en\/#organization"},"potentialAction":[{"@type":"SearchAction","target":{"@type":"EntryPoint","urlTemplate":"https:\/\/museutapies.org\/en\/?s={search_term_string}"},"query-input":"required name=search_term_string"}],"inLanguage":"es"},{"@type":"Organization","@id":"https:\/\/museutapies.org\/en\/#organization","name":"Museu T\u00e0pies","url":"https:\/\/museutapies.org\/en\/","logo":{"@type":"ImageObject","inLanguage":"es","@id":"https:\/\/museutapies.org\/en\/#\/schema\/logo\/image\/","url":"https:\/\/museutapies.org\/wp-content\/uploads\/2024\/07\/mta.png","contentUrl":"https:\/\/museutapies.org\/wp-content\/uploads\/2024\/07\/mta.png","width":244,"height":110,"caption":"Museu T\u00e0pies"},"image":{"@id":"https:\/\/museutapies.org\/en\/#\/schema\/logo\/image\/"},"sameAs":["https:\/\/www.facebook.com\/museutapies","https:\/\/www.instagram.com\/museutapies\/","https:\/\/www.youtube.com\/channel\/UCPi65HBb48RMeoa12lR51cQ","https:\/\/x.com\/MuseuTapies"]}]}},"_links":{"self":[{"href":"https:\/\/museutapies.org\/es\/wp-json\/wp\/v2\/product\/41684"}],"collection":[{"href":"https:\/\/museutapies.org\/es\/wp-json\/wp\/v2\/product"}],"about":[{"href":"https:\/\/museutapies.org\/es\/wp-json\/wp\/v2\/types\/product"}],"replies":[{"embeddable":true,"href":"https:\/\/museutapies.org\/es\/wp-json\/wp\/v2\/comments?post=41684"}],"version-history":[{"count":2,"href":"https:\/\/museutapies.org\/es\/wp-json\/wp\/v2\/product\/41684\/revisions"}],"predecessor-version":[{"id":41686,"href":"https:\/\/museutapies.org\/es\/wp-json\/wp\/v2\/product\/41684\/revisions\/41686"}],"wp:featuredmedia":[{"embeddable":true,"href":"https:\/\/museutapies.org\/es\/wp-json\/wp\/v2\/media\/40987"}],"wp:attachment":[{"href":"https:\/\/museutapies.org\/es\/wp-json\/wp\/v2\/media?parent=41684"}],"wp:term":[{"taxonomy":"product_cat","embeddable":true,"href":"https:\/\/museutapies.org\/es\/wp-json\/wp\/v2\/product_cat?post=41684"},{"taxonomy":"product_tag","embeddable":true,"href":"https:\/\/museutapies.org\/es\/wp-json\/wp\/v2\/product_tag?post=41684"}],"curies":[{"name":"wp","href":"https:\/\/api.w.org\/{rel}","templated":true}]}}