{"id":42927,"date":"2025-12-11T13:07:45","date_gmt":"2025-12-11T12:07:45","guid":{"rendered":"https:\/\/museutapies.org\/?post_type=product&#038;p=42927"},"modified":"2026-01-23T12:13:55","modified_gmt":"2026-01-23T11:13:55","slug":"marta-palau-els-meus-camins-son-terrestres","status":"publish","type":"product","link":"https:\/\/museutapies.org\/es\/producte\/marta-palau-els-meus-camins-son-terrestres\/","title":{"rendered":"Marta Palau. els meus camins s\u00f3n terrestres"},"content":{"rendered":"<p>Publicaci\u00f3n imprescindible para adentrase en el trabajo de una artista singular que el museo ha querido reivindicar ofreciendo la primera gran retrospectiva en Europa, comisariada por Imma Prieto, directora del Museu T\u00e0pies, en 2025.<\/p>\n<p>&nbsp;<\/p>\n","protected":false},"excerpt":{"rendered":"<p>Publicaci\u00f3n imprescindible para adentrase en el trabajo de una artista singular que el museo ha querido reivindicar ofreciendo la primera [&hellip;]<\/p>\n","protected":false},"featured_media":42933,"comment_status":"closed","ping_status":"closed","template":"","meta":{"footnotes":""},"product_cat":[99,135,176,100],"product_tag":[],"acf":[],"yoast_head":"<!-- This site is optimized with the Yoast SEO plugin v20.11 - https:\/\/yoast.com\/wordpress\/plugins\/seo\/ -->\n<title>Marta Palau. els meus camins s\u00f3n terrestres - Museu T\u00e0pies<\/title>\n<meta name=\"description\" content=\"Cat\u00e1logo que acompa\u00f1a a la exposici\u00f3n que el Museu T\u00e0pies dedic\u00f3 a la obra de Marta Palau de arte textil, instalaci\u00f3n y simbolog\u00eda ancestral.\" \/>\n<meta name=\"robots\" content=\"index, follow, max-snippet:-1, max-image-preview:large, max-video-preview:-1\" \/>\n<meta property=\"og:locale\" content=\"es_ES\" \/>\n<meta property=\"og:type\" content=\"article\" \/>\n<meta property=\"og:title\" content=\"Marta Palau. els meus camins s\u00f3n terrestres - Museu T\u00e0pies\" \/>\n<meta property=\"og:description\" content=\"Cat\u00e1logo que acompa\u00f1a a la exposici\u00f3n que el Museu T\u00e0pies dedic\u00f3 a la obra de Marta Palau de arte textil, instalaci\u00f3n y simbolog\u00eda ancestral.\" \/>\n<meta property=\"og:url\" content=\"https:\/\/museutapies.org\/es\/producte\/marta-palau-els-meus-camins-son-terrestres\/\" \/>\n<meta property=\"og:site_name\" content=\"Museu T\u00e0pies\" \/>\n<meta property=\"article:publisher\" content=\"https:\/\/www.facebook.com\/museutapies\" \/>\n<meta property=\"article:modified_time\" content=\"2026-01-23T11:13:55+00:00\" \/>\n<meta property=\"og:image\" content=\"https:\/\/museutapies.org\/wp-content\/uploads\/2025\/12\/cover-palau-CAT.jpg\" \/>\n\t<meta property=\"og:image:width\" content=\"519\" \/>\n\t<meta property=\"og:image:height\" content=\"754\" \/>\n\t<meta property=\"og:image:type\" content=\"image\/jpeg\" \/>\n<meta name=\"twitter:card\" content=\"summary_large_image\" \/>\n<meta name=\"twitter:label1\" content=\"Tiempo de lectura\" \/>\n\t<meta name=\"twitter:data1\" content=\"1 minuto\" \/>\n<script type=\"application\/ld+json\" class=\"yoast-schema-graph\">{\"@context\":\"https:\/\/schema.org\",\"@graph\":[{\"@type\":\"WebPage\",\"@id\":\"https:\/\/museutapies.org\/es\/producte\/marta-palau-els-meus-camins-son-terrestres\/\",\"url\":\"https:\/\/museutapies.org\/es\/producte\/marta-palau-els-meus-camins-son-terrestres\/\",\"name\":\"Marta Palau. els meus camins s\u00f3n terrestres - Museu T\u00e0pies\",\"isPartOf\":{\"@id\":\"https:\/\/museutapies.org\/en\/#website\"},\"datePublished\":\"2025-12-11T12:07:45+00:00\",\"dateModified\":\"2026-01-23T11:13:55+00:00\",\"description\":\"Cat\u00e1logo que acompa\u00f1a a la exposici\u00f3n que el Museu T\u00e0pies dedic\u00f3 a la obra de Marta Palau de arte textil, instalaci\u00f3n y simbolog\u00eda ancestral.\",\"breadcrumb\":{\"@id\":\"https:\/\/museutapies.org\/es\/producte\/marta-palau-els-meus-camins-son-terrestres\/#breadcrumb\"},\"inLanguage\":\"es\",\"potentialAction\":[{\"@type\":\"ReadAction\",\"target\":[\"https:\/\/museutapies.org\/es\/producte\/marta-palau-els-meus-camins-son-terrestres\/\"]}]},{\"@type\":\"BreadcrumbList\",\"@id\":\"https:\/\/museutapies.org\/es\/producte\/marta-palau-els-meus-camins-son-terrestres\/#breadcrumb\",\"itemListElement\":[{\"@type\":\"ListItem\",\"position\":1,\"name\":\"Tots els productes\",\"item\":\"https:\/\/museutapies.org\/productes\/\"},{\"@type\":\"ListItem\",\"position\":2,\"name\":\"Marta Palau. els meus camins s\u00f3n terrestres\"}]},{\"@type\":\"WebSite\",\"@id\":\"https:\/\/museutapies.org\/en\/#website\",\"url\":\"https:\/\/museutapies.org\/en\/\",\"name\":\"Museu T\u00e0pies\",\"description\":\"\",\"publisher\":{\"@id\":\"https:\/\/museutapies.org\/en\/#organization\"},\"potentialAction\":[{\"@type\":\"SearchAction\",\"target\":{\"@type\":\"EntryPoint\",\"urlTemplate\":\"https:\/\/museutapies.org\/en\/?s={search_term_string}\"},\"query-input\":\"required name=search_term_string\"}],\"inLanguage\":\"es\"},{\"@type\":\"Organization\",\"@id\":\"https:\/\/museutapies.org\/en\/#organization\",\"name\":\"Museu T\u00e0pies\",\"url\":\"https:\/\/museutapies.org\/en\/\",\"logo\":{\"@type\":\"ImageObject\",\"inLanguage\":\"es\",\"@id\":\"https:\/\/museutapies.org\/en\/#\/schema\/logo\/image\/\",\"url\":\"https:\/\/museutapies.org\/wp-content\/uploads\/2024\/07\/mta.png\",\"contentUrl\":\"https:\/\/museutapies.org\/wp-content\/uploads\/2024\/07\/mta.png\",\"width\":244,\"height\":110,\"caption\":\"Museu T\u00e0pies\"},\"image\":{\"@id\":\"https:\/\/museutapies.org\/en\/#\/schema\/logo\/image\/\"},\"sameAs\":[\"https:\/\/www.facebook.com\/museutapies\",\"https:\/\/www.instagram.com\/museutapies\/\",\"https:\/\/www.youtube.com\/channel\/UCPi65HBb48RMeoa12lR51cQ\",\"https:\/\/x.com\/MuseuTapies\"]}]}<\/script>\n<!-- \/ Yoast SEO plugin. -->","yoast_head_json":{"title":"Marta Palau. els meus camins s\u00f3n terrestres - Museu T\u00e0pies","description":"Cat\u00e1logo que acompa\u00f1a a la exposici\u00f3n que el Museu T\u00e0pies dedic\u00f3 a la obra de Marta Palau de arte textil, instalaci\u00f3n y simbolog\u00eda ancestral.","robots":{"index":"index","follow":"follow","max-snippet":"max-snippet:-1","max-image-preview":"max-image-preview:large","max-video-preview":"max-video-preview:-1"},"og_locale":"es_ES","og_type":"article","og_title":"Marta Palau. els meus camins s\u00f3n terrestres - Museu T\u00e0pies","og_description":"Cat\u00e1logo que acompa\u00f1a a la exposici\u00f3n que el Museu T\u00e0pies dedic\u00f3 a la obra de Marta Palau de arte textil, instalaci\u00f3n y simbolog\u00eda ancestral.","og_url":"https:\/\/museutapies.org\/es\/producte\/marta-palau-els-meus-camins-son-terrestres\/","og_site_name":"Museu T\u00e0pies","article_publisher":"https:\/\/www.facebook.com\/museutapies","article_modified_time":"2026-01-23T11:13:55+00:00","og_image":[{"width":519,"height":754,"url":"https:\/\/museutapies.org\/wp-content\/uploads\/2025\/12\/cover-palau-CAT.jpg","type":"image\/jpeg"}],"twitter_card":"summary_large_image","twitter_misc":{"Tiempo de lectura":"1 minuto"},"schema":{"@context":"https:\/\/schema.org","@graph":[{"@type":"WebPage","@id":"https:\/\/museutapies.org\/es\/producte\/marta-palau-els-meus-camins-son-terrestres\/","url":"https:\/\/museutapies.org\/es\/producte\/marta-palau-els-meus-camins-son-terrestres\/","name":"Marta Palau. els meus camins s\u00f3n terrestres - Museu T\u00e0pies","isPartOf":{"@id":"https:\/\/museutapies.org\/en\/#website"},"datePublished":"2025-12-11T12:07:45+00:00","dateModified":"2026-01-23T11:13:55+00:00","description":"Cat\u00e1logo que acompa\u00f1a a la exposici\u00f3n que el Museu T\u00e0pies dedic\u00f3 a la obra de Marta Palau de arte textil, instalaci\u00f3n y simbolog\u00eda ancestral.","breadcrumb":{"@id":"https:\/\/museutapies.org\/es\/producte\/marta-palau-els-meus-camins-son-terrestres\/#breadcrumb"},"inLanguage":"es","potentialAction":[{"@type":"ReadAction","target":["https:\/\/museutapies.org\/es\/producte\/marta-palau-els-meus-camins-son-terrestres\/"]}]},{"@type":"BreadcrumbList","@id":"https:\/\/museutapies.org\/es\/producte\/marta-palau-els-meus-camins-son-terrestres\/#breadcrumb","itemListElement":[{"@type":"ListItem","position":1,"name":"Tots els productes","item":"https:\/\/museutapies.org\/productes\/"},{"@type":"ListItem","position":2,"name":"Marta Palau. els meus camins s\u00f3n terrestres"}]},{"@type":"WebSite","@id":"https:\/\/museutapies.org\/en\/#website","url":"https:\/\/museutapies.org\/en\/","name":"Museu T\u00e0pies","description":"","publisher":{"@id":"https:\/\/museutapies.org\/en\/#organization"},"potentialAction":[{"@type":"SearchAction","target":{"@type":"EntryPoint","urlTemplate":"https:\/\/museutapies.org\/en\/?s={search_term_string}"},"query-input":"required name=search_term_string"}],"inLanguage":"es"},{"@type":"Organization","@id":"https:\/\/museutapies.org\/en\/#organization","name":"Museu T\u00e0pies","url":"https:\/\/museutapies.org\/en\/","logo":{"@type":"ImageObject","inLanguage":"es","@id":"https:\/\/museutapies.org\/en\/#\/schema\/logo\/image\/","url":"https:\/\/museutapies.org\/wp-content\/uploads\/2024\/07\/mta.png","contentUrl":"https:\/\/museutapies.org\/wp-content\/uploads\/2024\/07\/mta.png","width":244,"height":110,"caption":"Museu T\u00e0pies"},"image":{"@id":"https:\/\/museutapies.org\/en\/#\/schema\/logo\/image\/"},"sameAs":["https:\/\/www.facebook.com\/museutapies","https:\/\/www.instagram.com\/museutapies\/","https:\/\/www.youtube.com\/channel\/UCPi65HBb48RMeoa12lR51cQ","https:\/\/x.com\/MuseuTapies"]}]}},"_links":{"self":[{"href":"https:\/\/museutapies.org\/es\/wp-json\/wp\/v2\/product\/42927"}],"collection":[{"href":"https:\/\/museutapies.org\/es\/wp-json\/wp\/v2\/product"}],"about":[{"href":"https:\/\/museutapies.org\/es\/wp-json\/wp\/v2\/types\/product"}],"replies":[{"embeddable":true,"href":"https:\/\/museutapies.org\/es\/wp-json\/wp\/v2\/comments?post=42927"}],"version-history":[{"count":7,"href":"https:\/\/museutapies.org\/es\/wp-json\/wp\/v2\/product\/42927\/revisions"}],"predecessor-version":[{"id":43527,"href":"https:\/\/museutapies.org\/es\/wp-json\/wp\/v2\/product\/42927\/revisions\/43527"}],"wp:featuredmedia":[{"embeddable":true,"href":"https:\/\/museutapies.org\/es\/wp-json\/wp\/v2\/media\/42933"}],"wp:attachment":[{"href":"https:\/\/museutapies.org\/es\/wp-json\/wp\/v2\/media?parent=42927"}],"wp:term":[{"taxonomy":"product_cat","embeddable":true,"href":"https:\/\/museutapies.org\/es\/wp-json\/wp\/v2\/product_cat?post=42927"},{"taxonomy":"product_tag","embeddable":true,"href":"https:\/\/museutapies.org\/es\/wp-json\/wp\/v2\/product_tag?post=42927"}],"curies":[{"name":"wp","href":"https:\/\/api.w.org\/{rel}","templated":true}]}}