{"id":45330,"date":"2026-04-20T12:46:26","date_gmt":"2026-04-20T10:46:26","guid":{"rendered":"https:\/\/museutapies.org\/?post_type=product&#038;p=45330"},"modified":"2026-04-21T10:38:42","modified_gmt":"2026-04-21T08:38:42","slug":"antoni-tapies-la-practica-de-lart-2","status":"publish","type":"product","link":"https:\/\/museutapies.org\/es\/producte\/antoni-tapies-la-practica-de-lart-2\/","title":{"rendered":"Antoni T\u00e0pies. La pr\u00e0ctica de l&#8217;art"},"content":{"rendered":"<p>Esta reedici\u00f3n del primer volumen de ensayos de Antoni T\u00e0pies, <em>La pr\u00e0ctica de l&#8217;art<\/em>, publicado en catal\u00e1n en 1970 y, al a\u00f1o siguiente, traducido al castellano, no se presenta como un tratado cerrado ni un sistema te\u00f3rico acabado, sino como un conjunto de reflexiones que invitan a repensar el lugar del arte en la experiencia contempor\u00e1nea. M\u00e1s que definir qu\u00e9 es el arte, T\u00e0pies propone interrogar lo que puede llegar a ser cuando se lo sit\u00faa en relaci\u00f3n con las preguntas fundamentales de la existencia.<\/p>\n","protected":false},"excerpt":{"rendered":"<p>Esta reedici\u00f3n del primer volumen de ensayos de Antoni T\u00e0pies, La pr\u00e0ctica de l&#8217;art, publicado en catal\u00e1n en 1970 y, [&hellip;]<\/p>\n","protected":false},"featured_media":45327,"comment_status":"closed","ping_status":"closed","template":"","meta":{"footnotes":""},"product_cat":[99,135,176,100],"product_tag":[],"acf":[],"yoast_head":"<!-- This site is optimized with the Yoast SEO plugin v20.11 - https:\/\/yoast.com\/wordpress\/plugins\/seo\/ -->\n<title>Antoni T\u00e0pies. La pr\u00e0ctica de l&#039;art - Museu T\u00e0pies<\/title>\n<meta name=\"description\" content=\"Reedici\u00f3 del primer volum d&#039;assaigs d&#039;Antoni T\u00e0pies, La pr\u00e0ctica de l&#039;art, no es presenta com un tractat tancat ni com un sistema te\u00f2ric acabat...\" \/>\n<meta name=\"robots\" content=\"index, follow, max-snippet:-1, max-image-preview:large, max-video-preview:-1\" \/>\n<meta property=\"og:locale\" content=\"es_ES\" \/>\n<meta property=\"og:type\" content=\"article\" \/>\n<meta property=\"og:title\" content=\"Antoni T\u00e0pies. La pr\u00e0ctica de l&#039;art - Museu T\u00e0pies\" \/>\n<meta property=\"og:description\" content=\"Reedici\u00f3 del primer volum d&#039;assaigs d&#039;Antoni T\u00e0pies, La pr\u00e0ctica de l&#039;art, no es presenta com un tractat tancat ni com un sistema te\u00f2ric acabat...\" \/>\n<meta property=\"og:url\" content=\"https:\/\/museutapies.org\/es\/producte\/antoni-tapies-la-practica-de-lart-2\/\" \/>\n<meta property=\"og:site_name\" content=\"Museu T\u00e0pies\" \/>\n<meta property=\"article:publisher\" content=\"https:\/\/www.facebook.com\/museutapies\" \/>\n<meta property=\"article:modified_time\" content=\"2026-04-21T08:38:42+00:00\" \/>\n<meta property=\"og:image\" content=\"https:\/\/museutapies.org\/wp-content\/uploads\/2026\/04\/Cover-coleccio\u2560un-n-2-web-CAT.jpg\" \/>\n\t<meta property=\"og:image:width\" content=\"340\" \/>\n\t<meta property=\"og:image:height\" content=\"510\" \/>\n\t<meta property=\"og:image:type\" content=\"image\/jpeg\" \/>\n<meta name=\"twitter:card\" content=\"summary_large_image\" \/>\n<meta name=\"twitter:label1\" content=\"Tiempo de lectura\" \/>\n\t<meta name=\"twitter:data1\" content=\"1 minuto\" \/>\n<script type=\"application\/ld+json\" class=\"yoast-schema-graph\">{\"@context\":\"https:\/\/schema.org\",\"@graph\":[{\"@type\":\"WebPage\",\"@id\":\"https:\/\/museutapies.org\/es\/producte\/antoni-tapies-la-practica-de-lart-2\/\",\"url\":\"https:\/\/museutapies.org\/es\/producte\/antoni-tapies-la-practica-de-lart-2\/\",\"name\":\"Antoni T\u00e0pies. La pr\u00e0ctica de l'art - Museu T\u00e0pies\",\"isPartOf\":{\"@id\":\"https:\/\/museutapies.org\/en\/#website\"},\"datePublished\":\"2026-04-20T10:46:26+00:00\",\"dateModified\":\"2026-04-21T08:38:42+00:00\",\"description\":\"Reedici\u00f3 del primer volum d'assaigs d'Antoni T\u00e0pies, La pr\u00e0ctica de l'art, no es presenta com un tractat tancat ni com un sistema te\u00f2ric acabat...\",\"breadcrumb\":{\"@id\":\"https:\/\/museutapies.org\/es\/producte\/antoni-tapies-la-practica-de-lart-2\/#breadcrumb\"},\"inLanguage\":\"es\",\"potentialAction\":[{\"@type\":\"ReadAction\",\"target\":[\"https:\/\/museutapies.org\/es\/producte\/antoni-tapies-la-practica-de-lart-2\/\"]}]},{\"@type\":\"BreadcrumbList\",\"@id\":\"https:\/\/museutapies.org\/es\/producte\/antoni-tapies-la-practica-de-lart-2\/#breadcrumb\",\"itemListElement\":[{\"@type\":\"ListItem\",\"position\":1,\"name\":\"Tots els productes\",\"item\":\"https:\/\/museutapies.org\/productes\/\"},{\"@type\":\"ListItem\",\"position\":2,\"name\":\"Antoni T\u00e0pies. La pr\u00e0ctica de l&#8217;art\"}]},{\"@type\":\"WebSite\",\"@id\":\"https:\/\/museutapies.org\/en\/#website\",\"url\":\"https:\/\/museutapies.org\/en\/\",\"name\":\"Museu T\u00e0pies\",\"description\":\"\",\"publisher\":{\"@id\":\"https:\/\/museutapies.org\/en\/#organization\"},\"potentialAction\":[{\"@type\":\"SearchAction\",\"target\":{\"@type\":\"EntryPoint\",\"urlTemplate\":\"https:\/\/museutapies.org\/en\/?s={search_term_string}\"},\"query-input\":\"required name=search_term_string\"}],\"inLanguage\":\"es\"},{\"@type\":\"Organization\",\"@id\":\"https:\/\/museutapies.org\/en\/#organization\",\"name\":\"Museu T\u00e0pies\",\"url\":\"https:\/\/museutapies.org\/en\/\",\"logo\":{\"@type\":\"ImageObject\",\"inLanguage\":\"es\",\"@id\":\"https:\/\/museutapies.org\/en\/#\/schema\/logo\/image\/\",\"url\":\"https:\/\/museutapies.org\/wp-content\/uploads\/2024\/07\/mta.png\",\"contentUrl\":\"https:\/\/museutapies.org\/wp-content\/uploads\/2024\/07\/mta.png\",\"width\":244,\"height\":110,\"caption\":\"Museu T\u00e0pies\"},\"image\":{\"@id\":\"https:\/\/museutapies.org\/en\/#\/schema\/logo\/image\/\"},\"sameAs\":[\"https:\/\/www.facebook.com\/museutapies\",\"https:\/\/www.instagram.com\/museutapies\/\",\"https:\/\/www.youtube.com\/channel\/UCPi65HBb48RMeoa12lR51cQ\",\"https:\/\/x.com\/MuseuTapies\"]}]}<\/script>\n<!-- \/ Yoast SEO plugin. -->","yoast_head_json":{"title":"Antoni T\u00e0pies. La pr\u00e0ctica de l'art - Museu T\u00e0pies","description":"Reedici\u00f3 del primer volum d'assaigs d'Antoni T\u00e0pies, La pr\u00e0ctica de l'art, no es presenta com un tractat tancat ni com un sistema te\u00f2ric acabat...","robots":{"index":"index","follow":"follow","max-snippet":"max-snippet:-1","max-image-preview":"max-image-preview:large","max-video-preview":"max-video-preview:-1"},"og_locale":"es_ES","og_type":"article","og_title":"Antoni T\u00e0pies. La pr\u00e0ctica de l'art - Museu T\u00e0pies","og_description":"Reedici\u00f3 del primer volum d'assaigs d'Antoni T\u00e0pies, La pr\u00e0ctica de l'art, no es presenta com un tractat tancat ni com un sistema te\u00f2ric acabat...","og_url":"https:\/\/museutapies.org\/es\/producte\/antoni-tapies-la-practica-de-lart-2\/","og_site_name":"Museu T\u00e0pies","article_publisher":"https:\/\/www.facebook.com\/museutapies","article_modified_time":"2026-04-21T08:38:42+00:00","og_image":[{"width":340,"height":510,"url":"https:\/\/museutapies.org\/wp-content\/uploads\/2026\/04\/Cover-coleccio\u2560un-n-2-web-CAT.jpg","type":"image\/jpeg"}],"twitter_card":"summary_large_image","twitter_misc":{"Tiempo de lectura":"1 minuto"},"schema":{"@context":"https:\/\/schema.org","@graph":[{"@type":"WebPage","@id":"https:\/\/museutapies.org\/es\/producte\/antoni-tapies-la-practica-de-lart-2\/","url":"https:\/\/museutapies.org\/es\/producte\/antoni-tapies-la-practica-de-lart-2\/","name":"Antoni T\u00e0pies. La pr\u00e0ctica de l'art - Museu T\u00e0pies","isPartOf":{"@id":"https:\/\/museutapies.org\/en\/#website"},"datePublished":"2026-04-20T10:46:26+00:00","dateModified":"2026-04-21T08:38:42+00:00","description":"Reedici\u00f3 del primer volum d'assaigs d'Antoni T\u00e0pies, La pr\u00e0ctica de l'art, no es presenta com un tractat tancat ni com un sistema te\u00f2ric acabat...","breadcrumb":{"@id":"https:\/\/museutapies.org\/es\/producte\/antoni-tapies-la-practica-de-lart-2\/#breadcrumb"},"inLanguage":"es","potentialAction":[{"@type":"ReadAction","target":["https:\/\/museutapies.org\/es\/producte\/antoni-tapies-la-practica-de-lart-2\/"]}]},{"@type":"BreadcrumbList","@id":"https:\/\/museutapies.org\/es\/producte\/antoni-tapies-la-practica-de-lart-2\/#breadcrumb","itemListElement":[{"@type":"ListItem","position":1,"name":"Tots els productes","item":"https:\/\/museutapies.org\/productes\/"},{"@type":"ListItem","position":2,"name":"Antoni T\u00e0pies. La pr\u00e0ctica de l&#8217;art"}]},{"@type":"WebSite","@id":"https:\/\/museutapies.org\/en\/#website","url":"https:\/\/museutapies.org\/en\/","name":"Museu T\u00e0pies","description":"","publisher":{"@id":"https:\/\/museutapies.org\/en\/#organization"},"potentialAction":[{"@type":"SearchAction","target":{"@type":"EntryPoint","urlTemplate":"https:\/\/museutapies.org\/en\/?s={search_term_string}"},"query-input":"required name=search_term_string"}],"inLanguage":"es"},{"@type":"Organization","@id":"https:\/\/museutapies.org\/en\/#organization","name":"Museu T\u00e0pies","url":"https:\/\/museutapies.org\/en\/","logo":{"@type":"ImageObject","inLanguage":"es","@id":"https:\/\/museutapies.org\/en\/#\/schema\/logo\/image\/","url":"https:\/\/museutapies.org\/wp-content\/uploads\/2024\/07\/mta.png","contentUrl":"https:\/\/museutapies.org\/wp-content\/uploads\/2024\/07\/mta.png","width":244,"height":110,"caption":"Museu T\u00e0pies"},"image":{"@id":"https:\/\/museutapies.org\/en\/#\/schema\/logo\/image\/"},"sameAs":["https:\/\/www.facebook.com\/museutapies","https:\/\/www.instagram.com\/museutapies\/","https:\/\/www.youtube.com\/channel\/UCPi65HBb48RMeoa12lR51cQ","https:\/\/x.com\/MuseuTapies"]}]}},"_links":{"self":[{"href":"https:\/\/museutapies.org\/es\/wp-json\/wp\/v2\/product\/45330"}],"collection":[{"href":"https:\/\/museutapies.org\/es\/wp-json\/wp\/v2\/product"}],"about":[{"href":"https:\/\/museutapies.org\/es\/wp-json\/wp\/v2\/types\/product"}],"replies":[{"embeddable":true,"href":"https:\/\/museutapies.org\/es\/wp-json\/wp\/v2\/comments?post=45330"}],"version-history":[{"count":4,"href":"https:\/\/museutapies.org\/es\/wp-json\/wp\/v2\/product\/45330\/revisions"}],"predecessor-version":[{"id":45393,"href":"https:\/\/museutapies.org\/es\/wp-json\/wp\/v2\/product\/45330\/revisions\/45393"}],"wp:featuredmedia":[{"embeddable":true,"href":"https:\/\/museutapies.org\/es\/wp-json\/wp\/v2\/media\/45327"}],"wp:attachment":[{"href":"https:\/\/museutapies.org\/es\/wp-json\/wp\/v2\/media?parent=45330"}],"wp:term":[{"taxonomy":"product_cat","embeddable":true,"href":"https:\/\/museutapies.org\/es\/wp-json\/wp\/v2\/product_cat?post=45330"},{"taxonomy":"product_tag","embeddable":true,"href":"https:\/\/museutapies.org\/es\/wp-json\/wp\/v2\/product_tag?post=45330"}],"curies":[{"name":"wp","href":"https:\/\/api.w.org\/{rel}","templated":true}]}}